{"id":1656,"date":"2020-05-09T11:15:28","date_gmt":"2020-05-09T09:15:28","guid":{"rendered":"http:\/\/syncro-sito.testsuite.tk\/?page_id=1656"},"modified":"2021-02-05T10:37:56","modified_gmt":"2021-02-05T09:37:56","slug":"maguire-syncro","status":"publish","type":"page","link":"https:\/\/syncro-group.com\/acelabs\/maguire-syncro\/","title":{"rendered":"Maguire + Syncro"},"content":{"rendered":"\n  <div class=\"banner has-hover has-parallax\" id=\"banner-1717644357\">\n          <div class=\"banner-inner fill\">\n        <div class=\"banner-bg fill\" data-parallax=\"-3\" data-parallax-container=\".banner\" data-parallax-background>\n            <div class=\"bg fill bg-fill \"><\/div>\n                                    \n                    <\/div>\n\t\t\n        <div class=\"banner-layers container\">\n            <div class=\"fill banner-link\"><\/div>            \n   <div id=\"text-box-854269920\" class=\"text-box banner-layer text-box-square x50 md-x50 lg-x50 y50 md-y50 lg-y50 res-text\">\n                     <div data-animate=\"fadeInUp\">           <div class=\"text-box-content text dark\">\n              \n              <div class=\"text-inner text-center\">\n                  \n<div class=\"main_slider_text_container\">\n<h3 class=\"uppercase\"><b>MAGUIRE<\/b><\/h3>\n<h3 class=\"uppercase\"><b>+ <\/b><\/h3>\n<h3 class=\"uppercase\"><b>SYNCRO<\/b><\/h3>\n<\/div>\n              <\/div>\n           <\/div>\n       <\/div>                     \n<style>\n#text-box-854269920 .text-box-content {\n  background-color: rgba(181, 28, 28, 0.58);\n  font-size: 91%;\n}\n#text-box-854269920 {\n  width: 30%;\n}\n<\/style>\n    <\/div>\n \n        <\/div>\n      <\/div>\n\n            \n<style>\n#banner-1717644357 {\n  padding-top: 350px;\n  background-color: rgba(255, 255, 255, 0.82);\n}\n#banner-1717644357 .bg.bg-loaded {\n  background-image: url(https:\/\/syncro-group.com\/acelabs\/wp-content\/uploads\/2021\/02\/Maguire__Syncro_Stand_IMG_2334_Option_1.jpg);\n}\n#banner-1717644357 .bg {\n  background-position: 100% 0%;\n}\n#banner-1717644357 .ux-shape-divider--top svg {\n  height: 150px;\n  --divider-top-width: 100%;\n}\n#banner-1717644357 .ux-shape-divider--bottom svg {\n  height: 150px;\n  --divider-width: 100%;\n}\n<\/style>\n  <\/div>\n\n\n<div class=\"row\"  id=\"row-330951533\">\n\n\t<div id=\"col-893982672\" class=\"col small-12 large-12\"  >\n\t\t\t\t<div class=\"col-inner\"  >\n\t\t\t\n\t\t\t\n<p class=\"lead\"><strong>MAGUIRE<\/strong>, colosso americana a livello mondiale del settore dosatori per linee di estrusione, \u00e8 diventata partner di <strong>Syncro<\/strong> nel 2016.<\/p>\n<p class=\"lead\">Ci\u00f2 che lega le due societ\u00e0 sono l&#8217;amicizia, la professionalit\u00e0 e sopratutto un obiettivo comune: <strong>migliorasi insieme! <\/strong><\/p>\n<p class=\"lead\"><strong><img loading=\"lazy\" decoding=\"async\" class=\"wp-image-3084 size-medium alignleft\" src=\"http:\/\/plasmac.testsuite.tk\/wp-content\/uploads\/2020\/06\/IMG_1432-533x400.jpg\" alt=\"\" width=\"533\" height=\"400\" srcset=\"https:\/\/syncro-group.com\/acelabs\/wp-content\/uploads\/2020\/06\/IMG_1432-533x400.jpg 533w, https:\/\/syncro-group.com\/acelabs\/wp-content\/uploads\/2020\/06\/IMG_1432-1067x800.jpg 1067w, https:\/\/syncro-group.com\/acelabs\/wp-content\/uploads\/2020\/06\/IMG_1432-768x576.jpg 768w, https:\/\/syncro-group.com\/acelabs\/wp-content\/uploads\/2020\/06\/IMG_1432-1536x1152.jpg 1536w, https:\/\/syncro-group.com\/acelabs\/wp-content\/uploads\/2020\/06\/IMG_1432-475x356.jpg 475w, https:\/\/syncro-group.com\/acelabs\/wp-content\/uploads\/2020\/06\/IMG_1432.jpg 2048w\" sizes=\"auto, (max-width: 533px) 100vw, 533px\" \/><a href=\"https:\/\/www.maguire.com\/about\/#about-us\" target=\"_blank\" rel=\"noopener noreferrer\">MAGUIRE<\/a><\/strong> \u00e8 uno dei leader di mercato per quanto riguarda la costruzione di accessori e macchine per la produzione di materie plastiche e MAGUIRE \u00e8 riconosciuto come <strong>l\u2019inventore<\/strong> del dosatore <strong>Batch<\/strong>.<\/p>\n<p class=\"lead\">Dall&#8217;unione di <strong>Syncro<\/strong> e <strong>MAGUIRE<\/strong> \u00e8 nato il brand <a href=\"https:\/\/www.maguire.com\/products\/maguire-syncro\/\" target=\"_blank\" rel=\"noopener noreferrer\"><b>M+S<\/b><\/a> dove i due leader di mercato collaborano in sinergia per ampliare la loro gamma di prodotti dedicata alle linee di estrusione plastiche. I <strong>prodotti<\/strong> nati dalla loro collaborazione <strong>racchiudono il meglio<\/strong> delle due societ\u00e0 e sono in continua evoluzione tecnologica per soddisfare al meglio le esigenze di un&#8217;<strong>industria 4.0<\/strong> che richiede <strong>un&#8217;automazione<\/strong> e un controllo produttivo nel totale rispetto dell&#8217;<strong><a href=\"http:\/\/syncrogroup.testsuite.tk\/greenology\/\" target=\"_blank\" rel=\"noopener noreferrer\">economia circolare<\/a>. <\/strong><\/p>\n<p class=\"lead\"><strong>Maguire <\/strong>vanta migliaia di sistemi installati in tutto il mondo &#8211; dagli alimentatori gravimetrici, alla perdita di controllo dell&#8217;estrusione di peso e ai sistemi di miscelazione gravimetrica.<\/p>\n<p class=\"lead\">Tutti questi sistemi possono trarre vantaggio dell&#8217;ampia gamma di prodotti che Maguire + Syncro \u00e8 in grado di fornire come anelli di raffreddamento, sistemi di controllo IBC e di misurazione.<\/p>\n<p class=\"lead\">Grazie all&#8217;esperienza del gruppo sul <strong>riciclaggio<\/strong> in linea e alle soluzioni specializzate per la <strong>movimentazione delle polveri<\/strong> la partnership offre soluzioni complete per ogni tipo di linea di produzione di materie plastiche.<\/p>\n<a rel=\"noopener noreferrer\" href=\"https:\/\/www.maguire.com\/products\/maguire-syncro\/\" target=\"_blank\" class=\"button alert is-outline is-larger expand\"  >\n    <span>SCOPRI TUTTI I PRODOTTI M+S<\/span>\n  <\/a>\n\n\t\t<\/div>\n\t\t\t\t\t<\/div>\n\n\t\n<\/div>\n","protected":false},"excerpt":{"rendered":"","protected":false},"author":1,"featured_media":0,"parent":0,"menu_order":71,"comment_status":"closed","ping_status":"closed","template":"","meta":{"footnotes":""},"class_list":["post-1656","page","type-page","status-publish","hentry"],"yoast_head":"<!-- This site is optimized with the Yoast SEO plugin v25.0 - https:\/\/yoast.com\/wordpress\/plugins\/seo\/ -->\n<title>Maguire + Syncro - Welcome to Acelabs Website<\/title>\n<meta name=\"robots\" content=\"index, follow, max-snippet:-1, max-image-preview:large, max-video-preview:-1\" \/>\n<link rel=\"canonical\" href=\"https:\/\/syncro-group.com\/acelabs\/maguire-syncro\/\" \/>\n<meta property=\"og:locale\" content=\"it_IT\" \/>\n<meta property=\"og:type\" content=\"article\" \/>\n<meta property=\"og:title\" content=\"Maguire + Syncro - Welcome to Acelabs Website\" \/>\n<meta property=\"og:url\" content=\"https:\/\/syncro-group.com\/acelabs\/maguire-syncro\/\" \/>\n<meta property=\"og:site_name\" content=\"Welcome to Acelabs Website\" \/>\n<meta property=\"article:modified_time\" content=\"2021-02-05T09:37:56+00:00\" \/>\n<meta property=\"og:image\" content=\"http:\/\/plasmac.testsuite.tk\/wp-content\/uploads\/2020\/06\/IMG_1432-533x400.jpg\" \/>\n<meta name=\"twitter:card\" content=\"summary_large_image\" \/>\n<meta name=\"twitter:label1\" content=\"Tempo di lettura stimato\" \/>\n\t<meta name=\"twitter:data1\" content=\"1 minuto\" \/>\n<script type=\"application\/ld+json\" class=\"yoast-schema-graph\">{\"@context\":\"https:\/\/schema.org\",\"@graph\":[{\"@type\":\"WebPage\",\"@id\":\"https:\/\/syncro-group.com\/acelabs\/maguire-syncro\/\",\"url\":\"https:\/\/syncro-group.com\/acelabs\/maguire-syncro\/\",\"name\":\"Maguire + Syncro - Welcome to Acelabs Website\",\"isPartOf\":{\"@id\":\"https:\/\/syncro-group.com\/acelabs\/#website\"},\"primaryImageOfPage\":{\"@id\":\"https:\/\/syncro-group.com\/acelabs\/maguire-syncro\/#primaryimage\"},\"image\":{\"@id\":\"https:\/\/syncro-group.com\/acelabs\/maguire-syncro\/#primaryimage\"},\"thumbnailUrl\":\"http:\/\/plasmac.testsuite.tk\/wp-content\/uploads\/2020\/06\/IMG_1432-533x400.jpg\",\"datePublished\":\"2020-05-09T09:15:28+00:00\",\"dateModified\":\"2021-02-05T09:37:56+00:00\",\"breadcrumb\":{\"@id\":\"https:\/\/syncro-group.com\/acelabs\/maguire-syncro\/#breadcrumb\"},\"inLanguage\":\"it-IT\",\"potentialAction\":[{\"@type\":\"ReadAction\",\"target\":[\"https:\/\/syncro-group.com\/acelabs\/maguire-syncro\/\"]}]},{\"@type\":\"ImageObject\",\"inLanguage\":\"it-IT\",\"@id\":\"https:\/\/syncro-group.com\/acelabs\/maguire-syncro\/#primaryimage\",\"url\":\"http:\/\/plasmac.testsuite.tk\/wp-content\/uploads\/2020\/06\/IMG_1432-533x400.jpg\",\"contentUrl\":\"http:\/\/plasmac.testsuite.tk\/wp-content\/uploads\/2020\/06\/IMG_1432-533x400.jpg\"},{\"@type\":\"BreadcrumbList\",\"@id\":\"https:\/\/syncro-group.com\/acelabs\/maguire-syncro\/#breadcrumb\",\"itemListElement\":[{\"@type\":\"ListItem\",\"position\":1,\"name\":\"Home\",\"item\":\"https:\/\/syncro-group.com\/acelabs\/\"},{\"@type\":\"ListItem\",\"position\":2,\"name\":\"Maguire + Syncro\"}]},{\"@type\":\"WebSite\",\"@id\":\"https:\/\/syncro-group.com\/acelabs\/#website\",\"url\":\"https:\/\/syncro-group.com\/acelabs\/\",\"name\":\"Welcome to Acelabs Website\",\"description\":\"Welcome to Acelabs Website\",\"potentialAction\":[{\"@type\":\"SearchAction\",\"target\":{\"@type\":\"EntryPoint\",\"urlTemplate\":\"https:\/\/syncro-group.com\/acelabs\/?s={search_term_string}\"},\"query-input\":{\"@type\":\"PropertyValueSpecification\",\"valueRequired\":true,\"valueName\":\"search_term_string\"}}],\"inLanguage\":\"it-IT\"}]}<\/script>\n<!-- \/ Yoast SEO plugin. -->","yoast_head_json":{"title":"Maguire + Syncro - Welcome to Acelabs Website","robots":{"index":"index","follow":"follow","max-snippet":"max-snippet:-1","max-image-preview":"max-image-preview:large","max-video-preview":"max-video-preview:-1"},"canonical":"https:\/\/syncro-group.com\/acelabs\/maguire-syncro\/","og_locale":"it_IT","og_type":"article","og_title":"Maguire + Syncro - Welcome to Acelabs Website","og_url":"https:\/\/syncro-group.com\/acelabs\/maguire-syncro\/","og_site_name":"Welcome to Acelabs Website","article_modified_time":"2021-02-05T09:37:56+00:00","og_image":[{"url":"http:\/\/plasmac.testsuite.tk\/wp-content\/uploads\/2020\/06\/IMG_1432-533x400.jpg","type":"","width":"","height":""}],"twitter_card":"summary_large_image","twitter_misc":{"Tempo di lettura stimato":"1 minuto"},"schema":{"@context":"https:\/\/schema.org","@graph":[{"@type":"WebPage","@id":"https:\/\/syncro-group.com\/acelabs\/maguire-syncro\/","url":"https:\/\/syncro-group.com\/acelabs\/maguire-syncro\/","name":"Maguire + Syncro - Welcome to Acelabs Website","isPartOf":{"@id":"https:\/\/syncro-group.com\/acelabs\/#website"},"primaryImageOfPage":{"@id":"https:\/\/syncro-group.com\/acelabs\/maguire-syncro\/#primaryimage"},"image":{"@id":"https:\/\/syncro-group.com\/acelabs\/maguire-syncro\/#primaryimage"},"thumbnailUrl":"http:\/\/plasmac.testsuite.tk\/wp-content\/uploads\/2020\/06\/IMG_1432-533x400.jpg","datePublished":"2020-05-09T09:15:28+00:00","dateModified":"2021-02-05T09:37:56+00:00","breadcrumb":{"@id":"https:\/\/syncro-group.com\/acelabs\/maguire-syncro\/#breadcrumb"},"inLanguage":"it-IT","potentialAction":[{"@type":"ReadAction","target":["https:\/\/syncro-group.com\/acelabs\/maguire-syncro\/"]}]},{"@type":"ImageObject","inLanguage":"it-IT","@id":"https:\/\/syncro-group.com\/acelabs\/maguire-syncro\/#primaryimage","url":"http:\/\/plasmac.testsuite.tk\/wp-content\/uploads\/2020\/06\/IMG_1432-533x400.jpg","contentUrl":"http:\/\/plasmac.testsuite.tk\/wp-content\/uploads\/2020\/06\/IMG_1432-533x400.jpg"},{"@type":"BreadcrumbList","@id":"https:\/\/syncro-group.com\/acelabs\/maguire-syncro\/#breadcrumb","itemListElement":[{"@type":"ListItem","position":1,"name":"Home","item":"https:\/\/syncro-group.com\/acelabs\/"},{"@type":"ListItem","position":2,"name":"Maguire + Syncro"}]},{"@type":"WebSite","@id":"https:\/\/syncro-group.com\/acelabs\/#website","url":"https:\/\/syncro-group.com\/acelabs\/","name":"Welcome to Acelabs Website","description":"Welcome to Acelabs Website","potentialAction":[{"@type":"SearchAction","target":{"@type":"EntryPoint","urlTemplate":"https:\/\/syncro-group.com\/acelabs\/?s={search_term_string}"},"query-input":{"@type":"PropertyValueSpecification","valueRequired":true,"valueName":"search_term_string"}}],"inLanguage":"it-IT"}]}},"_links":{"self":[{"href":"https:\/\/syncro-group.com\/acelabs\/wp-json\/wp\/v2\/pages\/1656","targetHints":{"allow":["GET"]}}],"collection":[{"href":"https:\/\/syncro-group.com\/acelabs\/wp-json\/wp\/v2\/pages"}],"about":[{"href":"https:\/\/syncro-group.com\/acelabs\/wp-json\/wp\/v2\/types\/page"}],"author":[{"embeddable":true,"href":"https:\/\/syncro-group.com\/acelabs\/wp-json\/wp\/v2\/users\/1"}],"replies":[{"embeddable":true,"href":"https:\/\/syncro-group.com\/acelabs\/wp-json\/wp\/v2\/comments?post=1656"}],"version-history":[{"count":0,"href":"https:\/\/syncro-group.com\/acelabs\/wp-json\/wp\/v2\/pages\/1656\/revisions"}],"wp:attachment":[{"href":"https:\/\/syncro-group.com\/acelabs\/wp-json\/wp\/v2\/media?parent=1656"}],"curies":[{"name":"wp","href":"https:\/\/api.w.org\/{rel}","templated":true}]}}