{"id":4293,"date":"2020-09-04T23:45:05","date_gmt":"2020-09-04T21:45:05","guid":{"rendered":"https:\/\/plantech.testsuite.tk\/plastico-recycling\/"},"modified":"2026-01-17T15:37:10","modified_gmt":"2026-01-17T14:37:10","slug":"logistica","status":"publish","type":"page","link":"https:\/\/syncro-group.com\/acelabs\/settori\/logistica\/","title":{"rendered":"Plastica"},"content":{"rendered":"<div class=\"row\"  id=\"row-1770627230\">\n\n\t<div id=\"col-89216974\" class=\"col medium-6 small-12 large-6\"  >\n\t\t\t\t<div class=\"col-inner\"  >\n\t\t\t\n\t\t\t\n\t<div class=\"img has-hover x md-x lg-x y md-y lg-y\" id=\"image_429681285\">\n\t\t\t\t\t\t\t\t<div class=\"img-inner dark\" >\n\t\t\t<img loading=\"lazy\" decoding=\"async\" width=\"1020\" height=\"680\" src=\"https:\/\/syncro-group.com\/acelabs\/wp-content\/uploads\/2025\/09\/ChatGPT-Image-23-set-2025-14_08_37-1200x800.png\" class=\"attachment-large size-large\" alt=\"\" srcset=\"https:\/\/syncro-group.com\/acelabs\/wp-content\/uploads\/2025\/09\/ChatGPT-Image-23-set-2025-14_08_37-1200x800.png 1200w, https:\/\/syncro-group.com\/acelabs\/wp-content\/uploads\/2025\/09\/ChatGPT-Image-23-set-2025-14_08_37-600x400.png 600w, https:\/\/syncro-group.com\/acelabs\/wp-content\/uploads\/2025\/09\/ChatGPT-Image-23-set-2025-14_08_37-768x512.png 768w, https:\/\/syncro-group.com\/acelabs\/wp-content\/uploads\/2025\/09\/ChatGPT-Image-23-set-2025-14_08_37-475x317.png 475w, https:\/\/syncro-group.com\/acelabs\/wp-content\/uploads\/2025\/09\/ChatGPT-Image-23-set-2025-14_08_37.png 1536w\" sizes=\"auto, (max-width: 1020px) 100vw, 1020px\" \/>\t\t\t\t\t\t\n\t\t\t\t\t<\/div>\n\t\t\t\t\t\t\t\t\n<style>\n#image_429681285 {\n  width: 100%;\n}\n<\/style>\n\t<\/div>\n\t\n\t\t<\/div>\n\t\t\t\t\t<\/div>\n\n\t\n\n\t<div id=\"col-495857581\" class=\"col medium-6 small-12 large-6\"  >\n\t\t\t\t<div class=\"col-inner\"  >\n\t\t\t\n\t\t\t\n<p data-start=\"170\" data-end=\"308\"><strong data-start=\"170\" data-end=\"306\">AceLabs <\/strong>pu\u00f2 fornire sistemi di visione avanzati per il controllo qualit\u00e0 e l\u2019ottimizzazione dei processi nelle linee di produzione di film e lastre in plastica.<\/p>\n<p data-start=\"310\" data-end=\"613\">I sistemi di ispezione <strong>AceLabs <\/strong>sono progettati per monitorare con elevata precisione, costanza e ripetibilit\u00e0 la qualit\u00e0 superficiale, lo spessore, le dimensioni e l\u2019integrit\u00e0 strutturale dei film plastici e dei prodotti correlati, supportando i produttori nel mantenere i pi\u00f9 elevati standard di efficienza e affidabilit\u00e0.<\/p>\n<p data-start=\"615\" data-end=\"865\"><strong>AceLabs <\/strong>pu\u00f2 inoltre offrire soluzioni di visione artificiale personalizzate, integrabili senza soluzione di continuit\u00e0 nei processi automatizzati di estrusione, converting e confezionamento, consentendo il monitoraggio in tempo reale, la riduzione dei difetti e garantendo la piena conformit\u00e0 ai requisiti del settore.<\/p>\n\t\t<\/div>\n\t\t\t\t\t<\/div>\n\n\t\n<\/div>\n<div class=\"row\"  id=\"row-141671038\">\n\n\t<div id=\"col-1104012321\" class=\"col small-12 large-12\"  >\n\t\t\t\t<div class=\"col-inner\"  >\n\t\t\t\n\t\t\t\n<h2>Prodotti per il settore della plastica<\/h2>\n\t\t<\/div>\n\t\t\t\t\t<\/div>\n\n\t\n<\/div>\n<div class=\"row\"  id=\"row-985851953\">\n\n\t<div id=\"col-2058435276\" class=\"col medium-3 small-6 large-3\"  >\n\t\t\t\t<div class=\"col-inner\"  >\n\t\t\t\n\t\t\t\n\t<div class=\"box has-hover   has-hover box-text-bottom\" >\n\n\t\t<div class=\"box-image\" >\n\t\t\t<a href=\"https:\/\/syncro-group.com\/acelabs\/product\/easyeyes\/\" target=\"_blank\" rel=\"noopener noreferrer\" >\t\t\t<div class=\"\" >\n\t\t\t\t<img loading=\"lazy\" decoding=\"async\" width=\"2000\" height=\"2000\" src=\"https:\/\/syncro-group.com\/acelabs\/wp-content\/uploads\/2025\/09\/immagine-easyeyes-copertina-settori.png\" class=\"attachment- size-\" alt=\"\" srcset=\"https:\/\/syncro-group.com\/acelabs\/wp-content\/uploads\/2025\/09\/immagine-easyeyes-copertina-settori.png 2000w, https:\/\/syncro-group.com\/acelabs\/wp-content\/uploads\/2025\/09\/immagine-easyeyes-copertina-settori-400x400.png 400w, https:\/\/syncro-group.com\/acelabs\/wp-content\/uploads\/2025\/09\/immagine-easyeyes-copertina-settori-800x800.png 800w, https:\/\/syncro-group.com\/acelabs\/wp-content\/uploads\/2025\/09\/immagine-easyeyes-copertina-settori-380x380.png 380w, https:\/\/syncro-group.com\/acelabs\/wp-content\/uploads\/2025\/09\/immagine-easyeyes-copertina-settori-768x768.png 768w, https:\/\/syncro-group.com\/acelabs\/wp-content\/uploads\/2025\/09\/immagine-easyeyes-copertina-settori-1536x1536.png 1536w, https:\/\/syncro-group.com\/acelabs\/wp-content\/uploads\/2025\/09\/immagine-easyeyes-copertina-settori-475x475.png 475w, https:\/\/syncro-group.com\/acelabs\/wp-content\/uploads\/2025\/09\/immagine-easyeyes-copertina-settori-100x100.png 100w\" sizes=\"auto, (max-width: 2000px) 100vw, 2000px\" \/>\t\t\t\t\t\t\t\t\t\t\t<\/div>\n\t\t\t<\/a>\t\t<\/div>\n\n\t\t<div class=\"box-text text-center\" >\n\t\t\t<div class=\"box-text-inner\">\n\t\t\t\t\n<p><strong>EASYEYES<\/strong><\/p>\n\t\t\t<\/div>\n\t\t<\/div>\n\t<\/div>\n\t\n\t\t<\/div>\n\t\t\t\t\t<\/div>\n\n\t\n\n\t<div id=\"col-490872862\" class=\"col medium-3 small-6 large-3\"  >\n\t\t\t\t<div class=\"col-inner\"  >\n\t\t\t\n\t\t\t\n\t<div class=\"box has-hover   has-hover box-text-bottom\" >\n\n\t\t<div class=\"box-image\" >\n\t\t\t<a href=\"https:\/\/syncro-group.com\/acelabs\/product\/eyes\/\" target=\"_blank\" rel=\"noopener noreferrer\" >\t\t\t<div class=\"\" >\n\t\t\t\t<img loading=\"lazy\" decoding=\"async\" width=\"2000\" height=\"2000\" src=\"https:\/\/syncro-group.com\/acelabs\/wp-content\/uploads\/2025\/09\/immagine-easyeyes-copertina-settori.png\" class=\"attachment- size-\" alt=\"\" srcset=\"https:\/\/syncro-group.com\/acelabs\/wp-content\/uploads\/2025\/09\/immagine-easyeyes-copertina-settori.png 2000w, https:\/\/syncro-group.com\/acelabs\/wp-content\/uploads\/2025\/09\/immagine-easyeyes-copertina-settori-400x400.png 400w, https:\/\/syncro-group.com\/acelabs\/wp-content\/uploads\/2025\/09\/immagine-easyeyes-copertina-settori-800x800.png 800w, https:\/\/syncro-group.com\/acelabs\/wp-content\/uploads\/2025\/09\/immagine-easyeyes-copertina-settori-380x380.png 380w, https:\/\/syncro-group.com\/acelabs\/wp-content\/uploads\/2025\/09\/immagine-easyeyes-copertina-settori-768x768.png 768w, https:\/\/syncro-group.com\/acelabs\/wp-content\/uploads\/2025\/09\/immagine-easyeyes-copertina-settori-1536x1536.png 1536w, https:\/\/syncro-group.com\/acelabs\/wp-content\/uploads\/2025\/09\/immagine-easyeyes-copertina-settori-475x475.png 475w, https:\/\/syncro-group.com\/acelabs\/wp-content\/uploads\/2025\/09\/immagine-easyeyes-copertina-settori-100x100.png 100w\" sizes=\"auto, (max-width: 2000px) 100vw, 2000px\" \/>\t\t\t\t\t\t\t\t\t\t\t<\/div>\n\t\t\t<\/a>\t\t<\/div>\n\n\t\t<div class=\"box-text text-center\" >\n\t\t\t<div class=\"box-text-inner\">\n\t\t\t\t\n<p><strong>EYES<\/strong><\/p>\n\t\t\t<\/div>\n\t\t<\/div>\n\t<\/div>\n\t\n\t\t<\/div>\n\t\t\t\t\t<\/div>\n\n\t\n\n\t<div id=\"col-304839552\" class=\"col medium-3 small-6 large-3\"  >\n\t\t\t\t<div class=\"col-inner\"  >\n\t\t\t\n\t\t\t\n\t<div class=\"box has-hover   has-hover box-text-bottom\" >\n\n\t\t<div class=\"box-image\" >\n\t\t\t<a href=\"https:\/\/syncro-group.com\/acelabs\/product\/eyes4bags\/\" target=\"_blank\" rel=\"noopener noreferrer\" >\t\t\t<div class=\"image-cover\" style=\"padding-top:100%;\">\n\t\t\t\t<img loading=\"lazy\" decoding=\"async\" width=\"2048\" height=\"1317\" src=\"https:\/\/syncro-group.com\/acelabs\/wp-content\/uploads\/2026\/01\/EYES4BAGS_TRIM.png\" class=\"attachment- size-\" alt=\"\" srcset=\"https:\/\/syncro-group.com\/acelabs\/wp-content\/uploads\/2026\/01\/EYES4BAGS_TRIM.png 2048w, https:\/\/syncro-group.com\/acelabs\/wp-content\/uploads\/2026\/01\/EYES4BAGS_TRIM-622x400.png 622w, https:\/\/syncro-group.com\/acelabs\/wp-content\/uploads\/2026\/01\/EYES4BAGS_TRIM-1244x800.png 1244w, https:\/\/syncro-group.com\/acelabs\/wp-content\/uploads\/2026\/01\/EYES4BAGS_TRIM-768x494.png 768w, https:\/\/syncro-group.com\/acelabs\/wp-content\/uploads\/2026\/01\/EYES4BAGS_TRIM-1536x988.png 1536w, https:\/\/syncro-group.com\/acelabs\/wp-content\/uploads\/2026\/01\/EYES4BAGS_TRIM-475x305.png 475w\" sizes=\"auto, (max-width: 2048px) 100vw, 2048px\" \/>\t\t\t\t\t\t\t\t\t\t\t<\/div>\n\t\t\t<\/a>\t\t<\/div>\n\n\t\t<div class=\"box-text text-center\" >\n\t\t\t<div class=\"box-text-inner\">\n\t\t\t\t\n<h4 style=\"text-align: center;\"><strong>Eyes4Bags<\/strong><\/h4>\n\t\t\t<\/div>\n\t\t<\/div>\n\t<\/div>\n\t\n\t\t<\/div>\n\t\t\t\t\t<\/div>\n\n\t\n\n\t<div id=\"col-1393910227\" class=\"col medium-3 small-6 large-3\"  >\n\t\t\t\t<div class=\"col-inner\"  >\n\t\t\t\n\t\t\t\n\t<div class=\"box has-hover   has-hover box-text-bottom\" >\n\n\t\t<div class=\"box-image\" >\n\t\t\t<a href=\"https:\/\/syncro-group.com\/acelabs\/product\/eyeslab\/\" target=\"_blank\" rel=\"noopener noreferrer\" >\t\t\t<div class=\"\" >\n\t\t\t\t<img loading=\"lazy\" decoding=\"async\" width=\"1080\" height=\"1080\" src=\"https:\/\/syncro-group.com\/acelabs\/wp-content\/uploads\/2026\/01\/Immahine-Copertina-LAB-Edited.png\" class=\"attachment- size-\" alt=\"\" srcset=\"https:\/\/syncro-group.com\/acelabs\/wp-content\/uploads\/2026\/01\/Immahine-Copertina-LAB-Edited.png 1080w, https:\/\/syncro-group.com\/acelabs\/wp-content\/uploads\/2026\/01\/Immahine-Copertina-LAB-Edited-400x400.png 400w, https:\/\/syncro-group.com\/acelabs\/wp-content\/uploads\/2026\/01\/Immahine-Copertina-LAB-Edited-800x800.png 800w, https:\/\/syncro-group.com\/acelabs\/wp-content\/uploads\/2026\/01\/Immahine-Copertina-LAB-Edited-380x380.png 380w, https:\/\/syncro-group.com\/acelabs\/wp-content\/uploads\/2026\/01\/Immahine-Copertina-LAB-Edited-768x768.png 768w, https:\/\/syncro-group.com\/acelabs\/wp-content\/uploads\/2026\/01\/Immahine-Copertina-LAB-Edited-475x475.png 475w, https:\/\/syncro-group.com\/acelabs\/wp-content\/uploads\/2026\/01\/Immahine-Copertina-LAB-Edited-100x100.png 100w\" sizes=\"auto, (max-width: 1080px) 100vw, 1080px\" \/>\t\t\t\t\t\t\t\t\t\t\t<\/div>\n\t\t\t<\/a>\t\t<\/div>\n\n\t\t<div class=\"box-text text-center\" >\n\t\t\t<div class=\"box-text-inner\">\n\t\t\t\t\n<h4 style=\"text-align: center;\"><strong>EyesLab<\/strong><\/h4>\n\t\t\t<\/div>\n\t\t<\/div>\n\t<\/div>\n\t\n\t\t<\/div>\n\t\t\t\t\t<\/div>\n\n\t\n<\/div>\n","protected":false},"excerpt":{"rendered":"","protected":false},"author":1,"featured_media":9815,"parent":4316,"menu_order":29,"comment_status":"closed","ping_status":"closed","template":"page-left-sidebar-settori.php","meta":{"footnotes":""},"class_list":["post-4293","page","type-page","status-publish","has-post-thumbnail","hentry"],"yoast_head":"<!-- This site is optimized with the Yoast SEO plugin v25.0 - https:\/\/yoast.com\/wordpress\/plugins\/seo\/ -->\n<title>Plastica - Welcome to Acelabs Website<\/title>\n<meta name=\"robots\" content=\"index, follow, max-snippet:-1, max-image-preview:large, max-video-preview:-1\" \/>\n<link rel=\"canonical\" href=\"https:\/\/syncro-group.com\/acelabs\/settori\/logistica\/\" \/>\n<meta property=\"og:locale\" content=\"it_IT\" \/>\n<meta property=\"og:type\" content=\"article\" \/>\n<meta property=\"og:title\" content=\"Plastica - Welcome to Acelabs Website\" \/>\n<meta property=\"og:url\" content=\"https:\/\/syncro-group.com\/acelabs\/settori\/logistica\/\" \/>\n<meta property=\"og:site_name\" content=\"Welcome to Acelabs Website\" \/>\n<meta property=\"article:modified_time\" content=\"2026-01-17T14:37:10+00:00\" \/>\n<meta property=\"og:image\" content=\"https:\/\/syncro-group.com\/acelabs\/wp-content\/uploads\/2025\/09\/ChatGPT-Image-23-set-2025-14_08_37-1.png\" \/>\n\t<meta property=\"og:image:width\" content=\"1024\" \/>\n\t<meta property=\"og:image:height\" content=\"1024\" \/>\n\t<meta property=\"og:image:type\" content=\"image\/png\" \/>\n<meta name=\"twitter:card\" content=\"summary_large_image\" \/>\n<meta name=\"twitter:label1\" content=\"Tempo di lettura stimato\" \/>\n\t<meta name=\"twitter:data1\" content=\"1 minuto\" \/>\n<script type=\"application\/ld+json\" class=\"yoast-schema-graph\">{\"@context\":\"https:\/\/schema.org\",\"@graph\":[{\"@type\":\"WebPage\",\"@id\":\"https:\/\/syncro-group.com\/acelabs\/settori\/logistica\/\",\"url\":\"https:\/\/syncro-group.com\/acelabs\/settori\/logistica\/\",\"name\":\"Plastica - Welcome to Acelabs Website\",\"isPartOf\":{\"@id\":\"https:\/\/syncro-group.com\/acelabs\/#website\"},\"primaryImageOfPage\":{\"@id\":\"https:\/\/syncro-group.com\/acelabs\/settori\/logistica\/#primaryimage\"},\"image\":{\"@id\":\"https:\/\/syncro-group.com\/acelabs\/settori\/logistica\/#primaryimage\"},\"thumbnailUrl\":\"https:\/\/syncro-group.com\/acelabs\/wp-content\/uploads\/2025\/09\/ChatGPT-Image-23-set-2025-14_08_37-1.png\",\"datePublished\":\"2020-09-04T21:45:05+00:00\",\"dateModified\":\"2026-01-17T14:37:10+00:00\",\"breadcrumb\":{\"@id\":\"https:\/\/syncro-group.com\/acelabs\/settori\/logistica\/#breadcrumb\"},\"inLanguage\":\"it-IT\",\"potentialAction\":[{\"@type\":\"ReadAction\",\"target\":[\"https:\/\/syncro-group.com\/acelabs\/settori\/logistica\/\"]}]},{\"@type\":\"ImageObject\",\"inLanguage\":\"it-IT\",\"@id\":\"https:\/\/syncro-group.com\/acelabs\/settori\/logistica\/#primaryimage\",\"url\":\"https:\/\/syncro-group.com\/acelabs\/wp-content\/uploads\/2025\/09\/ChatGPT-Image-23-set-2025-14_08_37-1.png\",\"contentUrl\":\"https:\/\/syncro-group.com\/acelabs\/wp-content\/uploads\/2025\/09\/ChatGPT-Image-23-set-2025-14_08_37-1.png\",\"width\":1024,\"height\":1024},{\"@type\":\"BreadcrumbList\",\"@id\":\"https:\/\/syncro-group.com\/acelabs\/settori\/logistica\/#breadcrumb\",\"itemListElement\":[{\"@type\":\"ListItem\",\"position\":1,\"name\":\"Home\",\"item\":\"https:\/\/syncro-group.com\/acelabs\/\"},{\"@type\":\"ListItem\",\"position\":2,\"name\":\"Settori\",\"item\":\"https:\/\/syncro-group.com\/acelabs\/it\/settori\/\"},{\"@type\":\"ListItem\",\"position\":3,\"name\":\"Plastica\"}]},{\"@type\":\"WebSite\",\"@id\":\"https:\/\/syncro-group.com\/acelabs\/#website\",\"url\":\"https:\/\/syncro-group.com\/acelabs\/\",\"name\":\"Welcome to Acelabs Website\",\"description\":\"Welcome to Acelabs Website\",\"potentialAction\":[{\"@type\":\"SearchAction\",\"target\":{\"@type\":\"EntryPoint\",\"urlTemplate\":\"https:\/\/syncro-group.com\/acelabs\/?s={search_term_string}\"},\"query-input\":{\"@type\":\"PropertyValueSpecification\",\"valueRequired\":true,\"valueName\":\"search_term_string\"}}],\"inLanguage\":\"it-IT\"}]}<\/script>\n<!-- \/ Yoast SEO plugin. -->","yoast_head_json":{"title":"Plastica - Welcome to Acelabs Website","robots":{"index":"index","follow":"follow","max-snippet":"max-snippet:-1","max-image-preview":"max-image-preview:large","max-video-preview":"max-video-preview:-1"},"canonical":"https:\/\/syncro-group.com\/acelabs\/settori\/logistica\/","og_locale":"it_IT","og_type":"article","og_title":"Plastica - Welcome to Acelabs Website","og_url":"https:\/\/syncro-group.com\/acelabs\/settori\/logistica\/","og_site_name":"Welcome to Acelabs Website","article_modified_time":"2026-01-17T14:37:10+00:00","og_image":[{"width":1024,"height":1024,"url":"https:\/\/syncro-group.com\/acelabs\/wp-content\/uploads\/2025\/09\/ChatGPT-Image-23-set-2025-14_08_37-1.png","type":"image\/png"}],"twitter_card":"summary_large_image","twitter_misc":{"Tempo di lettura stimato":"1 minuto"},"schema":{"@context":"https:\/\/schema.org","@graph":[{"@type":"WebPage","@id":"https:\/\/syncro-group.com\/acelabs\/settori\/logistica\/","url":"https:\/\/syncro-group.com\/acelabs\/settori\/logistica\/","name":"Plastica - Welcome to Acelabs Website","isPartOf":{"@id":"https:\/\/syncro-group.com\/acelabs\/#website"},"primaryImageOfPage":{"@id":"https:\/\/syncro-group.com\/acelabs\/settori\/logistica\/#primaryimage"},"image":{"@id":"https:\/\/syncro-group.com\/acelabs\/settori\/logistica\/#primaryimage"},"thumbnailUrl":"https:\/\/syncro-group.com\/acelabs\/wp-content\/uploads\/2025\/09\/ChatGPT-Image-23-set-2025-14_08_37-1.png","datePublished":"2020-09-04T21:45:05+00:00","dateModified":"2026-01-17T14:37:10+00:00","breadcrumb":{"@id":"https:\/\/syncro-group.com\/acelabs\/settori\/logistica\/#breadcrumb"},"inLanguage":"it-IT","potentialAction":[{"@type":"ReadAction","target":["https:\/\/syncro-group.com\/acelabs\/settori\/logistica\/"]}]},{"@type":"ImageObject","inLanguage":"it-IT","@id":"https:\/\/syncro-group.com\/acelabs\/settori\/logistica\/#primaryimage","url":"https:\/\/syncro-group.com\/acelabs\/wp-content\/uploads\/2025\/09\/ChatGPT-Image-23-set-2025-14_08_37-1.png","contentUrl":"https:\/\/syncro-group.com\/acelabs\/wp-content\/uploads\/2025\/09\/ChatGPT-Image-23-set-2025-14_08_37-1.png","width":1024,"height":1024},{"@type":"BreadcrumbList","@id":"https:\/\/syncro-group.com\/acelabs\/settori\/logistica\/#breadcrumb","itemListElement":[{"@type":"ListItem","position":1,"name":"Home","item":"https:\/\/syncro-group.com\/acelabs\/"},{"@type":"ListItem","position":2,"name":"Settori","item":"https:\/\/syncro-group.com\/acelabs\/it\/settori\/"},{"@type":"ListItem","position":3,"name":"Plastica"}]},{"@type":"WebSite","@id":"https:\/\/syncro-group.com\/acelabs\/#website","url":"https:\/\/syncro-group.com\/acelabs\/","name":"Welcome to Acelabs Website","description":"Welcome to Acelabs Website","potentialAction":[{"@type":"SearchAction","target":{"@type":"EntryPoint","urlTemplate":"https:\/\/syncro-group.com\/acelabs\/?s={search_term_string}"},"query-input":{"@type":"PropertyValueSpecification","valueRequired":true,"valueName":"search_term_string"}}],"inLanguage":"it-IT"}]}},"_links":{"self":[{"href":"https:\/\/syncro-group.com\/acelabs\/wp-json\/wp\/v2\/pages\/4293","targetHints":{"allow":["GET"]}}],"collection":[{"href":"https:\/\/syncro-group.com\/acelabs\/wp-json\/wp\/v2\/pages"}],"about":[{"href":"https:\/\/syncro-group.com\/acelabs\/wp-json\/wp\/v2\/types\/page"}],"author":[{"embeddable":true,"href":"https:\/\/syncro-group.com\/acelabs\/wp-json\/wp\/v2\/users\/1"}],"replies":[{"embeddable":true,"href":"https:\/\/syncro-group.com\/acelabs\/wp-json\/wp\/v2\/comments?post=4293"}],"version-history":[{"count":7,"href":"https:\/\/syncro-group.com\/acelabs\/wp-json\/wp\/v2\/pages\/4293\/revisions"}],"predecessor-version":[{"id":10094,"href":"https:\/\/syncro-group.com\/acelabs\/wp-json\/wp\/v2\/pages\/4293\/revisions\/10094"}],"up":[{"embeddable":true,"href":"https:\/\/syncro-group.com\/acelabs\/wp-json\/wp\/v2\/pages\/4316"}],"wp:featuredmedia":[{"embeddable":true,"href":"https:\/\/syncro-group.com\/acelabs\/wp-json\/wp\/v2\/media\/9815"}],"wp:attachment":[{"href":"https:\/\/syncro-group.com\/acelabs\/wp-json\/wp\/v2\/media?parent=4293"}],"curies":[{"name":"wp","href":"https:\/\/api.w.org\/{rel}","templated":true}]}}