{"id":9475,"date":"2025-06-23T19:22:44","date_gmt":"2025-07-05T18:13:16","guid":{"rendered":"https:\/\/syncro-group.com\/acelabs\/product\/pqvs\/"},"modified":"2026-01-22T22:43:38","modified_gmt":"2026-01-22T21:43:38","slug":"pqvs","status":"publish","type":"product","link":"https:\/\/syncro-group.com\/acelabs\/product\/pqvs\/","title":{"rendered":"Print Quality Vision System"},"content":{"rendered":"","protected":false},"excerpt":{"rendered":"<p>PQVS \u00e8 un sistema automatizzato per la verifica della qualit\u00e0 di stampa su vetro, adatto sia alla serigrafia che alla stampa digitale. \u00c8 stato progettato per l&#8217;utilizzo in applicazioni automobilistiche, elettrodomestici e architettoniche, ma pu\u00f2 essere utilizzato anche per garantire la qualit\u00e0 di stampa su altri materiali rigidi, sia trasparenti che opachi, come il policarbonato o l&#8217;alluminio.<\/p>\n<p>&nbsp;<\/p>\n","protected":false},"featured_media":9117,"template":"","meta":[],"product_brand":[],"product_cat":[898],"product_tag":[],"class_list":{"0":"post-9475","1":"product","2":"type-product","3":"status-publish","4":"has-post-thumbnail","6":"product_cat-vetro-piano","8":"first","9":"instock","10":"shipping-taxable","11":"product-type-simple"},"yoast_head":"<!-- This site is optimized with the Yoast SEO plugin v25.0 - https:\/\/yoast.com\/wordpress\/plugins\/seo\/ -->\n<title>Print Quality Vision System - Welcome to Acelabs Website<\/title>\n<meta name=\"robots\" content=\"index, follow, max-snippet:-1, max-image-preview:large, max-video-preview:-1\" \/>\n<link rel=\"canonical\" href=\"https:\/\/syncro-group.com\/acelabs\/product\/pqvs\/\" \/>\n<meta property=\"og:locale\" content=\"it_IT\" \/>\n<meta property=\"og:type\" content=\"article\" \/>\n<meta property=\"og:title\" content=\"Print Quality Vision System - Welcome to Acelabs Website\" \/>\n<meta property=\"og:description\" content=\"PQVS \u00e8 un sistema automatizzato per la verifica della qualit\u00e0 di stampa su vetro, adatto sia alla serigrafia che alla stampa digitale. \u00c8 stato progettato per l&#039;utilizzo in applicazioni automobilistiche, elettrodomestici e architettoniche, ma pu\u00f2 essere utilizzato anche per garantire la qualit\u00e0 di stampa su altri materiali rigidi, sia trasparenti che opachi, come il policarbonato o l&#039;alluminio.  &nbsp;\" \/>\n<meta property=\"og:url\" content=\"https:\/\/syncro-group.com\/acelabs\/product\/pqvs\/\" \/>\n<meta property=\"og:site_name\" content=\"Welcome to Acelabs Website\" \/>\n<meta property=\"article:modified_time\" content=\"2026-01-22T21:43:38+00:00\" \/>\n<meta property=\"og:image\" content=\"https:\/\/syncro-group.com\/acelabs\/wp-content\/uploads\/2025\/04\/PQVS_.png\" \/>\n\t<meta property=\"og:image:width\" content=\"989\" \/>\n\t<meta property=\"og:image:height\" content=\"954\" \/>\n\t<meta property=\"og:image:type\" content=\"image\/png\" \/>\n<meta name=\"twitter:card\" content=\"summary_large_image\" \/>\n<meta name=\"twitter:label1\" content=\"Tempo di lettura stimato\" \/>\n\t<meta name=\"twitter:data1\" content=\"1 minuto\" \/>\n<script type=\"application\/ld+json\" class=\"yoast-schema-graph\">{\"@context\":\"https:\/\/schema.org\",\"@graph\":[{\"@type\":\"WebPage\",\"@id\":\"https:\/\/syncro-group.com\/acelabs\/product\/pqvs\/\",\"url\":\"https:\/\/syncro-group.com\/acelabs\/product\/pqvs\/\",\"name\":\"Print Quality Vision System - Welcome to Acelabs Website\",\"isPartOf\":{\"@id\":\"https:\/\/syncro-group.com\/acelabs\/#website\"},\"primaryImageOfPage\":{\"@id\":\"https:\/\/syncro-group.com\/acelabs\/product\/pqvs\/#primaryimage\"},\"image\":{\"@id\":\"https:\/\/syncro-group.com\/acelabs\/product\/pqvs\/#primaryimage\"},\"thumbnailUrl\":\"https:\/\/syncro-group.com\/acelabs\/wp-content\/uploads\/2025\/04\/PQVS_.png\",\"datePublished\":\"2025-07-05T18:13:16+00:00\",\"dateModified\":\"2026-01-22T21:43:38+00:00\",\"breadcrumb\":{\"@id\":\"https:\/\/syncro-group.com\/acelabs\/product\/pqvs\/#breadcrumb\"},\"inLanguage\":\"it-IT\",\"potentialAction\":[{\"@type\":\"ReadAction\",\"target\":[\"https:\/\/syncro-group.com\/acelabs\/product\/pqvs\/\"]}]},{\"@type\":\"ImageObject\",\"inLanguage\":\"it-IT\",\"@id\":\"https:\/\/syncro-group.com\/acelabs\/product\/pqvs\/#primaryimage\",\"url\":\"https:\/\/syncro-group.com\/acelabs\/wp-content\/uploads\/2025\/04\/PQVS_.png\",\"contentUrl\":\"https:\/\/syncro-group.com\/acelabs\/wp-content\/uploads\/2025\/04\/PQVS_.png\",\"width\":989,\"height\":954},{\"@type\":\"BreadcrumbList\",\"@id\":\"https:\/\/syncro-group.com\/acelabs\/product\/pqvs\/#breadcrumb\",\"itemListElement\":[{\"@type\":\"ListItem\",\"position\":1,\"name\":\"Home\",\"item\":\"https:\/\/syncro-group.com\/acelabs\/\"},{\"@type\":\"ListItem\",\"position\":2,\"name\":\"Prodotti\",\"item\":\"https:\/\/syncro-group.com\/acelabs\/products\/\"},{\"@type\":\"ListItem\",\"position\":3,\"name\":\"Print Quality Vision System\"}]},{\"@type\":\"WebSite\",\"@id\":\"https:\/\/syncro-group.com\/acelabs\/#website\",\"url\":\"https:\/\/syncro-group.com\/acelabs\/\",\"name\":\"Welcome to Acelabs Website\",\"description\":\"Welcome to Acelabs Website\",\"potentialAction\":[{\"@type\":\"SearchAction\",\"target\":{\"@type\":\"EntryPoint\",\"urlTemplate\":\"https:\/\/syncro-group.com\/acelabs\/?s={search_term_string}\"},\"query-input\":{\"@type\":\"PropertyValueSpecification\",\"valueRequired\":true,\"valueName\":\"search_term_string\"}}],\"inLanguage\":\"it-IT\"}]}<\/script>\n<!-- \/ Yoast SEO plugin. -->","yoast_head_json":{"title":"Print Quality Vision System - Welcome to Acelabs Website","robots":{"index":"index","follow":"follow","max-snippet":"max-snippet:-1","max-image-preview":"max-image-preview:large","max-video-preview":"max-video-preview:-1"},"canonical":"https:\/\/syncro-group.com\/acelabs\/product\/pqvs\/","og_locale":"it_IT","og_type":"article","og_title":"Print Quality Vision System - Welcome to Acelabs Website","og_description":"PQVS \u00e8 un sistema automatizzato per la verifica della qualit\u00e0 di stampa su vetro, adatto sia alla serigrafia che alla stampa digitale. \u00c8 stato progettato per l'utilizzo in applicazioni automobilistiche, elettrodomestici e architettoniche, ma pu\u00f2 essere utilizzato anche per garantire la qualit\u00e0 di stampa su altri materiali rigidi, sia trasparenti che opachi, come il policarbonato o l'alluminio.  &nbsp;","og_url":"https:\/\/syncro-group.com\/acelabs\/product\/pqvs\/","og_site_name":"Welcome to Acelabs Website","article_modified_time":"2026-01-22T21:43:38+00:00","og_image":[{"width":989,"height":954,"url":"https:\/\/syncro-group.com\/acelabs\/wp-content\/uploads\/2025\/04\/PQVS_.png","type":"image\/png"}],"twitter_card":"summary_large_image","twitter_misc":{"Tempo di lettura stimato":"1 minuto"},"schema":{"@context":"https:\/\/schema.org","@graph":[{"@type":"WebPage","@id":"https:\/\/syncro-group.com\/acelabs\/product\/pqvs\/","url":"https:\/\/syncro-group.com\/acelabs\/product\/pqvs\/","name":"Print Quality Vision System - Welcome to Acelabs Website","isPartOf":{"@id":"https:\/\/syncro-group.com\/acelabs\/#website"},"primaryImageOfPage":{"@id":"https:\/\/syncro-group.com\/acelabs\/product\/pqvs\/#primaryimage"},"image":{"@id":"https:\/\/syncro-group.com\/acelabs\/product\/pqvs\/#primaryimage"},"thumbnailUrl":"https:\/\/syncro-group.com\/acelabs\/wp-content\/uploads\/2025\/04\/PQVS_.png","datePublished":"2025-07-05T18:13:16+00:00","dateModified":"2026-01-22T21:43:38+00:00","breadcrumb":{"@id":"https:\/\/syncro-group.com\/acelabs\/product\/pqvs\/#breadcrumb"},"inLanguage":"it-IT","potentialAction":[{"@type":"ReadAction","target":["https:\/\/syncro-group.com\/acelabs\/product\/pqvs\/"]}]},{"@type":"ImageObject","inLanguage":"it-IT","@id":"https:\/\/syncro-group.com\/acelabs\/product\/pqvs\/#primaryimage","url":"https:\/\/syncro-group.com\/acelabs\/wp-content\/uploads\/2025\/04\/PQVS_.png","contentUrl":"https:\/\/syncro-group.com\/acelabs\/wp-content\/uploads\/2025\/04\/PQVS_.png","width":989,"height":954},{"@type":"BreadcrumbList","@id":"https:\/\/syncro-group.com\/acelabs\/product\/pqvs\/#breadcrumb","itemListElement":[{"@type":"ListItem","position":1,"name":"Home","item":"https:\/\/syncro-group.com\/acelabs\/"},{"@type":"ListItem","position":2,"name":"Prodotti","item":"https:\/\/syncro-group.com\/acelabs\/products\/"},{"@type":"ListItem","position":3,"name":"Print Quality Vision System"}]},{"@type":"WebSite","@id":"https:\/\/syncro-group.com\/acelabs\/#website","url":"https:\/\/syncro-group.com\/acelabs\/","name":"Welcome to Acelabs Website","description":"Welcome to Acelabs Website","potentialAction":[{"@type":"SearchAction","target":{"@type":"EntryPoint","urlTemplate":"https:\/\/syncro-group.com\/acelabs\/?s={search_term_string}"},"query-input":{"@type":"PropertyValueSpecification","valueRequired":true,"valueName":"search_term_string"}}],"inLanguage":"it-IT"}]}},"_links":{"self":[{"href":"https:\/\/syncro-group.com\/acelabs\/wp-json\/wp\/v2\/product\/9475","targetHints":{"allow":["GET"]}}],"collection":[{"href":"https:\/\/syncro-group.com\/acelabs\/wp-json\/wp\/v2\/product"}],"about":[{"href":"https:\/\/syncro-group.com\/acelabs\/wp-json\/wp\/v2\/types\/product"}],"wp:featuredmedia":[{"embeddable":true,"href":"https:\/\/syncro-group.com\/acelabs\/wp-json\/wp\/v2\/media\/9117"}],"wp:attachment":[{"href":"https:\/\/syncro-group.com\/acelabs\/wp-json\/wp\/v2\/media?parent=9475"}],"wp:term":[{"taxonomy":"product_brand","embeddable":true,"href":"https:\/\/syncro-group.com\/acelabs\/wp-json\/wp\/v2\/product_brand?post=9475"},{"taxonomy":"product_cat","embeddable":true,"href":"https:\/\/syncro-group.com\/acelabs\/wp-json\/wp\/v2\/product_cat?post=9475"},{"taxonomy":"product_tag","embeddable":true,"href":"https:\/\/syncro-group.com\/acelabs\/wp-json\/wp\/v2\/product_tag?post=9475"}],"curies":[{"name":"wp","href":"https:\/\/api.w.org\/{rel}","templated":true}]}}