{"id":9973,"date":"2025-05-14T18:38:44","date_gmt":"2025-05-14T16:38:44","guid":{"rendered":"https:\/\/syncro-group.com\/acelabs\/product\/eyes\/"},"modified":"2026-01-22T22:50:13","modified_gmt":"2026-01-22T21:50:13","slug":"eyes","status":"publish","type":"product","link":"https:\/\/syncro-group.com\/acelabs\/product\/eyes\/","title":{"rendered":"Eyes"},"content":{"rendered":"<div style=\"display: flex; gap: 20px; align-items: flex-start; flex-wrap: wrap;\">\n<div style=\"width: 320px;\" class=\"wp-video\"><!--[if lt IE 9]><script>document.createElement('video');<\/script><![endif]-->\n<video class=\"wp-video-shortcode\" id=\"video-9973-1\" width=\"320\" height=\"240\" preload=\"metadata\" controls=\"controls\"><source type=\"video\/mp4\" src=\"https:\/\/syncro-group.com\/acelabs\/wp-content\/uploads\/2025\/06\/EYESBLOWFILM-COMPRESSO.mp4?_=1\" \/><a href=\"https:\/\/syncro-group.com\/acelabs\/wp-content\/uploads\/2025\/06\/EYESBLOWFILM-COMPRESSO.mp4\">https:\/\/syncro-group.com\/acelabs\/wp-content\/uploads\/2025\/06\/EYESBLOWFILM-COMPRESSO.mp4<\/a><\/video><\/div>\n<div style=\"width: 320px;\" class=\"wp-video\"><video class=\"wp-video-shortcode\" id=\"video-9973-2\" width=\"320\" height=\"240\" preload=\"metadata\" controls=\"controls\"><source type=\"video\/mp4\" src=\"https:\/\/syncro-group.com\/acelabs\/wp-content\/uploads\/2025\/06\/EYESCAST-COMPRESSO.mp4?_=2\" \/><a href=\"https:\/\/syncro-group.com\/acelabs\/wp-content\/uploads\/2025\/06\/EYESCAST-COMPRESSO.mp4\">https:\/\/syncro-group.com\/acelabs\/wp-content\/uploads\/2025\/06\/EYESCAST-COMPRESSO.mp4<\/a><\/video><\/div>\n<\/div>\n","protected":false},"excerpt":{"rendered":"<p>EYES \u00e8 un sistema di visione per il controllo qualit\u00e0 in linea di materiali continui. Il sistema \u00e8 in grado di scansionare il 100% della superficie, rilevando e classificando ogni tipo di difetto. Eyes fornisce una mappatura completa dei difetti per ogni bobina, consentendo di mantenere un controllo totale sulla produzione. \u00c8 ideale per linee di produzione che superano la velocit\u00e0 di 300 m\/min e per risoluzioni dei difetti inferiori a 250 \u00b5m, fino a 3 \u00b5m.<\/p>\n","protected":false},"featured_media":9335,"template":"","meta":[],"product_brand":[],"product_cat":[506],"product_tag":[],"class_list":{"0":"post-9973","1":"product","2":"type-product","3":"status-publish","4":"has-post-thumbnail","6":"product_cat-ispezione-di-materiale-in-continuo","8":"first","9":"instock","10":"shipping-taxable","11":"product-type-simple"},"yoast_head":"<!-- This site is optimized with the Yoast SEO plugin v25.0 - https:\/\/yoast.com\/wordpress\/plugins\/seo\/ -->\n<title>Eyes - Welcome to Acelabs Website<\/title>\n<meta name=\"robots\" content=\"index, follow, max-snippet:-1, max-image-preview:large, max-video-preview:-1\" \/>\n<link rel=\"canonical\" href=\"https:\/\/syncro-group.com\/acelabs\/product\/eyes\/\" \/>\n<meta property=\"og:locale\" content=\"it_IT\" \/>\n<meta property=\"og:type\" content=\"article\" \/>\n<meta property=\"og:title\" content=\"Eyes - Welcome to Acelabs Website\" \/>\n<meta property=\"og:description\" content=\"EYES \u00e8 un sistema di visione per il controllo qualit\u00e0 in linea di materiali continui. Il sistema \u00e8 in grado di scansionare il 100% della superficie, rilevando e classificando ogni tipo di difetto. Eyes fornisce una mappatura completa dei difetti per ogni bobina, consentendo di mantenere un controllo totale sulla produzione. \u00c8 ideale per linee di produzione che superano la velocit\u00e0 di 300 m\/min e per risoluzioni dei difetti inferiori a 250 \u00b5m, fino a 3 \u00b5m.\" \/>\n<meta property=\"og:url\" content=\"https:\/\/syncro-group.com\/acelabs\/product\/eyes\/\" \/>\n<meta property=\"og:site_name\" content=\"Welcome to Acelabs Website\" \/>\n<meta property=\"article:modified_time\" content=\"2026-01-22T21:50:13+00:00\" \/>\n<meta property=\"og:image\" content=\"https:\/\/syncro-group.com\/acelabs\/wp-content\/uploads\/2025\/05\/tempsnip-1.png\" \/>\n\t<meta property=\"og:image:width\" content=\"2589\" \/>\n\t<meta property=\"og:image:height\" content=\"1748\" \/>\n\t<meta property=\"og:image:type\" content=\"image\/png\" \/>\n<meta name=\"twitter:card\" content=\"summary_large_image\" \/>\n<meta name=\"twitter:label1\" content=\"Tempo di lettura stimato\" \/>\n\t<meta name=\"twitter:data1\" content=\"1 minuto\" \/>\n<script type=\"application\/ld+json\" class=\"yoast-schema-graph\">{\"@context\":\"https:\/\/schema.org\",\"@graph\":[{\"@type\":\"WebPage\",\"@id\":\"https:\/\/syncro-group.com\/acelabs\/product\/eyes\/\",\"url\":\"https:\/\/syncro-group.com\/acelabs\/product\/eyes\/\",\"name\":\"Eyes - Welcome to Acelabs Website\",\"isPartOf\":{\"@id\":\"https:\/\/syncro-group.com\/acelabs\/#website\"},\"primaryImageOfPage\":{\"@id\":\"https:\/\/syncro-group.com\/acelabs\/product\/eyes\/#primaryimage\"},\"image\":{\"@id\":\"https:\/\/syncro-group.com\/acelabs\/product\/eyes\/#primaryimage\"},\"thumbnailUrl\":\"https:\/\/syncro-group.com\/acelabs\/wp-content\/uploads\/2025\/05\/tempsnip-1.png\",\"datePublished\":\"2025-05-14T16:38:44+00:00\",\"dateModified\":\"2026-01-22T21:50:13+00:00\",\"breadcrumb\":{\"@id\":\"https:\/\/syncro-group.com\/acelabs\/product\/eyes\/#breadcrumb\"},\"inLanguage\":\"it-IT\",\"potentialAction\":[{\"@type\":\"ReadAction\",\"target\":[\"https:\/\/syncro-group.com\/acelabs\/product\/eyes\/\"]}]},{\"@type\":\"ImageObject\",\"inLanguage\":\"it-IT\",\"@id\":\"https:\/\/syncro-group.com\/acelabs\/product\/eyes\/#primaryimage\",\"url\":\"https:\/\/syncro-group.com\/acelabs\/wp-content\/uploads\/2025\/05\/tempsnip-1.png\",\"contentUrl\":\"https:\/\/syncro-group.com\/acelabs\/wp-content\/uploads\/2025\/05\/tempsnip-1.png\",\"width\":2589,\"height\":1748},{\"@type\":\"BreadcrumbList\",\"@id\":\"https:\/\/syncro-group.com\/acelabs\/product\/eyes\/#breadcrumb\",\"itemListElement\":[{\"@type\":\"ListItem\",\"position\":1,\"name\":\"Home\",\"item\":\"https:\/\/syncro-group.com\/acelabs\/\"},{\"@type\":\"ListItem\",\"position\":2,\"name\":\"Prodotti\",\"item\":\"https:\/\/syncro-group.com\/acelabs\/products\/\"},{\"@type\":\"ListItem\",\"position\":3,\"name\":\"Eyes\"}]},{\"@type\":\"WebSite\",\"@id\":\"https:\/\/syncro-group.com\/acelabs\/#website\",\"url\":\"https:\/\/syncro-group.com\/acelabs\/\",\"name\":\"Welcome to Acelabs Website\",\"description\":\"Welcome to Acelabs Website\",\"potentialAction\":[{\"@type\":\"SearchAction\",\"target\":{\"@type\":\"EntryPoint\",\"urlTemplate\":\"https:\/\/syncro-group.com\/acelabs\/?s={search_term_string}\"},\"query-input\":{\"@type\":\"PropertyValueSpecification\",\"valueRequired\":true,\"valueName\":\"search_term_string\"}}],\"inLanguage\":\"it-IT\"}]}<\/script>\n<!-- \/ Yoast SEO plugin. -->","yoast_head_json":{"title":"Eyes - Welcome to Acelabs Website","robots":{"index":"index","follow":"follow","max-snippet":"max-snippet:-1","max-image-preview":"max-image-preview:large","max-video-preview":"max-video-preview:-1"},"canonical":"https:\/\/syncro-group.com\/acelabs\/product\/eyes\/","og_locale":"it_IT","og_type":"article","og_title":"Eyes - Welcome to Acelabs Website","og_description":"EYES \u00e8 un sistema di visione per il controllo qualit\u00e0 in linea di materiali continui. Il sistema \u00e8 in grado di scansionare il 100% della superficie, rilevando e classificando ogni tipo di difetto. Eyes fornisce una mappatura completa dei difetti per ogni bobina, consentendo di mantenere un controllo totale sulla produzione. \u00c8 ideale per linee di produzione che superano la velocit\u00e0 di 300 m\/min e per risoluzioni dei difetti inferiori a 250 \u00b5m, fino a 3 \u00b5m.","og_url":"https:\/\/syncro-group.com\/acelabs\/product\/eyes\/","og_site_name":"Welcome to Acelabs Website","article_modified_time":"2026-01-22T21:50:13+00:00","og_image":[{"width":2589,"height":1748,"url":"https:\/\/syncro-group.com\/acelabs\/wp-content\/uploads\/2025\/05\/tempsnip-1.png","type":"image\/png"}],"twitter_card":"summary_large_image","twitter_misc":{"Tempo di lettura stimato":"1 minuto"},"schema":{"@context":"https:\/\/schema.org","@graph":[{"@type":"WebPage","@id":"https:\/\/syncro-group.com\/acelabs\/product\/eyes\/","url":"https:\/\/syncro-group.com\/acelabs\/product\/eyes\/","name":"Eyes - Welcome to Acelabs Website","isPartOf":{"@id":"https:\/\/syncro-group.com\/acelabs\/#website"},"primaryImageOfPage":{"@id":"https:\/\/syncro-group.com\/acelabs\/product\/eyes\/#primaryimage"},"image":{"@id":"https:\/\/syncro-group.com\/acelabs\/product\/eyes\/#primaryimage"},"thumbnailUrl":"https:\/\/syncro-group.com\/acelabs\/wp-content\/uploads\/2025\/05\/tempsnip-1.png","datePublished":"2025-05-14T16:38:44+00:00","dateModified":"2026-01-22T21:50:13+00:00","breadcrumb":{"@id":"https:\/\/syncro-group.com\/acelabs\/product\/eyes\/#breadcrumb"},"inLanguage":"it-IT","potentialAction":[{"@type":"ReadAction","target":["https:\/\/syncro-group.com\/acelabs\/product\/eyes\/"]}]},{"@type":"ImageObject","inLanguage":"it-IT","@id":"https:\/\/syncro-group.com\/acelabs\/product\/eyes\/#primaryimage","url":"https:\/\/syncro-group.com\/acelabs\/wp-content\/uploads\/2025\/05\/tempsnip-1.png","contentUrl":"https:\/\/syncro-group.com\/acelabs\/wp-content\/uploads\/2025\/05\/tempsnip-1.png","width":2589,"height":1748},{"@type":"BreadcrumbList","@id":"https:\/\/syncro-group.com\/acelabs\/product\/eyes\/#breadcrumb","itemListElement":[{"@type":"ListItem","position":1,"name":"Home","item":"https:\/\/syncro-group.com\/acelabs\/"},{"@type":"ListItem","position":2,"name":"Prodotti","item":"https:\/\/syncro-group.com\/acelabs\/products\/"},{"@type":"ListItem","position":3,"name":"Eyes"}]},{"@type":"WebSite","@id":"https:\/\/syncro-group.com\/acelabs\/#website","url":"https:\/\/syncro-group.com\/acelabs\/","name":"Welcome to Acelabs Website","description":"Welcome to Acelabs Website","potentialAction":[{"@type":"SearchAction","target":{"@type":"EntryPoint","urlTemplate":"https:\/\/syncro-group.com\/acelabs\/?s={search_term_string}"},"query-input":{"@type":"PropertyValueSpecification","valueRequired":true,"valueName":"search_term_string"}}],"inLanguage":"it-IT"}]}},"_links":{"self":[{"href":"https:\/\/syncro-group.com\/acelabs\/wp-json\/wp\/v2\/product\/9973","targetHints":{"allow":["GET"]}}],"collection":[{"href":"https:\/\/syncro-group.com\/acelabs\/wp-json\/wp\/v2\/product"}],"about":[{"href":"https:\/\/syncro-group.com\/acelabs\/wp-json\/wp\/v2\/types\/product"}],"wp:featuredmedia":[{"embeddable":true,"href":"https:\/\/syncro-group.com\/acelabs\/wp-json\/wp\/v2\/media\/9335"}],"wp:attachment":[{"href":"https:\/\/syncro-group.com\/acelabs\/wp-json\/wp\/v2\/media?parent=9973"}],"wp:term":[{"taxonomy":"product_brand","embeddable":true,"href":"https:\/\/syncro-group.com\/acelabs\/wp-json\/wp\/v2\/product_brand?post=9973"},{"taxonomy":"product_cat","embeddable":true,"href":"https:\/\/syncro-group.com\/acelabs\/wp-json\/wp\/v2\/product_cat?post=9973"},{"taxonomy":"product_tag","embeddable":true,"href":"https:\/\/syncro-group.com\/acelabs\/wp-json\/wp\/v2\/product_tag?post=9973"}],"curies":[{"name":"wp","href":"https:\/\/api.w.org\/{rel}","templated":true}]}}