{"id":2675,"date":"2020-04-30T16:23:12","date_gmt":"2020-04-30T14:23:12","guid":{"rendered":"https:\/\/syncro-group.com\/maguire-syncro\/"},"modified":"2021-03-29T17:55:21","modified_gmt":"2021-03-29T15:55:21","slug":"maguire-syncro","status":"publish","type":"page","link":"https:\/\/syncro-group.com\/es\/maguire-syncro\/","title":{"rendered":"Maguire"},"content":{"rendered":"\n  <div class=\"banner has-hover has-parallax\" id=\"banner-1361588421\">\n          <div class=\"banner-inner fill\">\n        <div class=\"banner-bg fill\" data-parallax=\"-6\" data-parallax-container=\".banner\" data-parallax-background>\n            <div class=\"bg fill bg-fill \"><\/div>\n                        <div class=\"overlay\"><\/div>            \n                    <\/div>\n\t\t\n        <div class=\"banner-layers container\">\n            <div class=\"fill banner-link\"><\/div>            \n   <div id=\"text-box-1323253704\" class=\"text-box banner-layer text-box-square x50 md-x50 lg-x50 y50 md-y50 lg-y50 res-text\">\n                     <div data-animate=\"fadeInUp\">           <div class=\"text-box-content text dark\">\n              \n              <div class=\"text-inner text-center\">\n                  \n<div class=\"main_slider_text_container\">\n<h3 class=\"uppercase\"><b>MAGUIRE<\/b><\/h3>\n<h3 class=\"uppercase\"><b>+ <\/b><\/h3>\n<h3 class=\"uppercase\"><b>SYNCRO<\/b><\/h3>\n<\/div>\n              <\/div>\n           <\/div>\n       <\/div>                     \n<style>\n#text-box-1323253704 .text-box-content {\n  background-color: rgba(181, 28, 28, 0.58);\n  font-size: 91%;\n}\n#text-box-1323253704 {\n  width: 30%;\n}\n<\/style>\n    <\/div>\n \n        <\/div>\n      <\/div>\n\n            \n<style>\n#banner-1361588421 {\n  padding-top: 350px;\n  background-color: rgba(255, 255, 255, 0.82);\n}\n#banner-1361588421 .bg.bg-loaded {\n  background-image: url(https:\/\/syncro-group.com\/wp-content\/uploads\/2021\/02\/Maguire__Syncro_Stand_IMG_2334_Option_1.jpg);\n}\n#banner-1361588421 .overlay {\n  background-color: rgba(252, 252, 252, 0.35);\n}\n#banner-1361588421 .bg {\n  background-position: 100% 0%;\n}\n#banner-1361588421 .ux-shape-divider--top svg {\n  height: 150px;\n  --divider-top-width: 100%;\n}\n#banner-1361588421 .ux-shape-divider--bottom svg {\n  height: 150px;\n  --divider-width: 100%;\n}\n<\/style>\n  <\/div>\n\n\n<div class=\"row\"  id=\"row-2366031\">\n\n\t<div id=\"col-1336197472\" class=\"col small-12 large-12\"  >\n\t\t\t\t<div class=\"col-inner\"  >\n\t\t\t\n\t\t\t\n<p class=\"p1\"><strong>MAGUIRE<\/strong>, un coloso americano a nivel mundial en el sector de la dosificaci\u00f3n para l\u00edneas de extrusi\u00f3n, se convirti\u00f3 en socio de <strong>Syncro en 2016<\/strong>.<\/p>\n<p class=\"p1\">Lo que une a las dos empresas son la amistad, los conocimientos y la experiencia, y sobre todo un objetivo com\u00fan: <strong>\u00a1mejorar juntos!<span class=\"Apple-converted-space\">\u00a0<\/span><\/strong><\/p>\n<p><img loading=\"lazy\" decoding=\"async\" class=\"lazy-load-active wp-image-2031 size-medium alignleft\" src=\"http:\/\/syncro-group.com\/wp-content\/uploads\/2020\/07\/maguire-syncro-4-533x400.jpg\" alt=\"\" width=\"533\" height=\"400\" data-src=\"http:\/\/syncro-group.com\/wp-content\/uploads\/2020\/06\/maguire-syncro-4-533x400.jpg\" data-srcset=\"http:\/\/syncro-group.com\/wp-content\/uploads\/2020\/06\/maguire-syncro-4-533x400.jpg 533w, http:\/\/syncro-group.com\/wp-content\/uploads\/2020\/06\/maguire-syncro-4-1067x800.jpg 1067w, http:\/\/syncro-group.com\/wp-content\/uploads\/2020\/06\/maguire-syncro-4-768x576.jpg 768w, http:\/\/syncro-group.com\/wp-content\/uploads\/2020\/06\/maguire-syncro-4-1536x1152.jpg 1536w, http:\/\/syncro-group.com\/wp-content\/uploads\/2020\/06\/maguire-syncro-4-600x450.jpg 600w, http:\/\/syncro-group.com\/wp-content\/uploads\/2020\/06\/maguire-syncro-4.jpg 2048w\" srcset=\"https:\/\/syncro-group.com\/wp-content\/uploads\/2020\/07\/maguire-syncro-4-533x400.jpg 533w, https:\/\/syncro-group.com\/wp-content\/uploads\/2020\/07\/maguire-syncro-4-1067x800.jpg 1067w, https:\/\/syncro-group.com\/wp-content\/uploads\/2020\/07\/maguire-syncro-4-768x576.jpg 768w, https:\/\/syncro-group.com\/wp-content\/uploads\/2020\/07\/maguire-syncro-4-1536x1152.jpg 1536w, https:\/\/syncro-group.com\/wp-content\/uploads\/2020\/07\/maguire-syncro-4-600x450.jpg 600w, https:\/\/syncro-group.com\/wp-content\/uploads\/2020\/07\/maguire-syncro-4.jpg 2048w\" sizes=\"auto, (max-width: 533px) 100vw, 533px\" \/><\/p>\n<p class=\"lead\"><a href=\"http:\/\/bit.ly\/3ajil5r\" target=\"_blank\" rel=\"noopener noreferrer\"><strong>MAGUIRE <\/strong><\/a>es l\u00edder del mercado en la construcci\u00f3n de equipos de manipulaci\u00f3n de materiales para la producci\u00f3n de pl\u00e1sticos y MAGUIRE es reconocido como el inventor del mezclador de lotes gravim\u00e9trico.Lo que une a las dos empresas son la amistad, la pericia y la experiencia, y sobre todo un objetivo com\u00fan: \u00a1mejorar juntos!<\/p>\n<p class=\"p1\">La marca <a href=\"https:\/\/www.maguire.com\/products\/maguire-syncro\/\" target=\"_blank\" rel=\"noopener noreferrer\"><strong>M+S<\/strong> <\/a>nace de la uni\u00f3n de Maguire y Syncro, donde los dos l\u00edderes del mercado trabajan en sinergia para ampliar su gama de productos dedicados a las l\u00edneas de extrusi\u00f3n de pl\u00e1stico.<\/p>\n<p class=\"p1\">Los productos nacidos de su colaboraci\u00f3n engloban lo mejor de las dos empresas y est\u00e1n en continua evoluci\u00f3n tecnol\u00f3gica para responder de la mejor manera a las necesidades de una industria 4.0 que exige la automatizaci\u00f3n y el control de la producci\u00f3n en total respeto de la<span class=\"Apple-converted-space\">\u00a0<\/span> <a href=\"http:\/\/syncro-group.com\/en\/greenology\/\">econom\u00eca circular<\/a>.<\/p>\n<p class=\"p1\">Maguire tiene miles de sistemas instalados con clientes de extrusi\u00f3n en todo el mundo: desde alimentadores gravim\u00e9tricos, control de extrusi\u00f3n por p\u00e9rdida de peso y sistemas de mezcla gravim\u00e9trica. Todos estos sistemas pueden beneficiarse con la adici\u00f3n de la gama ampliada de productos que Maguire + Syncro ofrece ahora, proporcionando soluciones de l\u00ednea completa para integrar las actualizaciones de los anillos de aire, el control de IBC y el calibrado.<\/p>\n<p class=\"p1\">Asimismo, con la experiencia del grupo <strong>en el reciclaje<\/strong> en l\u00ednea y las soluciones especializadas de manipulaci\u00f3n de polvos para la industria del PVC, por ejemplo, la asociaci\u00f3n ofrece soluciones completas para todo tipo de procesadores de pl\u00e1sticos.<\/p>\n<a rel=\"noopener noreferrer\" href=\"https:\/\/www.maguire.com\/products\/maguire-syncro\/\" target=\"_blank\" class=\"button alert is-outline is-larger expand\"  >\n    <span>SCOPRI TUTTI I PRODOTTI M+S<\/span>\n  <\/a>\n\n\t\t<\/div>\n\t\t\t\t\t<\/div>\n\n\t\n<\/div>\n","protected":false},"excerpt":{"rendered":"","protected":false},"author":1,"featured_media":0,"parent":0,"menu_order":0,"comment_status":"closed","ping_status":"closed","template":"","meta":{"_acf_changed":false,"footnotes":""},"class_list":["post-2675","page","type-page","status-publish","hentry"],"acf":[],"_links":{"self":[{"href":"https:\/\/syncro-group.com\/es\/wp-json\/wp\/v2\/pages\/2675","targetHints":{"allow":["GET"]}}],"collection":[{"href":"https:\/\/syncro-group.com\/es\/wp-json\/wp\/v2\/pages"}],"about":[{"href":"https:\/\/syncro-group.com\/es\/wp-json\/wp\/v2\/types\/page"}],"author":[{"embeddable":true,"href":"https:\/\/syncro-group.com\/es\/wp-json\/wp\/v2\/users\/1"}],"replies":[{"embeddable":true,"href":"https:\/\/syncro-group.com\/es\/wp-json\/wp\/v2\/comments?post=2675"}],"version-history":[{"count":3,"href":"https:\/\/syncro-group.com\/es\/wp-json\/wp\/v2\/pages\/2675\/revisions"}],"predecessor-version":[{"id":2745,"href":"https:\/\/syncro-group.com\/es\/wp-json\/wp\/v2\/pages\/2675\/revisions\/2745"}],"wp:attachment":[{"href":"https:\/\/syncro-group.com\/es\/wp-json\/wp\/v2\/media?parent=2675"}],"curies":[{"name":"wp","href":"https:\/\/api.w.org\/{rel}","templated":true}]}}