{"id":2681,"date":"2020-05-09T11:46:02","date_gmt":"2020-05-09T09:46:02","guid":{"rendered":"https:\/\/syncro-group.com\/our-message\/"},"modified":"2021-08-17T13:08:11","modified_gmt":"2021-08-17T11:08:11","slug":"our-message","status":"publish","type":"page","link":"https:\/\/syncro-group.com\/es\/our-message\/","title":{"rendered":"Our Message"},"content":{"rendered":"\n  <div class=\"banner has-hover has-parallax\" id=\"banner-1805080325\">\n          <div class=\"banner-inner fill\">\n        <div class=\"banner-bg fill\" data-parallax=\"-3\" data-parallax-container=\".banner\" data-parallax-background>\n            <div class=\"bg fill bg-fill \"><\/div>\n                                    \n                    <\/div>\n\t\t\n        <div class=\"banner-layers container\">\n            <div class=\"fill banner-link\"><\/div>            \n   <div id=\"text-box-2133962791\" class=\"text-box banner-layer text-box-square x5 md-x5 lg-x5 y50 md-y50 lg-y50 res-text\">\n                                <div class=\"text-box-content text dark\">\n              \n              <div class=\"text-inner text-left\">\n                  \n<div class=\"main_slider_text_container\">\n<h3 class=\"p1\" style=\"text-align: center;\"><strong>MENSAJE DEL CEO<\/strong><\/h3>\n<blockquote>\n<p style=\"text-align: center;\">UN L\u00cdDER ES UN<\/p>\n<p style=\"text-align: center;\">DISTRIBUIDOR DE ESPERANZA<\/p>\n<\/blockquote>\n<\/div>\n              <\/div>\n           <\/div>\n                            \n<style>\n#text-box-2133962791 .text-box-content {\n  background-color: rgba(255, 251, 251, 0.12);\n  font-size: 100%;\n}\n#text-box-2133962791 {\n  width: 31%;\n}\n<\/style>\n    <\/div>\n \n        <\/div>\n      <\/div>\n\n            \n<style>\n#banner-1805080325 {\n  padding-top: 350px;\n}\n#banner-1805080325 .bg.bg-loaded {\n  background-image: url(https:\/\/syncro-group.com\/wp-content\/uploads\/2020\/07\/Barchette-specchio-16500-azzurro.jpg);\n}\n#banner-1805080325 .bg {\n  background-position: 100% 100%;\n}\n#banner-1805080325 .ux-shape-divider--top svg {\n  height: 150px;\n  --divider-top-width: 100%;\n}\n#banner-1805080325 .ux-shape-divider--bottom svg {\n  height: 150px;\n  --divider-width: 100%;\n}\n<\/style>\n  <\/div>\n\n\n<div class=\"row\"  id=\"row-2026957426\">\n\n\t<div id=\"col-163544021\" class=\"col small-12 large-12\"  >\n\t\t\t\t<div class=\"col-inner\"  >\n\t\t\t\n\t\t\t\n<p class=\"p1\"><span style=\"font-size: 120%;\">El<strong> Grupo Syncro<\/strong> aspira a diferenciarse de otros proveedores trabajando en colaboraci\u00f3n con sus clientes para desarrollar soluciones y procesos a medida dedicados a sus necesidades.<\/span><\/p>\n<p class=\"lead\"><img loading=\"lazy\" decoding=\"async\" class=\"wp-image-2988 size-medium alignleft\" src=\"https:\/\/syncro-group.com\/wp-content\/uploads\/2021\/08\/caccia-402x400.jpg\" alt=\"\" width=\"402\" height=\"400\" srcset=\"https:\/\/syncro-group.com\/wp-content\/uploads\/2021\/08\/caccia-402x400.jpg 402w, https:\/\/syncro-group.com\/wp-content\/uploads\/2021\/08\/caccia-804x800.jpg 804w, https:\/\/syncro-group.com\/wp-content\/uploads\/2021\/08\/caccia-280x280.jpg 280w, https:\/\/syncro-group.com\/wp-content\/uploads\/2021\/08\/caccia-768x765.jpg 768w, https:\/\/syncro-group.com\/wp-content\/uploads\/2021\/08\/caccia-1536x1529.jpg 1536w, https:\/\/syncro-group.com\/wp-content\/uploads\/2021\/08\/caccia-2048x2039.jpg 2048w, https:\/\/syncro-group.com\/wp-content\/uploads\/2021\/08\/caccia-300x300.jpg 300w, https:\/\/syncro-group.com\/wp-content\/uploads\/2021\/08\/caccia-600x597.jpg 600w, https:\/\/syncro-group.com\/wp-content\/uploads\/2021\/08\/caccia-100x100.jpg 100w\" sizes=\"auto, (max-width: 402px) 100vw, 402px\" \/><\/p>\n<p class=\"p1\"><span style=\"font-size: 120%;\">Al entender las necesidades de cada cliente, podemos adaptar nuestra oferta para proporcionarles una soluci\u00f3n personalizada que se ajuste exactamente a sus requisitos y les ayude a alcanzar sus objetivos.<\/span><\/p>\n<p class=\"p1\"><span style=\"font-size: 120%;\"><strong>El \u00e9xito de nuestros clientes es nuestro \u00e9xito.<\/strong><\/span><\/p>\n<p class=\"p1\"><span style=\"font-size: 120%;\">El Grupo Syncro se inspira en el Tigre. Los tigres eval\u00faan, planifican, son pacientes y elaboran una estrategia exitosa para alcanzar su objetivo.<\/span><\/p>\n<p class=\"p1\"><span style=\"font-size: 120%;\">El tigre es fuerte, preserva, nunca se rinde, as\u00ed es exactamente como la familia Syncro act\u00faa cada d\u00eda, trabajando duro para encontrar la soluci\u00f3n m\u00e1s adecuada y mejor para nuestros clientes.<\/span><\/p>\n<p class=\"p1\"><span style=\"font-size: 120%;\">Esto se ha personificado durante la actual crisis de Covid-19, al unirse como una familia, al adoptar pr\u00e1cticas fuera de lo normal para beneficiar a todos, la familia Syncro ha mostrado el verdadero esp\u00edritu del TYger.<\/span><\/p>\n<p class=\"p1\"><span style=\"font-size: 120%;\">Tambi\u00e9n forma parte del ADN de nuestra empresa nuestra consideraci\u00f3n por el medio ambiente, la sostenibilidad est\u00e1 en el coraz\u00f3n de todo lo que dise\u00f1amos y de cada uno de los productos que creamos. Al examinar el impacto de cada producto en el medio ambiente, c\u00f3mo encaja con la econom\u00eda circular y c\u00f3mo su uso puede ahorrar recursos, mantenemos el medio ambiente en la vanguardia de nuestros pensamientos.<\/span><\/p>\n<p class=\"p1\"><span style=\"font-size: 120%;\"><strong>La visi\u00f3n del Grupo Syncro es no solo utilizar nuestra tecnolog\u00eda para mejorar el rendimiento de los productos, los \u00edndices de producci\u00f3n y la rentabilidad, sino tener un objetivo m\u00e1s elevado, queremos que nuestros clientes mejoren su experiencia y calidad de vida, al simplificar la vida laboral de nuestros clientes, les permitimos dedicar m\u00e1s tiempo a las cosas que importan en su vida, como la familia.<\/strong><\/span><\/p>\n<p><img loading=\"lazy\" decoding=\"async\" class=\" wp-image-2331 alignright\" src=\"https:\/\/syncrogroup.testsuite.tk\/wp-content\/uploads\/2020\/12\/firma-Caccia-553x400.png\" alt=\"\" width=\"254\" height=\"184\" srcset=\"https:\/\/syncro-group.com\/wp-content\/uploads\/2020\/12\/firma-Caccia-553x400.png 553w, https:\/\/syncro-group.com\/wp-content\/uploads\/2020\/12\/firma-Caccia-1105x800.png 1105w, https:\/\/syncro-group.com\/wp-content\/uploads\/2020\/12\/firma-Caccia-768x556.png 768w, https:\/\/syncro-group.com\/wp-content\/uploads\/2020\/12\/firma-Caccia-1536x1112.png 1536w, https:\/\/syncro-group.com\/wp-content\/uploads\/2020\/12\/firma-Caccia-2048x1482.png 2048w, https:\/\/syncro-group.com\/wp-content\/uploads\/2020\/12\/firma-Caccia-600x434.png 600w\" sizes=\"auto, (max-width: 254px) 100vw, 254px\" \/><\/p>\n\t\t<\/div>\n\t\t\t\t\t<\/div>\n\n\t\n<\/div>\n","protected":false},"excerpt":{"rendered":"","protected":false},"author":1,"featured_media":0,"parent":0,"menu_order":0,"comment_status":"closed","ping_status":"closed","template":"page-blank.php","meta":{"_acf_changed":false,"footnotes":""},"class_list":["post-2681","page","type-page","status-publish","hentry"],"acf":[],"_links":{"self":[{"href":"https:\/\/syncro-group.com\/es\/wp-json\/wp\/v2\/pages\/2681","targetHints":{"allow":["GET"]}}],"collection":[{"href":"https:\/\/syncro-group.com\/es\/wp-json\/wp\/v2\/pages"}],"about":[{"href":"https:\/\/syncro-group.com\/es\/wp-json\/wp\/v2\/types\/page"}],"author":[{"embeddable":true,"href":"https:\/\/syncro-group.com\/es\/wp-json\/wp\/v2\/users\/1"}],"replies":[{"embeddable":true,"href":"https:\/\/syncro-group.com\/es\/wp-json\/wp\/v2\/comments?post=2681"}],"version-history":[{"count":8,"href":"https:\/\/syncro-group.com\/es\/wp-json\/wp\/v2\/pages\/2681\/revisions"}],"predecessor-version":[{"id":2999,"href":"https:\/\/syncro-group.com\/es\/wp-json\/wp\/v2\/pages\/2681\/revisions\/2999"}],"wp:attachment":[{"href":"https:\/\/syncro-group.com\/es\/wp-json\/wp\/v2\/media?parent=2681"}],"curies":[{"name":"wp","href":"https:\/\/api.w.org\/{rel}","templated":true}]}}