{"id":915,"date":"2020-04-30T16:23:12","date_gmt":"2020-04-30T14:23:12","guid":{"rendered":"http:\/\/syncrogroup.testsuite.tk\/?page_id=915"},"modified":"2021-02-05T10:45:49","modified_gmt":"2021-02-05T09:45:49","slug":"maguire-syncro","status":"publish","type":"page","link":"https:\/\/syncro-group.com\/it\/maguire-syncro\/","title":{"rendered":"Maguire"},"content":{"rendered":"\n  <div class=\"banner has-hover has-parallax\" id=\"banner-485139578\">\n          <div class=\"banner-inner fill\">\n        <div class=\"banner-bg fill\" data-parallax=\"-6\" data-parallax-container=\".banner\" data-parallax-background>\n            <div class=\"bg fill bg-fill \"><\/div>\n                        <div class=\"overlay\"><\/div>            \n                    <\/div>\n\t\t\n        <div class=\"banner-layers container\">\n            <div class=\"fill banner-link\"><\/div>            \n   <div id=\"text-box-459545689\" class=\"text-box banner-layer text-box-square x50 md-x50 lg-x50 y50 md-y50 lg-y50 res-text\">\n                     <div data-animate=\"fadeInUp\">           <div class=\"text-box-content text dark\">\n              \n              <div class=\"text-inner text-center\">\n                  \n<div class=\"main_slider_text_container\">\n<h3 class=\"uppercase\"><b>MAGUIRE<\/b><\/h3>\n<h3 class=\"uppercase\"><b>+ <\/b><\/h3>\n<h3 class=\"uppercase\"><b>SYNCRO<\/b><\/h3>\n<\/div>\n              <\/div>\n           <\/div>\n       <\/div>                     \n<style>\n#text-box-459545689 .text-box-content {\n  background-color: rgba(181, 28, 28, 0.58);\n  font-size: 91%;\n}\n#text-box-459545689 {\n  width: 30%;\n}\n<\/style>\n    <\/div>\n \n        <\/div>\n      <\/div>\n\n            \n<style>\n#banner-485139578 {\n  padding-top: 350px;\n  background-color: rgba(255, 255, 255, 0.82);\n}\n#banner-485139578 .bg.bg-loaded {\n  background-image: url(https:\/\/syncro-group.com\/wp-content\/uploads\/2021\/02\/Maguire__Syncro_Stand_IMG_2334_Option_1.jpg);\n}\n#banner-485139578 .overlay {\n  background-color: rgba(252, 252, 252, 0.35);\n}\n#banner-485139578 .bg {\n  background-position: 100% 0%;\n}\n#banner-485139578 .ux-shape-divider--top svg {\n  height: 150px;\n  --divider-top-width: 100%;\n}\n#banner-485139578 .ux-shape-divider--bottom svg {\n  height: 150px;\n  --divider-width: 100%;\n}\n<\/style>\n  <\/div>\n\n\n<div class=\"row\"  id=\"row-1014716857\">\n\n\t<div id=\"col-698003727\" class=\"col small-12 large-12\"  >\n\t\t\t\t<div class=\"col-inner\"  >\n\t\t\t\n\t\t\t\n<p class=\"lead\"><strong>MAGUIRE<\/strong>, colosso americana a livello mondiale del settore dosatori per linee di estrusione, \u00e8 diventata partner di <strong>Syncro<\/strong> nel 2016.<\/p>\n<p class=\"lead\">Ci\u00f2 che lega le due societ\u00e0 sono l&#8217;amicizia, la professionalit\u00e0 e sopratutto un obiettivo comune: <strong>migliorasi insieme! <\/strong><\/p>\n<p class=\"lead\"><strong><img loading=\"lazy\" decoding=\"async\" class=\"size-medium wp-image-1269 alignleft\" src=\"http:\/\/syncro-group.com\/wp-content\/uploads\/2020\/06\/maguire-syncro-4-533x400.jpg\" alt=\"\" width=\"533\" height=\"400\" srcset=\"https:\/\/syncro-group.com\/wp-content\/uploads\/2020\/06\/maguire-syncro-4-533x400.jpg 533w, https:\/\/syncro-group.com\/wp-content\/uploads\/2020\/06\/maguire-syncro-4-1067x800.jpg 1067w, https:\/\/syncro-group.com\/wp-content\/uploads\/2020\/06\/maguire-syncro-4-768x576.jpg 768w, https:\/\/syncro-group.com\/wp-content\/uploads\/2020\/06\/maguire-syncro-4-1536x1152.jpg 1536w, https:\/\/syncro-group.com\/wp-content\/uploads\/2020\/06\/maguire-syncro-4-600x450.jpg 600w, https:\/\/syncro-group.com\/wp-content\/uploads\/2020\/06\/maguire-syncro-4.jpg 2048w\" sizes=\"auto, (max-width: 533px) 100vw, 533px\" \/><a href=\"http:\/\/bit.ly\/3ajil5r\" target=\"_blank\" rel=\"noopener noreferrer\">MAGUIRE<\/a><\/strong> \u00e8 uno dei leader di mercato per quanto riguarda la costruzione di accessori e macchine per la produzione di materie plastiche e MAGUIRE \u00e8 riconosciuto come <strong>l\u2019inventore<\/strong> del dosatore <strong>Batch<\/strong>.<\/p>\n<p class=\"lead\">Dall&#8217;unione di <strong>Syncro<\/strong> e <strong>MAGUIRE<\/strong> \u00e8 nato il brand <a href=\"https:\/\/www.maguire.com\/products\/maguire-syncro\/\" target=\"_blank\" rel=\"noopener noreferrer\"><b>M+S<\/b><\/a> dove i due leader di mercato collaborano in sinergia per ampliare la loro gamma di prodotti dedicata alle linee di estrusione plastiche. I <strong>prodotti<\/strong> nati dalla loro collaborazione r<strong>acchiudono il meglio<\/strong> delle due societ\u00e0 e sono in continua evoluzione tecnologica per soddisfare al meglio le esigenze di un&#8217;<strong>industria 4.0<\/strong> che richiede <strong>un&#8217;automazione<\/strong> e un controllo produttivo nel totale rispetto dell&#8217;<strong><a href=\"http:\/\/syncro-group.com\/greenology\/\" target=\"_blank\" rel=\"noopener noreferrer\">economia circolare<\/a>. <\/strong><\/p>\n<p class=\"lead\"><strong>Maguire <\/strong>vanta migliaia di sistemi installati in tutto il mondo &#8211; dagli alimentatori gravimetrici, alla perdita di controllo dell&#8217;estrusione di peso e ai sistemi di miscelazione gravimetrica.<\/p>\n<p class=\"lead\">Tutti questi sistemi possono trarre vantaggio dell&#8217;ampia gamma di prodotti che Maguire + Syncro \u00e8 in grado di fornire come anelli di raffreddamento, sistemi di controllo IBC e di misurazione.<\/p>\n<p class=\"lead\">Grazie all&#8217;esperienza del gruppo sul <strong>riciclaggio<\/strong> in linea e alle soluzioni specializzate per la <strong>movimentazione delle polveri<\/strong> la partnership offre soluzioni complete per ogni tipo di linea di produzione di materie plastiche.<\/p>\n<a rel=\"noopener noreferrer\" href=\"https:\/\/www.maguire.com\/products\/maguire-syncro\/\" target=\"_blank\" class=\"button alert is-outline is-larger expand\"  >\n    <span>SCOPRI TUTTI I PRODOTTI M+S<\/span>\n  <\/a>\n\n\t\t<\/div>\n\t\t\t\t\t<\/div>\n\n\t\n<\/div>\n","protected":false},"excerpt":{"rendered":"","protected":false},"author":1,"featured_media":0,"parent":0,"menu_order":0,"comment_status":"closed","ping_status":"closed","template":"","meta":{"_acf_changed":false,"footnotes":""},"class_list":["post-915","page","type-page","status-publish","hentry"],"acf":[],"_links":{"self":[{"href":"https:\/\/syncro-group.com\/it\/wp-json\/wp\/v2\/pages\/915","targetHints":{"allow":["GET"]}}],"collection":[{"href":"https:\/\/syncro-group.com\/it\/wp-json\/wp\/v2\/pages"}],"about":[{"href":"https:\/\/syncro-group.com\/it\/wp-json\/wp\/v2\/types\/page"}],"author":[{"embeddable":true,"href":"https:\/\/syncro-group.com\/it\/wp-json\/wp\/v2\/users\/1"}],"replies":[{"embeddable":true,"href":"https:\/\/syncro-group.com\/it\/wp-json\/wp\/v2\/comments?post=915"}],"version-history":[{"count":22,"href":"https:\/\/syncro-group.com\/it\/wp-json\/wp\/v2\/pages\/915\/revisions"}],"predecessor-version":[{"id":2464,"href":"https:\/\/syncro-group.com\/it\/wp-json\/wp\/v2\/pages\/915\/revisions\/2464"}],"wp:attachment":[{"href":"https:\/\/syncro-group.com\/it\/wp-json\/wp\/v2\/media?parent=915"}],"curies":[{"name":"wp","href":"https:\/\/api.w.org\/{rel}","templated":true}]}}