{"id":6027,"date":"2020-05-09T11:15:28","date_gmt":"2020-05-09T09:15:28","guid":{"rendered":"https:\/\/syncro-group.com\/plantech-cst\/maguire-syncro\/"},"modified":"2021-04-19T17:23:00","modified_gmt":"2021-04-19T15:23:00","slug":"maguire-syncro","status":"publish","type":"page","link":"https:\/\/syncro-group.com\/plantech-cst\/es\/maguire-syncro\/","title":{"rendered":"Maguire + Syncro"},"content":{"rendered":"\n  <div class=\"banner has-hover has-parallax\" id=\"banner-1701789459\">\n          <div class=\"banner-inner fill\">\n        <div class=\"banner-bg fill\" data-parallax=\"-3\" data-parallax-container=\".banner\" data-parallax-background>\n            <img loading=\"lazy\" decoding=\"async\" width=\"1366\" height=\"768\" src=\"https:\/\/syncro-group.com\/plantech-cst\/wp-content\/uploads\/2021\/02\/Maguire__Syncro_Stand_IMG_2334_Option_1.jpg\" class=\"bg attachment-original size-original\" alt=\"\" \/>                                    \n                    <\/div>\n\t\t\n        <div class=\"banner-layers container\">\n            <div class=\"fill banner-link\"><\/div>            \n   <div id=\"text-box-1249045342\" class=\"text-box banner-layer text-box-square x50 md-x50 lg-x50 y50 md-y50 lg-y50 res-text\">\n                     <div data-animate=\"fadeInUp\">           <div class=\"text-box-content text dark\">\n              \n              <div class=\"text-inner text-center\">\n                  \n<h3 class=\"uppercase\"><b>MAGUIRE<\/b><\/h3>\n<h3 class=\"uppercase\"><b>+ <\/b><\/h3>\n<h3 class=\"uppercase\"><b>SYNCRO<\/b><\/h3>\n              <\/div>\n           <\/div>\n       <\/div>                     \n<style>\n#text-box-1249045342 .text-box-content {\n  background-color: rgba(181, 28, 28, 0.58);\n  font-size: 91%;\n}\n#text-box-1249045342 {\n  width: 30%;\n}\n<\/style>\n    <\/div>\n \n        <\/div>\n      <\/div>\n\n            \n<style>\n#banner-1701789459 {\n  padding-top: 350px;\n  background-color: rgba(255, 255, 255, 0.82);\n}\n#banner-1701789459 .banner-bg img {\n  object-position: 100% 0%;\n}\n<\/style>\n  <\/div>\n\n\n<div class=\"row\"  id=\"row-1169937104\">\n\n\t<div id=\"col-289566474\" class=\"col small-12 large-12\"  >\n\t\t\t\t<div class=\"col-inner\"  >\n\t\t\t\n\t\t\t\n<p class=\"lead\"><strong style=\"font-size: 20.16px;\"><strong>MAGUIRE<\/strong>, <\/strong>un coloso americano a nivel mundial en el sector de la dosificaci\u00f3n para l\u00edneas de extrusi\u00f3n, se\u00a0convirti\u00f3 en<strong style=\"font-size: 20.16px;\"><strong> socio de Syncro en 2016<\/strong><\/strong>.\u00a0Lo que une a las dos empresas son la amistad, los conocimientos y la experiencia, y sobre todo un objetivo com\u00fan:<strong style=\"font-size: 20.16px;\"> \u00a1mejorar juntos! <\/strong><\/p>\n<p><img loading=\"lazy\" decoding=\"async\" class=\"wp-image-6031 size-full alignleft\" src=\"http:\/\/syncro-sito.testsuite.tk\/wp-content\/uploads\/2020\/06\/maguire-syncro-4-533x400-1.jpg\" alt=\"\" width=\"533\" height=\"400\" srcset=\"https:\/\/syncro-group.com\/plantech-cst\/wp-content\/uploads\/2020\/06\/maguire-syncro-4-533x400-1.jpg 533w, https:\/\/syncro-group.com\/plantech-cst\/wp-content\/uploads\/2020\/06\/maguire-syncro-4-533x400-1-475x356.jpg 475w\" sizes=\"auto, (max-width: 533px) 100vw, 533px\" \/><\/p>\n<p class=\"lead\"><a href=\"https:\/\/www.maguire.com\/about\/#about-us\"><strong>MAGUIRE<\/strong><\/a>\u00a0es l\u00edder del mercado en la construcci\u00f3n de equipos de manipulaci\u00f3n de materiales para la producci\u00f3n de pl\u00e1sticos y MAGUIRE es reconocido como el inventor del mezclador de lotes gravim\u00e9trico.Lo que une a las dos empresas son la amistad, la pericia y la experiencia, y sobre todo un objetivo com\u00fan: \u00a1mejorar juntos!<\/p>\n<p class=\"lead\">La marca<a href=\"https:\/\/www.maguire.com\/products\/maguire-syncro\/\"><strong>\u00a0M+S<\/strong><\/a>\u00a0nace de la uni\u00f3n de Maguire y Syncro, donde los dos l\u00edderes del mercado trabajan en sinergia para ampliar su gama de productos dedicados a las l\u00edneas de extrusi\u00f3n de pl\u00e1stico.<\/p>\n<p class=\"lead\">Los productos nacidos de su colaboraci\u00f3n engloban lo mejor de las dos empresas y est\u00e1n en continua evoluci\u00f3n tecnol\u00f3gica para responder de la mejor manera a las necesidades de una industria 4.0 que exige la automatizaci\u00f3n y el control de la producci\u00f3n en total respeto de la<a href=\"http:\/\/syncrogroup.testsuite.tk\/en\/greenology\/\"><strong>\u00a0econom\u00eda circular<\/strong><\/a>.<\/p>\n<p><span style=\"font-size: 130%;\">Maguire tiene miles de sistemas instalados con clientes de extrusi\u00f3n en todo el mundo: desde alimentadores gravim\u00e9tricos, control de extrusi\u00f3n por p\u00e9rdida de peso y sistemas de mezcla gravim\u00e9trica. Todos estos sistemas pueden beneficiarse con la adici\u00f3n de la gama\u00a0<strong>ampliada de productos que Maguire + Syncro ofrece ahora<\/strong>, proporcionando soluciones de l\u00ednea completa para integrar las actualizaciones de los anillos de aire, el control de IBC y el calibrado.<\/span><\/p>\n<p>\u00a0<\/p>\n<p><span style=\"font-size: 130%;\">Asimismo, con la experiencia del grupo en el reciclaje en l\u00ednea y las soluciones especializadas de manipulaci\u00f3n de polvos para la industria del PVC, por ejemplo, la asociaci\u00f3n ofrece soluciones completas para todo tipo de procesadores de pl\u00e1sticos.<\/span><\/p>\n<a href=\"https:\/\/www.maguire.com\/products\/maguire-syncro\/\" target=\"_blank\" class=\"button alert is-outline is-larger expand\" rel=\"noopener\"  >\n\t\t<span>DESCUBRA TODA LA GAMA M+S<\/span>\n\t<\/a>\n\n\t\t<\/div>\n\t\t\t\t\t<\/div>\n\n\t\n<\/div>\n","protected":false},"excerpt":{"rendered":"","protected":false},"author":1,"featured_media":0,"parent":0,"menu_order":0,"comment_status":"closed","ping_status":"closed","template":"","meta":{"_acf_changed":false,"footnotes":""},"class_list":["post-6027","page","type-page","status-publish","hentry"],"acf":[],"yoast_head":"<!-- This site is optimized with the Yoast SEO plugin v26.0 - https:\/\/yoast.com\/wordpress\/plugins\/seo\/ -->\n<title>Maguire + Syncro - Welcome to Syncro Group Website<\/title>\n<meta name=\"robots\" content=\"index, follow, max-snippet:-1, max-image-preview:large, max-video-preview:-1\" \/>\n<link rel=\"canonical\" href=\"https:\/\/syncro-group.com\/plantech-cst\/es\/maguire-syncro\/\" \/>\n<meta property=\"og:locale\" content=\"es_ES\" \/>\n<meta property=\"og:type\" content=\"article\" \/>\n<meta property=\"og:title\" content=\"Maguire + Syncro - Welcome to Syncro Group Website\" \/>\n<meta property=\"og:url\" content=\"https:\/\/syncro-group.com\/plantech-cst\/es\/maguire-syncro\/\" \/>\n<meta property=\"og:site_name\" content=\"Welcome to Syncro Group Website\" \/>\n<meta property=\"article:modified_time\" content=\"2021-04-19T15:23:00+00:00\" \/>\n<meta property=\"og:image\" content=\"http:\/\/syncro-sito.testsuite.tk\/wp-content\/uploads\/2020\/06\/maguire-syncro-4-533x400-1.jpg\" \/>\n<meta name=\"twitter:card\" content=\"summary_large_image\" \/>\n<meta name=\"twitter:label1\" content=\"Tiempo de lectura\" \/>\n\t<meta name=\"twitter:data1\" content=\"2 minutos\" \/>\n<script type=\"application\/ld+json\" class=\"yoast-schema-graph\">{\"@context\":\"https:\/\/schema.org\",\"@graph\":[{\"@type\":\"WebPage\",\"@id\":\"https:\/\/syncro-group.com\/plantech-cst\/es\/maguire-syncro\/\",\"url\":\"https:\/\/syncro-group.com\/plantech-cst\/es\/maguire-syncro\/\",\"name\":\"Maguire + Syncro - Welcome to Syncro Group Website\",\"isPartOf\":{\"@id\":\"https:\/\/syncro-group.com\/plantech-cst\/es\/#website\"},\"primaryImageOfPage\":{\"@id\":\"https:\/\/syncro-group.com\/plantech-cst\/es\/maguire-syncro\/#primaryimage\"},\"image\":{\"@id\":\"https:\/\/syncro-group.com\/plantech-cst\/es\/maguire-syncro\/#primaryimage\"},\"thumbnailUrl\":\"http:\/\/syncro-sito.testsuite.tk\/wp-content\/uploads\/2020\/06\/maguire-syncro-4-533x400-1.jpg\",\"datePublished\":\"2020-05-09T09:15:28+00:00\",\"dateModified\":\"2021-04-19T15:23:00+00:00\",\"breadcrumb\":{\"@id\":\"https:\/\/syncro-group.com\/plantech-cst\/es\/maguire-syncro\/#breadcrumb\"},\"inLanguage\":\"es\",\"potentialAction\":[{\"@type\":\"ReadAction\",\"target\":[\"https:\/\/syncro-group.com\/plantech-cst\/es\/maguire-syncro\/\"]}]},{\"@type\":\"ImageObject\",\"inLanguage\":\"es\",\"@id\":\"https:\/\/syncro-group.com\/plantech-cst\/es\/maguire-syncro\/#primaryimage\",\"url\":\"http:\/\/syncro-sito.testsuite.tk\/wp-content\/uploads\/2020\/06\/maguire-syncro-4-533x400-1.jpg\",\"contentUrl\":\"http:\/\/syncro-sito.testsuite.tk\/wp-content\/uploads\/2020\/06\/maguire-syncro-4-533x400-1.jpg\"},{\"@type\":\"BreadcrumbList\",\"@id\":\"https:\/\/syncro-group.com\/plantech-cst\/es\/maguire-syncro\/#breadcrumb\",\"itemListElement\":[{\"@type\":\"ListItem\",\"position\":1,\"name\":\"Home\",\"item\":\"https:\/\/syncro-group.com\/plantech-cst\/es\/\"},{\"@type\":\"ListItem\",\"position\":2,\"name\":\"Maguire + Syncro\"}]},{\"@type\":\"WebSite\",\"@id\":\"https:\/\/syncro-group.com\/plantech-cst\/es\/#website\",\"url\":\"https:\/\/syncro-group.com\/plantech-cst\/es\/\",\"name\":\"Welcome to Syncro Group Website\",\"description\":\"\",\"potentialAction\":[{\"@type\":\"SearchAction\",\"target\":{\"@type\":\"EntryPoint\",\"urlTemplate\":\"https:\/\/syncro-group.com\/plantech-cst\/es\/?s={search_term_string}\"},\"query-input\":{\"@type\":\"PropertyValueSpecification\",\"valueRequired\":true,\"valueName\":\"search_term_string\"}}],\"inLanguage\":\"es\"}]}<\/script>\n<!-- \/ Yoast SEO plugin. -->","yoast_head_json":{"title":"Maguire + Syncro - Welcome to Syncro Group Website","robots":{"index":"index","follow":"follow","max-snippet":"max-snippet:-1","max-image-preview":"max-image-preview:large","max-video-preview":"max-video-preview:-1"},"canonical":"https:\/\/syncro-group.com\/plantech-cst\/es\/maguire-syncro\/","og_locale":"es_ES","og_type":"article","og_title":"Maguire + Syncro - Welcome to Syncro Group Website","og_url":"https:\/\/syncro-group.com\/plantech-cst\/es\/maguire-syncro\/","og_site_name":"Welcome to Syncro Group Website","article_modified_time":"2021-04-19T15:23:00+00:00","og_image":[{"url":"http:\/\/syncro-sito.testsuite.tk\/wp-content\/uploads\/2020\/06\/maguire-syncro-4-533x400-1.jpg","type":"","width":"","height":""}],"twitter_card":"summary_large_image","twitter_misc":{"Tiempo de lectura":"2 minutos"},"schema":{"@context":"https:\/\/schema.org","@graph":[{"@type":"WebPage","@id":"https:\/\/syncro-group.com\/plantech-cst\/es\/maguire-syncro\/","url":"https:\/\/syncro-group.com\/plantech-cst\/es\/maguire-syncro\/","name":"Maguire + Syncro - Welcome to Syncro Group Website","isPartOf":{"@id":"https:\/\/syncro-group.com\/plantech-cst\/es\/#website"},"primaryImageOfPage":{"@id":"https:\/\/syncro-group.com\/plantech-cst\/es\/maguire-syncro\/#primaryimage"},"image":{"@id":"https:\/\/syncro-group.com\/plantech-cst\/es\/maguire-syncro\/#primaryimage"},"thumbnailUrl":"http:\/\/syncro-sito.testsuite.tk\/wp-content\/uploads\/2020\/06\/maguire-syncro-4-533x400-1.jpg","datePublished":"2020-05-09T09:15:28+00:00","dateModified":"2021-04-19T15:23:00+00:00","breadcrumb":{"@id":"https:\/\/syncro-group.com\/plantech-cst\/es\/maguire-syncro\/#breadcrumb"},"inLanguage":"es","potentialAction":[{"@type":"ReadAction","target":["https:\/\/syncro-group.com\/plantech-cst\/es\/maguire-syncro\/"]}]},{"@type":"ImageObject","inLanguage":"es","@id":"https:\/\/syncro-group.com\/plantech-cst\/es\/maguire-syncro\/#primaryimage","url":"http:\/\/syncro-sito.testsuite.tk\/wp-content\/uploads\/2020\/06\/maguire-syncro-4-533x400-1.jpg","contentUrl":"http:\/\/syncro-sito.testsuite.tk\/wp-content\/uploads\/2020\/06\/maguire-syncro-4-533x400-1.jpg"},{"@type":"BreadcrumbList","@id":"https:\/\/syncro-group.com\/plantech-cst\/es\/maguire-syncro\/#breadcrumb","itemListElement":[{"@type":"ListItem","position":1,"name":"Home","item":"https:\/\/syncro-group.com\/plantech-cst\/es\/"},{"@type":"ListItem","position":2,"name":"Maguire + Syncro"}]},{"@type":"WebSite","@id":"https:\/\/syncro-group.com\/plantech-cst\/es\/#website","url":"https:\/\/syncro-group.com\/plantech-cst\/es\/","name":"Welcome to Syncro Group Website","description":"","potentialAction":[{"@type":"SearchAction","target":{"@type":"EntryPoint","urlTemplate":"https:\/\/syncro-group.com\/plantech-cst\/es\/?s={search_term_string}"},"query-input":{"@type":"PropertyValueSpecification","valueRequired":true,"valueName":"search_term_string"}}],"inLanguage":"es"}]}},"_links":{"self":[{"href":"https:\/\/syncro-group.com\/plantech-cst\/es\/wp-json\/wp\/v2\/pages\/6027","targetHints":{"allow":["GET"]}}],"collection":[{"href":"https:\/\/syncro-group.com\/plantech-cst\/es\/wp-json\/wp\/v2\/pages"}],"about":[{"href":"https:\/\/syncro-group.com\/plantech-cst\/es\/wp-json\/wp\/v2\/types\/page"}],"author":[{"embeddable":true,"href":"https:\/\/syncro-group.com\/plantech-cst\/es\/wp-json\/wp\/v2\/users\/1"}],"replies":[{"embeddable":true,"href":"https:\/\/syncro-group.com\/plantech-cst\/es\/wp-json\/wp\/v2\/comments?post=6027"}],"version-history":[{"count":0,"href":"https:\/\/syncro-group.com\/plantech-cst\/es\/wp-json\/wp\/v2\/pages\/6027\/revisions"}],"wp:attachment":[{"href":"https:\/\/syncro-group.com\/plantech-cst\/es\/wp-json\/wp\/v2\/media?parent=6027"}],"curies":[{"name":"wp","href":"https:\/\/api.w.org\/{rel}","templated":true}]}}