{"id":6444,"date":"2020-06-30T23:05:04","date_gmt":"2020-06-30T21:05:04","guid":{"rendered":"https:\/\/syncro-group.com\/plantech-cst\/product\/control-cabinet-and-supervision-software\/"},"modified":"2021-04-14T11:39:21","modified_gmt":"2021-04-14T09:39:21","slug":"control-cabinet-and-supervision-software","status":"publish","type":"product","link":"https:\/\/syncro-group.com\/plantech-cst\/es\/producto\/control-cabinet-and-supervision-software\/","title":{"rendered":"C-VIEW 4.0 EXPLORER"},"content":{"rendered":"<ul class=\"advantages\"><li>INDUSTRY 4.0 & IOT C-VIEW-4.0-EXPLORER, al igual que todas las m\u00e1quinas de PLANTECH-CST, integra OPC-UA que permite intercambiar informaci\u00f3n de forma f\u00e1cil y segura entre diversas plataformas de m\u00faltiples proveedores a coste cero. Gracias a la tecnolog\u00eda OPC, C-VIEW-4.0-EXPLORER ahorra costes de ingenier\u00eda al intercambiar datos de proceso entre las m\u00e1quinas controladas por C-VIEW y otras m\u00e1quinas de proceso, adem\u00e1s de permitir una f\u00e1cil comunicaci\u00f3n entre el software de gesti\u00f3n del cliente, como MRP, ERP o CRM.<\/li><li>TAMA\u00d1O DE HMI Amplia gama de HMI de pantalla t\u00e1ctil disponibles: 7\u201d \u2013 12\u201d - 15\u201d - 21\u201d.<\/li><li>PANEL-OEM Disponible tambi\u00e9n en versi\u00f3n PANEL para ser instalado en el armario de control del OEM para una perfecta integraci\u00f3n.<\/li><li>CONTROL DE UNA Y M\u00daLTIPLES L\u00cdNEAS El C-VIEW 4.0-EXPLORER est\u00e1 dise\u00f1ado para controlar desde 1 alimentador LIW hasta m\u00e1s de 20 unidades de alimentaci\u00f3n. El software puede ser dise\u00f1ado para una sola l\u00ednea de extrusi\u00f3n o para m\u00faltiples l\u00edneas de dosificaci\u00f3n.<\/li><\/ul>\n","protected":false},"excerpt":{"rendered":"<p><strong>C-VIEW 4.0-EXPLORER<\/strong> es el sistema de control completo de <strong>PLANTECH-CST<\/strong> para una nueva l\u00ednea de alimentaci\u00f3n o puede ser adaptado a una l\u00ednea existente, est\u00e1 dise\u00f1ado con un alto nivel de modularidad y permite al usuario gestionar el sistema de dosificaci\u00f3n.<\/p>\n<p>Basado en la tecnolog\u00eda industrial de B&amp;R o Siemens PLC, <strong>C-VIEW-4.0<\/strong> es una soluci\u00f3n de \u00faltima generaci\u00f3n para gestionar completamente las l\u00edneas de alimentaci\u00f3n con una interfaz de operador f\u00e1cil de usar que tambi\u00e9n permite un f\u00e1cil acceso desde los tel\u00e9fonos inteligentes y las tabletas garantizando que el cliente pueda mantener continuamente su negocio bajo control.<\/p>\n","protected":false},"featured_media":6270,"template":"","meta":{"_acf_changed":false},"product_brand":[],"product_cat":[675],"product_tag":[],"class_list":{"0":"post-6444","1":"product","2":"type-product","3":"status-publish","4":"has-post-thumbnail","6":"product_cat-supervisory-system-es","8":"first","9":"instock","10":"shipping-taxable","11":"product-type-simple"},"acf":[],"yoast_head":"<!-- This site is optimized with the Yoast SEO plugin v26.0 - https:\/\/yoast.com\/wordpress\/plugins\/seo\/ -->\n<title>C-VIEW 4.0 EXPLORER - Welcome to Syncro Group Website<\/title>\n<meta name=\"description\" content=\"Control system for a new feeding line or it can be retrofitted to an existing line\" \/>\n<meta name=\"robots\" content=\"index, follow, max-snippet:-1, max-image-preview:large, max-video-preview:-1\" \/>\n<link rel=\"canonical\" href=\"https:\/\/syncro-group.com\/plantech-cst\/es\/producto\/control-cabinet-and-supervision-software\/\" \/>\n<meta property=\"og:locale\" content=\"es_ES\" \/>\n<meta property=\"og:type\" content=\"article\" \/>\n<meta property=\"og:title\" content=\"C-VIEW 4.0 EXPLORER - Welcome to Syncro Group Website\" \/>\n<meta property=\"og:description\" content=\"Control system for a new feeding line or it can be retrofitted to an existing line\" \/>\n<meta property=\"og:url\" content=\"https:\/\/syncro-group.com\/plantech-cst\/es\/producto\/control-cabinet-and-supervision-software\/\" \/>\n<meta property=\"og:site_name\" content=\"Welcome to Syncro Group Website\" \/>\n<meta property=\"article:modified_time\" content=\"2021-04-14T09:39:21+00:00\" \/>\n<meta property=\"og:image\" content=\"https:\/\/syncro-group.com\/plantech-cst\/wp-content\/uploads\/2020\/06\/RENDER-ARMADIO-PLANTECH-CST.jpg\" \/>\n\t<meta property=\"og:image:width\" content=\"1024\" \/>\n\t<meta property=\"og:image:height\" content=\"1024\" \/>\n\t<meta property=\"og:image:type\" content=\"image\/jpeg\" \/>\n<meta name=\"twitter:card\" content=\"summary_large_image\" \/>\n<script type=\"application\/ld+json\" class=\"yoast-schema-graph\">{\"@context\":\"https:\/\/schema.org\",\"@graph\":[{\"@type\":\"WebPage\",\"@id\":\"https:\/\/syncro-group.com\/plantech-cst\/es\/producto\/control-cabinet-and-supervision-software\/\",\"url\":\"https:\/\/syncro-group.com\/plantech-cst\/es\/producto\/control-cabinet-and-supervision-software\/\",\"name\":\"C-VIEW 4.0 EXPLORER - Welcome to Syncro Group Website\",\"isPartOf\":{\"@id\":\"https:\/\/syncro-group.com\/plantech-cst\/es\/#website\"},\"primaryImageOfPage\":{\"@id\":\"https:\/\/syncro-group.com\/plantech-cst\/es\/producto\/control-cabinet-and-supervision-software\/#primaryimage\"},\"image\":{\"@id\":\"https:\/\/syncro-group.com\/plantech-cst\/es\/producto\/control-cabinet-and-supervision-software\/#primaryimage\"},\"thumbnailUrl\":\"https:\/\/syncro-group.com\/plantech-cst\/wp-content\/uploads\/2020\/06\/RENDER-ARMADIO-PLANTECH-CST.jpg\",\"datePublished\":\"2020-06-30T21:05:04+00:00\",\"dateModified\":\"2021-04-14T09:39:21+00:00\",\"description\":\"Control system for a new feeding line or it can be retrofitted to an existing line\",\"breadcrumb\":{\"@id\":\"https:\/\/syncro-group.com\/plantech-cst\/es\/producto\/control-cabinet-and-supervision-software\/#breadcrumb\"},\"inLanguage\":\"es\",\"potentialAction\":[{\"@type\":\"ReadAction\",\"target\":[\"https:\/\/syncro-group.com\/plantech-cst\/es\/producto\/control-cabinet-and-supervision-software\/\"]}]},{\"@type\":\"ImageObject\",\"inLanguage\":\"es\",\"@id\":\"https:\/\/syncro-group.com\/plantech-cst\/es\/producto\/control-cabinet-and-supervision-software\/#primaryimage\",\"url\":\"https:\/\/syncro-group.com\/plantech-cst\/wp-content\/uploads\/2020\/06\/RENDER-ARMADIO-PLANTECH-CST.jpg\",\"contentUrl\":\"https:\/\/syncro-group.com\/plantech-cst\/wp-content\/uploads\/2020\/06\/RENDER-ARMADIO-PLANTECH-CST.jpg\",\"width\":1024,\"height\":1024},{\"@type\":\"BreadcrumbList\",\"@id\":\"https:\/\/syncro-group.com\/plantech-cst\/es\/producto\/control-cabinet-and-supervision-software\/#breadcrumb\",\"itemListElement\":[{\"@type\":\"ListItem\",\"position\":1,\"name\":\"Home\",\"item\":\"https:\/\/syncro-group.com\/plantech-cst\/es\/\"},{\"@type\":\"ListItem\",\"position\":2,\"name\":\"Products\",\"item\":\"https:\/\/syncro-group.com\/plantech-cst\/products\/\"},{\"@type\":\"ListItem\",\"position\":3,\"name\":\"C-VIEW 4.0 EXPLORER\"}]},{\"@type\":\"WebSite\",\"@id\":\"https:\/\/syncro-group.com\/plantech-cst\/es\/#website\",\"url\":\"https:\/\/syncro-group.com\/plantech-cst\/es\/\",\"name\":\"Welcome to Syncro Group Website\",\"description\":\"\",\"potentialAction\":[{\"@type\":\"SearchAction\",\"target\":{\"@type\":\"EntryPoint\",\"urlTemplate\":\"https:\/\/syncro-group.com\/plantech-cst\/es\/?s={search_term_string}\"},\"query-input\":{\"@type\":\"PropertyValueSpecification\",\"valueRequired\":true,\"valueName\":\"search_term_string\"}}],\"inLanguage\":\"es\"}]}<\/script>\n<!-- \/ Yoast SEO plugin. -->","yoast_head_json":{"title":"C-VIEW 4.0 EXPLORER - Welcome to Syncro Group Website","description":"Control system for a new feeding line or it can be retrofitted to an existing line","robots":{"index":"index","follow":"follow","max-snippet":"max-snippet:-1","max-image-preview":"max-image-preview:large","max-video-preview":"max-video-preview:-1"},"canonical":"https:\/\/syncro-group.com\/plantech-cst\/es\/producto\/control-cabinet-and-supervision-software\/","og_locale":"es_ES","og_type":"article","og_title":"C-VIEW 4.0 EXPLORER - Welcome to Syncro Group Website","og_description":"Control system for a new feeding line or it can be retrofitted to an existing line","og_url":"https:\/\/syncro-group.com\/plantech-cst\/es\/producto\/control-cabinet-and-supervision-software\/","og_site_name":"Welcome to Syncro Group Website","article_modified_time":"2021-04-14T09:39:21+00:00","og_image":[{"width":1024,"height":1024,"url":"https:\/\/syncro-group.com\/plantech-cst\/wp-content\/uploads\/2020\/06\/RENDER-ARMADIO-PLANTECH-CST.jpg","type":"image\/jpeg"}],"twitter_card":"summary_large_image","schema":{"@context":"https:\/\/schema.org","@graph":[{"@type":"WebPage","@id":"https:\/\/syncro-group.com\/plantech-cst\/es\/producto\/control-cabinet-and-supervision-software\/","url":"https:\/\/syncro-group.com\/plantech-cst\/es\/producto\/control-cabinet-and-supervision-software\/","name":"C-VIEW 4.0 EXPLORER - Welcome to Syncro Group Website","isPartOf":{"@id":"https:\/\/syncro-group.com\/plantech-cst\/es\/#website"},"primaryImageOfPage":{"@id":"https:\/\/syncro-group.com\/plantech-cst\/es\/producto\/control-cabinet-and-supervision-software\/#primaryimage"},"image":{"@id":"https:\/\/syncro-group.com\/plantech-cst\/es\/producto\/control-cabinet-and-supervision-software\/#primaryimage"},"thumbnailUrl":"https:\/\/syncro-group.com\/plantech-cst\/wp-content\/uploads\/2020\/06\/RENDER-ARMADIO-PLANTECH-CST.jpg","datePublished":"2020-06-30T21:05:04+00:00","dateModified":"2021-04-14T09:39:21+00:00","description":"Control system for a new feeding line or it can be retrofitted to an existing line","breadcrumb":{"@id":"https:\/\/syncro-group.com\/plantech-cst\/es\/producto\/control-cabinet-and-supervision-software\/#breadcrumb"},"inLanguage":"es","potentialAction":[{"@type":"ReadAction","target":["https:\/\/syncro-group.com\/plantech-cst\/es\/producto\/control-cabinet-and-supervision-software\/"]}]},{"@type":"ImageObject","inLanguage":"es","@id":"https:\/\/syncro-group.com\/plantech-cst\/es\/producto\/control-cabinet-and-supervision-software\/#primaryimage","url":"https:\/\/syncro-group.com\/plantech-cst\/wp-content\/uploads\/2020\/06\/RENDER-ARMADIO-PLANTECH-CST.jpg","contentUrl":"https:\/\/syncro-group.com\/plantech-cst\/wp-content\/uploads\/2020\/06\/RENDER-ARMADIO-PLANTECH-CST.jpg","width":1024,"height":1024},{"@type":"BreadcrumbList","@id":"https:\/\/syncro-group.com\/plantech-cst\/es\/producto\/control-cabinet-and-supervision-software\/#breadcrumb","itemListElement":[{"@type":"ListItem","position":1,"name":"Home","item":"https:\/\/syncro-group.com\/plantech-cst\/es\/"},{"@type":"ListItem","position":2,"name":"Products","item":"https:\/\/syncro-group.com\/plantech-cst\/products\/"},{"@type":"ListItem","position":3,"name":"C-VIEW 4.0 EXPLORER"}]},{"@type":"WebSite","@id":"https:\/\/syncro-group.com\/plantech-cst\/es\/#website","url":"https:\/\/syncro-group.com\/plantech-cst\/es\/","name":"Welcome to Syncro Group Website","description":"","potentialAction":[{"@type":"SearchAction","target":{"@type":"EntryPoint","urlTemplate":"https:\/\/syncro-group.com\/plantech-cst\/es\/?s={search_term_string}"},"query-input":{"@type":"PropertyValueSpecification","valueRequired":true,"valueName":"search_term_string"}}],"inLanguage":"es"}]}},"_links":{"self":[{"href":"https:\/\/syncro-group.com\/plantech-cst\/es\/wp-json\/wp\/v2\/product\/6444","targetHints":{"allow":["GET"]}}],"collection":[{"href":"https:\/\/syncro-group.com\/plantech-cst\/es\/wp-json\/wp\/v2\/product"}],"about":[{"href":"https:\/\/syncro-group.com\/plantech-cst\/es\/wp-json\/wp\/v2\/types\/product"}],"wp:featuredmedia":[{"embeddable":true,"href":"https:\/\/syncro-group.com\/plantech-cst\/es\/wp-json\/wp\/v2\/media\/6270"}],"wp:attachment":[{"href":"https:\/\/syncro-group.com\/plantech-cst\/es\/wp-json\/wp\/v2\/media?parent=6444"}],"wp:term":[{"taxonomy":"product_brand","embeddable":true,"href":"https:\/\/syncro-group.com\/plantech-cst\/es\/wp-json\/wp\/v2\/product_brand?post=6444"},{"taxonomy":"product_cat","embeddable":true,"href":"https:\/\/syncro-group.com\/plantech-cst\/es\/wp-json\/wp\/v2\/product_cat?post=6444"},{"taxonomy":"product_tag","embeddable":true,"href":"https:\/\/syncro-group.com\/plantech-cst\/es\/wp-json\/wp\/v2\/product_tag?post=6444"}],"curies":[{"name":"wp","href":"https:\/\/api.w.org\/{rel}","templated":true}]}}