{"id":2548,"date":"2020-06-08T11:32:08","date_gmt":"2020-06-08T09:32:08","guid":{"rendered":"http:\/\/syncro-sito.testsuite.tk\/?page_id=2548"},"modified":"2026-03-04T11:19:50","modified_gmt":"2026-03-04T10:19:50","slug":"qualita","status":"publish","type":"page","link":"https:\/\/syncro-group.com\/plantech-cst\/it\/qualita\/","title":{"rendered":"Controllo Qualit\u00e0"},"content":{"rendered":"\n  <div class=\"banner has-hover has-parallax\" id=\"banner-2138472248\">\n          <div class=\"banner-inner fill\">\n        <div class=\"banner-bg fill\" data-parallax=\"-3\" data-parallax-container=\".banner\" data-parallax-background>\n            <img loading=\"lazy\" decoding=\"async\" width=\"1020\" height=\"285\" src=\"https:\/\/syncro-group.com\/plantech-cst\/wp-content\/uploads\/2020\/07\/greenology_2-01-1400x391.jpg\" class=\"bg attachment-large size-large\" alt=\"\" \/>                                    \n                    <\/div>\n\t\t\n        <div class=\"banner-layers container\">\n            <div class=\"fill banner-link\"><\/div>            \n   <div id=\"text-box-1606142411\" class=\"text-box banner-layer text-box-circle x75 md-x75 lg-x75 y50 md-y50 lg-y50 res-text\">\n                                <div class=\"text-box-content text dark\">\n              \n              <div class=\"text-inner text-center\">\n                  \n<div class=\"main_slider_text_container\">\n<p><strong>REDUCE<\/strong><\/p>\n<p><strong>REUSE<\/strong><\/p>\n<p><strong>RECYCLE<\/strong><\/p>\n<\/div>\n              <\/div>\n           <\/div>\n                            \n<style>\n#text-box-1606142411 .text-box-content {\n  background-color: rgba(109, 206, 73, 0.72);\n  font-size: 135%;\n}\n#text-box-1606142411 {\n  width: 23%;\n}\n<\/style>\n    <\/div>\n \n        <\/div>\n      <\/div>\n\n            \n<style>\n#banner-2138472248 {\n  padding-top: 350px;\n}\n#banner-2138472248 .banner-bg img {\n  object-position: 65% 85%;\n}\n<\/style>\n  <\/div>\n\n\n<div class=\"row\"  id=\"row-1370859961\">\n\n\t<div id=\"col-1480805896\" class=\"col small-12 large-12\"  >\n\t\t\t\t<div class=\"col-inner\"  >\n\t\t\t\n\t\t\t\n<h1>POLITICA PER L\u2019APPLICAZIONE DEL SISTEMA DI CONTROLLO DELLA PRODUZIONE (SCP)<\/h1>\n<p>L\u2019Azienda \u00e8 impegnata a garantire che i propri prodotti e servizi, con particolare riferimento alle apparecchiature destinate all\u2019utilizzo in atmosfere potenzialmente esplosive (ATEX), soddisfino in modo costante i requisiti dei clienti, delle normative applicabili e degli standard internazionali di riferimento.<\/p>\n<p>La presente Politica rappresenta l\u2019impegno della Direzione verso il miglioramento continuo delle prestazioni del Sistema di Controllo della Produzione (SCP) e verso la piena conformit\u00e0 ai requisiti della <strong>ISO\/IEC 80079-34 <\/strong>per la progettazione, produzione, verifica e collaudo dei Suoi prodotti.<\/p>\n<h1>OBIETTIVI<\/h1>\n<h2>1.\u00a0 Conformit\u00e0 normativa e sicurezza dei prodotti ATEX<\/h2>\n<ul>\n<li>Garantire che tutte le attivit\u00e0 di progettazione, produzione, assemblaggio, collaudo e documentazione tecnica rispettino i requisiti essenziali di sicurezza delle norme tecniche applicabili ed in particolar modo delle direttive ATEX.<\/li>\n<li>Assicurare la piena implementazione dei requisiti specifici di <strong>ISO\/IEC 80079-34<\/strong>, compresi controllo delle modifiche, tracciabilit\u00e0, gestione fornitori e controllo dei processi.<\/li>\n<\/ul>\n<h2>2.\u00a0 Soddisfazione del cliente<\/h2>\n<ul>\n<li>Comprendere e soddisfare le esigenze dei clienti, fornendo prodotti sicuri, conformi e<\/li>\n<li>Rispondere con tempestivit\u00e0 alle richieste e gestire in modo efficace reclami e non conformit\u00e0, promuovendo azioni correttive e preventive.<\/li>\n<\/ul>\n<h2>3.\u00a0 Competenza e responsabilizzazione del personale<\/h2>\n<ul>\n<li>Assicurare che tutte le figure coinvolte nel ciclo di vita dei prodotti (ATEX e NON-ATEX) dispongano delle conoscenze, competenze e qualifiche necessarie.<\/li>\n<li>Promuovere costantemente formazione, consapevolezza e coinvolgimento del personale nel mantenimento del SCP.<\/li>\n<li>TUTTO IL PERSONALE DEVE ESSERE AGGIORNATO SU NON CONFORMITA E CORREZZIONI APPORTATE<\/li>\n<\/ul>\n<h2>4.\u00a0 Gestione dei fornitori e dei componenti critici<\/h2>\n<ul>\n<li>Valutare e monitorare i fornitori sulla base della loro capacit\u00e0 di garantire componenti conformi, in particolare quelli rilevanti per la sicurezza ATEX.<\/li>\n<li>Richiedere, ove necessario, certificazioni specifiche, dichiarazioni di conformit\u00e0 e controlli documentali idonei alla classificazione dei prodotti forniti.<\/li>\n<\/ul>\n<h2>5.\u00a0 Miglioramento continuo del SCP<\/h2>\n<ul>\n<li>Monitorare e analizzare gli indicatori di processo, i risultati delle verifiche ispettive, i riscontri dei clienti e le non conformit\u00e0, al fine di individuare aree di miglioramento.<\/li>\n<li>Assicurare che il SCP sia costantemente adeguato alla complessit\u00e0 dei prodotti e dei processi<\/li>\n<\/ul>\n<h2>6.\u00a0 Prevenzione dei rischi e controllo dei processi ATEX<\/h2>\n<ul>\n<li>Identificare, valutare e controllare i rischi associati ai processi di progettazione e produzione ATEX, assicurando stabilit\u00e0, ripetibilit\u00e0 e tracciabilit\u00e0 delle attivit\u00e0.<\/li>\n<li>Gestire e documentare le modifiche tecniche in modo controllato, garantendo che non compromettano la sicurezza del prodotto.<\/li>\n<\/ul>\n<h1>DIFFUSIONE E RIESAME<\/h1>\n<p>La presente Politica:<\/p>\n<ul>\n<li>\u00e8 comunicata a tutto il personale;<\/li>\n<li>\u00e8 resa disponibile alle parti interessate rilevanti (rif. documento D-02-r.00_Analisi dei Rischi, 2.3).<\/li>\n<li>viene riesaminata annualmente dalla Direzione per garantirne continua adeguatezza, coerenza ed efficacia e l\u2019effettivo supporto agli obiettivi strategici dell\u2019Azienda.<\/li>\n<\/ul>\n<p>&nbsp;<\/p>\n<p>Per le attivit\u00e0 e le registrazioni legate al Riesame della Direzione, si faccia riferimento al modulo \u201c<strong>M-30-r00_Riesame della Direzione<\/strong>\u201d.<\/p>\n\t\t<\/div>\n\t\t\t\t\t<\/div>\n\n\t\n<\/div>\n","protected":false},"excerpt":{"rendered":"","protected":false},"author":1,"featured_media":0,"parent":0,"menu_order":0,"comment_status":"closed","ping_status":"closed","template":"page-blank.php","meta":{"_acf_changed":false,"footnotes":""},"class_list":["post-2548","page","type-page","status-publish","hentry"],"acf":[],"yoast_head":"<!-- This site is optimized with the Yoast SEO plugin v26.0 - https:\/\/yoast.com\/wordpress\/plugins\/seo\/ -->\n<title>Controllo Qualit\u00e0 - Welcome to Syncro Group Website<\/title>\n<meta name=\"robots\" content=\"index, follow, max-snippet:-1, max-image-preview:large, max-video-preview:-1\" \/>\n<link rel=\"canonical\" href=\"https:\/\/syncro-group.com\/plantech-cst\/it\/qualita\/\" \/>\n<meta property=\"og:locale\" content=\"it_IT\" \/>\n<meta property=\"og:type\" content=\"article\" \/>\n<meta property=\"og:title\" content=\"Controllo Qualit\u00e0 - Welcome to Syncro Group Website\" \/>\n<meta property=\"og:url\" content=\"https:\/\/syncro-group.com\/plantech-cst\/it\/qualita\/\" \/>\n<meta property=\"og:site_name\" content=\"Welcome to Syncro Group Website\" \/>\n<meta property=\"article:modified_time\" content=\"2026-03-04T10:19:50+00:00\" \/>\n<meta name=\"twitter:card\" content=\"summary_large_image\" \/>\n<meta name=\"twitter:label1\" content=\"Tempo di lettura stimato\" \/>\n\t<meta name=\"twitter:data1\" content=\"3 minuti\" \/>\n<script type=\"application\/ld+json\" class=\"yoast-schema-graph\">{\"@context\":\"https:\/\/schema.org\",\"@graph\":[{\"@type\":\"WebPage\",\"@id\":\"https:\/\/syncro-group.com\/plantech-cst\/it\/qualita\/\",\"url\":\"https:\/\/syncro-group.com\/plantech-cst\/it\/qualita\/\",\"name\":\"Controllo Qualit\u00e0 - Welcome to Syncro Group Website\",\"isPartOf\":{\"@id\":\"https:\/\/syncro-group.com\/plantech-cst\/it\/#website\"},\"datePublished\":\"2020-06-08T09:32:08+00:00\",\"dateModified\":\"2026-03-04T10:19:50+00:00\",\"breadcrumb\":{\"@id\":\"https:\/\/syncro-group.com\/plantech-cst\/it\/qualita\/#breadcrumb\"},\"inLanguage\":\"it-IT\",\"potentialAction\":[{\"@type\":\"ReadAction\",\"target\":[\"https:\/\/syncro-group.com\/plantech-cst\/it\/qualita\/\"]}]},{\"@type\":\"BreadcrumbList\",\"@id\":\"https:\/\/syncro-group.com\/plantech-cst\/it\/qualita\/#breadcrumb\",\"itemListElement\":[{\"@type\":\"ListItem\",\"position\":1,\"name\":\"Home\",\"item\":\"https:\/\/syncro-group.com\/plantech-cst\/it\/\"},{\"@type\":\"ListItem\",\"position\":2,\"name\":\"Controllo Qualit\u00e0\"}]},{\"@type\":\"WebSite\",\"@id\":\"https:\/\/syncro-group.com\/plantech-cst\/it\/#website\",\"url\":\"https:\/\/syncro-group.com\/plantech-cst\/it\/\",\"name\":\"Welcome to Syncro Group Website\",\"description\":\"\",\"potentialAction\":[{\"@type\":\"SearchAction\",\"target\":{\"@type\":\"EntryPoint\",\"urlTemplate\":\"https:\/\/syncro-group.com\/plantech-cst\/it\/?s={search_term_string}\"},\"query-input\":{\"@type\":\"PropertyValueSpecification\",\"valueRequired\":true,\"valueName\":\"search_term_string\"}}],\"inLanguage\":\"it-IT\"}]}<\/script>\n<!-- \/ Yoast SEO plugin. -->","yoast_head_json":{"title":"Controllo Qualit\u00e0 - Welcome to Syncro Group Website","robots":{"index":"index","follow":"follow","max-snippet":"max-snippet:-1","max-image-preview":"max-image-preview:large","max-video-preview":"max-video-preview:-1"},"canonical":"https:\/\/syncro-group.com\/plantech-cst\/it\/qualita\/","og_locale":"it_IT","og_type":"article","og_title":"Controllo Qualit\u00e0 - Welcome to Syncro Group Website","og_url":"https:\/\/syncro-group.com\/plantech-cst\/it\/qualita\/","og_site_name":"Welcome to Syncro Group Website","article_modified_time":"2026-03-04T10:19:50+00:00","twitter_card":"summary_large_image","twitter_misc":{"Tempo di lettura stimato":"3 minuti"},"schema":{"@context":"https:\/\/schema.org","@graph":[{"@type":"WebPage","@id":"https:\/\/syncro-group.com\/plantech-cst\/it\/qualita\/","url":"https:\/\/syncro-group.com\/plantech-cst\/it\/qualita\/","name":"Controllo Qualit\u00e0 - Welcome to Syncro Group Website","isPartOf":{"@id":"https:\/\/syncro-group.com\/plantech-cst\/it\/#website"},"datePublished":"2020-06-08T09:32:08+00:00","dateModified":"2026-03-04T10:19:50+00:00","breadcrumb":{"@id":"https:\/\/syncro-group.com\/plantech-cst\/it\/qualita\/#breadcrumb"},"inLanguage":"it-IT","potentialAction":[{"@type":"ReadAction","target":["https:\/\/syncro-group.com\/plantech-cst\/it\/qualita\/"]}]},{"@type":"BreadcrumbList","@id":"https:\/\/syncro-group.com\/plantech-cst\/it\/qualita\/#breadcrumb","itemListElement":[{"@type":"ListItem","position":1,"name":"Home","item":"https:\/\/syncro-group.com\/plantech-cst\/it\/"},{"@type":"ListItem","position":2,"name":"Controllo Qualit\u00e0"}]},{"@type":"WebSite","@id":"https:\/\/syncro-group.com\/plantech-cst\/it\/#website","url":"https:\/\/syncro-group.com\/plantech-cst\/it\/","name":"Welcome to Syncro Group Website","description":"","potentialAction":[{"@type":"SearchAction","target":{"@type":"EntryPoint","urlTemplate":"https:\/\/syncro-group.com\/plantech-cst\/it\/?s={search_term_string}"},"query-input":{"@type":"PropertyValueSpecification","valueRequired":true,"valueName":"search_term_string"}}],"inLanguage":"it-IT"}]}},"_links":{"self":[{"href":"https:\/\/syncro-group.com\/plantech-cst\/it\/wp-json\/wp\/v2\/pages\/2548","targetHints":{"allow":["GET"]}}],"collection":[{"href":"https:\/\/syncro-group.com\/plantech-cst\/it\/wp-json\/wp\/v2\/pages"}],"about":[{"href":"https:\/\/syncro-group.com\/plantech-cst\/it\/wp-json\/wp\/v2\/types\/page"}],"author":[{"embeddable":true,"href":"https:\/\/syncro-group.com\/plantech-cst\/it\/wp-json\/wp\/v2\/users\/1"}],"replies":[{"embeddable":true,"href":"https:\/\/syncro-group.com\/plantech-cst\/it\/wp-json\/wp\/v2\/comments?post=2548"}],"version-history":[{"count":3,"href":"https:\/\/syncro-group.com\/plantech-cst\/it\/wp-json\/wp\/v2\/pages\/2548\/revisions"}],"predecessor-version":[{"id":9524,"href":"https:\/\/syncro-group.com\/plantech-cst\/it\/wp-json\/wp\/v2\/pages\/2548\/revisions\/9524"}],"wp:attachment":[{"href":"https:\/\/syncro-group.com\/plantech-cst\/it\/wp-json\/wp\/v2\/media?parent=2548"}],"curies":[{"name":"wp","href":"https:\/\/api.w.org\/{rel}","templated":true}]}}