{"id":3272,"date":"2020-06-30T22:12:16","date_gmt":"2020-06-30T20:12:17","guid":{"rendered":"http:\/\/plantech.testsuite.tk\/?post_type=product&#038;p=3272"},"modified":"2025-07-09T09:39:20","modified_gmt":"2025-07-09T07:39:20","slug":"c-vybro-dosatore-canala-vibrante","status":"publish","type":"product","link":"https:\/\/syncro-group.com\/plantech-cst\/it\/product\/c-vybro-dosatore-canala-vibrante\/","title":{"rendered":"C-VYBRO"},"content":{"rendered":"<ul class=\"advantages\"><li>ALTE PRESTAZIONI - C-VYBRO garantisce un\u2019alta precisione di dosaggio (+\/- 0.5%) in un range 1:10.<\/li><li>AMPIA GAMMA - L\u2019ampia gamma di modelli disponibili permette di dosare portate da 0.1 a 14000 dm3\/h<\/li><li>TRAMOGGE MODULARI - I dosatori della serie C-VYBRO sono composti da una tramoggia di dosaggio principale disponibile in varie taglie standard, che pu\u00f2 essere se necessario combinata con un\u2019estensione anch\u2019essa disponibile in varie misure.<\/li><li>SISTEMA DI PESATURA - L\u2019unit\u00e0 di dosaggio gravimetrica C-VYBRO pu\u00f2 essere equipaggiata con un sistema di pesatura a piattaforma.<\/li><li>INSTALLAZIONI - I dosatori C-VYBRO sono sempre forniti precablati con scatole di derivazione per consentire un\u2019installazione facile e veloce. C-VYBRO pu\u00f2 essere installato su un frame singolo oppure in una stazione di dosaggio multicomponente C-MULTY disponibile in differenti configurazioni da 2 a 8 componenti: DS-4, DS-6 e DS-8.<\/li><li>SISTEMA DI CONTROLLO E INDUSTRIA 4.0 - Il sistema di controllo pu\u00f2 gestire da una singola unit\u00e0 di dosaggio fino a pi\u00f9 dosatori e linee di produzione. Il PLC \u00e8 fornito con protocollo OPC\/UA incorporato, che rende ogni macchina modulare e pronta per l\u2019industria 4.0. <\/li><li>HMI - Il sistema di controllo del dosaggio \u00e8 dotato di un touchscreen HMI intuitivo (7\u201d-9\u201d-15\u201d).<\/li><li>OPZIONI DISPONIBILI - Come opzione, i dosatori C-VYBRO possono essere equipaggiati di agitatore verticale o sistema di fluidificazione tramoggia e possono essere progettati per alte temperature, conformi ATEX e\/o FDA<\/li><\/ul>\n","protected":false},"excerpt":{"rendered":"<p><strong>C-VYBRO<\/strong> \u00e8 l\u2019unit\u00e0 di<strong> dosaggio con canale vibrante<\/strong> disponibile in varie taglie. Particolarmente indicato per il <strong>dosaggio di prodotti fragili, abrasivi e scorrevoli, come granuli, pellet, flakes e fibre<\/strong>. E\u2019 disponibile in versione gravimetrica o volumetrica. Nella versione a perdita di peso una cella di carico analogica garantisce alta precisione e ripetibilit\u00e0.<\/p>\n","protected":false},"featured_media":4222,"template":"","meta":{"_acf_changed":false},"product_brand":[],"product_cat":[304],"product_tag":[330,344,352,201,196,350,348,346,334,342],"class_list":{"0":"post-3272","1":"product","2":"type-product","3":"status-publish","4":"has-post-thumbnail","6":"product_cat-dosaggio-e-miscelazione-it","7":"product_tag-atex-it","8":"product_tag-canala-vibrante","9":"product_tag-dosaggio-fibre","10":"product_tag-dosaggio-flake","11":"product_tag-dosaggio-granulo","12":"product_tag-dosaggio-materiali-scorrevoli","13":"product_tag-dosaggio-prodotti-abrasivi","14":"product_tag-dosaggio-prodotti-fragili","15":"product_tag-plantech-cst-it","16":"product_tag-unita-di-dosaggio","18":"first","19":"instock","20":"shipping-taxable","21":"product-type-simple"},"acf":[],"yoast_head":"<!-- This site is optimized with the Yoast SEO plugin v26.0 - https:\/\/yoast.com\/wordpress\/plugins\/seo\/ -->\n<title>C-VYBRO - Welcome to Syncro Group Website<\/title>\n<meta name=\"description\" content=\"C-VYBRO is a feeding unit with a vibrating tray to feed fragile, abrasive and free flowing materials, such as granules, flakes and fibers.\" \/>\n<meta name=\"robots\" content=\"index, follow, max-snippet:-1, max-image-preview:large, max-video-preview:-1\" \/>\n<link rel=\"canonical\" href=\"https:\/\/syncro-group.com\/plantech-cst\/it\/product\/c-vybro-dosatore-canala-vibrante\/\" \/>\n<meta property=\"og:locale\" content=\"it_IT\" \/>\n<meta property=\"og:type\" content=\"article\" \/>\n<meta property=\"og:title\" content=\"C-VYBRO - Welcome to Syncro Group Website\" \/>\n<meta property=\"og:description\" content=\"C-VYBRO is a feeding unit with a vibrating tray to feed fragile, abrasive and free flowing materials, such as granules, flakes and fibers.\" \/>\n<meta property=\"og:url\" content=\"https:\/\/syncro-group.com\/plantech-cst\/it\/product\/c-vybro-dosatore-canala-vibrante\/\" \/>\n<meta property=\"og:site_name\" content=\"Welcome to Syncro Group Website\" \/>\n<meta property=\"article:modified_time\" content=\"2025-07-09T07:39:20+00:00\" \/>\n<meta property=\"og:image\" content=\"http:\/\/syncro-group.com\/plantech-cst\/wp-content\/uploads\/2020\/06\/C-VYBRO-1024.jpg\" \/>\n\t<meta property=\"og:image:width\" content=\"1024\" \/>\n\t<meta property=\"og:image:height\" content=\"1024\" \/>\n\t<meta property=\"og:image:type\" content=\"image\/jpeg\" \/>\n<meta name=\"twitter:card\" content=\"summary_large_image\" \/>\n<meta name=\"twitter:label1\" content=\"Tempo di lettura stimato\" \/>\n\t<meta name=\"twitter:data1\" content=\"1 minuto\" \/>\n<script type=\"application\/ld+json\" class=\"yoast-schema-graph\">{\"@context\":\"https:\/\/schema.org\",\"@graph\":[{\"@type\":\"WebPage\",\"@id\":\"https:\/\/syncro-group.com\/plantech-cst\/it\/product\/c-vybro-dosatore-canala-vibrante\/\",\"url\":\"https:\/\/syncro-group.com\/plantech-cst\/it\/product\/c-vybro-dosatore-canala-vibrante\/\",\"name\":\"C-VYBRO - Welcome to Syncro Group Website\",\"isPartOf\":{\"@id\":\"https:\/\/syncro-group.com\/plantech-cst\/it\/#website\"},\"primaryImageOfPage\":{\"@id\":\"https:\/\/syncro-group.com\/plantech-cst\/it\/product\/c-vybro-dosatore-canala-vibrante\/#primaryimage\"},\"image\":{\"@id\":\"https:\/\/syncro-group.com\/plantech-cst\/it\/product\/c-vybro-dosatore-canala-vibrante\/#primaryimage\"},\"thumbnailUrl\":\"https:\/\/syncro-group.com\/plantech-cst\/wp-content\/uploads\/2020\/06\/C-VYBRO-1024.jpg\",\"datePublished\":\"2020-06-30T20:12:17+00:00\",\"dateModified\":\"2025-07-09T07:39:20+00:00\",\"description\":\"C-VYBRO is a feeding unit with a vibrating tray to feed fragile, abrasive and free flowing materials, such as granules, flakes and fibers.\",\"breadcrumb\":{\"@id\":\"https:\/\/syncro-group.com\/plantech-cst\/it\/product\/c-vybro-dosatore-canala-vibrante\/#breadcrumb\"},\"inLanguage\":\"it-IT\",\"potentialAction\":[{\"@type\":\"ReadAction\",\"target\":[\"https:\/\/syncro-group.com\/plantech-cst\/it\/product\/c-vybro-dosatore-canala-vibrante\/\"]}]},{\"@type\":\"ImageObject\",\"inLanguage\":\"it-IT\",\"@id\":\"https:\/\/syncro-group.com\/plantech-cst\/it\/product\/c-vybro-dosatore-canala-vibrante\/#primaryimage\",\"url\":\"https:\/\/syncro-group.com\/plantech-cst\/wp-content\/uploads\/2020\/06\/C-VYBRO-1024.jpg\",\"contentUrl\":\"https:\/\/syncro-group.com\/plantech-cst\/wp-content\/uploads\/2020\/06\/C-VYBRO-1024.jpg\",\"width\":1024,\"height\":1024,\"caption\":\"Dosing System\"},{\"@type\":\"BreadcrumbList\",\"@id\":\"https:\/\/syncro-group.com\/plantech-cst\/it\/product\/c-vybro-dosatore-canala-vibrante\/#breadcrumb\",\"itemListElement\":[{\"@type\":\"ListItem\",\"position\":1,\"name\":\"Home\",\"item\":\"https:\/\/syncro-group.com\/plantech-cst\/it\/\"},{\"@type\":\"ListItem\",\"position\":2,\"name\":\"Prodotti\",\"item\":\"https:\/\/syncro-group.com\/plantech-cst\/it\/prodotti\/\"},{\"@type\":\"ListItem\",\"position\":3,\"name\":\"C-VYBRO\"}]},{\"@type\":\"WebSite\",\"@id\":\"https:\/\/syncro-group.com\/plantech-cst\/it\/#website\",\"url\":\"https:\/\/syncro-group.com\/plantech-cst\/it\/\",\"name\":\"Welcome to Syncro Group Website\",\"description\":\"\",\"potentialAction\":[{\"@type\":\"SearchAction\",\"target\":{\"@type\":\"EntryPoint\",\"urlTemplate\":\"https:\/\/syncro-group.com\/plantech-cst\/it\/?s={search_term_string}\"},\"query-input\":{\"@type\":\"PropertyValueSpecification\",\"valueRequired\":true,\"valueName\":\"search_term_string\"}}],\"inLanguage\":\"it-IT\"}]}<\/script>\n<!-- \/ Yoast SEO plugin. -->","yoast_head_json":{"title":"C-VYBRO - Welcome to Syncro Group Website","description":"C-VYBRO is a feeding unit with a vibrating tray to feed fragile, abrasive and free flowing materials, such as granules, flakes and fibers.","robots":{"index":"index","follow":"follow","max-snippet":"max-snippet:-1","max-image-preview":"max-image-preview:large","max-video-preview":"max-video-preview:-1"},"canonical":"https:\/\/syncro-group.com\/plantech-cst\/it\/product\/c-vybro-dosatore-canala-vibrante\/","og_locale":"it_IT","og_type":"article","og_title":"C-VYBRO - Welcome to Syncro Group Website","og_description":"C-VYBRO is a feeding unit with a vibrating tray to feed fragile, abrasive and free flowing materials, such as granules, flakes and fibers.","og_url":"https:\/\/syncro-group.com\/plantech-cst\/it\/product\/c-vybro-dosatore-canala-vibrante\/","og_site_name":"Welcome to Syncro Group Website","article_modified_time":"2025-07-09T07:39:20+00:00","og_image":[{"width":1024,"height":1024,"url":"http:\/\/syncro-group.com\/plantech-cst\/wp-content\/uploads\/2020\/06\/C-VYBRO-1024.jpg","type":"image\/jpeg"}],"twitter_card":"summary_large_image","twitter_misc":{"Tempo di lettura stimato":"1 minuto"},"schema":{"@context":"https:\/\/schema.org","@graph":[{"@type":"WebPage","@id":"https:\/\/syncro-group.com\/plantech-cst\/it\/product\/c-vybro-dosatore-canala-vibrante\/","url":"https:\/\/syncro-group.com\/plantech-cst\/it\/product\/c-vybro-dosatore-canala-vibrante\/","name":"C-VYBRO - Welcome to Syncro Group Website","isPartOf":{"@id":"https:\/\/syncro-group.com\/plantech-cst\/it\/#website"},"primaryImageOfPage":{"@id":"https:\/\/syncro-group.com\/plantech-cst\/it\/product\/c-vybro-dosatore-canala-vibrante\/#primaryimage"},"image":{"@id":"https:\/\/syncro-group.com\/plantech-cst\/it\/product\/c-vybro-dosatore-canala-vibrante\/#primaryimage"},"thumbnailUrl":"https:\/\/syncro-group.com\/plantech-cst\/wp-content\/uploads\/2020\/06\/C-VYBRO-1024.jpg","datePublished":"2020-06-30T20:12:17+00:00","dateModified":"2025-07-09T07:39:20+00:00","description":"C-VYBRO is a feeding unit with a vibrating tray to feed fragile, abrasive and free flowing materials, such as granules, flakes and fibers.","breadcrumb":{"@id":"https:\/\/syncro-group.com\/plantech-cst\/it\/product\/c-vybro-dosatore-canala-vibrante\/#breadcrumb"},"inLanguage":"it-IT","potentialAction":[{"@type":"ReadAction","target":["https:\/\/syncro-group.com\/plantech-cst\/it\/product\/c-vybro-dosatore-canala-vibrante\/"]}]},{"@type":"ImageObject","inLanguage":"it-IT","@id":"https:\/\/syncro-group.com\/plantech-cst\/it\/product\/c-vybro-dosatore-canala-vibrante\/#primaryimage","url":"https:\/\/syncro-group.com\/plantech-cst\/wp-content\/uploads\/2020\/06\/C-VYBRO-1024.jpg","contentUrl":"https:\/\/syncro-group.com\/plantech-cst\/wp-content\/uploads\/2020\/06\/C-VYBRO-1024.jpg","width":1024,"height":1024,"caption":"Dosing System"},{"@type":"BreadcrumbList","@id":"https:\/\/syncro-group.com\/plantech-cst\/it\/product\/c-vybro-dosatore-canala-vibrante\/#breadcrumb","itemListElement":[{"@type":"ListItem","position":1,"name":"Home","item":"https:\/\/syncro-group.com\/plantech-cst\/it\/"},{"@type":"ListItem","position":2,"name":"Prodotti","item":"https:\/\/syncro-group.com\/plantech-cst\/it\/prodotti\/"},{"@type":"ListItem","position":3,"name":"C-VYBRO"}]},{"@type":"WebSite","@id":"https:\/\/syncro-group.com\/plantech-cst\/it\/#website","url":"https:\/\/syncro-group.com\/plantech-cst\/it\/","name":"Welcome to Syncro Group Website","description":"","potentialAction":[{"@type":"SearchAction","target":{"@type":"EntryPoint","urlTemplate":"https:\/\/syncro-group.com\/plantech-cst\/it\/?s={search_term_string}"},"query-input":{"@type":"PropertyValueSpecification","valueRequired":true,"valueName":"search_term_string"}}],"inLanguage":"it-IT"}]}},"_links":{"self":[{"href":"https:\/\/syncro-group.com\/plantech-cst\/it\/wp-json\/wp\/v2\/product\/3272","targetHints":{"allow":["GET"]}}],"collection":[{"href":"https:\/\/syncro-group.com\/plantech-cst\/it\/wp-json\/wp\/v2\/product"}],"about":[{"href":"https:\/\/syncro-group.com\/plantech-cst\/it\/wp-json\/wp\/v2\/types\/product"}],"wp:featuredmedia":[{"embeddable":true,"href":"https:\/\/syncro-group.com\/plantech-cst\/it\/wp-json\/wp\/v2\/media\/4222"}],"wp:attachment":[{"href":"https:\/\/syncro-group.com\/plantech-cst\/it\/wp-json\/wp\/v2\/media?parent=3272"}],"wp:term":[{"taxonomy":"product_brand","embeddable":true,"href":"https:\/\/syncro-group.com\/plantech-cst\/it\/wp-json\/wp\/v2\/product_brand?post=3272"},{"taxonomy":"product_cat","embeddable":true,"href":"https:\/\/syncro-group.com\/plantech-cst\/it\/wp-json\/wp\/v2\/product_cat?post=3272"},{"taxonomy":"product_tag","embeddable":true,"href":"https:\/\/syncro-group.com\/plantech-cst\/it\/wp-json\/wp\/v2\/product_tag?post=3272"}],"curies":[{"name":"wp","href":"https:\/\/api.w.org\/{rel}","templated":true}]}}