{"id":3378,"date":"2020-07-06T15:24:14","date_gmt":"2020-07-06T13:24:15","guid":{"rendered":"http:\/\/plantech.testsuite.tk\/?post_type=product&#038;p=3378"},"modified":"2023-04-26T10:22:08","modified_gmt":"2023-04-26T08:22:08","slug":"c-lab-twin-unita-dosaggio-bivite","status":"publish","type":"product","link":"https:\/\/syncro-group.com\/plantech-cst\/it\/product\/c-lab-twin-unita-dosaggio-bivite\/","title":{"rendered":"C-LAB-TWYN"},"content":{"rendered":"<ul class=\"advantages\"><li>PULIZIA FACILE E VELOCE - Sia la parte frontale che quella posteriore del dosatore possono essere completamente disassemblate per le operazioni di pulizia.<\/li><li>ALTE PRESTAZIONI - C-LAB-TWYN garantisce un\u2019alta precisione di dosaggio (+\/- 0.5%) in un range 1:20.<\/li><li>DESIGN MODULARE - l design modulare della serie di dosatori C-LAB-TWYN permette all\u2019utilizzatore di cambiare materiali e portate semplicemente cambiando la vite di dosaggio e il canotto di uscita.<\/li><li>TRAMOGGE MODULARI - Le varie taglie di tramogge possono essere facilmente sostituite o disassemblate per le operazioni di pulizia<\/li><li>SISTEMA DI PESATURA - L\u2019unit\u00e0 di dosaggio gravimetrica C-LAB-TWYN pu\u00f2 essere equipaggiata con un sistema di pesatura a piattaforma che garantisce un\u2019alta precisione di dosaggio.<\/li><li>INSTALLAZIONE - I dosatori C-LAB-TWYN sono sempre forniti precablati con scatole di derivazione per consentire un\u2019installazione facile e veloce. C-LAB-TWYN pu\u00f2 essere installato su un frame singolo oppure in una stazione di dosaggio multicomponente C-MULTY disponibile in differenti configurazioni da 2 a 8 componenti: DS-4, DS-6 e DS-8.<\/li><li>SISTEMA DI CONTROLLO E INDUSTRIA 4.0 - Il sistema di controllo pu\u00f2 gestire da una singola unit\u00e0 di dosaggio fino a pi\u00f9 dosatori e linee di produzione. Il PLC \u00e8 fornito con protocollo OPC\/UA incorporato, che rende ogni macchina modulare e pronta per l\u2019industria 4.0.<\/li><li>HMI - Il sistema di controllo del dosaggio \u00e8 dotato di un touchscreen HMI intuitivo (7\u201d-9\u201d-15\u201d).<\/li><li>OPZIONI DISPONIBILI - Come opzione, i dosatori C-LAB-TWYN possono essere equipaggiati di agitatore verticale e possono essere progettati per alte temperature, conformi ATEX e\/o FDA.<\/li><\/ul>\n","protected":false},"excerpt":{"rendered":"<p><strong>C-LAB-TWYN<\/strong> \u00e8 l\u2019unit\u00e0 di <strong>dosaggio bivite<\/strong> disponibile in varie taglie. Particolarmente indicato per il <strong>dosaggio di polveri, granuli, pellet, flakes e fibre<\/strong>. E\u2019 disponibile in versione gravimetrica o volumetrica. Nella versione a perdita di peso una cella di carico analogica garantisce alta precisione e ripetibilit\u00e0. La Serie <strong>C-LAB-TWYN<\/strong> \u00e8 la soluzione ideale per le linee da laboratorio dove \u00e8 necessario dosare prodotti in modo continuo a basse portate.<\/p>\n<p>Un singolo motore, grazie a un trasmettitore di moto, oppure due motorizzazioni separate, aziona le viti di dosaggio e un agitatore orizzontale che ha la funzione di impedire la formazione di eventuali ponti e mantenere quindi il flusso di materiale costante. Differenti configurazioni delle viti permettono di dosare qualsiasi tipo di prodotto a qualsiasi portata in modo preciso e costante.<\/p>\n","protected":false},"featured_media":4201,"template":"","meta":{"_acf_changed":false},"product_brand":[],"product_cat":[304],"product_tag":[492,340,188,488,324,490,212,342,486],"class_list":{"0":"post-3378","1":"product","2":"type-product","3":"status-publish","4":"has-post-thumbnail","6":"product_cat-dosaggio-e-miscelazione-it","7":"product_tag-basse-portate","8":"product_tag-dosatore-bivite","9":"product_tag-dosatore-gravimetrico-a-batch","10":"product_tag-dosatore-laboratorio","11":"product_tag-dosatore-volumetrico","12":"product_tag-materiale-a-difficile-scorrimento","13":"product_tag-sistema-di-dosaggio-a-perdita-di-peso","14":"product_tag-unita-di-dosaggio","15":"product_tag-unita-di-dosaggio-per-basse-portate","17":"first","18":"instock","19":"shipping-taxable","20":"product-type-simple"},"acf":[],"yoast_head":"<!-- This site is optimized with the Yoast SEO plugin v26.0 - https:\/\/yoast.com\/wordpress\/plugins\/seo\/ -->\n<title>C-LAB-TWYN - Welcome to Syncro Group Website<\/title>\n<meta name=\"description\" content=\"C-LAB-TWYN \u00e8 l\u2019unit\u00e0 di dosaggio bivite indicato per il dosaggio di polveri, granuli, pellet,flakes e fibre ideale per dosare basse portate in continuo.\" \/>\n<meta name=\"robots\" content=\"index, follow, max-snippet:-1, max-image-preview:large, max-video-preview:-1\" \/>\n<link rel=\"canonical\" href=\"https:\/\/syncro-group.com\/plantech-cst\/it\/product\/c-lab-twin-unita-dosaggio-bivite\/\" \/>\n<meta property=\"og:locale\" content=\"it_IT\" \/>\n<meta property=\"og:type\" content=\"article\" \/>\n<meta property=\"og:title\" content=\"C-LAB-TWYN - Welcome to Syncro Group Website\" \/>\n<meta property=\"og:description\" content=\"C-LAB-TWYN \u00e8 l\u2019unit\u00e0 di dosaggio bivite indicato per il dosaggio di polveri, granuli, pellet,flakes e fibre ideale per dosare basse portate in continuo.\" \/>\n<meta property=\"og:url\" content=\"https:\/\/syncro-group.com\/plantech-cst\/it\/product\/c-lab-twin-unita-dosaggio-bivite\/\" \/>\n<meta property=\"og:site_name\" content=\"Welcome to Syncro Group Website\" \/>\n<meta property=\"article:modified_time\" content=\"2023-04-26T08:22:08+00:00\" \/>\n<meta property=\"og:image\" content=\"https:\/\/syncro-group.com\/plantech-cst\/wp-content\/uploads\/2020\/07\/C-Lab-twin-1024.jpg\" \/>\n\t<meta property=\"og:image:width\" content=\"1024\" \/>\n\t<meta property=\"og:image:height\" content=\"1024\" \/>\n\t<meta property=\"og:image:type\" content=\"image\/jpeg\" \/>\n<meta name=\"twitter:card\" content=\"summary_large_image\" \/>\n<script type=\"application\/ld+json\" class=\"yoast-schema-graph\">{\"@context\":\"https:\/\/schema.org\",\"@graph\":[{\"@type\":\"WebPage\",\"@id\":\"https:\/\/syncro-group.com\/plantech-cst\/it\/product\/c-lab-twin-unita-dosaggio-bivite\/\",\"url\":\"https:\/\/syncro-group.com\/plantech-cst\/it\/product\/c-lab-twin-unita-dosaggio-bivite\/\",\"name\":\"C-LAB-TWYN - Welcome to Syncro Group Website\",\"isPartOf\":{\"@id\":\"https:\/\/syncro-group.com\/plantech-cst\/it\/#website\"},\"primaryImageOfPage\":{\"@id\":\"https:\/\/syncro-group.com\/plantech-cst\/it\/product\/c-lab-twin-unita-dosaggio-bivite\/#primaryimage\"},\"image\":{\"@id\":\"https:\/\/syncro-group.com\/plantech-cst\/it\/product\/c-lab-twin-unita-dosaggio-bivite\/#primaryimage\"},\"thumbnailUrl\":\"https:\/\/syncro-group.com\/plantech-cst\/wp-content\/uploads\/2020\/07\/C-Lab-twin-1024.jpg\",\"datePublished\":\"2020-07-06T13:24:15+00:00\",\"dateModified\":\"2023-04-26T08:22:08+00:00\",\"description\":\"C-LAB-TWYN \u00e8 l\u2019unit\u00e0 di dosaggio bivite indicato per il dosaggio di polveri, granuli, pellet,flakes e fibre ideale per dosare basse portate in continuo.\",\"breadcrumb\":{\"@id\":\"https:\/\/syncro-group.com\/plantech-cst\/it\/product\/c-lab-twin-unita-dosaggio-bivite\/#breadcrumb\"},\"inLanguage\":\"it-IT\",\"potentialAction\":[{\"@type\":\"ReadAction\",\"target\":[\"https:\/\/syncro-group.com\/plantech-cst\/it\/product\/c-lab-twin-unita-dosaggio-bivite\/\"]}]},{\"@type\":\"ImageObject\",\"inLanguage\":\"it-IT\",\"@id\":\"https:\/\/syncro-group.com\/plantech-cst\/it\/product\/c-lab-twin-unita-dosaggio-bivite\/#primaryimage\",\"url\":\"https:\/\/syncro-group.com\/plantech-cst\/wp-content\/uploads\/2020\/07\/C-Lab-twin-1024.jpg\",\"contentUrl\":\"https:\/\/syncro-group.com\/plantech-cst\/wp-content\/uploads\/2020\/07\/C-Lab-twin-1024.jpg\",\"width\":1024,\"height\":1024,\"caption\":\"Dosing System\"},{\"@type\":\"BreadcrumbList\",\"@id\":\"https:\/\/syncro-group.com\/plantech-cst\/it\/product\/c-lab-twin-unita-dosaggio-bivite\/#breadcrumb\",\"itemListElement\":[{\"@type\":\"ListItem\",\"position\":1,\"name\":\"Home\",\"item\":\"https:\/\/syncro-group.com\/plantech-cst\/it\/\"},{\"@type\":\"ListItem\",\"position\":2,\"name\":\"Prodotti\",\"item\":\"https:\/\/syncro-group.com\/plantech-cst\/it\/prodotti\/\"},{\"@type\":\"ListItem\",\"position\":3,\"name\":\"C-LAB-TWYN\"}]},{\"@type\":\"WebSite\",\"@id\":\"https:\/\/syncro-group.com\/plantech-cst\/it\/#website\",\"url\":\"https:\/\/syncro-group.com\/plantech-cst\/it\/\",\"name\":\"Welcome to Syncro Group Website\",\"description\":\"\",\"potentialAction\":[{\"@type\":\"SearchAction\",\"target\":{\"@type\":\"EntryPoint\",\"urlTemplate\":\"https:\/\/syncro-group.com\/plantech-cst\/it\/?s={search_term_string}\"},\"query-input\":{\"@type\":\"PropertyValueSpecification\",\"valueRequired\":true,\"valueName\":\"search_term_string\"}}],\"inLanguage\":\"it-IT\"}]}<\/script>\n<!-- \/ Yoast SEO plugin. -->","yoast_head_json":{"title":"C-LAB-TWYN - Welcome to Syncro Group Website","description":"C-LAB-TWYN \u00e8 l\u2019unit\u00e0 di dosaggio bivite indicato per il dosaggio di polveri, granuli, pellet,flakes e fibre ideale per dosare basse portate in continuo.","robots":{"index":"index","follow":"follow","max-snippet":"max-snippet:-1","max-image-preview":"max-image-preview:large","max-video-preview":"max-video-preview:-1"},"canonical":"https:\/\/syncro-group.com\/plantech-cst\/it\/product\/c-lab-twin-unita-dosaggio-bivite\/","og_locale":"it_IT","og_type":"article","og_title":"C-LAB-TWYN - Welcome to Syncro Group Website","og_description":"C-LAB-TWYN \u00e8 l\u2019unit\u00e0 di dosaggio bivite indicato per il dosaggio di polveri, granuli, pellet,flakes e fibre ideale per dosare basse portate in continuo.","og_url":"https:\/\/syncro-group.com\/plantech-cst\/it\/product\/c-lab-twin-unita-dosaggio-bivite\/","og_site_name":"Welcome to Syncro Group Website","article_modified_time":"2023-04-26T08:22:08+00:00","og_image":[{"width":1024,"height":1024,"url":"https:\/\/syncro-group.com\/plantech-cst\/wp-content\/uploads\/2020\/07\/C-Lab-twin-1024.jpg","type":"image\/jpeg"}],"twitter_card":"summary_large_image","schema":{"@context":"https:\/\/schema.org","@graph":[{"@type":"WebPage","@id":"https:\/\/syncro-group.com\/plantech-cst\/it\/product\/c-lab-twin-unita-dosaggio-bivite\/","url":"https:\/\/syncro-group.com\/plantech-cst\/it\/product\/c-lab-twin-unita-dosaggio-bivite\/","name":"C-LAB-TWYN - Welcome to Syncro Group Website","isPartOf":{"@id":"https:\/\/syncro-group.com\/plantech-cst\/it\/#website"},"primaryImageOfPage":{"@id":"https:\/\/syncro-group.com\/plantech-cst\/it\/product\/c-lab-twin-unita-dosaggio-bivite\/#primaryimage"},"image":{"@id":"https:\/\/syncro-group.com\/plantech-cst\/it\/product\/c-lab-twin-unita-dosaggio-bivite\/#primaryimage"},"thumbnailUrl":"https:\/\/syncro-group.com\/plantech-cst\/wp-content\/uploads\/2020\/07\/C-Lab-twin-1024.jpg","datePublished":"2020-07-06T13:24:15+00:00","dateModified":"2023-04-26T08:22:08+00:00","description":"C-LAB-TWYN \u00e8 l\u2019unit\u00e0 di dosaggio bivite indicato per il dosaggio di polveri, granuli, pellet,flakes e fibre ideale per dosare basse portate in continuo.","breadcrumb":{"@id":"https:\/\/syncro-group.com\/plantech-cst\/it\/product\/c-lab-twin-unita-dosaggio-bivite\/#breadcrumb"},"inLanguage":"it-IT","potentialAction":[{"@type":"ReadAction","target":["https:\/\/syncro-group.com\/plantech-cst\/it\/product\/c-lab-twin-unita-dosaggio-bivite\/"]}]},{"@type":"ImageObject","inLanguage":"it-IT","@id":"https:\/\/syncro-group.com\/plantech-cst\/it\/product\/c-lab-twin-unita-dosaggio-bivite\/#primaryimage","url":"https:\/\/syncro-group.com\/plantech-cst\/wp-content\/uploads\/2020\/07\/C-Lab-twin-1024.jpg","contentUrl":"https:\/\/syncro-group.com\/plantech-cst\/wp-content\/uploads\/2020\/07\/C-Lab-twin-1024.jpg","width":1024,"height":1024,"caption":"Dosing System"},{"@type":"BreadcrumbList","@id":"https:\/\/syncro-group.com\/plantech-cst\/it\/product\/c-lab-twin-unita-dosaggio-bivite\/#breadcrumb","itemListElement":[{"@type":"ListItem","position":1,"name":"Home","item":"https:\/\/syncro-group.com\/plantech-cst\/it\/"},{"@type":"ListItem","position":2,"name":"Prodotti","item":"https:\/\/syncro-group.com\/plantech-cst\/it\/prodotti\/"},{"@type":"ListItem","position":3,"name":"C-LAB-TWYN"}]},{"@type":"WebSite","@id":"https:\/\/syncro-group.com\/plantech-cst\/it\/#website","url":"https:\/\/syncro-group.com\/plantech-cst\/it\/","name":"Welcome to Syncro Group Website","description":"","potentialAction":[{"@type":"SearchAction","target":{"@type":"EntryPoint","urlTemplate":"https:\/\/syncro-group.com\/plantech-cst\/it\/?s={search_term_string}"},"query-input":{"@type":"PropertyValueSpecification","valueRequired":true,"valueName":"search_term_string"}}],"inLanguage":"it-IT"}]}},"_links":{"self":[{"href":"https:\/\/syncro-group.com\/plantech-cst\/it\/wp-json\/wp\/v2\/product\/3378","targetHints":{"allow":["GET"]}}],"collection":[{"href":"https:\/\/syncro-group.com\/plantech-cst\/it\/wp-json\/wp\/v2\/product"}],"about":[{"href":"https:\/\/syncro-group.com\/plantech-cst\/it\/wp-json\/wp\/v2\/types\/product"}],"wp:featuredmedia":[{"embeddable":true,"href":"https:\/\/syncro-group.com\/plantech-cst\/it\/wp-json\/wp\/v2\/media\/4201"}],"wp:attachment":[{"href":"https:\/\/syncro-group.com\/plantech-cst\/it\/wp-json\/wp\/v2\/media?parent=3378"}],"wp:term":[{"taxonomy":"product_brand","embeddable":true,"href":"https:\/\/syncro-group.com\/plantech-cst\/it\/wp-json\/wp\/v2\/product_brand?post=3378"},{"taxonomy":"product_cat","embeddable":true,"href":"https:\/\/syncro-group.com\/plantech-cst\/it\/wp-json\/wp\/v2\/product_cat?post=3378"},{"taxonomy":"product_tag","embeddable":true,"href":"https:\/\/syncro-group.com\/plantech-cst\/it\/wp-json\/wp\/v2\/product_tag?post=3378"}],"curies":[{"name":"wp","href":"https:\/\/api.w.org\/{rel}","templated":true}]}}