{"id":3401,"date":"2020-07-06T16:30:06","date_gmt":"2020-07-06T14:30:05","guid":{"rendered":"http:\/\/plantech.testsuite.tk\/?post_type=product&#038;p=3401"},"modified":"2021-02-26T13:18:53","modified_gmt":"2021-02-26T12:18:53","slug":"c-lyquid-dosatore-per-liquidi","status":"publish","type":"product","link":"https:\/\/syncro-group.com\/plantech-cst\/it\/product\/c-lyquid-dosatore-per-liquidi\/","title":{"rendered":"C-LYQUID"},"content":{"rendered":"<ul class=\"advantages\"><li>ALTE PRESTAZIONI C-LYQUID \u00e8 in grado di garantire precisioni di dosaggio del +\/- 0.5% ed un range di lavoro 1:10.<\/li><li>MODALIT\u00c0 BATCH O CONTINUO La stazione di dosaggio C-LYQUID pu\u00f2 funzionare in modalit\u00e0 continua o batch, risultando la soluzione perfetta per alimentare qualsiasi tipo di additivo in estrusori continui o in miscelatori batch.<\/li><li>AMPIA GAMMA DI POMPE La stazione di dosaggio C-LYQUID in base alle caratteristiche del prodotto, pu\u00f2 essere equipaggiata con una variet\u00e0 di diverse pompe di dosaggio come pompe ad ingranaggi, pompe peristaltiche, pompe a pistoni e pompe a membrana.<\/li><li>SISTEMA DI RISCALDAMENTO O RAFFREDDAMENTO La stazione di dosaggio C-LYQUID pu\u00f2 essere fornita riscaldata o raffreddata mediante fascie riscaldani o scaldiglie elettrice o in alternativa con sistemi a circolazione di acqua \/ olio riscaldati Per mantenere omogenea la temperatura, pu\u00f2 anche essere installato con un agitatore nella tramoggia.<\/li><li>POMPA DI TRASFERIMENTO Come opzione, l'unit\u00e0 di dosaggio C-LYQUID pu\u00f2 essere fornita completa di pompe aggiuntive per trasferire il liquido dagli stoccaggi, (IBC container o sili)<\/li><li>SISTEMA DI PESATURA Le unit\u00e0 gravimetriche C-LYQUID sono installate su celle di carico analogiche<\/li><li>INSTALLAZIONE C-LYQUID viene sempre fornito precablato con scatole di derivazione per consentire un'installazione facile e veloce. Gli alimentatori C-LYQUID possono essere installati in un telaio autonomo o in un telaio modulare per stazioni di dosaggio multicomponente C-MULTY che \u00e8 disponibile in varie configurazioni: DS-4, DS-6 e DS-8, da 2 a 8 unit\u00e0 di alimentazione.<\/li><li>SISTEMA DI CONTROLLO E INDUSTRIA 4.0 Il sistema di controllo degli alimentatori pu\u00f2 gestire da un singolo alimentatore fino a diversi alimentatori e linee di produzione. Il PLC \u00e8 fornito con protocollo OPC \/ UA incorporato, che rende ogni macchina modulare e pronta per l'industria 4.0.<\/li><li>HMI Il sistema di controllo del dosaggio \u00e8 dotato di un touchscreen HMI intuitivo (7\u201d-9\u201d-15\u201d).<\/li><li>OPZIONI DISPONIBILI Come opzione, l'alimentatore C-LYQUID pu\u00f2 essere progettato conforme ATEX e \/ o conforme FDA.<\/li><\/ul>\n","protected":false},"excerpt":{"rendered":"<p><strong>C-LYQUID<\/strong> \u00e8 l&#8217;unit\u00e0 di alimentazione <strong>Plantech-CST<\/strong> progettata in diverse dimensioni e configurazioni per <strong>alimentare liquidi di varie viscosit\u00e0<\/strong><br \/>\nE\u2019 disponibile in versioni volumetriche o gravimetriche.<br \/>\nNei moduli a perdita di peso, le tramogge di processo sono installate su celle di carico analogiche per garantire un&#8217;elevata precisione di pesatura.<\/p>\n","protected":false},"featured_media":4204,"template":"","meta":{"_acf_changed":false},"product_brand":[],"product_cat":[304],"product_tag":[464,326,468,460,470,324,212,466,342],"class_list":{"0":"post-3401","1":"product","2":"type-product","3":"status-publish","4":"has-post-thumbnail","6":"product_cat-dosaggio-e-miscelazione-it","7":"product_tag-cella-di-carico-analogica","8":"product_tag-dosaggio-gravimetrico","9":"product_tag-dosatore-additivi-liquidi","10":"product_tag-dosatore-per-liquidi","11":"product_tag-dosatore-plastificanti-liquidi","12":"product_tag-dosatore-volumetrico","13":"product_tag-sistema-di-dosaggio-a-perdita-di-peso","14":"product_tag-sistema-di-dosaggio-per-liquidi-ad-alta-bassa-viscosita","15":"product_tag-unita-di-dosaggio","17":"first","18":"instock","19":"shipping-taxable","20":"product-type-simple"},"acf":[],"yoast_head":"<!-- This site is optimized with the Yoast SEO plugin v26.0 - https:\/\/yoast.com\/wordpress\/plugins\/seo\/ -->\n<title>C-LYQUID - Welcome to Syncro Group Website<\/title>\n<meta name=\"description\" content=\"C-LYQUID is Plantech-CST\u2019s feeding unit for liquids of various viscosities and is available in volumetric or gravimetric versions.\" \/>\n<meta name=\"robots\" content=\"index, follow, max-snippet:-1, max-image-preview:large, max-video-preview:-1\" \/>\n<link rel=\"canonical\" href=\"https:\/\/syncro-group.com\/plantech-cst\/it\/product\/c-lyquid-dosatore-per-liquidi\/\" \/>\n<meta property=\"og:locale\" content=\"it_IT\" \/>\n<meta property=\"og:type\" content=\"article\" \/>\n<meta property=\"og:title\" content=\"C-LYQUID - Welcome to Syncro Group Website\" \/>\n<meta property=\"og:description\" content=\"C-LYQUID is Plantech-CST\u2019s feeding unit for liquids of various viscosities and is available in volumetric or gravimetric versions.\" \/>\n<meta property=\"og:url\" content=\"https:\/\/syncro-group.com\/plantech-cst\/it\/product\/c-lyquid-dosatore-per-liquidi\/\" \/>\n<meta property=\"og:site_name\" content=\"Welcome to Syncro Group Website\" \/>\n<meta property=\"article:modified_time\" content=\"2021-02-26T12:18:53+00:00\" \/>\n<meta property=\"og:image\" content=\"https:\/\/syncro-group.com\/plantech-cst\/wp-content\/uploads\/2020\/07\/C-LYQUID-1024.jpg\" \/>\n\t<meta property=\"og:image:width\" content=\"1024\" \/>\n\t<meta property=\"og:image:height\" content=\"1024\" \/>\n\t<meta property=\"og:image:type\" content=\"image\/jpeg\" \/>\n<meta name=\"twitter:card\" content=\"summary_large_image\" \/>\n<script type=\"application\/ld+json\" class=\"yoast-schema-graph\">{\"@context\":\"https:\/\/schema.org\",\"@graph\":[{\"@type\":\"WebPage\",\"@id\":\"https:\/\/syncro-group.com\/plantech-cst\/it\/product\/c-lyquid-dosatore-per-liquidi\/\",\"url\":\"https:\/\/syncro-group.com\/plantech-cst\/it\/product\/c-lyquid-dosatore-per-liquidi\/\",\"name\":\"C-LYQUID - Welcome to Syncro Group Website\",\"isPartOf\":{\"@id\":\"https:\/\/syncro-group.com\/plantech-cst\/it\/#website\"},\"primaryImageOfPage\":{\"@id\":\"https:\/\/syncro-group.com\/plantech-cst\/it\/product\/c-lyquid-dosatore-per-liquidi\/#primaryimage\"},\"image\":{\"@id\":\"https:\/\/syncro-group.com\/plantech-cst\/it\/product\/c-lyquid-dosatore-per-liquidi\/#primaryimage\"},\"thumbnailUrl\":\"https:\/\/syncro-group.com\/plantech-cst\/wp-content\/uploads\/2020\/07\/C-LYQUID-1024.jpg\",\"datePublished\":\"2020-07-06T14:30:05+00:00\",\"dateModified\":\"2021-02-26T12:18:53+00:00\",\"description\":\"C-LYQUID is Plantech-CST\u2019s feeding unit for liquids of various viscosities and is available in volumetric or gravimetric versions.\",\"breadcrumb\":{\"@id\":\"https:\/\/syncro-group.com\/plantech-cst\/it\/product\/c-lyquid-dosatore-per-liquidi\/#breadcrumb\"},\"inLanguage\":\"it-IT\",\"potentialAction\":[{\"@type\":\"ReadAction\",\"target\":[\"https:\/\/syncro-group.com\/plantech-cst\/it\/product\/c-lyquid-dosatore-per-liquidi\/\"]}]},{\"@type\":\"ImageObject\",\"inLanguage\":\"it-IT\",\"@id\":\"https:\/\/syncro-group.com\/plantech-cst\/it\/product\/c-lyquid-dosatore-per-liquidi\/#primaryimage\",\"url\":\"https:\/\/syncro-group.com\/plantech-cst\/wp-content\/uploads\/2020\/07\/C-LYQUID-1024.jpg\",\"contentUrl\":\"https:\/\/syncro-group.com\/plantech-cst\/wp-content\/uploads\/2020\/07\/C-LYQUID-1024.jpg\",\"width\":1024,\"height\":1024,\"caption\":\"Dosing System\"},{\"@type\":\"BreadcrumbList\",\"@id\":\"https:\/\/syncro-group.com\/plantech-cst\/it\/product\/c-lyquid-dosatore-per-liquidi\/#breadcrumb\",\"itemListElement\":[{\"@type\":\"ListItem\",\"position\":1,\"name\":\"Home\",\"item\":\"https:\/\/syncro-group.com\/plantech-cst\/it\/\"},{\"@type\":\"ListItem\",\"position\":2,\"name\":\"Prodotti\",\"item\":\"https:\/\/syncro-group.com\/plantech-cst\/it\/prodotti\/\"},{\"@type\":\"ListItem\",\"position\":3,\"name\":\"C-LYQUID\"}]},{\"@type\":\"WebSite\",\"@id\":\"https:\/\/syncro-group.com\/plantech-cst\/it\/#website\",\"url\":\"https:\/\/syncro-group.com\/plantech-cst\/it\/\",\"name\":\"Welcome to Syncro Group Website\",\"description\":\"\",\"potentialAction\":[{\"@type\":\"SearchAction\",\"target\":{\"@type\":\"EntryPoint\",\"urlTemplate\":\"https:\/\/syncro-group.com\/plantech-cst\/it\/?s={search_term_string}\"},\"query-input\":{\"@type\":\"PropertyValueSpecification\",\"valueRequired\":true,\"valueName\":\"search_term_string\"}}],\"inLanguage\":\"it-IT\"}]}<\/script>\n<!-- \/ Yoast SEO plugin. -->","yoast_head_json":{"title":"C-LYQUID - Welcome to Syncro Group Website","description":"C-LYQUID is Plantech-CST\u2019s feeding unit for liquids of various viscosities and is available in volumetric or gravimetric versions.","robots":{"index":"index","follow":"follow","max-snippet":"max-snippet:-1","max-image-preview":"max-image-preview:large","max-video-preview":"max-video-preview:-1"},"canonical":"https:\/\/syncro-group.com\/plantech-cst\/it\/product\/c-lyquid-dosatore-per-liquidi\/","og_locale":"it_IT","og_type":"article","og_title":"C-LYQUID - Welcome to Syncro Group Website","og_description":"C-LYQUID is Plantech-CST\u2019s feeding unit for liquids of various viscosities and is available in volumetric or gravimetric versions.","og_url":"https:\/\/syncro-group.com\/plantech-cst\/it\/product\/c-lyquid-dosatore-per-liquidi\/","og_site_name":"Welcome to Syncro Group Website","article_modified_time":"2021-02-26T12:18:53+00:00","og_image":[{"width":1024,"height":1024,"url":"https:\/\/syncro-group.com\/plantech-cst\/wp-content\/uploads\/2020\/07\/C-LYQUID-1024.jpg","type":"image\/jpeg"}],"twitter_card":"summary_large_image","schema":{"@context":"https:\/\/schema.org","@graph":[{"@type":"WebPage","@id":"https:\/\/syncro-group.com\/plantech-cst\/it\/product\/c-lyquid-dosatore-per-liquidi\/","url":"https:\/\/syncro-group.com\/plantech-cst\/it\/product\/c-lyquid-dosatore-per-liquidi\/","name":"C-LYQUID - Welcome to Syncro Group Website","isPartOf":{"@id":"https:\/\/syncro-group.com\/plantech-cst\/it\/#website"},"primaryImageOfPage":{"@id":"https:\/\/syncro-group.com\/plantech-cst\/it\/product\/c-lyquid-dosatore-per-liquidi\/#primaryimage"},"image":{"@id":"https:\/\/syncro-group.com\/plantech-cst\/it\/product\/c-lyquid-dosatore-per-liquidi\/#primaryimage"},"thumbnailUrl":"https:\/\/syncro-group.com\/plantech-cst\/wp-content\/uploads\/2020\/07\/C-LYQUID-1024.jpg","datePublished":"2020-07-06T14:30:05+00:00","dateModified":"2021-02-26T12:18:53+00:00","description":"C-LYQUID is Plantech-CST\u2019s feeding unit for liquids of various viscosities and is available in volumetric or gravimetric versions.","breadcrumb":{"@id":"https:\/\/syncro-group.com\/plantech-cst\/it\/product\/c-lyquid-dosatore-per-liquidi\/#breadcrumb"},"inLanguage":"it-IT","potentialAction":[{"@type":"ReadAction","target":["https:\/\/syncro-group.com\/plantech-cst\/it\/product\/c-lyquid-dosatore-per-liquidi\/"]}]},{"@type":"ImageObject","inLanguage":"it-IT","@id":"https:\/\/syncro-group.com\/plantech-cst\/it\/product\/c-lyquid-dosatore-per-liquidi\/#primaryimage","url":"https:\/\/syncro-group.com\/plantech-cst\/wp-content\/uploads\/2020\/07\/C-LYQUID-1024.jpg","contentUrl":"https:\/\/syncro-group.com\/plantech-cst\/wp-content\/uploads\/2020\/07\/C-LYQUID-1024.jpg","width":1024,"height":1024,"caption":"Dosing System"},{"@type":"BreadcrumbList","@id":"https:\/\/syncro-group.com\/plantech-cst\/it\/product\/c-lyquid-dosatore-per-liquidi\/#breadcrumb","itemListElement":[{"@type":"ListItem","position":1,"name":"Home","item":"https:\/\/syncro-group.com\/plantech-cst\/it\/"},{"@type":"ListItem","position":2,"name":"Prodotti","item":"https:\/\/syncro-group.com\/plantech-cst\/it\/prodotti\/"},{"@type":"ListItem","position":3,"name":"C-LYQUID"}]},{"@type":"WebSite","@id":"https:\/\/syncro-group.com\/plantech-cst\/it\/#website","url":"https:\/\/syncro-group.com\/plantech-cst\/it\/","name":"Welcome to Syncro Group Website","description":"","potentialAction":[{"@type":"SearchAction","target":{"@type":"EntryPoint","urlTemplate":"https:\/\/syncro-group.com\/plantech-cst\/it\/?s={search_term_string}"},"query-input":{"@type":"PropertyValueSpecification","valueRequired":true,"valueName":"search_term_string"}}],"inLanguage":"it-IT"}]}},"_links":{"self":[{"href":"https:\/\/syncro-group.com\/plantech-cst\/it\/wp-json\/wp\/v2\/product\/3401","targetHints":{"allow":["GET"]}}],"collection":[{"href":"https:\/\/syncro-group.com\/plantech-cst\/it\/wp-json\/wp\/v2\/product"}],"about":[{"href":"https:\/\/syncro-group.com\/plantech-cst\/it\/wp-json\/wp\/v2\/types\/product"}],"wp:featuredmedia":[{"embeddable":true,"href":"https:\/\/syncro-group.com\/plantech-cst\/it\/wp-json\/wp\/v2\/media\/4204"}],"wp:attachment":[{"href":"https:\/\/syncro-group.com\/plantech-cst\/it\/wp-json\/wp\/v2\/media?parent=3401"}],"wp:term":[{"taxonomy":"product_brand","embeddable":true,"href":"https:\/\/syncro-group.com\/plantech-cst\/it\/wp-json\/wp\/v2\/product_brand?post=3401"},{"taxonomy":"product_cat","embeddable":true,"href":"https:\/\/syncro-group.com\/plantech-cst\/it\/wp-json\/wp\/v2\/product_cat?post=3401"},{"taxonomy":"product_tag","embeddable":true,"href":"https:\/\/syncro-group.com\/plantech-cst\/it\/wp-json\/wp\/v2\/product_tag?post=3401"}],"curies":[{"name":"wp","href":"https:\/\/api.w.org\/{rel}","templated":true}]}}