{"id":3430,"date":"2020-06-30T22:15:43","date_gmt":"2020-06-30T20:15:43","guid":{"rendered":"http:\/\/plantech.testsuite.tk\/prodotto\/c-multy-dosing-station\/"},"modified":"2025-07-02T08:59:15","modified_gmt":"2025-07-02T06:59:15","slug":"c-multy-dosatore-multicomponente","status":"publish","type":"product","link":"https:\/\/syncro-group.com\/plantech-cst\/it\/product\/c-multy-dosatore-multicomponente\/","title":{"rendered":"C-MULTY"},"content":{"rendered":"<ul class=\"advantages\"><li>ALTE PRESTAZIONI - C-MULTY garantisce un\u2019alta precisione di dosaggio (+\/- 0.5%) di ogni singolo componente<\/li><li>AMPIA GAMMA - L\u2019ampia gamma di differenti configurazioni permette di dosare qualsiasi tipo di prodotto.<\/li><li>DESIGN MODULARE - Il design altamente modulare permette di installare differenti configurazioni di dosatori.<\/li><li>INSTALLAZIONI - La stazione C-MULTY \u00e8 sempre fornita precablata con scatole di derivazione per consentire un\u2019installazione facile e veloce.<\/li><li>SISTEMA DI CONTROLLO E INDUSTRIA 4.0 - Il sistema di controllo pu\u00f2 gestire pi\u00f9 dosatori e pi\u00f9 linee di produzione. Il PLC \u00e8 fornito con protocollo OPC\/UA incorporato, che rende ogni macchina modulare e pronta per l\u2019industria 4.0.<\/li><li>HMI - Il sistema di controllo del dosaggio \u00e8 dotato di un tou\u00acchscreen HMI intuitivo (7\u201d-9\u201d-15\u201d).<\/li><li>OPZIONI DISPONIBILI - Come opzione, C-MULTY pu\u00f2 essere equipaggiato con un estensione di telaio auto portante per alloggiare la parte di riempimento dosatori.<\/li><\/ul>\n","protected":false},"excerpt":{"rendered":"<p><strong>C-MULTY<\/strong> \u00e8 la <strong>stazione di dosaggio multicomponente in continuo<\/strong> adatta per installazioni <strong>su estrusori a bocca affamata o a bocca piena<\/strong>. La stazione multicomponente pu\u00f2 essere completamente customizzata sulla base delle ricette del cliente. L&#8217;intera gamma di dosatori <strong>PLANTECH-CST<\/strong> pu\u00f2 essere installata sul telaio C-MULTY in modo da garantire un dosaggio costante e preciso di ogni singolo componente, indipendentemente dalle specifiche del prodotto.<\/p>\n","protected":false},"featured_media":4207,"template":"","meta":{"_acf_changed":false},"product_brand":[],"product_cat":[304],"product_tag":[352,201,196,358,356,328,368,360,354,366,364,362,214],"class_list":{"0":"post-3430","1":"product","2":"type-product","3":"status-publish","4":"has-post-thumbnail","6":"product_cat-dosaggio-e-miscelazione-it","7":"product_tag-dosaggio-fibre","8":"product_tag-dosaggio-flake","9":"product_tag-dosaggio-granulo","10":"product_tag-dosaggio-in-continuo","11":"product_tag-dosaggio-multicomponenete","12":"product_tag-dosaggio-polveri","13":"product_tag-dosaggio-rimacinato","14":"product_tag-dosatore-gravimetrico","15":"product_tag-dosatore-multicomponente","16":"product_tag-estrusori-a-bocca-piena","17":"product_tag-estrusori-bocca-affamata","18":"product_tag-miscelazione-in-continuo","19":"product_tag-perdita-di-peso","21":"first","22":"instock","23":"shipping-taxable","24":"product-type-simple"},"acf":[],"yoast_head":"<!-- This site is optimized with the Yoast SEO plugin v26.0 - https:\/\/yoast.com\/wordpress\/plugins\/seo\/ -->\n<title>C-MULTY - Welcome to Syncro Group Website<\/title>\n<meta name=\"description\" content=\"C-MULTY is a modular multi component continuous gravimetric feeding\/blending station suitable for starve feed extrusion and \u201cfull\u201d screw extrusion system.\" \/>\n<meta name=\"robots\" content=\"index, follow, max-snippet:-1, max-image-preview:large, max-video-preview:-1\" \/>\n<link rel=\"canonical\" href=\"https:\/\/syncro-group.com\/plantech-cst\/it\/product\/c-multy-dosatore-multicomponente\/\" \/>\n<meta property=\"og:locale\" content=\"it_IT\" \/>\n<meta property=\"og:type\" content=\"article\" \/>\n<meta property=\"og:title\" content=\"C-MULTY - Welcome to Syncro Group Website\" \/>\n<meta property=\"og:description\" content=\"C-MULTY is a modular multi component continuous gravimetric feeding\/blending station suitable for starve feed extrusion and \u201cfull\u201d screw extrusion system.\" \/>\n<meta property=\"og:url\" content=\"https:\/\/syncro-group.com\/plantech-cst\/it\/product\/c-multy-dosatore-multicomponente\/\" \/>\n<meta property=\"og:site_name\" content=\"Welcome to Syncro Group Website\" \/>\n<meta property=\"article:modified_time\" content=\"2025-07-02T06:59:15+00:00\" \/>\n<meta property=\"og:image\" content=\"http:\/\/syncro-group.com\/plantech-cst\/wp-content\/uploads\/2020\/06\/C-MULTI-1024.jpg\" \/>\n\t<meta property=\"og:image:width\" content=\"1024\" \/>\n\t<meta property=\"og:image:height\" content=\"1024\" \/>\n\t<meta property=\"og:image:type\" content=\"image\/jpeg\" \/>\n<meta name=\"twitter:card\" content=\"summary_large_image\" \/>\n<meta name=\"twitter:label1\" content=\"Tempo di lettura stimato\" \/>\n\t<meta name=\"twitter:data1\" content=\"1 minuto\" \/>\n<script type=\"application\/ld+json\" class=\"yoast-schema-graph\">{\"@context\":\"https:\/\/schema.org\",\"@graph\":[{\"@type\":\"WebPage\",\"@id\":\"https:\/\/syncro-group.com\/plantech-cst\/it\/product\/c-multy-dosatore-multicomponente\/\",\"url\":\"https:\/\/syncro-group.com\/plantech-cst\/it\/product\/c-multy-dosatore-multicomponente\/\",\"name\":\"C-MULTY - Welcome to Syncro Group Website\",\"isPartOf\":{\"@id\":\"https:\/\/syncro-group.com\/plantech-cst\/it\/#website\"},\"primaryImageOfPage\":{\"@id\":\"https:\/\/syncro-group.com\/plantech-cst\/it\/product\/c-multy-dosatore-multicomponente\/#primaryimage\"},\"image\":{\"@id\":\"https:\/\/syncro-group.com\/plantech-cst\/it\/product\/c-multy-dosatore-multicomponente\/#primaryimage\"},\"thumbnailUrl\":\"https:\/\/syncro-group.com\/plantech-cst\/wp-content\/uploads\/2020\/06\/C-MULTI-1024.jpg\",\"datePublished\":\"2020-06-30T20:15:43+00:00\",\"dateModified\":\"2025-07-02T06:59:15+00:00\",\"description\":\"C-MULTY is a modular multi component continuous gravimetric feeding\/blending station suitable for starve feed extrusion and \u201cfull\u201d screw extrusion system.\",\"breadcrumb\":{\"@id\":\"https:\/\/syncro-group.com\/plantech-cst\/it\/product\/c-multy-dosatore-multicomponente\/#breadcrumb\"},\"inLanguage\":\"it-IT\",\"potentialAction\":[{\"@type\":\"ReadAction\",\"target\":[\"https:\/\/syncro-group.com\/plantech-cst\/it\/product\/c-multy-dosatore-multicomponente\/\"]}]},{\"@type\":\"ImageObject\",\"inLanguage\":\"it-IT\",\"@id\":\"https:\/\/syncro-group.com\/plantech-cst\/it\/product\/c-multy-dosatore-multicomponente\/#primaryimage\",\"url\":\"https:\/\/syncro-group.com\/plantech-cst\/wp-content\/uploads\/2020\/06\/C-MULTI-1024.jpg\",\"contentUrl\":\"https:\/\/syncro-group.com\/plantech-cst\/wp-content\/uploads\/2020\/06\/C-MULTI-1024.jpg\",\"width\":1024,\"height\":1024,\"caption\":\"Dosing system\"},{\"@type\":\"BreadcrumbList\",\"@id\":\"https:\/\/syncro-group.com\/plantech-cst\/it\/product\/c-multy-dosatore-multicomponente\/#breadcrumb\",\"itemListElement\":[{\"@type\":\"ListItem\",\"position\":1,\"name\":\"Home\",\"item\":\"https:\/\/syncro-group.com\/plantech-cst\/it\/\"},{\"@type\":\"ListItem\",\"position\":2,\"name\":\"Prodotti\",\"item\":\"https:\/\/syncro-group.com\/plantech-cst\/it\/prodotti\/\"},{\"@type\":\"ListItem\",\"position\":3,\"name\":\"C-MULTY\"}]},{\"@type\":\"WebSite\",\"@id\":\"https:\/\/syncro-group.com\/plantech-cst\/it\/#website\",\"url\":\"https:\/\/syncro-group.com\/plantech-cst\/it\/\",\"name\":\"Welcome to Syncro Group Website\",\"description\":\"\",\"potentialAction\":[{\"@type\":\"SearchAction\",\"target\":{\"@type\":\"EntryPoint\",\"urlTemplate\":\"https:\/\/syncro-group.com\/plantech-cst\/it\/?s={search_term_string}\"},\"query-input\":{\"@type\":\"PropertyValueSpecification\",\"valueRequired\":true,\"valueName\":\"search_term_string\"}}],\"inLanguage\":\"it-IT\"}]}<\/script>\n<!-- \/ Yoast SEO plugin. -->","yoast_head_json":{"title":"C-MULTY - Welcome to Syncro Group Website","description":"C-MULTY is a modular multi component continuous gravimetric feeding\/blending station suitable for starve feed extrusion and \u201cfull\u201d screw extrusion system.","robots":{"index":"index","follow":"follow","max-snippet":"max-snippet:-1","max-image-preview":"max-image-preview:large","max-video-preview":"max-video-preview:-1"},"canonical":"https:\/\/syncro-group.com\/plantech-cst\/it\/product\/c-multy-dosatore-multicomponente\/","og_locale":"it_IT","og_type":"article","og_title":"C-MULTY - Welcome to Syncro Group Website","og_description":"C-MULTY is a modular multi component continuous gravimetric feeding\/blending station suitable for starve feed extrusion and \u201cfull\u201d screw extrusion system.","og_url":"https:\/\/syncro-group.com\/plantech-cst\/it\/product\/c-multy-dosatore-multicomponente\/","og_site_name":"Welcome to Syncro Group Website","article_modified_time":"2025-07-02T06:59:15+00:00","og_image":[{"width":1024,"height":1024,"url":"http:\/\/syncro-group.com\/plantech-cst\/wp-content\/uploads\/2020\/06\/C-MULTI-1024.jpg","type":"image\/jpeg"}],"twitter_card":"summary_large_image","twitter_misc":{"Tempo di lettura stimato":"1 minuto"},"schema":{"@context":"https:\/\/schema.org","@graph":[{"@type":"WebPage","@id":"https:\/\/syncro-group.com\/plantech-cst\/it\/product\/c-multy-dosatore-multicomponente\/","url":"https:\/\/syncro-group.com\/plantech-cst\/it\/product\/c-multy-dosatore-multicomponente\/","name":"C-MULTY - Welcome to Syncro Group Website","isPartOf":{"@id":"https:\/\/syncro-group.com\/plantech-cst\/it\/#website"},"primaryImageOfPage":{"@id":"https:\/\/syncro-group.com\/plantech-cst\/it\/product\/c-multy-dosatore-multicomponente\/#primaryimage"},"image":{"@id":"https:\/\/syncro-group.com\/plantech-cst\/it\/product\/c-multy-dosatore-multicomponente\/#primaryimage"},"thumbnailUrl":"https:\/\/syncro-group.com\/plantech-cst\/wp-content\/uploads\/2020\/06\/C-MULTI-1024.jpg","datePublished":"2020-06-30T20:15:43+00:00","dateModified":"2025-07-02T06:59:15+00:00","description":"C-MULTY is a modular multi component continuous gravimetric feeding\/blending station suitable for starve feed extrusion and \u201cfull\u201d screw extrusion system.","breadcrumb":{"@id":"https:\/\/syncro-group.com\/plantech-cst\/it\/product\/c-multy-dosatore-multicomponente\/#breadcrumb"},"inLanguage":"it-IT","potentialAction":[{"@type":"ReadAction","target":["https:\/\/syncro-group.com\/plantech-cst\/it\/product\/c-multy-dosatore-multicomponente\/"]}]},{"@type":"ImageObject","inLanguage":"it-IT","@id":"https:\/\/syncro-group.com\/plantech-cst\/it\/product\/c-multy-dosatore-multicomponente\/#primaryimage","url":"https:\/\/syncro-group.com\/plantech-cst\/wp-content\/uploads\/2020\/06\/C-MULTI-1024.jpg","contentUrl":"https:\/\/syncro-group.com\/plantech-cst\/wp-content\/uploads\/2020\/06\/C-MULTI-1024.jpg","width":1024,"height":1024,"caption":"Dosing system"},{"@type":"BreadcrumbList","@id":"https:\/\/syncro-group.com\/plantech-cst\/it\/product\/c-multy-dosatore-multicomponente\/#breadcrumb","itemListElement":[{"@type":"ListItem","position":1,"name":"Home","item":"https:\/\/syncro-group.com\/plantech-cst\/it\/"},{"@type":"ListItem","position":2,"name":"Prodotti","item":"https:\/\/syncro-group.com\/plantech-cst\/it\/prodotti\/"},{"@type":"ListItem","position":3,"name":"C-MULTY"}]},{"@type":"WebSite","@id":"https:\/\/syncro-group.com\/plantech-cst\/it\/#website","url":"https:\/\/syncro-group.com\/plantech-cst\/it\/","name":"Welcome to Syncro Group Website","description":"","potentialAction":[{"@type":"SearchAction","target":{"@type":"EntryPoint","urlTemplate":"https:\/\/syncro-group.com\/plantech-cst\/it\/?s={search_term_string}"},"query-input":{"@type":"PropertyValueSpecification","valueRequired":true,"valueName":"search_term_string"}}],"inLanguage":"it-IT"}]}},"_links":{"self":[{"href":"https:\/\/syncro-group.com\/plantech-cst\/it\/wp-json\/wp\/v2\/product\/3430","targetHints":{"allow":["GET"]}}],"collection":[{"href":"https:\/\/syncro-group.com\/plantech-cst\/it\/wp-json\/wp\/v2\/product"}],"about":[{"href":"https:\/\/syncro-group.com\/plantech-cst\/it\/wp-json\/wp\/v2\/types\/product"}],"wp:featuredmedia":[{"embeddable":true,"href":"https:\/\/syncro-group.com\/plantech-cst\/it\/wp-json\/wp\/v2\/media\/4207"}],"wp:attachment":[{"href":"https:\/\/syncro-group.com\/plantech-cst\/it\/wp-json\/wp\/v2\/media?parent=3430"}],"wp:term":[{"taxonomy":"product_brand","embeddable":true,"href":"https:\/\/syncro-group.com\/plantech-cst\/it\/wp-json\/wp\/v2\/product_brand?post=3430"},{"taxonomy":"product_cat","embeddable":true,"href":"https:\/\/syncro-group.com\/plantech-cst\/it\/wp-json\/wp\/v2\/product_cat?post=3430"},{"taxonomy":"product_tag","embeddable":true,"href":"https:\/\/syncro-group.com\/plantech-cst\/it\/wp-json\/wp\/v2\/product_tag?post=3430"}],"curies":[{"name":"wp","href":"https:\/\/api.w.org\/{rel}","templated":true}]}}