{"id":3432,"date":"2020-07-06T17:12:57","date_gmt":"2020-07-06T15:12:58","guid":{"rendered":"http:\/\/plantech.testsuite.tk\/?post_type=product&#038;p=3432"},"modified":"2021-03-16T13:15:11","modified_gmt":"2021-03-16T12:15:11","slug":"c-dynamix-dosaggio-miscelazione-multicomponente","status":"publish","type":"product","link":"https:\/\/syncro-group.com\/plantech-cst\/it\/product\/c-dynamix-dosaggio-miscelazione-multicomponente\/","title":{"rendered":"C-DYNAMIX"},"content":{"rendered":"<ul class=\"advantages\"><li>Alta dispersione<\/li><li>Crosslinking costante<\/li><li>Ripetibilit\u00e0 di prodotto<\/li><li>Cambi di ricetta al volo<\/li><li>Nessuna calibrazione richiesta in caso di cambio prodotti<\/li><li>Risparmio sull\u2019acquisto delle materie prime. Dal 5 al  10%<\/li><li>Veloce ritorno di investimento<\/li><\/ul>\n","protected":false},"excerpt":{"rendered":"<p class=\"p1\">C-DYNAMIX \u00e8 la stazione di dosaggio e miscelazione in continuo di PLANTECH-CST. La stazione multicomponente pu\u00f2 essere completamente customizzata sulla base delle ricette del cliente. Differenti unit\u00e0 di dosaggio, sia per solidi che per liquidi, possono essere combinate per soddisfare le richieste di processo ed alimentare un miscelatore in continuo. C-DYNAMIX pu\u00f2 essere fornito completo di sistema di trasporto sia per i componenti solidi che liquidi.<\/p>\n","protected":false},"featured_media":5407,"template":"","meta":{"_acf_changed":false},"product_brand":[],"product_cat":[304],"product_tag":[358,360,354,460,366,364,496,362,214,212,494],"class_list":{"0":"post-3432","1":"product","2":"type-product","3":"status-publish","4":"has-post-thumbnail","6":"product_cat-dosaggio-e-miscelazione-it","7":"product_tag-dosaggio-in-continuo","8":"product_tag-dosatore-gravimetrico","9":"product_tag-dosatore-multicomponente","10":"product_tag-dosatore-per-liquidi","11":"product_tag-estrusori-a-bocca-piena","12":"product_tag-estrusori-bocca-affamata","13":"product_tag-miscelazione-in-continuo-it","14":"product_tag-miscelazione-in-continuo","15":"product_tag-perdita-di-peso","16":"product_tag-sistema-di-dosaggio-a-perdita-di-peso","17":"product_tag-sistema-di-dosaggio-per-materiali-solidi","19":"first","20":"instock","21":"shipping-taxable","22":"product-type-simple"},"acf":[],"yoast_head":"<!-- This site is optimized with the Yoast SEO plugin v26.0 - https:\/\/yoast.com\/wordpress\/plugins\/seo\/ -->\n<title>C-DYNAMIX - Welcome to Syncro Group Website<\/title>\n<meta name=\"description\" content=\"PLANTECH-CST dosing and blending station C-DYNAMIX is a modular multi component continuous gravimetric feeding and blending station.\" \/>\n<meta name=\"robots\" content=\"index, follow, max-snippet:-1, max-image-preview:large, max-video-preview:-1\" \/>\n<link rel=\"canonical\" href=\"https:\/\/syncro-group.com\/plantech-cst\/it\/product\/c-dynamix-dosaggio-miscelazione-multicomponente\/\" \/>\n<meta property=\"og:locale\" content=\"it_IT\" \/>\n<meta property=\"og:type\" content=\"article\" \/>\n<meta property=\"og:title\" content=\"C-DYNAMIX - Welcome to Syncro Group Website\" \/>\n<meta property=\"og:description\" content=\"PLANTECH-CST dosing and blending station C-DYNAMIX is a modular multi component continuous gravimetric feeding and blending station.\" \/>\n<meta property=\"og:url\" content=\"https:\/\/syncro-group.com\/plantech-cst\/it\/product\/c-dynamix-dosaggio-miscelazione-multicomponente\/\" \/>\n<meta property=\"og:site_name\" content=\"Welcome to Syncro Group Website\" \/>\n<meta property=\"article:modified_time\" content=\"2021-03-16T12:15:11+00:00\" \/>\n<meta property=\"og:image\" content=\"https:\/\/syncro-group.com\/plantech-cst\/wp-content\/uploads\/2020\/07\/Dosatore-per-liquidi-tiger-Kannone.93.png\" \/>\n\t<meta property=\"og:image:width\" content=\"2300\" \/>\n\t<meta property=\"og:image:height\" content=\"1042\" \/>\n\t<meta property=\"og:image:type\" content=\"image\/png\" \/>\n<meta name=\"twitter:card\" content=\"summary_large_image\" \/>\n<script type=\"application\/ld+json\" class=\"yoast-schema-graph\">{\"@context\":\"https:\/\/schema.org\",\"@graph\":[{\"@type\":\"WebPage\",\"@id\":\"https:\/\/syncro-group.com\/plantech-cst\/it\/product\/c-dynamix-dosaggio-miscelazione-multicomponente\/\",\"url\":\"https:\/\/syncro-group.com\/plantech-cst\/it\/product\/c-dynamix-dosaggio-miscelazione-multicomponente\/\",\"name\":\"C-DYNAMIX - Welcome to Syncro Group Website\",\"isPartOf\":{\"@id\":\"https:\/\/syncro-group.com\/plantech-cst\/it\/#website\"},\"primaryImageOfPage\":{\"@id\":\"https:\/\/syncro-group.com\/plantech-cst\/it\/product\/c-dynamix-dosaggio-miscelazione-multicomponente\/#primaryimage\"},\"image\":{\"@id\":\"https:\/\/syncro-group.com\/plantech-cst\/it\/product\/c-dynamix-dosaggio-miscelazione-multicomponente\/#primaryimage\"},\"thumbnailUrl\":\"https:\/\/syncro-group.com\/plantech-cst\/wp-content\/uploads\/2020\/07\/Dosatore-per-liquidi-tiger-Kannone.93.png\",\"datePublished\":\"2020-07-06T15:12:58+00:00\",\"dateModified\":\"2021-03-16T12:15:11+00:00\",\"description\":\"PLANTECH-CST dosing and blending station C-DYNAMIX is a modular multi component continuous gravimetric feeding and blending station.\",\"breadcrumb\":{\"@id\":\"https:\/\/syncro-group.com\/plantech-cst\/it\/product\/c-dynamix-dosaggio-miscelazione-multicomponente\/#breadcrumb\"},\"inLanguage\":\"it-IT\",\"potentialAction\":[{\"@type\":\"ReadAction\",\"target\":[\"https:\/\/syncro-group.com\/plantech-cst\/it\/product\/c-dynamix-dosaggio-miscelazione-multicomponente\/\"]}]},{\"@type\":\"ImageObject\",\"inLanguage\":\"it-IT\",\"@id\":\"https:\/\/syncro-group.com\/plantech-cst\/it\/product\/c-dynamix-dosaggio-miscelazione-multicomponente\/#primaryimage\",\"url\":\"https:\/\/syncro-group.com\/plantech-cst\/wp-content\/uploads\/2020\/07\/Dosatore-per-liquidi-tiger-Kannone.93.png\",\"contentUrl\":\"https:\/\/syncro-group.com\/plantech-cst\/wp-content\/uploads\/2020\/07\/Dosatore-per-liquidi-tiger-Kannone.93.png\",\"width\":2300,\"height\":1042},{\"@type\":\"BreadcrumbList\",\"@id\":\"https:\/\/syncro-group.com\/plantech-cst\/it\/product\/c-dynamix-dosaggio-miscelazione-multicomponente\/#breadcrumb\",\"itemListElement\":[{\"@type\":\"ListItem\",\"position\":1,\"name\":\"Home\",\"item\":\"https:\/\/syncro-group.com\/plantech-cst\/it\/\"},{\"@type\":\"ListItem\",\"position\":2,\"name\":\"Prodotti\",\"item\":\"https:\/\/syncro-group.com\/plantech-cst\/it\/prodotti\/\"},{\"@type\":\"ListItem\",\"position\":3,\"name\":\"C-DYNAMIX\"}]},{\"@type\":\"WebSite\",\"@id\":\"https:\/\/syncro-group.com\/plantech-cst\/it\/#website\",\"url\":\"https:\/\/syncro-group.com\/plantech-cst\/it\/\",\"name\":\"Welcome to Syncro Group Website\",\"description\":\"\",\"potentialAction\":[{\"@type\":\"SearchAction\",\"target\":{\"@type\":\"EntryPoint\",\"urlTemplate\":\"https:\/\/syncro-group.com\/plantech-cst\/it\/?s={search_term_string}\"},\"query-input\":{\"@type\":\"PropertyValueSpecification\",\"valueRequired\":true,\"valueName\":\"search_term_string\"}}],\"inLanguage\":\"it-IT\"}]}<\/script>\n<!-- \/ Yoast SEO plugin. -->","yoast_head_json":{"title":"C-DYNAMIX - Welcome to Syncro Group Website","description":"PLANTECH-CST dosing and blending station C-DYNAMIX is a modular multi component continuous gravimetric feeding and blending station.","robots":{"index":"index","follow":"follow","max-snippet":"max-snippet:-1","max-image-preview":"max-image-preview:large","max-video-preview":"max-video-preview:-1"},"canonical":"https:\/\/syncro-group.com\/plantech-cst\/it\/product\/c-dynamix-dosaggio-miscelazione-multicomponente\/","og_locale":"it_IT","og_type":"article","og_title":"C-DYNAMIX - Welcome to Syncro Group Website","og_description":"PLANTECH-CST dosing and blending station C-DYNAMIX is a modular multi component continuous gravimetric feeding and blending station.","og_url":"https:\/\/syncro-group.com\/plantech-cst\/it\/product\/c-dynamix-dosaggio-miscelazione-multicomponente\/","og_site_name":"Welcome to Syncro Group Website","article_modified_time":"2021-03-16T12:15:11+00:00","og_image":[{"width":2300,"height":1042,"url":"https:\/\/syncro-group.com\/plantech-cst\/wp-content\/uploads\/2020\/07\/Dosatore-per-liquidi-tiger-Kannone.93.png","type":"image\/png"}],"twitter_card":"summary_large_image","schema":{"@context":"https:\/\/schema.org","@graph":[{"@type":"WebPage","@id":"https:\/\/syncro-group.com\/plantech-cst\/it\/product\/c-dynamix-dosaggio-miscelazione-multicomponente\/","url":"https:\/\/syncro-group.com\/plantech-cst\/it\/product\/c-dynamix-dosaggio-miscelazione-multicomponente\/","name":"C-DYNAMIX - Welcome to Syncro Group Website","isPartOf":{"@id":"https:\/\/syncro-group.com\/plantech-cst\/it\/#website"},"primaryImageOfPage":{"@id":"https:\/\/syncro-group.com\/plantech-cst\/it\/product\/c-dynamix-dosaggio-miscelazione-multicomponente\/#primaryimage"},"image":{"@id":"https:\/\/syncro-group.com\/plantech-cst\/it\/product\/c-dynamix-dosaggio-miscelazione-multicomponente\/#primaryimage"},"thumbnailUrl":"https:\/\/syncro-group.com\/plantech-cst\/wp-content\/uploads\/2020\/07\/Dosatore-per-liquidi-tiger-Kannone.93.png","datePublished":"2020-07-06T15:12:58+00:00","dateModified":"2021-03-16T12:15:11+00:00","description":"PLANTECH-CST dosing and blending station C-DYNAMIX is a modular multi component continuous gravimetric feeding and blending station.","breadcrumb":{"@id":"https:\/\/syncro-group.com\/plantech-cst\/it\/product\/c-dynamix-dosaggio-miscelazione-multicomponente\/#breadcrumb"},"inLanguage":"it-IT","potentialAction":[{"@type":"ReadAction","target":["https:\/\/syncro-group.com\/plantech-cst\/it\/product\/c-dynamix-dosaggio-miscelazione-multicomponente\/"]}]},{"@type":"ImageObject","inLanguage":"it-IT","@id":"https:\/\/syncro-group.com\/plantech-cst\/it\/product\/c-dynamix-dosaggio-miscelazione-multicomponente\/#primaryimage","url":"https:\/\/syncro-group.com\/plantech-cst\/wp-content\/uploads\/2020\/07\/Dosatore-per-liquidi-tiger-Kannone.93.png","contentUrl":"https:\/\/syncro-group.com\/plantech-cst\/wp-content\/uploads\/2020\/07\/Dosatore-per-liquidi-tiger-Kannone.93.png","width":2300,"height":1042},{"@type":"BreadcrumbList","@id":"https:\/\/syncro-group.com\/plantech-cst\/it\/product\/c-dynamix-dosaggio-miscelazione-multicomponente\/#breadcrumb","itemListElement":[{"@type":"ListItem","position":1,"name":"Home","item":"https:\/\/syncro-group.com\/plantech-cst\/it\/"},{"@type":"ListItem","position":2,"name":"Prodotti","item":"https:\/\/syncro-group.com\/plantech-cst\/it\/prodotti\/"},{"@type":"ListItem","position":3,"name":"C-DYNAMIX"}]},{"@type":"WebSite","@id":"https:\/\/syncro-group.com\/plantech-cst\/it\/#website","url":"https:\/\/syncro-group.com\/plantech-cst\/it\/","name":"Welcome to Syncro Group Website","description":"","potentialAction":[{"@type":"SearchAction","target":{"@type":"EntryPoint","urlTemplate":"https:\/\/syncro-group.com\/plantech-cst\/it\/?s={search_term_string}"},"query-input":{"@type":"PropertyValueSpecification","valueRequired":true,"valueName":"search_term_string"}}],"inLanguage":"it-IT"}]}},"_links":{"self":[{"href":"https:\/\/syncro-group.com\/plantech-cst\/it\/wp-json\/wp\/v2\/product\/3432","targetHints":{"allow":["GET"]}}],"collection":[{"href":"https:\/\/syncro-group.com\/plantech-cst\/it\/wp-json\/wp\/v2\/product"}],"about":[{"href":"https:\/\/syncro-group.com\/plantech-cst\/it\/wp-json\/wp\/v2\/types\/product"}],"wp:featuredmedia":[{"embeddable":true,"href":"https:\/\/syncro-group.com\/plantech-cst\/it\/wp-json\/wp\/v2\/media\/5407"}],"wp:attachment":[{"href":"https:\/\/syncro-group.com\/plantech-cst\/it\/wp-json\/wp\/v2\/media?parent=3432"}],"wp:term":[{"taxonomy":"product_brand","embeddable":true,"href":"https:\/\/syncro-group.com\/plantech-cst\/it\/wp-json\/wp\/v2\/product_brand?post=3432"},{"taxonomy":"product_cat","embeddable":true,"href":"https:\/\/syncro-group.com\/plantech-cst\/it\/wp-json\/wp\/v2\/product_cat?post=3432"},{"taxonomy":"product_tag","embeddable":true,"href":"https:\/\/syncro-group.com\/plantech-cst\/it\/wp-json\/wp\/v2\/product_tag?post=3432"}],"curies":[{"name":"wp","href":"https:\/\/api.w.org\/{rel}","templated":true}]}}