{"id":3499,"date":"2020-07-07T12:08:52","date_gmt":"2020-07-07T10:08:52","guid":{"rendered":"http:\/\/plantech.testsuite.tk\/?post_type=product&#038;p=3499"},"modified":"2023-04-26T10:53:33","modified_gmt":"2023-04-26T08:53:33","slug":"df-fase-densa","status":"publish","type":"product","link":"https:\/\/syncro-group.com\/plantech-cst\/it\/product\/df-fase-densa\/","title":{"rendered":"DF &#8211; Fase Densa"},"content":{"rendered":"<ul class=\"advantages\"><li>TRAMOGGE DI DIVERSE CAPACITA\u2019 - La modularit\u00e0 delle apparecchiature di Plantech-CST consente all\u2019utente di utilizzare diverse capacit\u00e0 di tramoggia standard (da 24 a 2000 litri) e per diverse portate (da 100 a 30000 Kg\/h)<\/li><li>SISTEMA DI CONTROLLO E INDUSTRIA 4.0 - Il sistema di controllo del trasporto pu\u00f2 gestire da un singolo ricevitore fino a pi\u00f9 ricevitori e linee di produzione. Il PLC \u00e8 fornito con protocollo OPC\/UA incorporato, che rende ogni macchina modulare e pronta per l\u2019industria 4.0.<\/li><li>HMI - Il sistema di controllo del trasporto \u00e8 dotato di un touchscreen HMI intuitivo (7\u201d-9\u201d-15\u201d).<\/li><li>INSTALLAZIONE - L\u2019apparecchiatura viene sempre fornita pre-cablata con scatole di derivazione per consentire un\u2019installazione facile e veloce.<\/li><li>OPZIONI DISPONIBILI - Come opzione pu\u00f2 essere progettato per alte temperature, conforme ATEX e\/o conforme FDA.<\/li><\/ul>\n","protected":false},"excerpt":{"rendered":"<p>Il trasporto pneumatico in <strong>fase densa DF<\/strong> \u00e8 adatto per la <strong>movimentazione di prodotti sfusi come pellet, polveri e rimacinati<\/strong>. E\u2019 il modo migliore per <strong>trasportare miscele, prodotti abrasivi fragili<\/strong>. Le caratteristiche principali sono la <strong>bassa velocit\u00e0 di trasporto (5-10 m\/s)<\/strong> e la <strong>bassa quantit\u00e0 di aria<\/strong> utilizzata per spostare grandi quantit\u00e0 di prodotto.<br \/>\nUna tramoggia in pressione sposta il prodotto attraverso l\u2019aria compressa nella linea di trasporto nei sistemi a \u201ctubo pieni\u201d. Parallelamente alle tubazioni del prodotto, vengono installati iniettori d\u2019aria aggiuntivi per mantenere costante la velocit\u00e0 di trasporto e ridurre l\u2019attrito del prodotto. In questo modo, grandi quantit\u00e0 di prodotto possono essere trasportate su lunghe distanze mantenendo le caratteristiche originali.<\/p>\n","protected":false},"featured_media":4228,"template":"","meta":{"_acf_changed":false},"product_brand":[],"product_cat":[306],"product_tag":[196,368,388,424,426,418,422,416,414,420],"class_list":{"0":"post-3499","1":"product","2":"type-product","3":"status-publish","4":"has-post-thumbnail","6":"product_cat-trasporto-fase-densa-it","7":"product_tag-dosaggio-granulo","8":"product_tag-dosaggio-rimacinato","9":"product_tag-movimentazione-polveri","10":"product_tag-trasporto-materiale-abrasivo","11":"product_tag-trasporto-materiale-pre-miscelato","12":"product_tag-trasporto-materiale-sfuso","13":"product_tag-trasporto-materiali-fragili","14":"product_tag-trasporto-pneumatico-bassa-velocita","15":"product_tag-trasporto-pneumatico-fase-densa","16":"product_tag-trasporto-su-lunghe-distanze","18":"first","19":"instock","20":"shipping-taxable","21":"product-type-simple"},"acf":[],"yoast_head":"<!-- This site is optimized with the Yoast SEO plugin v26.0 - https:\/\/yoast.com\/wordpress\/plugins\/seo\/ -->\n<title>DF - Fase Densa - Welcome to Syncro Group Website<\/title>\n<meta name=\"description\" content=\"Il trasporto pneumatico in fase densa DF \u00e8 ideale per trasportare miscele, prodotti abrasivi e fragili sotto forma di pellet, polveri e rimacinati.\" \/>\n<meta name=\"robots\" content=\"index, follow, max-snippet:-1, max-image-preview:large, max-video-preview:-1\" \/>\n<link rel=\"canonical\" href=\"https:\/\/syncro-group.com\/plantech-cst\/it\/product\/df-fase-densa\/\" \/>\n<meta property=\"og:locale\" content=\"it_IT\" \/>\n<meta property=\"og:type\" content=\"article\" \/>\n<meta property=\"og:title\" content=\"DF - Fase Densa - Welcome to Syncro Group Website\" \/>\n<meta property=\"og:description\" content=\"Il trasporto pneumatico in fase densa DF \u00e8 ideale per trasportare miscele, prodotti abrasivi e fragili sotto forma di pellet, polveri e rimacinati.\" \/>\n<meta property=\"og:url\" content=\"https:\/\/syncro-group.com\/plantech-cst\/it\/product\/df-fase-densa\/\" \/>\n<meta property=\"og:site_name\" content=\"Welcome to Syncro Group Website\" \/>\n<meta property=\"article:modified_time\" content=\"2023-04-26T08:53:33+00:00\" \/>\n<meta property=\"og:image\" content=\"https:\/\/syncro-group.com\/plantech-cst\/wp-content\/uploads\/2020\/07\/DF-fase-densa-1024.jpg\" \/>\n\t<meta property=\"og:image:width\" content=\"1024\" \/>\n\t<meta property=\"og:image:height\" content=\"1024\" \/>\n\t<meta property=\"og:image:type\" content=\"image\/jpeg\" \/>\n<meta name=\"twitter:card\" content=\"summary_large_image\" \/>\n<script type=\"application\/ld+json\" class=\"yoast-schema-graph\">{\"@context\":\"https:\/\/schema.org\",\"@graph\":[{\"@type\":\"WebPage\",\"@id\":\"https:\/\/syncro-group.com\/plantech-cst\/it\/product\/df-fase-densa\/\",\"url\":\"https:\/\/syncro-group.com\/plantech-cst\/it\/product\/df-fase-densa\/\",\"name\":\"DF - Fase Densa - Welcome to Syncro Group Website\",\"isPartOf\":{\"@id\":\"https:\/\/syncro-group.com\/plantech-cst\/it\/#website\"},\"primaryImageOfPage\":{\"@id\":\"https:\/\/syncro-group.com\/plantech-cst\/it\/product\/df-fase-densa\/#primaryimage\"},\"image\":{\"@id\":\"https:\/\/syncro-group.com\/plantech-cst\/it\/product\/df-fase-densa\/#primaryimage\"},\"thumbnailUrl\":\"https:\/\/syncro-group.com\/plantech-cst\/wp-content\/uploads\/2020\/07\/DF-fase-densa-1024.jpg\",\"datePublished\":\"2020-07-07T10:08:52+00:00\",\"dateModified\":\"2023-04-26T08:53:33+00:00\",\"description\":\"Il trasporto pneumatico in fase densa DF \u00e8 ideale per trasportare miscele, prodotti abrasivi e fragili sotto forma di pellet, polveri e rimacinati.\",\"breadcrumb\":{\"@id\":\"https:\/\/syncro-group.com\/plantech-cst\/it\/product\/df-fase-densa\/#breadcrumb\"},\"inLanguage\":\"it-IT\",\"potentialAction\":[{\"@type\":\"ReadAction\",\"target\":[\"https:\/\/syncro-group.com\/plantech-cst\/it\/product\/df-fase-densa\/\"]}]},{\"@type\":\"ImageObject\",\"inLanguage\":\"it-IT\",\"@id\":\"https:\/\/syncro-group.com\/plantech-cst\/it\/product\/df-fase-densa\/#primaryimage\",\"url\":\"https:\/\/syncro-group.com\/plantech-cst\/wp-content\/uploads\/2020\/07\/DF-fase-densa-1024.jpg\",\"contentUrl\":\"https:\/\/syncro-group.com\/plantech-cst\/wp-content\/uploads\/2020\/07\/DF-fase-densa-1024.jpg\",\"width\":1024,\"height\":1024,\"caption\":\"Conveying\"},{\"@type\":\"BreadcrumbList\",\"@id\":\"https:\/\/syncro-group.com\/plantech-cst\/it\/product\/df-fase-densa\/#breadcrumb\",\"itemListElement\":[{\"@type\":\"ListItem\",\"position\":1,\"name\":\"Home\",\"item\":\"https:\/\/syncro-group.com\/plantech-cst\/it\/\"},{\"@type\":\"ListItem\",\"position\":2,\"name\":\"Prodotti\",\"item\":\"https:\/\/syncro-group.com\/plantech-cst\/it\/prodotti\/\"},{\"@type\":\"ListItem\",\"position\":3,\"name\":\"DF &#8211; Fase Densa\"}]},{\"@type\":\"WebSite\",\"@id\":\"https:\/\/syncro-group.com\/plantech-cst\/it\/#website\",\"url\":\"https:\/\/syncro-group.com\/plantech-cst\/it\/\",\"name\":\"Welcome to Syncro Group Website\",\"description\":\"\",\"potentialAction\":[{\"@type\":\"SearchAction\",\"target\":{\"@type\":\"EntryPoint\",\"urlTemplate\":\"https:\/\/syncro-group.com\/plantech-cst\/it\/?s={search_term_string}\"},\"query-input\":{\"@type\":\"PropertyValueSpecification\",\"valueRequired\":true,\"valueName\":\"search_term_string\"}}],\"inLanguage\":\"it-IT\"}]}<\/script>\n<!-- \/ Yoast SEO plugin. -->","yoast_head_json":{"title":"DF - Fase Densa - Welcome to Syncro Group Website","description":"Il trasporto pneumatico in fase densa DF \u00e8 ideale per trasportare miscele, prodotti abrasivi e fragili sotto forma di pellet, polveri e rimacinati.","robots":{"index":"index","follow":"follow","max-snippet":"max-snippet:-1","max-image-preview":"max-image-preview:large","max-video-preview":"max-video-preview:-1"},"canonical":"https:\/\/syncro-group.com\/plantech-cst\/it\/product\/df-fase-densa\/","og_locale":"it_IT","og_type":"article","og_title":"DF - Fase Densa - Welcome to Syncro Group Website","og_description":"Il trasporto pneumatico in fase densa DF \u00e8 ideale per trasportare miscele, prodotti abrasivi e fragili sotto forma di pellet, polveri e rimacinati.","og_url":"https:\/\/syncro-group.com\/plantech-cst\/it\/product\/df-fase-densa\/","og_site_name":"Welcome to Syncro Group Website","article_modified_time":"2023-04-26T08:53:33+00:00","og_image":[{"width":1024,"height":1024,"url":"https:\/\/syncro-group.com\/plantech-cst\/wp-content\/uploads\/2020\/07\/DF-fase-densa-1024.jpg","type":"image\/jpeg"}],"twitter_card":"summary_large_image","schema":{"@context":"https:\/\/schema.org","@graph":[{"@type":"WebPage","@id":"https:\/\/syncro-group.com\/plantech-cst\/it\/product\/df-fase-densa\/","url":"https:\/\/syncro-group.com\/plantech-cst\/it\/product\/df-fase-densa\/","name":"DF - Fase Densa - Welcome to Syncro Group Website","isPartOf":{"@id":"https:\/\/syncro-group.com\/plantech-cst\/it\/#website"},"primaryImageOfPage":{"@id":"https:\/\/syncro-group.com\/plantech-cst\/it\/product\/df-fase-densa\/#primaryimage"},"image":{"@id":"https:\/\/syncro-group.com\/plantech-cst\/it\/product\/df-fase-densa\/#primaryimage"},"thumbnailUrl":"https:\/\/syncro-group.com\/plantech-cst\/wp-content\/uploads\/2020\/07\/DF-fase-densa-1024.jpg","datePublished":"2020-07-07T10:08:52+00:00","dateModified":"2023-04-26T08:53:33+00:00","description":"Il trasporto pneumatico in fase densa DF \u00e8 ideale per trasportare miscele, prodotti abrasivi e fragili sotto forma di pellet, polveri e rimacinati.","breadcrumb":{"@id":"https:\/\/syncro-group.com\/plantech-cst\/it\/product\/df-fase-densa\/#breadcrumb"},"inLanguage":"it-IT","potentialAction":[{"@type":"ReadAction","target":["https:\/\/syncro-group.com\/plantech-cst\/it\/product\/df-fase-densa\/"]}]},{"@type":"ImageObject","inLanguage":"it-IT","@id":"https:\/\/syncro-group.com\/plantech-cst\/it\/product\/df-fase-densa\/#primaryimage","url":"https:\/\/syncro-group.com\/plantech-cst\/wp-content\/uploads\/2020\/07\/DF-fase-densa-1024.jpg","contentUrl":"https:\/\/syncro-group.com\/plantech-cst\/wp-content\/uploads\/2020\/07\/DF-fase-densa-1024.jpg","width":1024,"height":1024,"caption":"Conveying"},{"@type":"BreadcrumbList","@id":"https:\/\/syncro-group.com\/plantech-cst\/it\/product\/df-fase-densa\/#breadcrumb","itemListElement":[{"@type":"ListItem","position":1,"name":"Home","item":"https:\/\/syncro-group.com\/plantech-cst\/it\/"},{"@type":"ListItem","position":2,"name":"Prodotti","item":"https:\/\/syncro-group.com\/plantech-cst\/it\/prodotti\/"},{"@type":"ListItem","position":3,"name":"DF &#8211; Fase Densa"}]},{"@type":"WebSite","@id":"https:\/\/syncro-group.com\/plantech-cst\/it\/#website","url":"https:\/\/syncro-group.com\/plantech-cst\/it\/","name":"Welcome to Syncro Group Website","description":"","potentialAction":[{"@type":"SearchAction","target":{"@type":"EntryPoint","urlTemplate":"https:\/\/syncro-group.com\/plantech-cst\/it\/?s={search_term_string}"},"query-input":{"@type":"PropertyValueSpecification","valueRequired":true,"valueName":"search_term_string"}}],"inLanguage":"it-IT"}]}},"_links":{"self":[{"href":"https:\/\/syncro-group.com\/plantech-cst\/it\/wp-json\/wp\/v2\/product\/3499","targetHints":{"allow":["GET"]}}],"collection":[{"href":"https:\/\/syncro-group.com\/plantech-cst\/it\/wp-json\/wp\/v2\/product"}],"about":[{"href":"https:\/\/syncro-group.com\/plantech-cst\/it\/wp-json\/wp\/v2\/types\/product"}],"wp:featuredmedia":[{"embeddable":true,"href":"https:\/\/syncro-group.com\/plantech-cst\/it\/wp-json\/wp\/v2\/media\/4228"}],"wp:attachment":[{"href":"https:\/\/syncro-group.com\/plantech-cst\/it\/wp-json\/wp\/v2\/media?parent=3499"}],"wp:term":[{"taxonomy":"product_brand","embeddable":true,"href":"https:\/\/syncro-group.com\/plantech-cst\/it\/wp-json\/wp\/v2\/product_brand?post=3499"},{"taxonomy":"product_cat","embeddable":true,"href":"https:\/\/syncro-group.com\/plantech-cst\/it\/wp-json\/wp\/v2\/product_cat?post=3499"},{"taxonomy":"product_tag","embeddable":true,"href":"https:\/\/syncro-group.com\/plantech-cst\/it\/wp-json\/wp\/v2\/product_tag?post=3499"}],"curies":[{"name":"wp","href":"https:\/\/api.w.org\/{rel}","templated":true}]}}