{"id":9402,"date":"2025-05-13T12:11:53","date_gmt":"2025-05-13T10:11:58","guid":{"rendered":"https:\/\/syncro-group.com\/plantech-cst\/?post_type=product&#038;p=9402"},"modified":"2025-05-16T12:23:08","modified_gmt":"2025-05-16T10:23:08","slug":"rc-lab","status":"publish","type":"product","link":"https:\/\/syncro-group.com\/plantech-cst\/it\/product\/rc-lab\/","title":{"rendered":"RC LAB"},"content":{"rendered":"","protected":false},"excerpt":{"rendered":"<p>Il miscelatore da laboratorio RC LAB \u00e8 adatto alla miscelazione di PVC secco, vernici in polvere, masterbatch di pigmenti, gomme termoplastiche, compositi legno-plastica (WPC). Off re un\u2019elevata riproducibilit\u00e0 del processo dell\u2019impianto di produzione, adatto per fornire dati essenziali per migliorare la produttivit\u00e0 e la qualit\u00e0. RC LAB consente la miscelazione e il raffreddamento nella stessa unit\u00e0 grazie alla doppia parete che consente la circolazione di acqua.<\/p>\n","protected":false},"featured_media":9451,"template":"","meta":{"_acf_changed":false},"product_brand":[],"product_cat":[897],"product_tag":[],"class_list":{"0":"post-9402","1":"product","2":"type-product","3":"status-publish","4":"has-post-thumbnail","6":"product_cat-cacciamyx-it","8":"first","9":"instock","10":"shipping-taxable","11":"product-type-simple"},"acf":[],"yoast_head":"<!-- This site is optimized with the Yoast SEO plugin v26.0 - https:\/\/yoast.com\/wordpress\/plugins\/seo\/ -->\n<title>RC LAB - Welcome to Syncro Group Website<\/title>\n<meta name=\"robots\" content=\"index, follow, max-snippet:-1, max-image-preview:large, max-video-preview:-1\" \/>\n<link rel=\"canonical\" href=\"https:\/\/syncro-group.com\/plantech-cst\/it\/product\/rc-lab\/\" \/>\n<meta property=\"og:locale\" content=\"it_IT\" \/>\n<meta property=\"og:type\" content=\"article\" \/>\n<meta property=\"og:title\" content=\"RC LAB - Welcome to Syncro Group Website\" \/>\n<meta property=\"og:description\" content=\"Il miscelatore da laboratorio RC LAB \u00e8 adatto alla miscelazione di PVC secco, vernici in polvere, masterbatch di pigmenti, gomme termoplastiche, compositi legno-plastica (WPC). Off re un\u2019elevata riproducibilit\u00e0 del processo dell\u2019impianto di produzione, adatto per fornire dati essenziali per migliorare la produttivit\u00e0 e la qualit\u00e0. RC LAB consente la miscelazione e il raffreddamento nella stessa unit\u00e0 grazie alla doppia parete che consente la circolazione di acqua.\" \/>\n<meta property=\"og:url\" content=\"https:\/\/syncro-group.com\/plantech-cst\/it\/product\/rc-lab\/\" \/>\n<meta property=\"og:site_name\" content=\"Welcome to Syncro Group Website\" \/>\n<meta property=\"article:modified_time\" content=\"2025-05-16T10:23:08+00:00\" \/>\n<meta name=\"twitter:card\" content=\"summary_large_image\" \/>\n<script type=\"application\/ld+json\" class=\"yoast-schema-graph\">{\"@context\":\"https:\/\/schema.org\",\"@graph\":[{\"@type\":\"WebPage\",\"@id\":\"https:\/\/syncro-group.com\/plantech-cst\/it\/product\/rc-lab\/\",\"url\":\"https:\/\/syncro-group.com\/plantech-cst\/it\/product\/rc-lab\/\",\"name\":\"RC LAB - Welcome to Syncro Group Website\",\"isPartOf\":{\"@id\":\"https:\/\/syncro-group.com\/plantech-cst\/it\/#website\"},\"primaryImageOfPage\":{\"@id\":\"https:\/\/syncro-group.com\/plantech-cst\/it\/product\/rc-lab\/#primaryimage\"},\"image\":{\"@id\":\"https:\/\/syncro-group.com\/plantech-cst\/it\/product\/rc-lab\/#primaryimage\"},\"thumbnailUrl\":\"https:\/\/syncro-group.com\/plantech-cst\/wp-content\/uploads\/2025\/05\/LAB_01_trasparente-1.png\",\"datePublished\":\"2025-05-13T10:11:58+00:00\",\"dateModified\":\"2025-05-16T10:23:08+00:00\",\"breadcrumb\":{\"@id\":\"https:\/\/syncro-group.com\/plantech-cst\/it\/product\/rc-lab\/#breadcrumb\"},\"inLanguage\":\"it-IT\",\"potentialAction\":[{\"@type\":\"ReadAction\",\"target\":[\"https:\/\/syncro-group.com\/plantech-cst\/it\/product\/rc-lab\/\"]}]},{\"@type\":\"ImageObject\",\"inLanguage\":\"it-IT\",\"@id\":\"https:\/\/syncro-group.com\/plantech-cst\/it\/product\/rc-lab\/#primaryimage\",\"url\":\"https:\/\/syncro-group.com\/plantech-cst\/wp-content\/uploads\/2025\/05\/LAB_01_trasparente-1.png\",\"contentUrl\":\"https:\/\/syncro-group.com\/plantech-cst\/wp-content\/uploads\/2025\/05\/LAB_01_trasparente-1.png\",\"width\":2408,\"height\":2160},{\"@type\":\"BreadcrumbList\",\"@id\":\"https:\/\/syncro-group.com\/plantech-cst\/it\/product\/rc-lab\/#breadcrumb\",\"itemListElement\":[{\"@type\":\"ListItem\",\"position\":1,\"name\":\"Home\",\"item\":\"https:\/\/syncro-group.com\/plantech-cst\/it\/\"},{\"@type\":\"ListItem\",\"position\":2,\"name\":\"Prodotti\",\"item\":\"https:\/\/syncro-group.com\/plantech-cst\/it\/prodotti\/\"},{\"@type\":\"ListItem\",\"position\":3,\"name\":\"RC LAB\"}]},{\"@type\":\"WebSite\",\"@id\":\"https:\/\/syncro-group.com\/plantech-cst\/it\/#website\",\"url\":\"https:\/\/syncro-group.com\/plantech-cst\/it\/\",\"name\":\"Welcome to Syncro Group Website\",\"description\":\"\",\"potentialAction\":[{\"@type\":\"SearchAction\",\"target\":{\"@type\":\"EntryPoint\",\"urlTemplate\":\"https:\/\/syncro-group.com\/plantech-cst\/it\/?s={search_term_string}\"},\"query-input\":{\"@type\":\"PropertyValueSpecification\",\"valueRequired\":true,\"valueName\":\"search_term_string\"}}],\"inLanguage\":\"it-IT\"}]}<\/script>\n<!-- \/ Yoast SEO plugin. -->","yoast_head_json":{"title":"RC LAB - Welcome to Syncro Group Website","robots":{"index":"index","follow":"follow","max-snippet":"max-snippet:-1","max-image-preview":"max-image-preview:large","max-video-preview":"max-video-preview:-1"},"canonical":"https:\/\/syncro-group.com\/plantech-cst\/it\/product\/rc-lab\/","og_locale":"it_IT","og_type":"article","og_title":"RC LAB - Welcome to Syncro Group Website","og_description":"Il miscelatore da laboratorio RC LAB \u00e8 adatto alla miscelazione di PVC secco, vernici in polvere, masterbatch di pigmenti, gomme termoplastiche, compositi legno-plastica (WPC). Off re un\u2019elevata riproducibilit\u00e0 del processo dell\u2019impianto di produzione, adatto per fornire dati essenziali per migliorare la produttivit\u00e0 e la qualit\u00e0. RC LAB consente la miscelazione e il raffreddamento nella stessa unit\u00e0 grazie alla doppia parete che consente la circolazione di acqua.","og_url":"https:\/\/syncro-group.com\/plantech-cst\/it\/product\/rc-lab\/","og_site_name":"Welcome to Syncro Group Website","article_modified_time":"2025-05-16T10:23:08+00:00","twitter_card":"summary_large_image","schema":{"@context":"https:\/\/schema.org","@graph":[{"@type":"WebPage","@id":"https:\/\/syncro-group.com\/plantech-cst\/it\/product\/rc-lab\/","url":"https:\/\/syncro-group.com\/plantech-cst\/it\/product\/rc-lab\/","name":"RC LAB - Welcome to Syncro Group Website","isPartOf":{"@id":"https:\/\/syncro-group.com\/plantech-cst\/it\/#website"},"primaryImageOfPage":{"@id":"https:\/\/syncro-group.com\/plantech-cst\/it\/product\/rc-lab\/#primaryimage"},"image":{"@id":"https:\/\/syncro-group.com\/plantech-cst\/it\/product\/rc-lab\/#primaryimage"},"thumbnailUrl":"https:\/\/syncro-group.com\/plantech-cst\/wp-content\/uploads\/2025\/05\/LAB_01_trasparente-1.png","datePublished":"2025-05-13T10:11:58+00:00","dateModified":"2025-05-16T10:23:08+00:00","breadcrumb":{"@id":"https:\/\/syncro-group.com\/plantech-cst\/it\/product\/rc-lab\/#breadcrumb"},"inLanguage":"it-IT","potentialAction":[{"@type":"ReadAction","target":["https:\/\/syncro-group.com\/plantech-cst\/it\/product\/rc-lab\/"]}]},{"@type":"ImageObject","inLanguage":"it-IT","@id":"https:\/\/syncro-group.com\/plantech-cst\/it\/product\/rc-lab\/#primaryimage","url":"https:\/\/syncro-group.com\/plantech-cst\/wp-content\/uploads\/2025\/05\/LAB_01_trasparente-1.png","contentUrl":"https:\/\/syncro-group.com\/plantech-cst\/wp-content\/uploads\/2025\/05\/LAB_01_trasparente-1.png","width":2408,"height":2160},{"@type":"BreadcrumbList","@id":"https:\/\/syncro-group.com\/plantech-cst\/it\/product\/rc-lab\/#breadcrumb","itemListElement":[{"@type":"ListItem","position":1,"name":"Home","item":"https:\/\/syncro-group.com\/plantech-cst\/it\/"},{"@type":"ListItem","position":2,"name":"Prodotti","item":"https:\/\/syncro-group.com\/plantech-cst\/it\/prodotti\/"},{"@type":"ListItem","position":3,"name":"RC LAB"}]},{"@type":"WebSite","@id":"https:\/\/syncro-group.com\/plantech-cst\/it\/#website","url":"https:\/\/syncro-group.com\/plantech-cst\/it\/","name":"Welcome to Syncro Group Website","description":"","potentialAction":[{"@type":"SearchAction","target":{"@type":"EntryPoint","urlTemplate":"https:\/\/syncro-group.com\/plantech-cst\/it\/?s={search_term_string}"},"query-input":{"@type":"PropertyValueSpecification","valueRequired":true,"valueName":"search_term_string"}}],"inLanguage":"it-IT"}]}},"_links":{"self":[{"href":"https:\/\/syncro-group.com\/plantech-cst\/it\/wp-json\/wp\/v2\/product\/9402","targetHints":{"allow":["GET"]}}],"collection":[{"href":"https:\/\/syncro-group.com\/plantech-cst\/it\/wp-json\/wp\/v2\/product"}],"about":[{"href":"https:\/\/syncro-group.com\/plantech-cst\/it\/wp-json\/wp\/v2\/types\/product"}],"wp:featuredmedia":[{"embeddable":true,"href":"https:\/\/syncro-group.com\/plantech-cst\/it\/wp-json\/wp\/v2\/media\/9451"}],"wp:attachment":[{"href":"https:\/\/syncro-group.com\/plantech-cst\/it\/wp-json\/wp\/v2\/media?parent=9402"}],"wp:term":[{"taxonomy":"product_brand","embeddable":true,"href":"https:\/\/syncro-group.com\/plantech-cst\/it\/wp-json\/wp\/v2\/product_brand?post=9402"},{"taxonomy":"product_cat","embeddable":true,"href":"https:\/\/syncro-group.com\/plantech-cst\/it\/wp-json\/wp\/v2\/product_cat?post=9402"},{"taxonomy":"product_tag","embeddable":true,"href":"https:\/\/syncro-group.com\/plantech-cst\/it\/wp-json\/wp\/v2\/product_tag?post=9402"}],"curies":[{"name":"wp","href":"https:\/\/api.w.org\/{rel}","templated":true}]}}