{"id":4599,"date":"2013-08-11T19:06:15","date_gmt":"2013-08-11T19:06:15","guid":{"rendered":"https:\/\/syncro-group.com\/plasmac\/about\/"},"modified":"2021-04-19T16:36:57","modified_gmt":"2021-04-19T14:36:57","slug":"about","status":"publish","type":"page","link":"https:\/\/syncro-group.com\/plasmac\/es\/about\/","title":{"rendered":"Sobre nosotros"},"content":{"rendered":"\n  <div class=\"banner has-hover has-parallax\" id=\"banner-134938996\">\n          <div class=\"banner-inner fill\">\n        <div class=\"banner-bg fill\" data-parallax=\"-3\" data-parallax-container=\".banner\" data-parallax-background>\n            <img loading=\"lazy\" decoding=\"async\" width=\"1020\" height=\"239\" src=\"https:\/\/syncro-group.com\/plasmac\/wp-content\/uploads\/2020\/09\/Gatto-e-tigre-largo-per-web-1400x328.jpg\" class=\"bg attachment-large size-large\" alt=\"\" \/>                        <div class=\"overlay\"><\/div>            \n                    <\/div>\n\t\t\n        <div class=\"banner-layers container\">\n            <div class=\"fill banner-link\"><\/div>            \n   <div id=\"text-box-1327908485\" class=\"text-box banner-layer text-box-square x15 md-x15 lg-x15 y50 md-y50 lg-y50 res-text\">\n                                <div class=\"text-box-content text dark\">\n              \n              <div class=\"text-inner text-center\">\n                  \n<div class=\"main_slider_text_container\">\n<h3 class=\"uppercase\"><strong>SOBRE<\/strong> NOSOTROS<\/h3>\n<p>TODO LO QUE LOGRAMOS<\/p>\n<p>SE DEBE AL ESFUERZO COMBINADO<\/p>\n<\/div>\n              <\/div>\n           <\/div>\n                            \n<style>\n#text-box-1327908485 .text-box-content {\n  background-color: rgba(255, 255, 255, 0.15);\n  font-size: 100%;\n}\n#text-box-1327908485 {\n  width: 31%;\n}\n<\/style>\n    <\/div>\n \n        <\/div>\n      <\/div>\n\n            \n<style>\n#banner-134938996 {\n  padding-top: 400px;\n}\n#banner-134938996 .overlay {\n  background-color: rgba(0, 0, 0, 0.49);\n}\n#banner-134938996 .banner-bg img {\n  object-position: 42% 47%;\n}\n<\/style>\n  <\/div>\n\n\n<div class=\"row\"  id=\"row-461893572\">\n\n\t<div id=\"col-326175698\" class=\"col small-12 large-12\"  >\n\t\t\t\t<div class=\"col-inner\"  >\n\t\t\t\n\t\t\t\n<p><span style=\"font-size: 130%;\">El\u00a0<strong>Grupo Syncro<\/strong>\u00a0es el holding creado para gestionar las tres empresas independientes que lo componen. De esta manera, el negocio puede asegurar que todas las empresas viven la filosof\u00eda de una sinergia circular para apoyar a sus clientes de la industria del pl\u00e1stico a\u00a0<strong>maximizar<\/strong>\u00a0su\u00a0<strong>productividad<\/strong>,\u00a0<strong>minimizar los residuos<\/strong>\u00a0y\u00a0<strong>reducir el consumo de energ\u00eda<\/strong>.<\/span><\/p>\n<p class=\"p1\"><span style=\"font-size: 130%;\"><strong>Syncro<\/strong>\u00a0es un l\u00edder mundial en el campo de la automatizaci\u00f3n dentro de la\u00a0<strong>industria de la<\/strong>\u00a0<strong>extrusi\u00f3n de pl\u00e1stico<\/strong>. Si a esto le a\u00f1adimos la asociaci\u00f3n de Syncro con\u00a0<strong>MAGUIRE<\/strong>, l\u00edder mundial en la fabricaci\u00f3n de equipos auxiliares dedicados a la industria de la manipulaci\u00f3n de materiales pl\u00e1sticos, ha nacido<\/span> <a style=\"font-size: 20.16px;\" href=\"https:\/\/www.maguire.com\/products\/maguire-syncro\/\"><strong>MAGUIRE+SYNCRO<\/strong><\/a><span style=\"font-size: 20.16px;\"> una cooperaci\u00f3n beneficiosa para ampliar las gamas de productos de cada uno e impulsar sus desarrollos tecnol\u00f3gicos conjuntos en curso.<\/span><\/p>\n<p class=\"lead\"><strong>Plasmac<\/strong>\u00a0es la\u00a0<strong>divisi\u00f3n de reciclaje<\/strong>\u00a0del grupo, que fabrica maquinaria en l\u00ednea y fuera de l\u00ednea para el reciclaje de residuos industriales.\u00a0<strong><a href=\"https:\/\/www.erema-group.com\/en\/home\/\">El Grupo Erema<\/a><\/strong>, l\u00edder mundial en la fabricaci\u00f3n de maquinaria para el reciclaje, ha adquirido el 60% de Plasmac con la intenci\u00f3n de reforzar su cartera de negocios dedicados a la\u00a0<strong>Econom\u00eda Circular<\/strong>\u00a0con la misi\u00f3n de ayudar a los clientes a maximizar la productividad, minimizar los residuos y reducir su huella energ\u00e9tica.<\/p>\n<p class=\"lead\"><strong>Plantech-CST<\/strong>\u00a0est\u00e1 especializada en el\u00a0<strong>almacenamiento<\/strong>, la\u00a0<strong>manipulaci\u00f3n<\/strong>\u00a0y la dosificaci\u00f3n de polvos,\u00a0<strong>gr\u00e1nulos<\/strong>\u00a0y materiales\u00a0<strong>l\u00edquidos<\/strong>, dise\u00f1ados para aplicaciones en diversas industrias como la del pl\u00e1stico, la qu\u00edmica, la alimentaria, la del cemento y la farmac\u00e9utica.\u00a0<strong>Plantech-CST es la \u00fanica empresa italiana que ofrece una amplia gama de productos dedicados a la automatizaci\u00f3n de sus sectores de mercado<\/strong>, mediante maquinaria de tecnolog\u00eda avanzada y soluciones a medida adaptadas a las necesidades de sus clientes.<\/p>\n\t\t<\/div>\n\t\t\t\t\t<\/div>\n\n\t\n<\/div>\n","protected":false},"excerpt":{"rendered":"","protected":false},"author":1,"featured_media":0,"parent":0,"menu_order":0,"comment_status":"closed","ping_status":"closed","template":"page-blank.php","meta":{"_acf_changed":false,"footnotes":""},"class_list":["post-4599","page","type-page","status-publish","hentry"],"acf":[],"yoast_head":"<!-- This site is optimized with the Yoast SEO plugin v26.0 - https:\/\/yoast.com\/wordpress\/plugins\/seo\/ -->\n<title>Sobre nosotros - Welcome to Plasmac<\/title>\n<meta name=\"robots\" content=\"index, follow, max-snippet:-1, max-image-preview:large, max-video-preview:-1\" \/>\n<link rel=\"canonical\" href=\"https:\/\/syncro-group.com\/plasmac\/es\/about\/\" \/>\n<meta property=\"og:locale\" content=\"es_ES\" \/>\n<meta property=\"og:type\" content=\"article\" \/>\n<meta property=\"og:title\" content=\"Sobre nosotros - Welcome to Plasmac\" \/>\n<meta property=\"og:url\" content=\"https:\/\/syncro-group.com\/plasmac\/es\/about\/\" \/>\n<meta property=\"og:site_name\" content=\"Welcome to Plasmac\" \/>\n<meta property=\"article:modified_time\" content=\"2021-04-19T14:36:57+00:00\" \/>\n<meta name=\"twitter:card\" content=\"summary_large_image\" \/>\n<meta name=\"twitter:label1\" content=\"Tiempo de lectura\" \/>\n\t<meta name=\"twitter:data1\" content=\"2 minutos\" \/>\n<script type=\"application\/ld+json\" class=\"yoast-schema-graph\">{\"@context\":\"https:\/\/schema.org\",\"@graph\":[{\"@type\":\"WebPage\",\"@id\":\"https:\/\/syncro-group.com\/plasmac\/es\/about\/\",\"url\":\"https:\/\/syncro-group.com\/plasmac\/es\/about\/\",\"name\":\"Sobre nosotros - Welcome to Plasmac\",\"isPartOf\":{\"@id\":\"https:\/\/syncro-group.com\/plasmac\/es\/#website\"},\"datePublished\":\"2013-08-11T19:06:15+00:00\",\"dateModified\":\"2021-04-19T14:36:57+00:00\",\"breadcrumb\":{\"@id\":\"https:\/\/syncro-group.com\/plasmac\/es\/about\/#breadcrumb\"},\"inLanguage\":\"es\",\"potentialAction\":[{\"@type\":\"ReadAction\",\"target\":[\"https:\/\/syncro-group.com\/plasmac\/es\/about\/\"]}]},{\"@type\":\"BreadcrumbList\",\"@id\":\"https:\/\/syncro-group.com\/plasmac\/es\/about\/#breadcrumb\",\"itemListElement\":[{\"@type\":\"ListItem\",\"position\":1,\"name\":\"Home\",\"item\":\"https:\/\/syncro-group.com\/plasmac\/es\/\"},{\"@type\":\"ListItem\",\"position\":2,\"name\":\"Sobre nosotros\"}]},{\"@type\":\"WebSite\",\"@id\":\"https:\/\/syncro-group.com\/plasmac\/es\/#website\",\"url\":\"https:\/\/syncro-group.com\/plasmac\/es\/\",\"name\":\"Welcome to Plasmac\",\"description\":\"\",\"potentialAction\":[{\"@type\":\"SearchAction\",\"target\":{\"@type\":\"EntryPoint\",\"urlTemplate\":\"https:\/\/syncro-group.com\/plasmac\/es\/?s={search_term_string}\"},\"query-input\":{\"@type\":\"PropertyValueSpecification\",\"valueRequired\":true,\"valueName\":\"search_term_string\"}}],\"inLanguage\":\"es\"}]}<\/script>\n<!-- \/ Yoast SEO plugin. -->","yoast_head_json":{"title":"Sobre nosotros - Welcome to Plasmac","robots":{"index":"index","follow":"follow","max-snippet":"max-snippet:-1","max-image-preview":"max-image-preview:large","max-video-preview":"max-video-preview:-1"},"canonical":"https:\/\/syncro-group.com\/plasmac\/es\/about\/","og_locale":"es_ES","og_type":"article","og_title":"Sobre nosotros - Welcome to Plasmac","og_url":"https:\/\/syncro-group.com\/plasmac\/es\/about\/","og_site_name":"Welcome to Plasmac","article_modified_time":"2021-04-19T14:36:57+00:00","twitter_card":"summary_large_image","twitter_misc":{"Tiempo de lectura":"2 minutos"},"schema":{"@context":"https:\/\/schema.org","@graph":[{"@type":"WebPage","@id":"https:\/\/syncro-group.com\/plasmac\/es\/about\/","url":"https:\/\/syncro-group.com\/plasmac\/es\/about\/","name":"Sobre nosotros - Welcome to Plasmac","isPartOf":{"@id":"https:\/\/syncro-group.com\/plasmac\/es\/#website"},"datePublished":"2013-08-11T19:06:15+00:00","dateModified":"2021-04-19T14:36:57+00:00","breadcrumb":{"@id":"https:\/\/syncro-group.com\/plasmac\/es\/about\/#breadcrumb"},"inLanguage":"es","potentialAction":[{"@type":"ReadAction","target":["https:\/\/syncro-group.com\/plasmac\/es\/about\/"]}]},{"@type":"BreadcrumbList","@id":"https:\/\/syncro-group.com\/plasmac\/es\/about\/#breadcrumb","itemListElement":[{"@type":"ListItem","position":1,"name":"Home","item":"https:\/\/syncro-group.com\/plasmac\/es\/"},{"@type":"ListItem","position":2,"name":"Sobre nosotros"}]},{"@type":"WebSite","@id":"https:\/\/syncro-group.com\/plasmac\/es\/#website","url":"https:\/\/syncro-group.com\/plasmac\/es\/","name":"Welcome to Plasmac","description":"","potentialAction":[{"@type":"SearchAction","target":{"@type":"EntryPoint","urlTemplate":"https:\/\/syncro-group.com\/plasmac\/es\/?s={search_term_string}"},"query-input":{"@type":"PropertyValueSpecification","valueRequired":true,"valueName":"search_term_string"}}],"inLanguage":"es"}]}},"_links":{"self":[{"href":"https:\/\/syncro-group.com\/plasmac\/es\/wp-json\/wp\/v2\/pages\/4599","targetHints":{"allow":["GET"]}}],"collection":[{"href":"https:\/\/syncro-group.com\/plasmac\/es\/wp-json\/wp\/v2\/pages"}],"about":[{"href":"https:\/\/syncro-group.com\/plasmac\/es\/wp-json\/wp\/v2\/types\/page"}],"author":[{"embeddable":true,"href":"https:\/\/syncro-group.com\/plasmac\/es\/wp-json\/wp\/v2\/users\/1"}],"replies":[{"embeddable":true,"href":"https:\/\/syncro-group.com\/plasmac\/es\/wp-json\/wp\/v2\/comments?post=4599"}],"version-history":[{"count":4,"href":"https:\/\/syncro-group.com\/plasmac\/es\/wp-json\/wp\/v2\/pages\/4599\/revisions"}],"predecessor-version":[{"id":4967,"href":"https:\/\/syncro-group.com\/plasmac\/es\/wp-json\/wp\/v2\/pages\/4599\/revisions\/4967"}],"wp:attachment":[{"href":"https:\/\/syncro-group.com\/plasmac\/es\/wp-json\/wp\/v2\/media?parent=4599"}],"curies":[{"name":"wp","href":"https:\/\/api.w.org\/{rel}","templated":true}]}}