{"id":4816,"date":"2020-07-02T17:05:26","date_gmt":"2020-07-02T15:05:26","guid":{"rendered":"https:\/\/syncro-group.com\/plasmac\/prodotto\/silo-feeder\/"},"modified":"2021-04-12T11:10:20","modified_gmt":"2021-04-12T09:10:20","slug":"silo-feeder","status":"publish","type":"product","link":"https:\/\/syncro-group.com\/plasmac\/es\/prodotto\/silo-feeder\/","title":{"rendered":"ALIMENTADORES DE SILO"},"content":{"rendered":"<ul class=\"advantages\"><li>Silo Feeders come with an automatic discharge system and can be  engineered to suit any specific application<\/li><\/ul>\n","protected":false},"excerpt":{"rendered":"<p>Gracias a la experiencia adquirida con una amplia variedad de materiales de alimentaci\u00f3n, podemos ofrecer una gama de tama\u00f1os que se adapten a sus necesidades. Todos los <strong>alimentadores<\/strong> de silo Plasmac vienen con un <strong>sistema de descarga autom\u00e1tica<\/strong> y pueden ser dise\u00f1ados para adaptarse a cualquier aplicaci\u00f3n espec\u00edfica.<\/p>\n<p>Est\u00e1n disponibles como una soluci\u00f3n llave en mano cuando se combinan con las extrusoras de reciclaje de la serie ALPHA o pueden utilizarse como un amortiguador para el <strong>silo de almacenamiento<\/strong>.<\/p>\n","protected":false},"featured_media":4704,"template":"","meta":{"_acf_changed":false},"product_brand":[],"product_cat":[508],"product_tag":[509,510,511,512],"class_list":{"0":"post-4816","1":"product","2":"type-product","3":"status-publish","4":"has-post-thumbnail","6":"product_cat-ancillaries-es","7":"product_tag-inline-recycling-machine-es","8":"product_tag-offline-recycling-machine-es","9":"product_tag-plastic-recycling-systems-es","10":"product_tag-storage-silo-es","12":"first","13":"instock","14":"shipping-taxable","15":"product-type-simple"},"acf":[],"yoast_head":"<!-- This site is optimized with the Yoast SEO plugin v26.0 - https:\/\/yoast.com\/wordpress\/plugins\/seo\/ -->\n<title>ALIMENTADORES DE SILO - Welcome to Plasmac<\/title>\n<meta name=\"description\" content=\"All Plasmac Silo Feeders come with an automatic discharge system and can be engineered to suit any specific application.\" \/>\n<meta name=\"robots\" content=\"index, follow, max-snippet:-1, max-image-preview:large, max-video-preview:-1\" \/>\n<link rel=\"canonical\" href=\"https:\/\/syncro-group.com\/plasmac\/es\/prodotto\/silo-feeder\/\" \/>\n<meta property=\"og:locale\" content=\"es_ES\" \/>\n<meta property=\"og:type\" content=\"article\" \/>\n<meta property=\"og:title\" content=\"ALIMENTADORES DE SILO - Welcome to Plasmac\" \/>\n<meta property=\"og:description\" content=\"All Plasmac Silo Feeders come with an automatic discharge system and can be engineered to suit any specific application.\" \/>\n<meta property=\"og:url\" content=\"https:\/\/syncro-group.com\/plasmac\/es\/prodotto\/silo-feeder\/\" \/>\n<meta property=\"og:site_name\" content=\"Welcome to Plasmac\" \/>\n<meta property=\"article:modified_time\" content=\"2021-04-12T09:10:20+00:00\" \/>\n<meta property=\"og:image\" content=\"https:\/\/syncro-group.com\/plasmac\/wp-content\/uploads\/2020\/07\/SILO-FEEDER.114.png\" \/>\n\t<meta property=\"og:image:width\" content=\"3840\" \/>\n\t<meta property=\"og:image:height\" content=\"3840\" \/>\n\t<meta property=\"og:image:type\" content=\"image\/png\" \/>\n<meta name=\"twitter:card\" content=\"summary_large_image\" \/>\n<script type=\"application\/ld+json\" class=\"yoast-schema-graph\">{\"@context\":\"https:\/\/schema.org\",\"@graph\":[{\"@type\":\"WebPage\",\"@id\":\"https:\/\/syncro-group.com\/plasmac\/es\/prodotto\/silo-feeder\/\",\"url\":\"https:\/\/syncro-group.com\/plasmac\/es\/prodotto\/silo-feeder\/\",\"name\":\"ALIMENTADORES DE SILO - Welcome to Plasmac\",\"isPartOf\":{\"@id\":\"https:\/\/syncro-group.com\/plasmac\/es\/#website\"},\"primaryImageOfPage\":{\"@id\":\"https:\/\/syncro-group.com\/plasmac\/es\/prodotto\/silo-feeder\/#primaryimage\"},\"image\":{\"@id\":\"https:\/\/syncro-group.com\/plasmac\/es\/prodotto\/silo-feeder\/#primaryimage\"},\"thumbnailUrl\":\"https:\/\/syncro-group.com\/plasmac\/wp-content\/uploads\/2020\/07\/SILO-FEEDER.114.png\",\"datePublished\":\"2020-07-02T15:05:26+00:00\",\"dateModified\":\"2021-04-12T09:10:20+00:00\",\"description\":\"All Plasmac Silo Feeders come with an automatic discharge system and can be engineered to suit any specific application.\",\"breadcrumb\":{\"@id\":\"https:\/\/syncro-group.com\/plasmac\/es\/prodotto\/silo-feeder\/#breadcrumb\"},\"inLanguage\":\"es\",\"potentialAction\":[{\"@type\":\"ReadAction\",\"target\":[\"https:\/\/syncro-group.com\/plasmac\/es\/prodotto\/silo-feeder\/\"]}]},{\"@type\":\"ImageObject\",\"inLanguage\":\"es\",\"@id\":\"https:\/\/syncro-group.com\/plasmac\/es\/prodotto\/silo-feeder\/#primaryimage\",\"url\":\"https:\/\/syncro-group.com\/plasmac\/wp-content\/uploads\/2020\/07\/SILO-FEEDER.114.png\",\"contentUrl\":\"https:\/\/syncro-group.com\/plasmac\/wp-content\/uploads\/2020\/07\/SILO-FEEDER.114.png\",\"width\":3840,\"height\":3840,\"caption\":\"Ancillaires\"},{\"@type\":\"BreadcrumbList\",\"@id\":\"https:\/\/syncro-group.com\/plasmac\/es\/prodotto\/silo-feeder\/#breadcrumb\",\"itemListElement\":[{\"@type\":\"ListItem\",\"position\":1,\"name\":\"Home\",\"item\":\"https:\/\/syncro-group.com\/plasmac\/es\/\"},{\"@type\":\"ListItem\",\"position\":2,\"name\":\"Products\",\"item\":\"https:\/\/syncro-group.com\/plasmac\/products\/\"},{\"@type\":\"ListItem\",\"position\":3,\"name\":\"ALIMENTADORES DE SILO\"}]},{\"@type\":\"WebSite\",\"@id\":\"https:\/\/syncro-group.com\/plasmac\/es\/#website\",\"url\":\"https:\/\/syncro-group.com\/plasmac\/es\/\",\"name\":\"Welcome to Plasmac\",\"description\":\"\",\"potentialAction\":[{\"@type\":\"SearchAction\",\"target\":{\"@type\":\"EntryPoint\",\"urlTemplate\":\"https:\/\/syncro-group.com\/plasmac\/es\/?s={search_term_string}\"},\"query-input\":{\"@type\":\"PropertyValueSpecification\",\"valueRequired\":true,\"valueName\":\"search_term_string\"}}],\"inLanguage\":\"es\"}]}<\/script>\n<!-- \/ Yoast SEO plugin. -->","yoast_head_json":{"title":"ALIMENTADORES DE SILO - Welcome to Plasmac","description":"All Plasmac Silo Feeders come with an automatic discharge system and can be engineered to suit any specific application.","robots":{"index":"index","follow":"follow","max-snippet":"max-snippet:-1","max-image-preview":"max-image-preview:large","max-video-preview":"max-video-preview:-1"},"canonical":"https:\/\/syncro-group.com\/plasmac\/es\/prodotto\/silo-feeder\/","og_locale":"es_ES","og_type":"article","og_title":"ALIMENTADORES DE SILO - Welcome to Plasmac","og_description":"All Plasmac Silo Feeders come with an automatic discharge system and can be engineered to suit any specific application.","og_url":"https:\/\/syncro-group.com\/plasmac\/es\/prodotto\/silo-feeder\/","og_site_name":"Welcome to Plasmac","article_modified_time":"2021-04-12T09:10:20+00:00","og_image":[{"width":3840,"height":3840,"url":"https:\/\/syncro-group.com\/plasmac\/wp-content\/uploads\/2020\/07\/SILO-FEEDER.114.png","type":"image\/png"}],"twitter_card":"summary_large_image","schema":{"@context":"https:\/\/schema.org","@graph":[{"@type":"WebPage","@id":"https:\/\/syncro-group.com\/plasmac\/es\/prodotto\/silo-feeder\/","url":"https:\/\/syncro-group.com\/plasmac\/es\/prodotto\/silo-feeder\/","name":"ALIMENTADORES DE SILO - Welcome to Plasmac","isPartOf":{"@id":"https:\/\/syncro-group.com\/plasmac\/es\/#website"},"primaryImageOfPage":{"@id":"https:\/\/syncro-group.com\/plasmac\/es\/prodotto\/silo-feeder\/#primaryimage"},"image":{"@id":"https:\/\/syncro-group.com\/plasmac\/es\/prodotto\/silo-feeder\/#primaryimage"},"thumbnailUrl":"https:\/\/syncro-group.com\/plasmac\/wp-content\/uploads\/2020\/07\/SILO-FEEDER.114.png","datePublished":"2020-07-02T15:05:26+00:00","dateModified":"2021-04-12T09:10:20+00:00","description":"All Plasmac Silo Feeders come with an automatic discharge system and can be engineered to suit any specific application.","breadcrumb":{"@id":"https:\/\/syncro-group.com\/plasmac\/es\/prodotto\/silo-feeder\/#breadcrumb"},"inLanguage":"es","potentialAction":[{"@type":"ReadAction","target":["https:\/\/syncro-group.com\/plasmac\/es\/prodotto\/silo-feeder\/"]}]},{"@type":"ImageObject","inLanguage":"es","@id":"https:\/\/syncro-group.com\/plasmac\/es\/prodotto\/silo-feeder\/#primaryimage","url":"https:\/\/syncro-group.com\/plasmac\/wp-content\/uploads\/2020\/07\/SILO-FEEDER.114.png","contentUrl":"https:\/\/syncro-group.com\/plasmac\/wp-content\/uploads\/2020\/07\/SILO-FEEDER.114.png","width":3840,"height":3840,"caption":"Ancillaires"},{"@type":"BreadcrumbList","@id":"https:\/\/syncro-group.com\/plasmac\/es\/prodotto\/silo-feeder\/#breadcrumb","itemListElement":[{"@type":"ListItem","position":1,"name":"Home","item":"https:\/\/syncro-group.com\/plasmac\/es\/"},{"@type":"ListItem","position":2,"name":"Products","item":"https:\/\/syncro-group.com\/plasmac\/products\/"},{"@type":"ListItem","position":3,"name":"ALIMENTADORES DE SILO"}]},{"@type":"WebSite","@id":"https:\/\/syncro-group.com\/plasmac\/es\/#website","url":"https:\/\/syncro-group.com\/plasmac\/es\/","name":"Welcome to Plasmac","description":"","potentialAction":[{"@type":"SearchAction","target":{"@type":"EntryPoint","urlTemplate":"https:\/\/syncro-group.com\/plasmac\/es\/?s={search_term_string}"},"query-input":{"@type":"PropertyValueSpecification","valueRequired":true,"valueName":"search_term_string"}}],"inLanguage":"es"}]}},"_links":{"self":[{"href":"https:\/\/syncro-group.com\/plasmac\/es\/wp-json\/wp\/v2\/product\/4816","targetHints":{"allow":["GET"]}}],"collection":[{"href":"https:\/\/syncro-group.com\/plasmac\/es\/wp-json\/wp\/v2\/product"}],"about":[{"href":"https:\/\/syncro-group.com\/plasmac\/es\/wp-json\/wp\/v2\/types\/product"}],"wp:featuredmedia":[{"embeddable":true,"href":"https:\/\/syncro-group.com\/plasmac\/es\/wp-json\/wp\/v2\/media\/4704"}],"wp:attachment":[{"href":"https:\/\/syncro-group.com\/plasmac\/es\/wp-json\/wp\/v2\/media?parent=4816"}],"wp:term":[{"taxonomy":"product_brand","embeddable":true,"href":"https:\/\/syncro-group.com\/plasmac\/es\/wp-json\/wp\/v2\/product_brand?post=4816"},{"taxonomy":"product_cat","embeddable":true,"href":"https:\/\/syncro-group.com\/plasmac\/es\/wp-json\/wp\/v2\/product_cat?post=4816"},{"taxonomy":"product_tag","embeddable":true,"href":"https:\/\/syncro-group.com\/plasmac\/es\/wp-json\/wp\/v2\/product_tag?post=4816"}],"curies":[{"name":"wp","href":"https:\/\/api.w.org\/{rel}","templated":true}]}}