{"id":4820,"date":"2020-07-02T16:18:21","date_gmt":"2020-07-02T14:18:21","guid":{"rendered":"https:\/\/syncro-group.com\/plasmac\/prodotto\/rollfeed\/"},"modified":"2021-04-09T18:09:55","modified_gmt":"2021-04-09T16:09:55","slug":"rollfeed","status":"publish","type":"product","link":"https:\/\/syncro-group.com\/plasmac\/es\/prodotto\/rollfeed\/","title":{"rendered":"Rollfeed"},"content":{"rendered":"<ul class=\"advantages\"><li>Disponible para todas las m\u00e1quinas de dimensiones entre 300 mm y 600 mm de largo.<\/li><\/ul>\n","protected":false},"excerpt":{"rendered":"<p>ROLLFEED<\/p>\n<p>Las \u00faltimas versiones de nuestra probada unidad de alimentaci\u00f3n. Disponible con una gama de<br \/>\nde rodillos para adaptarse a casi cualquier aplicaci\u00f3n, estas unidades sencillas pero robustas<br \/>\nproporcionan la base de nuestras opciones de alimentaci\u00f3n. Funcionamiento totalmente autom\u00e1tico,<br \/>\ndisponible para todas las m\u00e1quinas en tama\u00f1os de 300 mm a 600 mm de ancho. Todas las unidades de<br \/>\nunidades tienen un sistema de tensi\u00f3n neum\u00e1tica ajustable como est\u00e1ndar.<br \/>\nEl alimentador de rollos puede funcionar simult\u00e1neamente con el recorte en l\u00ednea cuando se utiliza<br \/>\ncon las extrusoras de reciclaje de la serie Alpha o como un sistema dedicado para<br \/>\nbobinas fuera de especificaci\u00f3n.<\/p>\n","protected":false},"featured_media":4721,"template":"","meta":{"_acf_changed":false},"product_brand":[],"product_cat":[508],"product_tag":[520,509,521,510,511],"class_list":{"0":"post-4820","1":"product","2":"type-product","3":"status-publish","4":"has-post-thumbnail","6":"product_cat-ancillaries-es","7":"product_tag-in-line-trim-es","8":"product_tag-inline-recycling-machine-es","9":"product_tag-off-spec-reels-es","10":"product_tag-offline-recycling-machine-es","11":"product_tag-plastic-recycling-systems-es","13":"first","14":"instock","15":"shipping-taxable","16":"product-type-simple"},"acf":[],"yoast_head":"<!-- This site is optimized with the Yoast SEO plugin v26.0 - https:\/\/yoast.com\/wordpress\/plugins\/seo\/ -->\n<title>Rollfeed - Welcome to Plasmac<\/title>\n<meta name=\"description\" content=\"Rollfeed is Plasmac latest versions of proven feeding unit. Available with a rangeof rollers to suit almost any application.\" \/>\n<meta name=\"robots\" content=\"index, follow, max-snippet:-1, max-image-preview:large, max-video-preview:-1\" \/>\n<link rel=\"canonical\" href=\"https:\/\/syncro-group.com\/plasmac\/es\/prodotto\/rollfeed\/\" \/>\n<meta property=\"og:locale\" content=\"es_ES\" \/>\n<meta property=\"og:type\" content=\"article\" \/>\n<meta property=\"og:title\" content=\"Rollfeed - Welcome to Plasmac\" \/>\n<meta property=\"og:description\" content=\"Rollfeed is Plasmac latest versions of proven feeding unit. Available with a rangeof rollers to suit almost any application.\" \/>\n<meta property=\"og:url\" content=\"https:\/\/syncro-group.com\/plasmac\/es\/prodotto\/rollfeed\/\" \/>\n<meta property=\"og:site_name\" content=\"Welcome to Plasmac\" \/>\n<meta property=\"article:modified_time\" content=\"2021-04-09T16:09:55+00:00\" \/>\n<meta property=\"og:image\" content=\"https:\/\/syncro-group.com\/plasmac\/wp-content\/uploads\/2020\/07\/ROLLFEED-Quadrato-bianco.jpg\" \/>\n\t<meta property=\"og:image:width\" content=\"823\" \/>\n\t<meta property=\"og:image:height\" content=\"823\" \/>\n\t<meta property=\"og:image:type\" content=\"image\/jpeg\" \/>\n<meta name=\"twitter:card\" content=\"summary_large_image\" \/>\n<script type=\"application\/ld+json\" class=\"yoast-schema-graph\">{\"@context\":\"https:\/\/schema.org\",\"@graph\":[{\"@type\":\"WebPage\",\"@id\":\"https:\/\/syncro-group.com\/plasmac\/es\/prodotto\/rollfeed\/\",\"url\":\"https:\/\/syncro-group.com\/plasmac\/es\/prodotto\/rollfeed\/\",\"name\":\"Rollfeed - Welcome to Plasmac\",\"isPartOf\":{\"@id\":\"https:\/\/syncro-group.com\/plasmac\/es\/#website\"},\"primaryImageOfPage\":{\"@id\":\"https:\/\/syncro-group.com\/plasmac\/es\/prodotto\/rollfeed\/#primaryimage\"},\"image\":{\"@id\":\"https:\/\/syncro-group.com\/plasmac\/es\/prodotto\/rollfeed\/#primaryimage\"},\"thumbnailUrl\":\"https:\/\/syncro-group.com\/plasmac\/wp-content\/uploads\/2020\/07\/ROLLFEED-Quadrato-bianco.jpg\",\"datePublished\":\"2020-07-02T14:18:21+00:00\",\"dateModified\":\"2021-04-09T16:09:55+00:00\",\"description\":\"Rollfeed is Plasmac latest versions of proven feeding unit. Available with a rangeof rollers to suit almost any application.\",\"breadcrumb\":{\"@id\":\"https:\/\/syncro-group.com\/plasmac\/es\/prodotto\/rollfeed\/#breadcrumb\"},\"inLanguage\":\"es\",\"potentialAction\":[{\"@type\":\"ReadAction\",\"target\":[\"https:\/\/syncro-group.com\/plasmac\/es\/prodotto\/rollfeed\/\"]}]},{\"@type\":\"ImageObject\",\"inLanguage\":\"es\",\"@id\":\"https:\/\/syncro-group.com\/plasmac\/es\/prodotto\/rollfeed\/#primaryimage\",\"url\":\"https:\/\/syncro-group.com\/plasmac\/wp-content\/uploads\/2020\/07\/ROLLFEED-Quadrato-bianco.jpg\",\"contentUrl\":\"https:\/\/syncro-group.com\/plasmac\/wp-content\/uploads\/2020\/07\/ROLLFEED-Quadrato-bianco.jpg\",\"width\":823,\"height\":823,\"caption\":\"Feeder\"},{\"@type\":\"BreadcrumbList\",\"@id\":\"https:\/\/syncro-group.com\/plasmac\/es\/prodotto\/rollfeed\/#breadcrumb\",\"itemListElement\":[{\"@type\":\"ListItem\",\"position\":1,\"name\":\"Home\",\"item\":\"https:\/\/syncro-group.com\/plasmac\/es\/\"},{\"@type\":\"ListItem\",\"position\":2,\"name\":\"Products\",\"item\":\"https:\/\/syncro-group.com\/plasmac\/products\/\"},{\"@type\":\"ListItem\",\"position\":3,\"name\":\"Rollfeed\"}]},{\"@type\":\"WebSite\",\"@id\":\"https:\/\/syncro-group.com\/plasmac\/es\/#website\",\"url\":\"https:\/\/syncro-group.com\/plasmac\/es\/\",\"name\":\"Welcome to Plasmac\",\"description\":\"\",\"potentialAction\":[{\"@type\":\"SearchAction\",\"target\":{\"@type\":\"EntryPoint\",\"urlTemplate\":\"https:\/\/syncro-group.com\/plasmac\/es\/?s={search_term_string}\"},\"query-input\":{\"@type\":\"PropertyValueSpecification\",\"valueRequired\":true,\"valueName\":\"search_term_string\"}}],\"inLanguage\":\"es\"}]}<\/script>\n<!-- \/ Yoast SEO plugin. -->","yoast_head_json":{"title":"Rollfeed - Welcome to Plasmac","description":"Rollfeed is Plasmac latest versions of proven feeding unit. Available with a rangeof rollers to suit almost any application.","robots":{"index":"index","follow":"follow","max-snippet":"max-snippet:-1","max-image-preview":"max-image-preview:large","max-video-preview":"max-video-preview:-1"},"canonical":"https:\/\/syncro-group.com\/plasmac\/es\/prodotto\/rollfeed\/","og_locale":"es_ES","og_type":"article","og_title":"Rollfeed - Welcome to Plasmac","og_description":"Rollfeed is Plasmac latest versions of proven feeding unit. Available with a rangeof rollers to suit almost any application.","og_url":"https:\/\/syncro-group.com\/plasmac\/es\/prodotto\/rollfeed\/","og_site_name":"Welcome to Plasmac","article_modified_time":"2021-04-09T16:09:55+00:00","og_image":[{"width":823,"height":823,"url":"https:\/\/syncro-group.com\/plasmac\/wp-content\/uploads\/2020\/07\/ROLLFEED-Quadrato-bianco.jpg","type":"image\/jpeg"}],"twitter_card":"summary_large_image","schema":{"@context":"https:\/\/schema.org","@graph":[{"@type":"WebPage","@id":"https:\/\/syncro-group.com\/plasmac\/es\/prodotto\/rollfeed\/","url":"https:\/\/syncro-group.com\/plasmac\/es\/prodotto\/rollfeed\/","name":"Rollfeed - Welcome to Plasmac","isPartOf":{"@id":"https:\/\/syncro-group.com\/plasmac\/es\/#website"},"primaryImageOfPage":{"@id":"https:\/\/syncro-group.com\/plasmac\/es\/prodotto\/rollfeed\/#primaryimage"},"image":{"@id":"https:\/\/syncro-group.com\/plasmac\/es\/prodotto\/rollfeed\/#primaryimage"},"thumbnailUrl":"https:\/\/syncro-group.com\/plasmac\/wp-content\/uploads\/2020\/07\/ROLLFEED-Quadrato-bianco.jpg","datePublished":"2020-07-02T14:18:21+00:00","dateModified":"2021-04-09T16:09:55+00:00","description":"Rollfeed is Plasmac latest versions of proven feeding unit. Available with a rangeof rollers to suit almost any application.","breadcrumb":{"@id":"https:\/\/syncro-group.com\/plasmac\/es\/prodotto\/rollfeed\/#breadcrumb"},"inLanguage":"es","potentialAction":[{"@type":"ReadAction","target":["https:\/\/syncro-group.com\/plasmac\/es\/prodotto\/rollfeed\/"]}]},{"@type":"ImageObject","inLanguage":"es","@id":"https:\/\/syncro-group.com\/plasmac\/es\/prodotto\/rollfeed\/#primaryimage","url":"https:\/\/syncro-group.com\/plasmac\/wp-content\/uploads\/2020\/07\/ROLLFEED-Quadrato-bianco.jpg","contentUrl":"https:\/\/syncro-group.com\/plasmac\/wp-content\/uploads\/2020\/07\/ROLLFEED-Quadrato-bianco.jpg","width":823,"height":823,"caption":"Feeder"},{"@type":"BreadcrumbList","@id":"https:\/\/syncro-group.com\/plasmac\/es\/prodotto\/rollfeed\/#breadcrumb","itemListElement":[{"@type":"ListItem","position":1,"name":"Home","item":"https:\/\/syncro-group.com\/plasmac\/es\/"},{"@type":"ListItem","position":2,"name":"Products","item":"https:\/\/syncro-group.com\/plasmac\/products\/"},{"@type":"ListItem","position":3,"name":"Rollfeed"}]},{"@type":"WebSite","@id":"https:\/\/syncro-group.com\/plasmac\/es\/#website","url":"https:\/\/syncro-group.com\/plasmac\/es\/","name":"Welcome to Plasmac","description":"","potentialAction":[{"@type":"SearchAction","target":{"@type":"EntryPoint","urlTemplate":"https:\/\/syncro-group.com\/plasmac\/es\/?s={search_term_string}"},"query-input":{"@type":"PropertyValueSpecification","valueRequired":true,"valueName":"search_term_string"}}],"inLanguage":"es"}]}},"_links":{"self":[{"href":"https:\/\/syncro-group.com\/plasmac\/es\/wp-json\/wp\/v2\/product\/4820","targetHints":{"allow":["GET"]}}],"collection":[{"href":"https:\/\/syncro-group.com\/plasmac\/es\/wp-json\/wp\/v2\/product"}],"about":[{"href":"https:\/\/syncro-group.com\/plasmac\/es\/wp-json\/wp\/v2\/types\/product"}],"wp:featuredmedia":[{"embeddable":true,"href":"https:\/\/syncro-group.com\/plasmac\/es\/wp-json\/wp\/v2\/media\/4721"}],"wp:attachment":[{"href":"https:\/\/syncro-group.com\/plasmac\/es\/wp-json\/wp\/v2\/media?parent=4820"}],"wp:term":[{"taxonomy":"product_brand","embeddable":true,"href":"https:\/\/syncro-group.com\/plasmac\/es\/wp-json\/wp\/v2\/product_brand?post=4820"},{"taxonomy":"product_cat","embeddable":true,"href":"https:\/\/syncro-group.com\/plasmac\/es\/wp-json\/wp\/v2\/product_cat?post=4820"},{"taxonomy":"product_tag","embeddable":true,"href":"https:\/\/syncro-group.com\/plasmac\/es\/wp-json\/wp\/v2\/product_tag?post=4820"}],"curies":[{"name":"wp","href":"https:\/\/api.w.org\/{rel}","templated":true}]}}