{"id":4822,"date":"2020-07-02T16:06:01","date_gmt":"2020-07-02T14:06:01","guid":{"rendered":"https:\/\/syncro-group.com\/plasmac\/prodotto\/pelletizer\/"},"modified":"2021-04-09T17:08:02","modified_gmt":"2021-04-09T15:08:02","slug":"pelletizer","status":"publish","type":"product","link":"https:\/\/syncro-group.com\/plasmac\/es\/prodotto\/pelletizer\/","title":{"rendered":"PELLETIZADOR"},"content":{"rendered":"<ul class=\"advantages\"><li>Cada modelo incluye un casete de cuchillas de velocidad variable accionado por CA, un colector de pellets refrigerado por rotaci\u00f3n, un dep\u00f3sito de agua, un vertedero de agua, filtros, bombas, un intercambiador de calor, una centrifugadora y un ventilador de refrigeraci\u00f3n\/descarga secundario y un cicl\u00f3n (no se muestra).<\/li><\/ul>\n","protected":false},"excerpt":{"rendered":"<p><strong>PELLETIZADOR<\/strong><\/p>\n<p>El granulador Hydrocool est\u00e1 disponible en varios tama\u00f1os:<\/p>\n<p>&#8211; HC100 hasta 100 Kg\/h<\/p>\n<p>&#8211; HC200 hasta 200 Kg\/h<\/p>\n<p>&#8211; HC400 hasta 400 Kg\/h<\/p>\n<p>Cada modelo incluye un casete de cuchillas de velocidad variable accionado por CA, un colector de pellets refrigerado por rotaci\u00f3n, un dep\u00f3sito de agua, un vertedero de agua, filtros, bombas, un intercambiador de calor, una centrifugadora y un ventilador de refrigeraci\u00f3n\/descarga secundario y un cicl\u00f3n (no mostrado). Disponible con toda la gama de m\u00e1quinas de reciclaje de Plasmac o como sistema de granulaci\u00f3n independiente.<\/p>\n","protected":false},"featured_media":4730,"template":"","meta":{"_acf_changed":false},"product_brand":[],"product_cat":[508],"product_tag":[523,509,510,511,522],"class_list":{"0":"post-4822","1":"product","2":"type-product","3":"status-publish","4":"has-post-thumbnail","6":"product_cat-ancillaries-es","7":"product_tag-hydrocool-pelletiser-es","8":"product_tag-inline-recycling-machine-es","9":"product_tag-offline-recycling-machine-es","10":"product_tag-plastic-recycling-systems-es","11":"product_tag-stand-alone-pelletising-system-es","13":"first","14":"instock","15":"shipping-taxable","16":"product-type-simple"},"acf":[],"yoast_head":"<!-- This site is optimized with the Yoast SEO plugin v26.0 - https:\/\/yoast.com\/wordpress\/plugins\/seo\/ -->\n<title>PELLETIZADOR - Welcome to Plasmac<\/title>\n<meta name=\"description\" content=\"Available with all the Plasmac range of recycling machinesor as a stand-alone pelletizing system.\" \/>\n<meta name=\"robots\" content=\"index, follow, max-snippet:-1, max-image-preview:large, max-video-preview:-1\" \/>\n<link rel=\"canonical\" href=\"https:\/\/syncro-group.com\/plasmac\/es\/prodotto\/pelletizer\/\" \/>\n<meta property=\"og:locale\" content=\"es_ES\" \/>\n<meta property=\"og:type\" content=\"article\" \/>\n<meta property=\"og:title\" content=\"PELLETIZADOR - Welcome to Plasmac\" \/>\n<meta property=\"og:description\" content=\"Available with all the Plasmac range of recycling machinesor as a stand-alone pelletizing system.\" \/>\n<meta property=\"og:url\" content=\"https:\/\/syncro-group.com\/plasmac\/es\/prodotto\/pelletizer\/\" \/>\n<meta property=\"og:site_name\" content=\"Welcome to Plasmac\" \/>\n<meta property=\"article:modified_time\" content=\"2021-04-09T15:08:02+00:00\" \/>\n<meta property=\"og:image\" content=\"https:\/\/syncro-group.com\/plasmac\/wp-content\/uploads\/2020\/07\/HC-PELLETTIZER-Quadrato-bianco.jpg\" \/>\n\t<meta property=\"og:image:width\" content=\"823\" \/>\n\t<meta property=\"og:image:height\" content=\"823\" \/>\n\t<meta property=\"og:image:type\" content=\"image\/jpeg\" \/>\n<meta name=\"twitter:card\" content=\"summary_large_image\" \/>\n<script type=\"application\/ld+json\" class=\"yoast-schema-graph\">{\"@context\":\"https:\/\/schema.org\",\"@graph\":[{\"@type\":\"WebPage\",\"@id\":\"https:\/\/syncro-group.com\/plasmac\/es\/prodotto\/pelletizer\/\",\"url\":\"https:\/\/syncro-group.com\/plasmac\/es\/prodotto\/pelletizer\/\",\"name\":\"PELLETIZADOR - Welcome to Plasmac\",\"isPartOf\":{\"@id\":\"https:\/\/syncro-group.com\/plasmac\/es\/#website\"},\"primaryImageOfPage\":{\"@id\":\"https:\/\/syncro-group.com\/plasmac\/es\/prodotto\/pelletizer\/#primaryimage\"},\"image\":{\"@id\":\"https:\/\/syncro-group.com\/plasmac\/es\/prodotto\/pelletizer\/#primaryimage\"},\"thumbnailUrl\":\"https:\/\/syncro-group.com\/plasmac\/wp-content\/uploads\/2020\/07\/HC-PELLETTIZER-Quadrato-bianco.jpg\",\"datePublished\":\"2020-07-02T14:06:01+00:00\",\"dateModified\":\"2021-04-09T15:08:02+00:00\",\"description\":\"Available with all the Plasmac range of recycling machinesor as a stand-alone pelletizing system.\",\"breadcrumb\":{\"@id\":\"https:\/\/syncro-group.com\/plasmac\/es\/prodotto\/pelletizer\/#breadcrumb\"},\"inLanguage\":\"es\",\"potentialAction\":[{\"@type\":\"ReadAction\",\"target\":[\"https:\/\/syncro-group.com\/plasmac\/es\/prodotto\/pelletizer\/\"]}]},{\"@type\":\"ImageObject\",\"inLanguage\":\"es\",\"@id\":\"https:\/\/syncro-group.com\/plasmac\/es\/prodotto\/pelletizer\/#primaryimage\",\"url\":\"https:\/\/syncro-group.com\/plasmac\/wp-content\/uploads\/2020\/07\/HC-PELLETTIZER-Quadrato-bianco.jpg\",\"contentUrl\":\"https:\/\/syncro-group.com\/plasmac\/wp-content\/uploads\/2020\/07\/HC-PELLETTIZER-Quadrato-bianco.jpg\",\"width\":823,\"height\":823,\"caption\":\"HC PELLETTIZER\"},{\"@type\":\"BreadcrumbList\",\"@id\":\"https:\/\/syncro-group.com\/plasmac\/es\/prodotto\/pelletizer\/#breadcrumb\",\"itemListElement\":[{\"@type\":\"ListItem\",\"position\":1,\"name\":\"Home\",\"item\":\"https:\/\/syncro-group.com\/plasmac\/es\/\"},{\"@type\":\"ListItem\",\"position\":2,\"name\":\"Products\",\"item\":\"https:\/\/syncro-group.com\/plasmac\/products\/\"},{\"@type\":\"ListItem\",\"position\":3,\"name\":\"PELLETIZADOR\"}]},{\"@type\":\"WebSite\",\"@id\":\"https:\/\/syncro-group.com\/plasmac\/es\/#website\",\"url\":\"https:\/\/syncro-group.com\/plasmac\/es\/\",\"name\":\"Welcome to Plasmac\",\"description\":\"\",\"potentialAction\":[{\"@type\":\"SearchAction\",\"target\":{\"@type\":\"EntryPoint\",\"urlTemplate\":\"https:\/\/syncro-group.com\/plasmac\/es\/?s={search_term_string}\"},\"query-input\":{\"@type\":\"PropertyValueSpecification\",\"valueRequired\":true,\"valueName\":\"search_term_string\"}}],\"inLanguage\":\"es\"}]}<\/script>\n<!-- \/ Yoast SEO plugin. -->","yoast_head_json":{"title":"PELLETIZADOR - Welcome to Plasmac","description":"Available with all the Plasmac range of recycling machinesor as a stand-alone pelletizing system.","robots":{"index":"index","follow":"follow","max-snippet":"max-snippet:-1","max-image-preview":"max-image-preview:large","max-video-preview":"max-video-preview:-1"},"canonical":"https:\/\/syncro-group.com\/plasmac\/es\/prodotto\/pelletizer\/","og_locale":"es_ES","og_type":"article","og_title":"PELLETIZADOR - Welcome to Plasmac","og_description":"Available with all the Plasmac range of recycling machinesor as a stand-alone pelletizing system.","og_url":"https:\/\/syncro-group.com\/plasmac\/es\/prodotto\/pelletizer\/","og_site_name":"Welcome to Plasmac","article_modified_time":"2021-04-09T15:08:02+00:00","og_image":[{"width":823,"height":823,"url":"https:\/\/syncro-group.com\/plasmac\/wp-content\/uploads\/2020\/07\/HC-PELLETTIZER-Quadrato-bianco.jpg","type":"image\/jpeg"}],"twitter_card":"summary_large_image","schema":{"@context":"https:\/\/schema.org","@graph":[{"@type":"WebPage","@id":"https:\/\/syncro-group.com\/plasmac\/es\/prodotto\/pelletizer\/","url":"https:\/\/syncro-group.com\/plasmac\/es\/prodotto\/pelletizer\/","name":"PELLETIZADOR - Welcome to Plasmac","isPartOf":{"@id":"https:\/\/syncro-group.com\/plasmac\/es\/#website"},"primaryImageOfPage":{"@id":"https:\/\/syncro-group.com\/plasmac\/es\/prodotto\/pelletizer\/#primaryimage"},"image":{"@id":"https:\/\/syncro-group.com\/plasmac\/es\/prodotto\/pelletizer\/#primaryimage"},"thumbnailUrl":"https:\/\/syncro-group.com\/plasmac\/wp-content\/uploads\/2020\/07\/HC-PELLETTIZER-Quadrato-bianco.jpg","datePublished":"2020-07-02T14:06:01+00:00","dateModified":"2021-04-09T15:08:02+00:00","description":"Available with all the Plasmac range of recycling machinesor as a stand-alone pelletizing system.","breadcrumb":{"@id":"https:\/\/syncro-group.com\/plasmac\/es\/prodotto\/pelletizer\/#breadcrumb"},"inLanguage":"es","potentialAction":[{"@type":"ReadAction","target":["https:\/\/syncro-group.com\/plasmac\/es\/prodotto\/pelletizer\/"]}]},{"@type":"ImageObject","inLanguage":"es","@id":"https:\/\/syncro-group.com\/plasmac\/es\/prodotto\/pelletizer\/#primaryimage","url":"https:\/\/syncro-group.com\/plasmac\/wp-content\/uploads\/2020\/07\/HC-PELLETTIZER-Quadrato-bianco.jpg","contentUrl":"https:\/\/syncro-group.com\/plasmac\/wp-content\/uploads\/2020\/07\/HC-PELLETTIZER-Quadrato-bianco.jpg","width":823,"height":823,"caption":"HC PELLETTIZER"},{"@type":"BreadcrumbList","@id":"https:\/\/syncro-group.com\/plasmac\/es\/prodotto\/pelletizer\/#breadcrumb","itemListElement":[{"@type":"ListItem","position":1,"name":"Home","item":"https:\/\/syncro-group.com\/plasmac\/es\/"},{"@type":"ListItem","position":2,"name":"Products","item":"https:\/\/syncro-group.com\/plasmac\/products\/"},{"@type":"ListItem","position":3,"name":"PELLETIZADOR"}]},{"@type":"WebSite","@id":"https:\/\/syncro-group.com\/plasmac\/es\/#website","url":"https:\/\/syncro-group.com\/plasmac\/es\/","name":"Welcome to Plasmac","description":"","potentialAction":[{"@type":"SearchAction","target":{"@type":"EntryPoint","urlTemplate":"https:\/\/syncro-group.com\/plasmac\/es\/?s={search_term_string}"},"query-input":{"@type":"PropertyValueSpecification","valueRequired":true,"valueName":"search_term_string"}}],"inLanguage":"es"}]}},"_links":{"self":[{"href":"https:\/\/syncro-group.com\/plasmac\/es\/wp-json\/wp\/v2\/product\/4822","targetHints":{"allow":["GET"]}}],"collection":[{"href":"https:\/\/syncro-group.com\/plasmac\/es\/wp-json\/wp\/v2\/product"}],"about":[{"href":"https:\/\/syncro-group.com\/plasmac\/es\/wp-json\/wp\/v2\/types\/product"}],"wp:featuredmedia":[{"embeddable":true,"href":"https:\/\/syncro-group.com\/plasmac\/es\/wp-json\/wp\/v2\/media\/4730"}],"wp:attachment":[{"href":"https:\/\/syncro-group.com\/plasmac\/es\/wp-json\/wp\/v2\/media?parent=4822"}],"wp:term":[{"taxonomy":"product_brand","embeddable":true,"href":"https:\/\/syncro-group.com\/plasmac\/es\/wp-json\/wp\/v2\/product_brand?post=4822"},{"taxonomy":"product_cat","embeddable":true,"href":"https:\/\/syncro-group.com\/plasmac\/es\/wp-json\/wp\/v2\/product_cat?post=4822"},{"taxonomy":"product_tag","embeddable":true,"href":"https:\/\/syncro-group.com\/plasmac\/es\/wp-json\/wp\/v2\/product_tag?post=4822"}],"curies":[{"name":"wp","href":"https:\/\/api.w.org\/{rel}","templated":true}]}}