{"id":4824,"date":"2020-07-02T12:11:35","date_gmt":"2020-07-02T10:11:35","guid":{"rendered":"https:\/\/syncro-group.com\/plasmac\/prodotto\/alpha-air-cooling-recycling-system\/"},"modified":"2021-04-09T16:06:35","modified_gmt":"2021-04-09T14:06:35","slug":"alpha-air-cooling-recycling-system","status":"publish","type":"product","link":"https:\/\/syncro-group.com\/plasmac\/es\/prodotto\/alpha-air-cooling-recycling-system\/","title":{"rendered":"Alpha Refrigeraci\u00f3n por aire"},"content":{"rendered":"<ul class=\"advantages\"><li>M\u00ednimo consumo de energ\u00eda y el mayor rendimiento \/ kW de potencia instalada del mercado, lo que le permite reducir el coste de funcionamiento y, por tanto, rentabilizar su inversi\u00f3n con mayor rapidez.<\/li><li>Bajo cizallamiento, m\u00ednimo tiempo de permanencia en el proceso y el m\u00ednimo absoluto de degradaci\u00f3n del material Significa que puede reciclar todo su material de desecho en pellets de alta calidad, reduciendo sus costes de material y mejorando su rentabilidad.<\/li><li>Dise\u00f1o de extrusi\u00f3n directa, sin necesidad de reducci\u00f3n de tama\u00f1o previa No requiere ning\u00fan otro equipo costoso, reduce el mantenimiento y aumenta su productividad, mejorando as\u00ed su rentabilidad.<\/li><li>La m\u00e1quina de reciclaje m\u00e1s peque\u00f1a del mercado requiere un espacio m\u00ednimo.<\/li><li>CESTA DE RECORTES Para alimentar los recortes en l\u00ednea a la extrusora de reciclaje.<\/li><li>Alimentador de copos Se utiliza para alimentar copos o virutas en la extrusora.<\/li><li>Alimentador de bobinas Se utiliza para alimentar bobinas fuera de especificaci\u00f3n o de desecho en la extrusora, puede utilizarse simult\u00e1neamente con la cesta de recortes.<\/li><li>SUPATRIM Se utiliza para transportar recortes pegajosos o extensibles a la extrusora, puede utilizarse simult\u00e1neamente con la cesta de recortes.<\/li><li>CAMBIADORES DE PANTALLA Sistemas manuales o autom\u00e1ticos disponibles, utilizados cuando se trabaja con productos fuera de l\u00ednea, es decir, bobinas, escamas, etc.<\/li><li>DTEC Un sistema de detecci\u00f3n de pellets para avisar si hay problemas en el granulador.<\/li><li><\/li><\/ul>\n<h2>SUITABLE MATERIAL<\/h2>\n<div class=\"row\"  id=\"row-2140155824\">\n\n\t<div id=\"col-141930333\" class=\"col medium-4 small-12 large-4\"  >\n\t\t\t\t<div class=\"col-inner\"  >\n\t\t\t\n\t\t\t\n\t<div class=\"img has-hover x md-x lg-x y md-y lg-y\" id=\"image_408520851\">\n\t\t<a class=\"image-lightbox lightbox-gallery\" title=\"\" href=\"https:\/\/syncro-group.com\/plasmac\/wp-content\/uploads\/2020\/07\/PE-Folie-transparent_0119_2-1066x800.jpg\">\t\t\t\t\t\t<div class=\"img-inner image-cover dark\" style=\"padding-top:75%;margin:0px px 0px 0px;\">\n\t\t\t<img loading=\"lazy\" decoding=\"async\" width=\"2362\" height=\"1772\" src=\"https:\/\/syncro-group.com\/plasmac\/wp-content\/uploads\/2020\/07\/PE-Folie-transparent_0119_2.jpg\" class=\"attachment-original size-original\" alt=\"\" srcset=\"https:\/\/syncro-group.com\/plasmac\/wp-content\/uploads\/2020\/07\/PE-Folie-transparent_0119_2.jpg 2362w, https:\/\/syncro-group.com\/plasmac\/wp-content\/uploads\/2020\/07\/PE-Folie-transparent_0119_2-533x400.jpg 533w, https:\/\/syncro-group.com\/plasmac\/wp-content\/uploads\/2020\/07\/PE-Folie-transparent_0119_2-1066x800.jpg 1066w, https:\/\/syncro-group.com\/plasmac\/wp-content\/uploads\/2020\/07\/PE-Folie-transparent_0119_2-768x576.jpg 768w, https:\/\/syncro-group.com\/plasmac\/wp-content\/uploads\/2020\/07\/PE-Folie-transparent_0119_2-1536x1152.jpg 1536w, https:\/\/syncro-group.com\/plasmac\/wp-content\/uploads\/2020\/07\/PE-Folie-transparent_0119_2-2048x1536.jpg 2048w, https:\/\/syncro-group.com\/plasmac\/wp-content\/uploads\/2020\/07\/PE-Folie-transparent_0119_2-475x356.jpg 475w\" sizes=\"auto, (max-width: 2362px) 100vw, 2362px\" \/>\t\t\t\t\t\t\n\t\t\t\t\t<\/div>\n\t\t\t\t\t\t<\/a>\t\t\n<style>\n#image_408520851 {\n  width: 95%;\n}\n<\/style>\n\t<\/div>\n\t\n<p style=\"text-align: center;\">REELS<\/p>\n\t\t<\/div>\n\t\t\t\t\n<style>\n#col-141930333 > .col-inner {\n  margin: 0px 9px -30px 0px;\n}\n<\/style>\n\t<\/div>\n\n\t\n\n\t<div id=\"col-393837058\" class=\"col medium-4 small-12 large-4\"  >\n\t\t\t\t<div class=\"col-inner\"  >\n\t\t\t\n\t\t\t\n\t<div class=\"img has-hover x md-x lg-x y md-y lg-y\" id=\"image_1142001339\">\n\t\t\t\t\t\t\t\t<div class=\"img-inner image-cover dark\" style=\"padding-top:75%;\">\n\t\t\t<img loading=\"lazy\" decoding=\"async\" width=\"1020\" height=\"765\" src=\"https:\/\/syncro-group.com\/plasmac\/wp-content\/uploads\/2020\/07\/LDPE-Tragetaschen-bedruckt_01_0085-1066x800.jpg\" class=\"attachment-large size-large\" alt=\"\" srcset=\"https:\/\/syncro-group.com\/plasmac\/wp-content\/uploads\/2020\/07\/LDPE-Tragetaschen-bedruckt_01_0085-1066x800.jpg 1066w, https:\/\/syncro-group.com\/plasmac\/wp-content\/uploads\/2020\/07\/LDPE-Tragetaschen-bedruckt_01_0085-533x400.jpg 533w, https:\/\/syncro-group.com\/plasmac\/wp-content\/uploads\/2020\/07\/LDPE-Tragetaschen-bedruckt_01_0085-768x576.jpg 768w, https:\/\/syncro-group.com\/plasmac\/wp-content\/uploads\/2020\/07\/LDPE-Tragetaschen-bedruckt_01_0085-1536x1152.jpg 1536w, https:\/\/syncro-group.com\/plasmac\/wp-content\/uploads\/2020\/07\/LDPE-Tragetaschen-bedruckt_01_0085-2048x1536.jpg 2048w, https:\/\/syncro-group.com\/plasmac\/wp-content\/uploads\/2020\/07\/LDPE-Tragetaschen-bedruckt_01_0085-475x356.jpg 475w\" sizes=\"auto, (max-width: 1020px) 100vw, 1020px\" \/>\t\t\t\t\t\t\n\t\t\t\t\t<\/div>\n\t\t\t\t\t\t\t\t\n<style>\n#image_1142001339 {\n  width: 95%;\n}\n<\/style>\n\t<\/div>\n\t\n<p style=\"text-align: center;\">PRINTED<\/p>\n\t\t<\/div>\n\t\t\t\t\t<\/div>\n\n\t\n\n\t<div id=\"col-311752954\" class=\"col medium-4 small-12 large-4\"  >\n\t\t\t\t<div class=\"col-inner\"  >\n\t\t\t\n\t\t\t\n\t<div class=\"img has-hover x md-x lg-x y md-y lg-y\" id=\"image_522636685\">\n\t\t\t\t\t\t\t\t<div class=\"img-inner image-cover dark\" style=\"padding-top:75%;\">\n\t\t\t<img loading=\"lazy\" decoding=\"async\" width=\"1020\" height=\"678\" src=\"https:\/\/syncro-group.com\/plasmac\/wp-content\/uploads\/2020\/07\/Materialgrau_2-1203x800.jpg\" class=\"attachment-large size-large\" alt=\"\" srcset=\"https:\/\/syncro-group.com\/plasmac\/wp-content\/uploads\/2020\/07\/Materialgrau_2-1203x800.jpg 1203w, https:\/\/syncro-group.com\/plasmac\/wp-content\/uploads\/2020\/07\/Materialgrau_2-601x400.jpg 601w, https:\/\/syncro-group.com\/plasmac\/wp-content\/uploads\/2020\/07\/Materialgrau_2-768x511.jpg 768w, https:\/\/syncro-group.com\/plasmac\/wp-content\/uploads\/2020\/07\/Materialgrau_2-1536x1022.jpg 1536w, https:\/\/syncro-group.com\/plasmac\/wp-content\/uploads\/2020\/07\/Materialgrau_2-2048x1362.jpg 2048w, https:\/\/syncro-group.com\/plasmac\/wp-content\/uploads\/2020\/07\/Materialgrau_2-475x316.jpg 475w\" sizes=\"auto, (max-width: 1020px) 100vw, 1020px\" \/>\t\t\t\t\t\t\n\t\t\t\t\t<\/div>\n\t\t\t\t\t\t\t\t\n<style>\n#image_522636685 {\n  width: 95%;\n}\n<\/style>\n\t<\/div>\n\t\n<p style=\"text-align: center;\">TRIMS<\/p>\n\t\t<\/div>\n\t\t\t\t\t<\/div>\n\n\t\n\n\t<div id=\"col-1634320260\" class=\"col medium-4 small-12 large-4\"  >\n\t\t\t\t<div class=\"col-inner\"  >\n\t\t\t\n\t\t\t\n\t<div class=\"img has-hover x md-x lg-x y md-y lg-y\" id=\"image_639166651\">\n\t\t\t\t\t\t\t\t<div class=\"img-inner image-cover dark\" style=\"padding-top:75%;\">\n\t\t\t<img loading=\"lazy\" decoding=\"async\" width=\"1020\" height=\"679\" src=\"https:\/\/syncro-group.com\/plasmac\/wp-content\/uploads\/2020\/07\/PE-PET-hochbedruckt_01_0076-1201x800.jpg\" class=\"attachment-large size-large\" alt=\"\" srcset=\"https:\/\/syncro-group.com\/plasmac\/wp-content\/uploads\/2020\/07\/PE-PET-hochbedruckt_01_0076-1201x800.jpg 1201w, https:\/\/syncro-group.com\/plasmac\/wp-content\/uploads\/2020\/07\/PE-PET-hochbedruckt_01_0076-601x400.jpg 601w, https:\/\/syncro-group.com\/plasmac\/wp-content\/uploads\/2020\/07\/PE-PET-hochbedruckt_01_0076-768x511.jpg 768w, https:\/\/syncro-group.com\/plasmac\/wp-content\/uploads\/2020\/07\/PE-PET-hochbedruckt_01_0076-1536x1023.jpg 1536w, https:\/\/syncro-group.com\/plasmac\/wp-content\/uploads\/2020\/07\/PE-PET-hochbedruckt_01_0076-475x316.jpg 475w\" sizes=\"auto, (max-width: 1020px) 100vw, 1020px\" \/>\t\t\t\t\t\t\n\t\t\t\t\t<\/div>\n\t\t\t\t\t\t\t\t\n<style>\n#image_639166651 {\n  width: 95%;\n}\n<\/style>\n\t<\/div>\n\t\n<p style=\"text-align: center;\">MULTY LAYER<\/p>\n\t\t<\/div>\n\t\t\t\t\n<style>\n#col-1634320260 > .col-inner {\n  margin: 0px 09px 0px 0px;\n}\n<\/style>\n\t<\/div>\n\n\t\n\n\t<div id=\"col-152638511\" class=\"col medium-4 small-12 large-4\"  >\n\t\t\t\t<div class=\"col-inner\"  >\n\t\t\t\n\t\t\t\n\t<div class=\"img has-hover x md-x lg-x y md-y lg-y\" id=\"image_1622753936\">\n\t\t\t\t\t\t\t\t<div class=\"img-inner image-cover dark\" style=\"padding-top:75%;\">\n\t\t\t<img loading=\"lazy\" decoding=\"async\" width=\"1000\" height=\"750\" src=\"https:\/\/syncro-group.com\/plasmac\/wp-content\/uploads\/2020\/07\/GRANULATED-FLAKES-sfondo-ricolorato.jpg\" class=\"attachment-large size-large\" alt=\"\" srcset=\"https:\/\/syncro-group.com\/plasmac\/wp-content\/uploads\/2020\/07\/GRANULATED-FLAKES-sfondo-ricolorato.jpg 1000w, https:\/\/syncro-group.com\/plasmac\/wp-content\/uploads\/2020\/07\/GRANULATED-FLAKES-sfondo-ricolorato-533x400.jpg 533w, https:\/\/syncro-group.com\/plasmac\/wp-content\/uploads\/2020\/07\/GRANULATED-FLAKES-sfondo-ricolorato-768x576.jpg 768w, https:\/\/syncro-group.com\/plasmac\/wp-content\/uploads\/2020\/07\/GRANULATED-FLAKES-sfondo-ricolorato-475x356.jpg 475w\" sizes=\"auto, (max-width: 1000px) 100vw, 1000px\" \/>\t\t\t\t\t\t\n\t\t\t\t\t<\/div>\n\t\t\t\t\t\t\t\t\n<style>\n#image_1622753936 {\n  width: 95%;\n}\n<\/style>\n\t<\/div>\n\t\n<p style=\"text-align: center;\">FLAKE<\/p>\n\t\t<\/div>\n\t\t\t\t\t<\/div>\n\n\t\n\n\t<div id=\"col-169861916\" class=\"col medium-4 small-12 large-4\"  >\n\t\t\t\t<div class=\"col-inner\"  >\n\t\t\t\n\t\t\t\n\t<div class=\"img has-hover x md-x lg-x y md-y lg-y\" id=\"image_1709071942\">\n\t\t\t\t\t\t\t\t<div class=\"img-inner image-cover dark\" style=\"padding-top:75%;\">\n\t\t\t<img loading=\"lazy\" decoding=\"async\" width=\"1020\" height=\"765\" src=\"https:\/\/syncro-group.com\/plasmac\/wp-content\/uploads\/2020\/07\/DSC01751-mod-1066x800.jpg\" class=\"attachment-large size-large\" alt=\"\" srcset=\"https:\/\/syncro-group.com\/plasmac\/wp-content\/uploads\/2020\/07\/DSC01751-mod-1066x800.jpg 1066w, https:\/\/syncro-group.com\/plasmac\/wp-content\/uploads\/2020\/07\/DSC01751-mod-533x400.jpg 533w, https:\/\/syncro-group.com\/plasmac\/wp-content\/uploads\/2020\/07\/DSC01751-mod-768x576.jpg 768w, https:\/\/syncro-group.com\/plasmac\/wp-content\/uploads\/2020\/07\/DSC01751-mod-1536x1152.jpg 1536w, https:\/\/syncro-group.com\/plasmac\/wp-content\/uploads\/2020\/07\/DSC01751-mod-2048x1536.jpg 2048w, https:\/\/syncro-group.com\/plasmac\/wp-content\/uploads\/2020\/07\/DSC01751-mod-475x356.jpg 475w\" sizes=\"auto, (max-width: 1020px) 100vw, 1020px\" \/>\t\t\t\t\t\t\n\t\t\t\t\t<\/div>\n\t\t\t\t\t\t\t\t\n<style>\n#image_1709071942 {\n  width: 95%;\n}\n<\/style>\n\t<\/div>\n\t\n<p style=\"text-align: center;\">GRANULATED<\/p>\n\t\t<\/div>\n\t\t\t\t\t<\/div>\n\n\t\n\n<style>\n#row-2140155824 > .col > .col-inner {\n  padding: 0px 0px 0px 0px;\n}\n<\/style>\n<\/div>\n","protected":false},"excerpt":{"rendered":"<p>La extrusora de reciclaje <strong>ALPHA<\/strong> utiliza la exclusiva tecnolog\u00eda de tornillo corto (SST) de <strong>Plasmac<\/strong>, que se basa en un tornillo de doble di\u00e1metro con una relaci\u00f3n L\/D de 8:1.<br \/>\nEl material de desecho se alimenta directamente en el tornillo, lo que significa que no se requiere una reducci\u00f3n de tama\u00f1o previa, debido a que se produce poco o ning\u00fan polvo, lo que significa que se produce un pellet de mayor calidad con los niveles m\u00e1s bajos de geles posibles. El S.S.T. asegura un bajo cizallamiento, funciona a bajas temperaturas de fusi\u00f3n y por lo tanto garantiza un m\u00ednimo absoluto de degradaci\u00f3n del material.<\/p>\n","protected":false},"featured_media":6870,"template":"","meta":{"_acf_changed":false},"product_brand":[],"product_cat":[525],"product_tag":[529,527,530,534,535,511,533,532,531,528],"class_list":{"0":"post-4824","1":"product","2":"type-product","3":"status-publish","4":"has-post-thumbnail","6":"product_cat-alpha-es","7":"product_tag-air-cooled-es","8":"product_tag-extrusion-line-es","9":"product_tag-in-line-trim-recycling-es","10":"product_tag-pelletising-system-es","11":"product_tag-plasmac-es","12":"product_tag-plastic-recycling-systems-es","13":"product_tag-post-industrial-recycling-es","14":"product_tag-return-on-investment-es","15":"product_tag-scrap-recycling-es","16":"product_tag-short-screw-technology-es","18":"first","19":"instock","20":"shipping-taxable","21":"product-type-simple"},"acf":[],"yoast_head":"<!-- This site is optimized with the Yoast SEO plugin v26.0 - https:\/\/yoast.com\/wordpress\/plugins\/seo\/ -->\n<title>Alpha Refrigeraci\u00f3n por aire - Welcome to Plasmac<\/title>\n<meta name=\"description\" content=\"Alpha is a in-line recycling systems for edge trims with compact footprint and energy saving design. Is the ideal solution for inhouse recycling needs.\" \/>\n<meta name=\"robots\" content=\"index, follow, max-snippet:-1, max-image-preview:large, max-video-preview:-1\" \/>\n<link rel=\"canonical\" href=\"https:\/\/syncro-group.com\/plasmac\/es\/prodotto\/alpha-air-cooling-recycling-system\/\" \/>\n<meta property=\"og:locale\" content=\"es_ES\" \/>\n<meta property=\"og:type\" content=\"article\" \/>\n<meta property=\"og:title\" content=\"Alpha Refrigeraci\u00f3n por aire - Welcome to Plasmac\" \/>\n<meta property=\"og:description\" content=\"Alpha is a in-line recycling systems for edge trims with compact footprint and energy saving design. Is the ideal solution for inhouse recycling needs.\" \/>\n<meta property=\"og:url\" content=\"https:\/\/syncro-group.com\/plasmac\/es\/prodotto\/alpha-air-cooling-recycling-system\/\" \/>\n<meta property=\"og:site_name\" content=\"Welcome to Plasmac\" \/>\n<meta property=\"article:modified_time\" content=\"2021-04-09T14:06:35+00:00\" \/>\n<meta property=\"og:image\" content=\"https:\/\/syncro-group.com\/plasmac\/wp-content\/uploads\/2020\/07\/Render-Alpha-AC.png\" \/>\n\t<meta property=\"og:image:width\" content=\"1013\" \/>\n\t<meta property=\"og:image:height\" content=\"994\" \/>\n\t<meta property=\"og:image:type\" content=\"image\/png\" \/>\n<meta name=\"twitter:card\" content=\"summary_large_image\" \/>\n<script type=\"application\/ld+json\" class=\"yoast-schema-graph\">{\"@context\":\"https:\/\/schema.org\",\"@graph\":[{\"@type\":\"WebPage\",\"@id\":\"https:\/\/syncro-group.com\/plasmac\/es\/prodotto\/alpha-air-cooling-recycling-system\/\",\"url\":\"https:\/\/syncro-group.com\/plasmac\/es\/prodotto\/alpha-air-cooling-recycling-system\/\",\"name\":\"Alpha Refrigeraci\u00f3n por aire - Welcome to Plasmac\",\"isPartOf\":{\"@id\":\"https:\/\/syncro-group.com\/plasmac\/es\/#website\"},\"primaryImageOfPage\":{\"@id\":\"https:\/\/syncro-group.com\/plasmac\/es\/prodotto\/alpha-air-cooling-recycling-system\/#primaryimage\"},\"image\":{\"@id\":\"https:\/\/syncro-group.com\/plasmac\/es\/prodotto\/alpha-air-cooling-recycling-system\/#primaryimage\"},\"thumbnailUrl\":\"https:\/\/syncro-group.com\/plasmac\/wp-content\/uploads\/2020\/07\/Render-Alpha-AC.png\",\"datePublished\":\"2020-07-02T10:11:35+00:00\",\"dateModified\":\"2021-04-09T14:06:35+00:00\",\"description\":\"Alpha is a in-line recycling systems for edge trims with compact footprint and energy saving design. Is the ideal solution for inhouse recycling needs.\",\"breadcrumb\":{\"@id\":\"https:\/\/syncro-group.com\/plasmac\/es\/prodotto\/alpha-air-cooling-recycling-system\/#breadcrumb\"},\"inLanguage\":\"es\",\"potentialAction\":[{\"@type\":\"ReadAction\",\"target\":[\"https:\/\/syncro-group.com\/plasmac\/es\/prodotto\/alpha-air-cooling-recycling-system\/\"]}]},{\"@type\":\"ImageObject\",\"inLanguage\":\"es\",\"@id\":\"https:\/\/syncro-group.com\/plasmac\/es\/prodotto\/alpha-air-cooling-recycling-system\/#primaryimage\",\"url\":\"https:\/\/syncro-group.com\/plasmac\/wp-content\/uploads\/2020\/07\/Render-Alpha-AC.png\",\"contentUrl\":\"https:\/\/syncro-group.com\/plasmac\/wp-content\/uploads\/2020\/07\/Render-Alpha-AC.png\",\"width\":1013,\"height\":994},{\"@type\":\"BreadcrumbList\",\"@id\":\"https:\/\/syncro-group.com\/plasmac\/es\/prodotto\/alpha-air-cooling-recycling-system\/#breadcrumb\",\"itemListElement\":[{\"@type\":\"ListItem\",\"position\":1,\"name\":\"Home\",\"item\":\"https:\/\/syncro-group.com\/plasmac\/es\/\"},{\"@type\":\"ListItem\",\"position\":2,\"name\":\"Products\",\"item\":\"https:\/\/syncro-group.com\/plasmac\/products\/\"},{\"@type\":\"ListItem\",\"position\":3,\"name\":\"Alpha Refrigeraci\u00f3n por aire\"}]},{\"@type\":\"WebSite\",\"@id\":\"https:\/\/syncro-group.com\/plasmac\/es\/#website\",\"url\":\"https:\/\/syncro-group.com\/plasmac\/es\/\",\"name\":\"Welcome to Plasmac\",\"description\":\"\",\"potentialAction\":[{\"@type\":\"SearchAction\",\"target\":{\"@type\":\"EntryPoint\",\"urlTemplate\":\"https:\/\/syncro-group.com\/plasmac\/es\/?s={search_term_string}\"},\"query-input\":{\"@type\":\"PropertyValueSpecification\",\"valueRequired\":true,\"valueName\":\"search_term_string\"}}],\"inLanguage\":\"es\"}]}<\/script>\n<!-- \/ Yoast SEO plugin. -->","yoast_head_json":{"title":"Alpha Refrigeraci\u00f3n por aire - Welcome to Plasmac","description":"Alpha is a in-line recycling systems for edge trims with compact footprint and energy saving design. Is the ideal solution for inhouse recycling needs.","robots":{"index":"index","follow":"follow","max-snippet":"max-snippet:-1","max-image-preview":"max-image-preview:large","max-video-preview":"max-video-preview:-1"},"canonical":"https:\/\/syncro-group.com\/plasmac\/es\/prodotto\/alpha-air-cooling-recycling-system\/","og_locale":"es_ES","og_type":"article","og_title":"Alpha Refrigeraci\u00f3n por aire - Welcome to Plasmac","og_description":"Alpha is a in-line recycling systems for edge trims with compact footprint and energy saving design. Is the ideal solution for inhouse recycling needs.","og_url":"https:\/\/syncro-group.com\/plasmac\/es\/prodotto\/alpha-air-cooling-recycling-system\/","og_site_name":"Welcome to Plasmac","article_modified_time":"2021-04-09T14:06:35+00:00","og_image":[{"width":1013,"height":994,"url":"https:\/\/syncro-group.com\/plasmac\/wp-content\/uploads\/2020\/07\/Render-Alpha-AC.png","type":"image\/png"}],"twitter_card":"summary_large_image","schema":{"@context":"https:\/\/schema.org","@graph":[{"@type":"WebPage","@id":"https:\/\/syncro-group.com\/plasmac\/es\/prodotto\/alpha-air-cooling-recycling-system\/","url":"https:\/\/syncro-group.com\/plasmac\/es\/prodotto\/alpha-air-cooling-recycling-system\/","name":"Alpha Refrigeraci\u00f3n por aire - Welcome to Plasmac","isPartOf":{"@id":"https:\/\/syncro-group.com\/plasmac\/es\/#website"},"primaryImageOfPage":{"@id":"https:\/\/syncro-group.com\/plasmac\/es\/prodotto\/alpha-air-cooling-recycling-system\/#primaryimage"},"image":{"@id":"https:\/\/syncro-group.com\/plasmac\/es\/prodotto\/alpha-air-cooling-recycling-system\/#primaryimage"},"thumbnailUrl":"https:\/\/syncro-group.com\/plasmac\/wp-content\/uploads\/2020\/07\/Render-Alpha-AC.png","datePublished":"2020-07-02T10:11:35+00:00","dateModified":"2021-04-09T14:06:35+00:00","description":"Alpha is a in-line recycling systems for edge trims with compact footprint and energy saving design. Is the ideal solution for inhouse recycling needs.","breadcrumb":{"@id":"https:\/\/syncro-group.com\/plasmac\/es\/prodotto\/alpha-air-cooling-recycling-system\/#breadcrumb"},"inLanguage":"es","potentialAction":[{"@type":"ReadAction","target":["https:\/\/syncro-group.com\/plasmac\/es\/prodotto\/alpha-air-cooling-recycling-system\/"]}]},{"@type":"ImageObject","inLanguage":"es","@id":"https:\/\/syncro-group.com\/plasmac\/es\/prodotto\/alpha-air-cooling-recycling-system\/#primaryimage","url":"https:\/\/syncro-group.com\/plasmac\/wp-content\/uploads\/2020\/07\/Render-Alpha-AC.png","contentUrl":"https:\/\/syncro-group.com\/plasmac\/wp-content\/uploads\/2020\/07\/Render-Alpha-AC.png","width":1013,"height":994},{"@type":"BreadcrumbList","@id":"https:\/\/syncro-group.com\/plasmac\/es\/prodotto\/alpha-air-cooling-recycling-system\/#breadcrumb","itemListElement":[{"@type":"ListItem","position":1,"name":"Home","item":"https:\/\/syncro-group.com\/plasmac\/es\/"},{"@type":"ListItem","position":2,"name":"Products","item":"https:\/\/syncro-group.com\/plasmac\/products\/"},{"@type":"ListItem","position":3,"name":"Alpha Refrigeraci\u00f3n por aire"}]},{"@type":"WebSite","@id":"https:\/\/syncro-group.com\/plasmac\/es\/#website","url":"https:\/\/syncro-group.com\/plasmac\/es\/","name":"Welcome to Plasmac","description":"","potentialAction":[{"@type":"SearchAction","target":{"@type":"EntryPoint","urlTemplate":"https:\/\/syncro-group.com\/plasmac\/es\/?s={search_term_string}"},"query-input":{"@type":"PropertyValueSpecification","valueRequired":true,"valueName":"search_term_string"}}],"inLanguage":"es"}]}},"_links":{"self":[{"href":"https:\/\/syncro-group.com\/plasmac\/es\/wp-json\/wp\/v2\/product\/4824","targetHints":{"allow":["GET"]}}],"collection":[{"href":"https:\/\/syncro-group.com\/plasmac\/es\/wp-json\/wp\/v2\/product"}],"about":[{"href":"https:\/\/syncro-group.com\/plasmac\/es\/wp-json\/wp\/v2\/types\/product"}],"wp:featuredmedia":[{"embeddable":true,"href":"https:\/\/syncro-group.com\/plasmac\/es\/wp-json\/wp\/v2\/media\/6870"}],"wp:attachment":[{"href":"https:\/\/syncro-group.com\/plasmac\/es\/wp-json\/wp\/v2\/media?parent=4824"}],"wp:term":[{"taxonomy":"product_brand","embeddable":true,"href":"https:\/\/syncro-group.com\/plasmac\/es\/wp-json\/wp\/v2\/product_brand?post=4824"},{"taxonomy":"product_cat","embeddable":true,"href":"https:\/\/syncro-group.com\/plasmac\/es\/wp-json\/wp\/v2\/product_cat?post=4824"},{"taxonomy":"product_tag","embeddable":true,"href":"https:\/\/syncro-group.com\/plasmac\/es\/wp-json\/wp\/v2\/product_tag?post=4824"}],"curies":[{"name":"wp","href":"https:\/\/api.w.org\/{rel}","templated":true}]}}