{"id":4826,"date":"2020-07-01T07:54:15","date_gmt":"2020-07-01T05:54:15","guid":{"rendered":"https:\/\/syncro-group.com\/plasmac\/prodotto\/omega_shredder_extruder_system\/"},"modified":"2021-04-09T16:59:34","modified_gmt":"2021-04-09T14:59:34","slug":"omega_shredder_extruder_system","status":"publish","type":"product","link":"https:\/\/syncro-group.com\/plasmac\/es\/prodotto\/omega_shredder_extruder_system\/","title":{"rendered":"Omega"},"content":{"rendered":"<ul class=\"advantages\"><li>M\u00ednimo consumo de energ\u00eda y el mayor rendimiento \/ kW de potencia instalada del mercado. Le proporciona un menor coste de funcionamiento y, por tanto, el m\u00e1s r\u00e1pido retorno de la inversi\u00f3n, con una recuperaci\u00f3n de la inversi\u00f3n en tan s\u00f3lo seis meses.<\/li><li>Bajo cizallamiento, m\u00ednimo tiempo de permanencia en el proceso y m\u00ednima degradaci\u00f3n del material. Significa que puede reciclar todo su material de desecho en pellets de alta calidad, reduciendo sus costes de material y mejorando su rentabilidad.<\/li><li>Tecnolog\u00eda de trituraci\u00f3n de rotaci\u00f3n lenta y dise\u00f1o de criba \u00fanico. No requiere agua de refrigeraci\u00f3n del rotor ni del sistema de transferencia, lo que reduce el mantenimiento y los costes, mejorando as\u00ed su rentabilidad.<\/li><li>La m\u00e1quina de reciclaje m\u00e1s peque\u00f1a del mercado. Requiere un espacio m\u00ednimo, liberando un valioso espacio para otras aplicaciones.<\/li><\/ul>\n<h2>SUITABLE MATERIALS<\/h2>\n<div class=\"row\"  id=\"row-1183312386\">\n\n\t<div id=\"col-657178547\" class=\"col medium-4 small-12 large-4\"  >\n\t\t\t\t<div class=\"col-inner\"  >\n\t\t\t\n\t\t\t\n\t<div class=\"img has-hover x md-x lg-x y md-y lg-y\" id=\"image_243163989\">\n\t\t\t\t\t\t\t\t<div class=\"img-inner image-cover dark\" style=\"padding-top:75%;\">\n\t\t\t<img loading=\"lazy\" decoding=\"async\" width=\"2362\" height=\"1772\" src=\"https:\/\/syncro-group.com\/plasmac\/wp-content\/uploads\/2020\/07\/PE-Folie-transparent_0119_2.jpg\" class=\"attachment-original size-original\" alt=\"\" srcset=\"https:\/\/syncro-group.com\/plasmac\/wp-content\/uploads\/2020\/07\/PE-Folie-transparent_0119_2.jpg 2362w, https:\/\/syncro-group.com\/plasmac\/wp-content\/uploads\/2020\/07\/PE-Folie-transparent_0119_2-533x400.jpg 533w, https:\/\/syncro-group.com\/plasmac\/wp-content\/uploads\/2020\/07\/PE-Folie-transparent_0119_2-1066x800.jpg 1066w, https:\/\/syncro-group.com\/plasmac\/wp-content\/uploads\/2020\/07\/PE-Folie-transparent_0119_2-768x576.jpg 768w, https:\/\/syncro-group.com\/plasmac\/wp-content\/uploads\/2020\/07\/PE-Folie-transparent_0119_2-1536x1152.jpg 1536w, https:\/\/syncro-group.com\/plasmac\/wp-content\/uploads\/2020\/07\/PE-Folie-transparent_0119_2-2048x1536.jpg 2048w, https:\/\/syncro-group.com\/plasmac\/wp-content\/uploads\/2020\/07\/PE-Folie-transparent_0119_2-475x356.jpg 475w\" sizes=\"auto, (max-width: 2362px) 100vw, 2362px\" \/>\t\t\t\t\t\t\n\t\t\t\t\t<\/div>\n\t\t\t\t\t\t\t\t\n<style>\n#image_243163989 {\n  width: 95%;\n}\n<\/style>\n\t<\/div>\n\t\n<p style=\"text-align: center;\">REELS<\/p>\n\t\t<\/div>\n\t\t\t\t\t<\/div>\n\n\t\n\n\t<div id=\"col-300558772\" class=\"col medium-4 small-12 large-4\"  >\n\t\t\t\t<div class=\"col-inner\"  >\n\t\t\t\n\t\t\t\n\t<div class=\"img has-hover x md-x lg-x y md-y lg-y\" id=\"image_193114937\">\n\t\t\t\t\t\t\t\t<div class=\"img-inner image-cover dark\" style=\"padding-top:75%;\">\n\t\t\t<img loading=\"lazy\" decoding=\"async\" width=\"2362\" height=\"1772\" src=\"https:\/\/syncro-group.com\/plasmac\/wp-content\/uploads\/2020\/07\/LDPE-Tragetaschen-bedruckt_01_0085.jpg\" class=\"attachment-original size-original\" alt=\"\" srcset=\"https:\/\/syncro-group.com\/plasmac\/wp-content\/uploads\/2020\/07\/LDPE-Tragetaschen-bedruckt_01_0085.jpg 2362w, https:\/\/syncro-group.com\/plasmac\/wp-content\/uploads\/2020\/07\/LDPE-Tragetaschen-bedruckt_01_0085-533x400.jpg 533w, https:\/\/syncro-group.com\/plasmac\/wp-content\/uploads\/2020\/07\/LDPE-Tragetaschen-bedruckt_01_0085-1066x800.jpg 1066w, https:\/\/syncro-group.com\/plasmac\/wp-content\/uploads\/2020\/07\/LDPE-Tragetaschen-bedruckt_01_0085-768x576.jpg 768w, https:\/\/syncro-group.com\/plasmac\/wp-content\/uploads\/2020\/07\/LDPE-Tragetaschen-bedruckt_01_0085-1536x1152.jpg 1536w, https:\/\/syncro-group.com\/plasmac\/wp-content\/uploads\/2020\/07\/LDPE-Tragetaschen-bedruckt_01_0085-2048x1536.jpg 2048w, https:\/\/syncro-group.com\/plasmac\/wp-content\/uploads\/2020\/07\/LDPE-Tragetaschen-bedruckt_01_0085-475x356.jpg 475w\" sizes=\"auto, (max-width: 2362px) 100vw, 2362px\" \/>\t\t\t\t\t\t\n\t\t\t\t\t<\/div>\n\t\t\t\t\t\t\t\t\n<style>\n#image_193114937 {\n  width: 95%;\n}\n<\/style>\n\t<\/div>\n\t\n<p style=\"text-align: center;\">PRINTED<\/p>\n\t\t<\/div>\n\t\t\t\t\t<\/div>\n\n\t\n\n\t<div id=\"col-657900953\" class=\"col medium-4 small-12 large-4\"  >\n\t\t\t\t<div class=\"col-inner\"  >\n\t\t\t\n\t\t\t\n\t<div class=\"img has-hover x md-x lg-x y md-y lg-y\" id=\"image_157009373\">\n\t\t\t\t\t\t\t\t<div class=\"img-inner image-cover dark\" style=\"padding-top:75%;\">\n\t\t\t<img loading=\"lazy\" decoding=\"async\" width=\"2362\" height=\"1571\" src=\"https:\/\/syncro-group.com\/plasmac\/wp-content\/uploads\/2020\/07\/Materialgrau_2.jpg\" class=\"attachment-original size-original\" alt=\"\" srcset=\"https:\/\/syncro-group.com\/plasmac\/wp-content\/uploads\/2020\/07\/Materialgrau_2.jpg 2362w, https:\/\/syncro-group.com\/plasmac\/wp-content\/uploads\/2020\/07\/Materialgrau_2-601x400.jpg 601w, https:\/\/syncro-group.com\/plasmac\/wp-content\/uploads\/2020\/07\/Materialgrau_2-1203x800.jpg 1203w, https:\/\/syncro-group.com\/plasmac\/wp-content\/uploads\/2020\/07\/Materialgrau_2-768x511.jpg 768w, https:\/\/syncro-group.com\/plasmac\/wp-content\/uploads\/2020\/07\/Materialgrau_2-1536x1022.jpg 1536w, https:\/\/syncro-group.com\/plasmac\/wp-content\/uploads\/2020\/07\/Materialgrau_2-2048x1362.jpg 2048w, https:\/\/syncro-group.com\/plasmac\/wp-content\/uploads\/2020\/07\/Materialgrau_2-475x316.jpg 475w\" sizes=\"auto, (max-width: 2362px) 100vw, 2362px\" \/>\t\t\t\t\t\t\n\t\t\t\t\t<\/div>\n\t\t\t\t\t\t\t\t\n<style>\n#image_157009373 {\n  width: 95%;\n}\n<\/style>\n\t<\/div>\n\t\n<p style=\"text-align: center;\">TRIMS<\/p>\n\t\t<\/div>\n\t\t\t\t\t<\/div>\n\n\t\n\n\t<div id=\"col-1126034935\" class=\"col medium-4 small-12 large-4\"  >\n\t\t\t\t<div class=\"col-inner\"  >\n\t\t\t\n\t\t\t\n\t<div class=\"img has-hover x md-x lg-x y md-y lg-y\" id=\"image_999152013\">\n\t\t\t\t\t\t\t\t<div class=\"img-inner image-cover dark\" style=\"padding-top:75%;\">\n\t\t\t<img loading=\"lazy\" decoding=\"async\" width=\"2560\" height=\"1705\" src=\"https:\/\/syncro-group.com\/plasmac\/wp-content\/uploads\/2020\/07\/PE-PET-hochbedruckt_01_0076.jpg\" class=\"attachment-original size-original\" alt=\"\" \/>\t\t\t\t\t\t\n\t\t\t\t\t<\/div>\n\t\t\t\t\t\t\t\t\n<style>\n#image_999152013 {\n  width: 95%;\n}\n<\/style>\n\t<\/div>\n\t\n<p style=\"text-align: center;\">MULTI-LAYER<\/p>\n\t\t<\/div>\n\t\t\t\t\t<\/div>\n\n\t\n\n\t<div id=\"col-2127208741\" class=\"col medium-4 small-12 large-4\"  >\n\t\t\t\t<div class=\"col-inner\"  >\n\t\t\t\n\t\t\t\n\t<div class=\"img has-hover x md-x lg-x y md-y lg-y\" id=\"image_299348329\">\n\t\t\t\t\t\t\t\t<div class=\"img-inner image-cover dark\" style=\"padding-top:75%;\">\n\t\t\t<img loading=\"lazy\" decoding=\"async\" width=\"2560\" height=\"1920\" src=\"https:\/\/syncro-group.com\/plasmac\/wp-content\/uploads\/2020\/07\/DSC01710-mod.jpg\" class=\"attachment-original size-original\" alt=\"\" \/>\t\t\t\t\t\t\n\t\t\t\t\t<\/div>\n\t\t\t\t\t\t\t\t\n<style>\n#image_299348329 {\n  width: 95%;\n}\n<\/style>\n\t<\/div>\n\t\n<p style=\"text-align: center;\">LUMPS<\/p>\n\t\t<\/div>\n\t\t\t\t\t<\/div>\n\n\t\n\n\t<div id=\"col-546706959\" class=\"col medium-4 small-12 large-4\"  >\n\t\t\t\t<div class=\"col-inner\"  >\n\t\t\t\n\t\t\t\n<div class=\"uxb-no-content uxb-image\">Upload Image...<\/div>\n\t\t<\/div>\n\t\t\t\t\t<\/div>\n\n\t\n<\/div>\n","protected":false},"excerpt":{"rendered":"<p>La gama de m\u00e1quinas <strong>OMEGA<\/strong> &#8211; Sistemas de trituraci\u00f3n y <strong>extrusi\u00f3n<\/strong> para el reciclaje en l\u00ednea y fuera de l\u00ednea<\/p>\n<p>La Omega es una combinaci\u00f3n de trituradora\/extrusora, ideal para repeler recortes en l\u00ednea a alta velocidad o para su uso fuera de l\u00ednea para reciclar bobinas fuera de especificaci\u00f3n, bultos, balas, material suelto o desechos de arranque. Su dise\u00f1o compacto y su ahorro de energ\u00eda la convierten en la soluci\u00f3n ideal para sus necesidades de reciclaje en la empresa.<\/p>\n","protected":false},"featured_media":5981,"template":"","meta":{"_acf_changed":false},"product_brand":[],"product_cat":[542],"product_tag":[529,527,509,545,510,547,534,511,533,532,544,548,546,543],"class_list":{"0":"post-4826","1":"product","2":"type-product","3":"status-publish","4":"has-post-thumbnail","6":"product_cat-omega-es","7":"product_tag-air-cooled-es","8":"product_tag-extrusion-line-es","9":"product_tag-inline-recycling-machine-es","10":"product_tag-low-speed-shredder-es","11":"product_tag-offline-recycling-machine-es","12":"product_tag-pellet-detection-system-es","13":"product_tag-pelletising-system-es","14":"product_tag-plastic-recycling-systems-es","15":"product_tag-post-industrial-recycling-es","16":"product_tag-return-on-investment-es","17":"product_tag-scrap-reels-recycling-es","18":"product_tag-unique-shredder-screen-design-es","19":"product_tag-vacuum-degassing-station-es","20":"product_tag-water-cooled-es","22":"first","23":"instock","24":"shipping-taxable","25":"product-type-simple"},"acf":[],"yoast_head":"<!-- This site is optimized with the Yoast SEO plugin v26.0 - https:\/\/yoast.com\/wordpress\/plugins\/seo\/ -->\n<title>Omega - Welcome to Plasmac<\/title>\n<meta name=\"description\" content=\"The Omega is a shredder-extruder combination, ideal for repelletising high speed inline trims or for offline use to recycle off-spec reels, lumps, bales, loose material or start-up scrap.\" \/>\n<meta name=\"robots\" content=\"index, follow, max-snippet:-1, max-image-preview:large, max-video-preview:-1\" \/>\n<link rel=\"canonical\" href=\"https:\/\/syncro-group.com\/plasmac\/es\/prodotto\/omega_shredder_extruder_system\/\" \/>\n<meta property=\"og:locale\" content=\"es_ES\" \/>\n<meta property=\"og:type\" content=\"article\" \/>\n<meta property=\"og:title\" content=\"Omega - Welcome to Plasmac\" \/>\n<meta property=\"og:description\" content=\"The Omega is a shredder-extruder combination, ideal for repelletising high speed inline trims or for offline use to recycle off-spec reels, lumps, bales, loose material or start-up scrap.\" \/>\n<meta property=\"og:url\" content=\"https:\/\/syncro-group.com\/plasmac\/es\/prodotto\/omega_shredder_extruder_system\/\" \/>\n<meta property=\"og:site_name\" content=\"Welcome to Plasmac\" \/>\n<meta property=\"article:modified_time\" content=\"2021-04-09T14:59:34+00:00\" \/>\n<meta property=\"og:image\" content=\"https:\/\/syncro-group.com\/plasmac\/wp-content\/uploads\/2020\/07\/OMEGA-WEB.jpg\" \/>\n\t<meta property=\"og:image:width\" content=\"1000\" \/>\n\t<meta property=\"og:image:height\" content=\"1000\" \/>\n\t<meta property=\"og:image:type\" content=\"image\/jpeg\" \/>\n<meta name=\"twitter:card\" content=\"summary_large_image\" \/>\n<script type=\"application\/ld+json\" class=\"yoast-schema-graph\">{\"@context\":\"https:\/\/schema.org\",\"@graph\":[{\"@type\":\"WebPage\",\"@id\":\"https:\/\/syncro-group.com\/plasmac\/es\/prodotto\/omega_shredder_extruder_system\/\",\"url\":\"https:\/\/syncro-group.com\/plasmac\/es\/prodotto\/omega_shredder_extruder_system\/\",\"name\":\"Omega - Welcome to Plasmac\",\"isPartOf\":{\"@id\":\"https:\/\/syncro-group.com\/plasmac\/es\/#website\"},\"primaryImageOfPage\":{\"@id\":\"https:\/\/syncro-group.com\/plasmac\/es\/prodotto\/omega_shredder_extruder_system\/#primaryimage\"},\"image\":{\"@id\":\"https:\/\/syncro-group.com\/plasmac\/es\/prodotto\/omega_shredder_extruder_system\/#primaryimage\"},\"thumbnailUrl\":\"https:\/\/syncro-group.com\/plasmac\/wp-content\/uploads\/2020\/07\/OMEGA-WEB.jpg\",\"datePublished\":\"2020-07-01T05:54:15+00:00\",\"dateModified\":\"2021-04-09T14:59:34+00:00\",\"description\":\"The Omega is a shredder-extruder combination, ideal for repelletising high speed inline trims or for offline use to recycle off-spec reels, lumps, bales, loose material or start-up scrap.\",\"breadcrumb\":{\"@id\":\"https:\/\/syncro-group.com\/plasmac\/es\/prodotto\/omega_shredder_extruder_system\/#breadcrumb\"},\"inLanguage\":\"es\",\"potentialAction\":[{\"@type\":\"ReadAction\",\"target\":[\"https:\/\/syncro-group.com\/plasmac\/es\/prodotto\/omega_shredder_extruder_system\/\"]}]},{\"@type\":\"ImageObject\",\"inLanguage\":\"es\",\"@id\":\"https:\/\/syncro-group.com\/plasmac\/es\/prodotto\/omega_shredder_extruder_system\/#primaryimage\",\"url\":\"https:\/\/syncro-group.com\/plasmac\/wp-content\/uploads\/2020\/07\/OMEGA-WEB.jpg\",\"contentUrl\":\"https:\/\/syncro-group.com\/plasmac\/wp-content\/uploads\/2020\/07\/OMEGA-WEB.jpg\",\"width\":1000,\"height\":1000},{\"@type\":\"BreadcrumbList\",\"@id\":\"https:\/\/syncro-group.com\/plasmac\/es\/prodotto\/omega_shredder_extruder_system\/#breadcrumb\",\"itemListElement\":[{\"@type\":\"ListItem\",\"position\":1,\"name\":\"Home\",\"item\":\"https:\/\/syncro-group.com\/plasmac\/es\/\"},{\"@type\":\"ListItem\",\"position\":2,\"name\":\"Products\",\"item\":\"https:\/\/syncro-group.com\/plasmac\/products\/\"},{\"@type\":\"ListItem\",\"position\":3,\"name\":\"Omega\"}]},{\"@type\":\"WebSite\",\"@id\":\"https:\/\/syncro-group.com\/plasmac\/es\/#website\",\"url\":\"https:\/\/syncro-group.com\/plasmac\/es\/\",\"name\":\"Welcome to Plasmac\",\"description\":\"\",\"potentialAction\":[{\"@type\":\"SearchAction\",\"target\":{\"@type\":\"EntryPoint\",\"urlTemplate\":\"https:\/\/syncro-group.com\/plasmac\/es\/?s={search_term_string}\"},\"query-input\":{\"@type\":\"PropertyValueSpecification\",\"valueRequired\":true,\"valueName\":\"search_term_string\"}}],\"inLanguage\":\"es\"}]}<\/script>\n<!-- \/ Yoast SEO plugin. -->","yoast_head_json":{"title":"Omega - Welcome to Plasmac","description":"The Omega is a shredder-extruder combination, ideal for repelletising high speed inline trims or for offline use to recycle off-spec reels, lumps, bales, loose material or start-up scrap.","robots":{"index":"index","follow":"follow","max-snippet":"max-snippet:-1","max-image-preview":"max-image-preview:large","max-video-preview":"max-video-preview:-1"},"canonical":"https:\/\/syncro-group.com\/plasmac\/es\/prodotto\/omega_shredder_extruder_system\/","og_locale":"es_ES","og_type":"article","og_title":"Omega - Welcome to Plasmac","og_description":"The Omega is a shredder-extruder combination, ideal for repelletising high speed inline trims or for offline use to recycle off-spec reels, lumps, bales, loose material or start-up scrap.","og_url":"https:\/\/syncro-group.com\/plasmac\/es\/prodotto\/omega_shredder_extruder_system\/","og_site_name":"Welcome to Plasmac","article_modified_time":"2021-04-09T14:59:34+00:00","og_image":[{"width":1000,"height":1000,"url":"https:\/\/syncro-group.com\/plasmac\/wp-content\/uploads\/2020\/07\/OMEGA-WEB.jpg","type":"image\/jpeg"}],"twitter_card":"summary_large_image","schema":{"@context":"https:\/\/schema.org","@graph":[{"@type":"WebPage","@id":"https:\/\/syncro-group.com\/plasmac\/es\/prodotto\/omega_shredder_extruder_system\/","url":"https:\/\/syncro-group.com\/plasmac\/es\/prodotto\/omega_shredder_extruder_system\/","name":"Omega - Welcome to Plasmac","isPartOf":{"@id":"https:\/\/syncro-group.com\/plasmac\/es\/#website"},"primaryImageOfPage":{"@id":"https:\/\/syncro-group.com\/plasmac\/es\/prodotto\/omega_shredder_extruder_system\/#primaryimage"},"image":{"@id":"https:\/\/syncro-group.com\/plasmac\/es\/prodotto\/omega_shredder_extruder_system\/#primaryimage"},"thumbnailUrl":"https:\/\/syncro-group.com\/plasmac\/wp-content\/uploads\/2020\/07\/OMEGA-WEB.jpg","datePublished":"2020-07-01T05:54:15+00:00","dateModified":"2021-04-09T14:59:34+00:00","description":"The Omega is a shredder-extruder combination, ideal for repelletising high speed inline trims or for offline use to recycle off-spec reels, lumps, bales, loose material or start-up scrap.","breadcrumb":{"@id":"https:\/\/syncro-group.com\/plasmac\/es\/prodotto\/omega_shredder_extruder_system\/#breadcrumb"},"inLanguage":"es","potentialAction":[{"@type":"ReadAction","target":["https:\/\/syncro-group.com\/plasmac\/es\/prodotto\/omega_shredder_extruder_system\/"]}]},{"@type":"ImageObject","inLanguage":"es","@id":"https:\/\/syncro-group.com\/plasmac\/es\/prodotto\/omega_shredder_extruder_system\/#primaryimage","url":"https:\/\/syncro-group.com\/plasmac\/wp-content\/uploads\/2020\/07\/OMEGA-WEB.jpg","contentUrl":"https:\/\/syncro-group.com\/plasmac\/wp-content\/uploads\/2020\/07\/OMEGA-WEB.jpg","width":1000,"height":1000},{"@type":"BreadcrumbList","@id":"https:\/\/syncro-group.com\/plasmac\/es\/prodotto\/omega_shredder_extruder_system\/#breadcrumb","itemListElement":[{"@type":"ListItem","position":1,"name":"Home","item":"https:\/\/syncro-group.com\/plasmac\/es\/"},{"@type":"ListItem","position":2,"name":"Products","item":"https:\/\/syncro-group.com\/plasmac\/products\/"},{"@type":"ListItem","position":3,"name":"Omega"}]},{"@type":"WebSite","@id":"https:\/\/syncro-group.com\/plasmac\/es\/#website","url":"https:\/\/syncro-group.com\/plasmac\/es\/","name":"Welcome to Plasmac","description":"","potentialAction":[{"@type":"SearchAction","target":{"@type":"EntryPoint","urlTemplate":"https:\/\/syncro-group.com\/plasmac\/es\/?s={search_term_string}"},"query-input":{"@type":"PropertyValueSpecification","valueRequired":true,"valueName":"search_term_string"}}],"inLanguage":"es"}]}},"_links":{"self":[{"href":"https:\/\/syncro-group.com\/plasmac\/es\/wp-json\/wp\/v2\/product\/4826","targetHints":{"allow":["GET"]}}],"collection":[{"href":"https:\/\/syncro-group.com\/plasmac\/es\/wp-json\/wp\/v2\/product"}],"about":[{"href":"https:\/\/syncro-group.com\/plasmac\/es\/wp-json\/wp\/v2\/types\/product"}],"wp:featuredmedia":[{"embeddable":true,"href":"https:\/\/syncro-group.com\/plasmac\/es\/wp-json\/wp\/v2\/media\/5981"}],"wp:attachment":[{"href":"https:\/\/syncro-group.com\/plasmac\/es\/wp-json\/wp\/v2\/media?parent=4826"}],"wp:term":[{"taxonomy":"product_brand","embeddable":true,"href":"https:\/\/syncro-group.com\/plasmac\/es\/wp-json\/wp\/v2\/product_brand?post=4826"},{"taxonomy":"product_cat","embeddable":true,"href":"https:\/\/syncro-group.com\/plasmac\/es\/wp-json\/wp\/v2\/product_cat?post=4826"},{"taxonomy":"product_tag","embeddable":true,"href":"https:\/\/syncro-group.com\/plasmac\/es\/wp-json\/wp\/v2\/product_tag?post=4826"}],"curies":[{"name":"wp","href":"https:\/\/api.w.org\/{rel}","templated":true}]}}