{"id":5794,"date":"2013-08-11T19:06:15","date_gmt":"2013-08-11T19:06:15","guid":{"rendered":"https:\/\/syncro-group.com\/syncro\/about\/"},"modified":"2021-04-19T13:25:47","modified_gmt":"2021-04-19T11:25:47","slug":"about","status":"publish","type":"page","link":"https:\/\/syncro-group.com\/syncro\/es\/about\/","title":{"rendered":"Sobre nosotros"},"content":{"rendered":"\n  <div class=\"banner has-hover has-parallax\" id=\"banner-1253341880\">\n          <div class=\"banner-inner fill\">\n        <div class=\"banner-bg fill\" data-parallax=\"-1\" data-parallax-container=\".banner\" data-parallax-background>\n            <div class=\"bg fill bg-fill \"><\/div>\n                                    \n                    <\/div>\n\t\t\n        <div class=\"banner-layers container\">\n            <div class=\"fill banner-link\"><\/div>            \n   <div id=\"text-box-1215586926\" class=\"text-box banner-layer text-box-square x15 md-x15 lg-x15 y50 md-y50 lg-y50 res-text\">\n                                <div class=\"text-box-content text dark\">\n              \n              <div class=\"text-inner text-center\">\n                  \n<div class=\"main_slider_text_container\">\n<h3 class=\"uppercase\"><strong>SOBRE<\/strong> NOSOTROS<\/h3>\n<p>TODO LO QUE LOGRAMOS<\/p>\n<p>SE DEBE AL ESFUERZO COMBINADO<\/p>\n<\/div>\n              <\/div>\n           <\/div>\n                            \n<style>\n#text-box-1215586926 .text-box-content {\n  background-color: rgba(255, 255, 255, 0.15);\n  font-size: 100%;\n}\n#text-box-1215586926 {\n  width: 31%;\n}\n<\/style>\n    <\/div>\n \n        <\/div>\n      <\/div>\n\n            \n<style>\n#banner-1253341880 {\n  padding-top: 400px;\n}\n#banner-1253341880 .bg.bg-loaded {\n  background-image: url(https:\/\/syncro-group.com\/syncro\/wp-content\/uploads\/2020\/07\/Gatto-e-tigre-largo-20000.jpg);\n}\n#banner-1253341880 .bg {\n  background-position: 47% 100%;\n}\n#banner-1253341880 .ux-shape-divider--top svg {\n  height: 150px;\n  --divider-top-width: 100%;\n}\n#banner-1253341880 .ux-shape-divider--bottom svg {\n  height: 150px;\n  --divider-width: 100%;\n}\n<\/style>\n  <\/div>\n\n\n<div class=\"row\"  id=\"row-149845810\">\n\n\t<div id=\"col-1365923034\" class=\"col small-12 large-12\"  >\n\t\t\t\t<div class=\"col-inner\"  >\n\t\t\t\n\t\t\t\n\t<div id=\"text-3282293956\" class=\"text\">\n\t\t\n<p>El <strong>Grupo Syncro<\/strong> es el holding creado para gestionar las tres empresas independientes que lo componen. De esta manera, el negocio puede asegurar que todas las empresas viven la filosof\u00eda de una sinergia circular para apoyar a sus clientes de la industria del pl\u00e1stico a <strong>maximizar<\/strong> su <strong>productividad<\/strong>, <strong>minimizar los residuos<\/strong> y <strong>reducir el consumo de energ\u00eda<\/strong>.<\/p>\n<p class=\"p1\"><strong>Syncro<\/strong> es un l\u00edder mundial en el campo de la automatizaci\u00f3n dentro de la <strong>industria de la<\/strong> <strong>extrusi\u00f3n de pl\u00e1stico<\/strong>. Si a esto le a\u00f1adimos la asociaci\u00f3n de Syncro con <strong>MAGUIRE<\/strong>, l\u00edder mundial en la fabricaci\u00f3n de equipos auxiliares dedicados a la industria de la manipulaci\u00f3n de materiales pl\u00e1sticos, ha nacido <strong><a href=\"https:\/\/www.maguire.com\/products\/maguire-syncro\/\">MEGUIRE+SYNCRO<\/a><\/strong> una cooperaci\u00f3n beneficiosa para ampliar las gamas de productos de cada uno e impulsar sus desarrollos tecnol\u00f3gicos conjuntos en curso.<\/p>\n<p class=\"p1\"><strong>Plasmac<\/strong> es la <strong>divisi\u00f3n de reciclaje<\/strong> del grupo, que fabrica maquinaria en l\u00ednea y fuera de l\u00ednea para el reciclaje de residuos industriales. <strong><a href=\"https:\/\/www.erema-group.com\/en\/home\/\">El Grupo Erema<\/a><\/strong>, l\u00edder mundial en la fabricaci\u00f3n de maquinaria para el reciclaje, ha adquirido el 60% de Plasmac con la intenci\u00f3n de reforzar su cartera de negocios dedicados a la <strong>Econom\u00eda Circular<\/strong> con la misi\u00f3n de ayudar a los clientes a maximizar la productividad, minimizar los residuos y reducir su huella energ\u00e9tica.<\/p>\n<p class=\"p1\"><strong>Plantech-CST<\/strong> est\u00e1 especializada en el <strong>almacenamiento<\/strong>, la <strong>manipulaci\u00f3n<\/strong> y la dosificaci\u00f3n de polvos, <strong>gr\u00e1nulos<\/strong> y materiales <strong>l\u00edquidos<\/strong>, dise\u00f1ados para aplicaciones en diversas industrias como la del pl\u00e1stico, la qu\u00edmica, la alimentaria, la del cemento y la farmac\u00e9utica. <strong>Plantech-CST es la \u00fanica empresa italiana que ofrece una amplia gama de productos dedicados a la automatizaci\u00f3n de sus sectores de mercado<\/strong>, mediante maquinaria de tecnolog\u00eda avanzada y soluciones a medida adaptadas a las necesidades de sus clientes.<\/p>\n\t\t\n<style>\n#text-3282293956 {\n  font-size: 1rem;\n}\n<\/style>\n\t<\/div>\n\t\n\t\t<\/div>\n\t\t\t\t\t<\/div>\n\n\t\n<\/div>\n","protected":false},"excerpt":{"rendered":"","protected":false},"author":1,"featured_media":0,"parent":0,"menu_order":100,"comment_status":"closed","ping_status":"closed","template":"page-blank.php","meta":{"_acf_changed":false,"footnotes":""},"class_list":["post-5794","page","type-page","status-publish","hentry"],"acf":[],"yoast_head":"<!-- This site is optimized with the Yoast SEO plugin v26.0 - https:\/\/yoast.com\/wordpress\/plugins\/seo\/ -->\n<title>Sobre nosotros - Welcome to Syncro Group Website<\/title>\n<meta name=\"robots\" content=\"index, follow, max-snippet:-1, max-image-preview:large, max-video-preview:-1\" \/>\n<link rel=\"canonical\" href=\"https:\/\/syncro-group.com\/syncro\/es\/about\/\" \/>\n<meta property=\"og:locale\" content=\"es_ES\" \/>\n<meta property=\"og:type\" content=\"article\" \/>\n<meta property=\"og:title\" content=\"Sobre nosotros - Welcome to Syncro Group Website\" \/>\n<meta property=\"og:url\" content=\"https:\/\/syncro-group.com\/syncro\/es\/about\/\" \/>\n<meta property=\"og:site_name\" content=\"Welcome to Syncro Group Website\" \/>\n<meta property=\"article:modified_time\" content=\"2021-04-19T11:25:47+00:00\" \/>\n<meta name=\"twitter:card\" content=\"summary_large_image\" \/>\n<meta name=\"twitter:label1\" content=\"Tiempo de lectura\" \/>\n\t<meta name=\"twitter:data1\" content=\"2 minutos\" \/>\n<script type=\"application\/ld+json\" class=\"yoast-schema-graph\">{\"@context\":\"https:\/\/schema.org\",\"@graph\":[{\"@type\":\"WebPage\",\"@id\":\"https:\/\/syncro-group.com\/syncro\/es\/about\/\",\"url\":\"https:\/\/syncro-group.com\/syncro\/es\/about\/\",\"name\":\"Sobre nosotros - Welcome to Syncro Group Website\",\"isPartOf\":{\"@id\":\"https:\/\/syncro-group.com\/syncro\/es\/#website\"},\"datePublished\":\"2013-08-11T19:06:15+00:00\",\"dateModified\":\"2021-04-19T11:25:47+00:00\",\"breadcrumb\":{\"@id\":\"https:\/\/syncro-group.com\/syncro\/es\/about\/#breadcrumb\"},\"inLanguage\":\"es\",\"potentialAction\":[{\"@type\":\"ReadAction\",\"target\":[\"https:\/\/syncro-group.com\/syncro\/es\/about\/\"]}]},{\"@type\":\"BreadcrumbList\",\"@id\":\"https:\/\/syncro-group.com\/syncro\/es\/about\/#breadcrumb\",\"itemListElement\":[{\"@type\":\"ListItem\",\"position\":1,\"name\":\"Home\",\"item\":\"https:\/\/syncro-group.com\/syncro\/es\/\"},{\"@type\":\"ListItem\",\"position\":2,\"name\":\"Sobre nosotros\"}]},{\"@type\":\"WebSite\",\"@id\":\"https:\/\/syncro-group.com\/syncro\/es\/#website\",\"url\":\"https:\/\/syncro-group.com\/syncro\/es\/\",\"name\":\"Welcome to Syncro Group Website\",\"description\":\"\",\"potentialAction\":[{\"@type\":\"SearchAction\",\"target\":{\"@type\":\"EntryPoint\",\"urlTemplate\":\"https:\/\/syncro-group.com\/syncro\/es\/?s={search_term_string}\"},\"query-input\":{\"@type\":\"PropertyValueSpecification\",\"valueRequired\":true,\"valueName\":\"search_term_string\"}}],\"inLanguage\":\"es\"}]}<\/script>\n<!-- \/ Yoast SEO plugin. -->","yoast_head_json":{"title":"Sobre nosotros - Welcome to Syncro Group Website","robots":{"index":"index","follow":"follow","max-snippet":"max-snippet:-1","max-image-preview":"max-image-preview:large","max-video-preview":"max-video-preview:-1"},"canonical":"https:\/\/syncro-group.com\/syncro\/es\/about\/","og_locale":"es_ES","og_type":"article","og_title":"Sobre nosotros - Welcome to Syncro Group Website","og_url":"https:\/\/syncro-group.com\/syncro\/es\/about\/","og_site_name":"Welcome to Syncro Group Website","article_modified_time":"2021-04-19T11:25:47+00:00","twitter_card":"summary_large_image","twitter_misc":{"Tiempo de lectura":"2 minutos"},"schema":{"@context":"https:\/\/schema.org","@graph":[{"@type":"WebPage","@id":"https:\/\/syncro-group.com\/syncro\/es\/about\/","url":"https:\/\/syncro-group.com\/syncro\/es\/about\/","name":"Sobre nosotros - Welcome to Syncro Group Website","isPartOf":{"@id":"https:\/\/syncro-group.com\/syncro\/es\/#website"},"datePublished":"2013-08-11T19:06:15+00:00","dateModified":"2021-04-19T11:25:47+00:00","breadcrumb":{"@id":"https:\/\/syncro-group.com\/syncro\/es\/about\/#breadcrumb"},"inLanguage":"es","potentialAction":[{"@type":"ReadAction","target":["https:\/\/syncro-group.com\/syncro\/es\/about\/"]}]},{"@type":"BreadcrumbList","@id":"https:\/\/syncro-group.com\/syncro\/es\/about\/#breadcrumb","itemListElement":[{"@type":"ListItem","position":1,"name":"Home","item":"https:\/\/syncro-group.com\/syncro\/es\/"},{"@type":"ListItem","position":2,"name":"Sobre nosotros"}]},{"@type":"WebSite","@id":"https:\/\/syncro-group.com\/syncro\/es\/#website","url":"https:\/\/syncro-group.com\/syncro\/es\/","name":"Welcome to Syncro Group Website","description":"","potentialAction":[{"@type":"SearchAction","target":{"@type":"EntryPoint","urlTemplate":"https:\/\/syncro-group.com\/syncro\/es\/?s={search_term_string}"},"query-input":{"@type":"PropertyValueSpecification","valueRequired":true,"valueName":"search_term_string"}}],"inLanguage":"es"}]}},"_links":{"self":[{"href":"https:\/\/syncro-group.com\/syncro\/es\/wp-json\/wp\/v2\/pages\/5794","targetHints":{"allow":["GET"]}}],"collection":[{"href":"https:\/\/syncro-group.com\/syncro\/es\/wp-json\/wp\/v2\/pages"}],"about":[{"href":"https:\/\/syncro-group.com\/syncro\/es\/wp-json\/wp\/v2\/types\/page"}],"author":[{"embeddable":true,"href":"https:\/\/syncro-group.com\/syncro\/es\/wp-json\/wp\/v2\/users\/1"}],"replies":[{"embeddable":true,"href":"https:\/\/syncro-group.com\/syncro\/es\/wp-json\/wp\/v2\/comments?post=5794"}],"version-history":[{"count":7,"href":"https:\/\/syncro-group.com\/syncro\/es\/wp-json\/wp\/v2\/pages\/5794\/revisions"}],"predecessor-version":[{"id":7002,"href":"https:\/\/syncro-group.com\/syncro\/es\/wp-json\/wp\/v2\/pages\/5794\/revisions\/7002"}],"wp:attachment":[{"href":"https:\/\/syncro-group.com\/syncro\/es\/wp-json\/wp\/v2\/media?parent=5794"}],"curies":[{"name":"wp","href":"https:\/\/api.w.org\/{rel}","templated":true}]}}