{"id":5817,"date":"2020-06-08T11:32:08","date_gmt":"2020-06-08T09:32:08","guid":{"rendered":"https:\/\/syncro-group.com\/syncro\/greenology\/"},"modified":"2025-04-30T11:39:22","modified_gmt":"2025-04-30T09:39:22","slug":"greenology","status":"publish","type":"page","link":"https:\/\/syncro-group.com\/syncro\/es\/greenology\/","title":{"rendered":"Greenology"},"content":{"rendered":"\n  <div class=\"banner has-hover has-parallax\" id=\"banner-771633255\">\n          <div class=\"banner-inner fill\">\n        <div class=\"banner-bg fill\" data-parallax=\"-3\" data-parallax-container=\".banner\" data-parallax-background>\n            <div class=\"bg fill bg-fill \"><\/div>\n                                    \n                    <\/div>\n\t\t\n        <div class=\"banner-layers container\">\n            <div class=\"fill banner-link\"><\/div>            \n   <div id=\"text-box-301026459\" class=\"text-box banner-layer text-box-circle x75 md-x75 lg-x75 y50 md-y50 lg-y50 res-text\">\n                                <div class=\"text-box-content text dark\">\n              \n              <div class=\"text-inner text-center\">\n                  \n<div class=\"main_slider_text_container\">\n<p class=\"p1\"><strong>REDUCIR<\/strong><\/p>\n<p class=\"p1\"><strong>REUTILIZAR<\/strong><\/p>\n<p class=\"p1\"><strong>RECICLAR<\/strong><\/p>\n<\/div>\n              <\/div>\n           <\/div>\n                            \n<style>\n#text-box-301026459 .text-box-content {\n  background-color: rgba(109, 206, 73, 0.72);\n  font-size: 135%;\n}\n#text-box-301026459 {\n  width: 23%;\n}\n<\/style>\n    <\/div>\n \n        <\/div>\n      <\/div>\n\n            \n<style>\n#banner-771633255 {\n  padding-top: 350px;\n}\n#banner-771633255 .bg.bg-loaded {\n  background-image: url(https:\/\/syncro-group.com\/syncro\/wp-content\/uploads\/2020\/07\/greenology_2-01-1400x391.jpg);\n}\n#banner-771633255 .bg {\n  background-position: 65% 85%;\n}\n#banner-771633255 .ux-shape-divider--top svg {\n  height: 150px;\n  --divider-top-width: 100%;\n}\n#banner-771633255 .ux-shape-divider--bottom svg {\n  height: 150px;\n  --divider-width: 100%;\n}\n<\/style>\n  <\/div>\n\n\n<div class=\"row\"  id=\"row-1685921728\">\n\n\t<div id=\"col-1699578827\" class=\"col small-12 large-12\"  >\n\t\t\t\t<div class=\"col-inner\"  >\n\t\t\t\n\t\t\t\n\t<div id=\"text-397509656\" class=\"text\">\n\t\t\n<p class=\"p1\">La <strong>econom\u00eda circular<\/strong> representa un modelo alternativo y m\u00e1s <strong>sostenible<\/strong> a la econom\u00eda lineal tradicional.<\/p>\n<p class=\"p1\">Un modelo lineal sigue el camino de fabricar, usar y luego desechar. En cambio, en una <strong>econom\u00eda circular<\/strong>, mantenemos los recursos en uso durante el mayor tiempo posible, extraemos el <strong>m\u00e1ximo valor<\/strong> de ellos mientras est\u00e1n en uso, y luego <strong>recuperamos<\/strong> y <strong>regeneramos<\/strong> los productos y materiales al final de su vida \u00fatil, en esencia utilizamos las tres R: <strong>REDUCIR, REUTILIZAR, RECICLAR<\/strong>.<\/p>\n<p class=\"p1\">En la pr\u00e1ctica, implica reducir los residuos al m\u00ednimo, cuando un producto llega al final de su vida \u00fatil, sus materiales se mantienen dentro de la econom\u00eda siempre que sea posible. Estos pueden ser utilizados productivamente <strong>una y otra vez<\/strong>, creando as\u00ed m\u00e1s valor al dar al <strong>material de desecho<\/strong> un uso <strong>secundario<\/strong> en l<strong>a vida<\/strong>.<\/p>\n<p class=\"p1\">Las caracter\u00edsticas \u00fanicas de los pl\u00e1sticos les permiten desempe\u00f1ar un papel importante en el camino hacia un futuro m\u00e1s sostenible y eficiente en cuanto a recursos. Los <strong>pl\u00e1sticos<\/strong> ligeros, vers\u00e1tiles y duraderos<strong> pueden ayudar<\/strong> a ahorrar <strong>recursos<\/strong> clave, como la energ\u00eda y el agua, en sectores estrat\u00e9gicos como el de los envases, la construcci\u00f3n, la automoci\u00f3n y las energ\u00edas renovables, por nombrar s\u00f3lo algunos. Adem\u00e1s, las aplicaciones de los pl\u00e1sticos en los envases pueden ayudar a <strong>reducir el<\/strong> <strong>desperdicio de alimentos<\/strong>. Sin embargo, para mejorar la circularidad de los pl\u00e1sticos, es esencial asegurarse de que cada vez m\u00e1s residuos<strong> pl\u00e1sticos se recuperen y no acaben en el vertedero o en el medio ambiente<\/strong>.<\/p>\n<p class=\"p1\">El <strong>Grupo Syncro<\/strong> es siempre sensible a las cuestiones medioambientales y trabaja por un uso <strong>sostenible<\/strong> y <strong>circular<\/strong> de las <strong>materias primas<\/strong> y la <strong>energ\u00eda<\/strong>, parte de ese Grupo es <strong>Plasmac<\/strong> un proveedor de maquinaria para el reciclaje de pl\u00e1sticos y Plasmac puede ayudar a sus clientes a transformar sus residuos industriales en las materias primas para hacer objetos \u00fatiles con un <strong>uso secundario en la vida<\/strong>.<\/p>\n<p class=\"p1\"><strong>Plasmac<\/strong> lleva m\u00e1s de 25 a\u00f1os en la <strong>industria del reciclaje<\/strong> y forma parte del <strong>Grupo EREMA<\/strong>, el mayor proveedor de maquinaria de reciclaje del mundo, y del <strong>Grupo de empresas Syncro<\/strong>.<\/p>\n\t\t\n<style>\n#text-397509656 {\n  font-size: 1.25rem;\n}\n<\/style>\n\t<\/div>\n\t\n\t\t<\/div>\n\t\t\t\t\t<\/div>\n\n\t\n<\/div>\n","protected":false},"excerpt":{"rendered":"","protected":false},"author":1,"featured_media":0,"parent":0,"menu_order":36,"comment_status":"closed","ping_status":"closed","template":"page-blank.php","meta":{"_acf_changed":false,"footnotes":""},"class_list":["post-5817","page","type-page","status-publish","hentry"],"acf":[],"yoast_head":"<!-- This site is optimized with the Yoast SEO plugin v26.0 - https:\/\/yoast.com\/wordpress\/plugins\/seo\/ -->\n<title>Greenology - Welcome to Syncro Group Website<\/title>\n<meta name=\"robots\" content=\"index, follow, max-snippet:-1, max-image-preview:large, max-video-preview:-1\" \/>\n<link rel=\"canonical\" href=\"https:\/\/syncro-group.com\/syncro\/es\/greenology\/\" \/>\n<meta property=\"og:locale\" content=\"es_ES\" \/>\n<meta property=\"og:type\" content=\"article\" \/>\n<meta property=\"og:title\" content=\"Greenology - Welcome to Syncro Group Website\" \/>\n<meta property=\"og:url\" content=\"https:\/\/syncro-group.com\/syncro\/es\/greenology\/\" \/>\n<meta property=\"og:site_name\" content=\"Welcome to Syncro Group Website\" \/>\n<meta property=\"article:modified_time\" content=\"2025-04-30T09:39:22+00:00\" \/>\n<meta name=\"twitter:card\" content=\"summary_large_image\" \/>\n<meta name=\"twitter:label1\" content=\"Tiempo de lectura\" \/>\n\t<meta name=\"twitter:data1\" content=\"2 minutos\" \/>\n<script type=\"application\/ld+json\" class=\"yoast-schema-graph\">{\"@context\":\"https:\/\/schema.org\",\"@graph\":[{\"@type\":\"WebPage\",\"@id\":\"https:\/\/syncro-group.com\/syncro\/es\/greenology\/\",\"url\":\"https:\/\/syncro-group.com\/syncro\/es\/greenology\/\",\"name\":\"Greenology - Welcome to Syncro Group Website\",\"isPartOf\":{\"@id\":\"https:\/\/syncro-group.com\/syncro\/es\/#website\"},\"datePublished\":\"2020-06-08T09:32:08+00:00\",\"dateModified\":\"2025-04-30T09:39:22+00:00\",\"breadcrumb\":{\"@id\":\"https:\/\/syncro-group.com\/syncro\/es\/greenology\/#breadcrumb\"},\"inLanguage\":\"es\",\"potentialAction\":[{\"@type\":\"ReadAction\",\"target\":[\"https:\/\/syncro-group.com\/syncro\/es\/greenology\/\"]}]},{\"@type\":\"BreadcrumbList\",\"@id\":\"https:\/\/syncro-group.com\/syncro\/es\/greenology\/#breadcrumb\",\"itemListElement\":[{\"@type\":\"ListItem\",\"position\":1,\"name\":\"Home\",\"item\":\"https:\/\/syncro-group.com\/syncro\/es\/\"},{\"@type\":\"ListItem\",\"position\":2,\"name\":\"Greenology\"}]},{\"@type\":\"WebSite\",\"@id\":\"https:\/\/syncro-group.com\/syncro\/es\/#website\",\"url\":\"https:\/\/syncro-group.com\/syncro\/es\/\",\"name\":\"Welcome to Syncro Group Website\",\"description\":\"\",\"potentialAction\":[{\"@type\":\"SearchAction\",\"target\":{\"@type\":\"EntryPoint\",\"urlTemplate\":\"https:\/\/syncro-group.com\/syncro\/es\/?s={search_term_string}\"},\"query-input\":{\"@type\":\"PropertyValueSpecification\",\"valueRequired\":true,\"valueName\":\"search_term_string\"}}],\"inLanguage\":\"es\"}]}<\/script>\n<!-- \/ Yoast SEO plugin. -->","yoast_head_json":{"title":"Greenology - Welcome to Syncro Group Website","robots":{"index":"index","follow":"follow","max-snippet":"max-snippet:-1","max-image-preview":"max-image-preview:large","max-video-preview":"max-video-preview:-1"},"canonical":"https:\/\/syncro-group.com\/syncro\/es\/greenology\/","og_locale":"es_ES","og_type":"article","og_title":"Greenology - Welcome to Syncro Group Website","og_url":"https:\/\/syncro-group.com\/syncro\/es\/greenology\/","og_site_name":"Welcome to Syncro Group Website","article_modified_time":"2025-04-30T09:39:22+00:00","twitter_card":"summary_large_image","twitter_misc":{"Tiempo de lectura":"2 minutos"},"schema":{"@context":"https:\/\/schema.org","@graph":[{"@type":"WebPage","@id":"https:\/\/syncro-group.com\/syncro\/es\/greenology\/","url":"https:\/\/syncro-group.com\/syncro\/es\/greenology\/","name":"Greenology - Welcome to Syncro Group Website","isPartOf":{"@id":"https:\/\/syncro-group.com\/syncro\/es\/#website"},"datePublished":"2020-06-08T09:32:08+00:00","dateModified":"2025-04-30T09:39:22+00:00","breadcrumb":{"@id":"https:\/\/syncro-group.com\/syncro\/es\/greenology\/#breadcrumb"},"inLanguage":"es","potentialAction":[{"@type":"ReadAction","target":["https:\/\/syncro-group.com\/syncro\/es\/greenology\/"]}]},{"@type":"BreadcrumbList","@id":"https:\/\/syncro-group.com\/syncro\/es\/greenology\/#breadcrumb","itemListElement":[{"@type":"ListItem","position":1,"name":"Home","item":"https:\/\/syncro-group.com\/syncro\/es\/"},{"@type":"ListItem","position":2,"name":"Greenology"}]},{"@type":"WebSite","@id":"https:\/\/syncro-group.com\/syncro\/es\/#website","url":"https:\/\/syncro-group.com\/syncro\/es\/","name":"Welcome to Syncro Group Website","description":"","potentialAction":[{"@type":"SearchAction","target":{"@type":"EntryPoint","urlTemplate":"https:\/\/syncro-group.com\/syncro\/es\/?s={search_term_string}"},"query-input":{"@type":"PropertyValueSpecification","valueRequired":true,"valueName":"search_term_string"}}],"inLanguage":"es"}]}},"_links":{"self":[{"href":"https:\/\/syncro-group.com\/syncro\/es\/wp-json\/wp\/v2\/pages\/5817","targetHints":{"allow":["GET"]}}],"collection":[{"href":"https:\/\/syncro-group.com\/syncro\/es\/wp-json\/wp\/v2\/pages"}],"about":[{"href":"https:\/\/syncro-group.com\/syncro\/es\/wp-json\/wp\/v2\/types\/page"}],"author":[{"embeddable":true,"href":"https:\/\/syncro-group.com\/syncro\/es\/wp-json\/wp\/v2\/users\/1"}],"replies":[{"embeddable":true,"href":"https:\/\/syncro-group.com\/syncro\/es\/wp-json\/wp\/v2\/comments?post=5817"}],"version-history":[{"count":2,"href":"https:\/\/syncro-group.com\/syncro\/es\/wp-json\/wp\/v2\/pages\/5817\/revisions"}],"predecessor-version":[{"id":6671,"href":"https:\/\/syncro-group.com\/syncro\/es\/wp-json\/wp\/v2\/pages\/5817\/revisions\/6671"}],"wp:attachment":[{"href":"https:\/\/syncro-group.com\/syncro\/es\/wp-json\/wp\/v2\/media?parent=5817"}],"curies":[{"name":"wp","href":"https:\/\/api.w.org\/{rel}","templated":true}]}}