{"id":5928,"date":"2020-12-02T11:10:29","date_gmt":"2020-12-02T10:10:29","guid":{"rendered":"https:\/\/syncro-group.com\/syncro\/product\/eyes\/"},"modified":"2021-03-30T17:18:40","modified_gmt":"2021-03-30T15:18:40","slug":"eyes","status":"publish","type":"product","link":"https:\/\/syncro-group.com\/syncro\/es\/producto\/eyes\/","title":{"rendered":"Eyes"},"content":{"rendered":"<ul class=\"advantages\"><li>MODULARIDAD DEL HARDWARE - Existen m\u00faltiples configuraciones de c\u00e1maras en funci\u00f3n de las dimensiones de los defectos y de la velocidad del proceso. EYES, gracias a las c\u00e1maras de alta resoluci\u00f3n y a la potencia de c\u00e1lculo de sus procesadores de \u00faltima generaci\u00f3n, puede detectar defectos de hasta 25 \u00b5m, defectos que ser\u00edan indetectables a simple vista, este nivel de precisi\u00f3n es alcanzable incluso con velocidades de l\u00ednea de hasta 1200 m\/min.<\/li><li>ALTA SENSIBILIDAD DE EXPLORACI\u00d3N - Para identificar y clasificar diferentes tipos de defectos, EYES puede equiparse con una variedad de tecnolog\u00edas de retroiluminaci\u00f3n diferentes que funcionan todas simult\u00e1neamente: por ejemplo, luz incidente para trabajar en reflexi\u00f3n o luz diasc\u00f3pica para trabajar en transmisi\u00f3n de luz.<\/li><li>INTERFAZ SENCILLO E INTUITIVO - Un panel de control HMI intuitivo ayuda a mejorar la productividad, ofreciendo una visualizaci\u00f3n del proceso en tiempo real con mapeo 2D, lo que permite al operador ver r\u00e1pidamente la cantidad y densidad de cualquier defecto, adem\u00e1s de su categorizaci\u00f3n y posici\u00f3n. El sistema proporciona un an\u00e1lisis estad\u00edstico del proceso con capacidad de elaboraci\u00f3n de informes con s\u00f3lo pulsar un bot\u00f3n.<\/li><li>AMPLIA GAMA DE APLICACIONES - Existen diferentes marcos y configuraciones de hardware para inspeccionar cualquier tipo de materiales transparentes u opacos y pueden instalarse en l\u00edneas de producci\u00f3n o de conversi\u00f3n. Algunos ejemplos son: Pel\u00edcula agr\u00edcola, Pel\u00edcula t\u00e9cnica para embalaje, Pel\u00edcula de barrera y Pel\u00edcula de l\u00e1mina para bater\u00edas<\/li><li><\/li><li><\/li><li><\/li><\/ul>\n","protected":false},"excerpt":{"rendered":"<p class=\"p1\"><strong>EYES<\/strong> es un sistema autom\u00e1tico de inspecci\u00f3n visual de calidad para la extrusi\u00f3n de pel\u00edculas de pl\u00e1stico. Gracias a las c\u00e1maras de alta resoluci\u00f3n y a las diferentes configuraciones de retroiluminaci\u00f3n disponibles, el sistema puede ofrecer una capacidad de escaneo del 100% de la pel\u00edcula, detectando y categorizando todos los defectos comunes conocidos. EYES proporciona una inspecci\u00f3n de la pel\u00edcula con un mapa completo de los defectos detectados en cada rollo. <strong>EYES<\/strong> le permite tener siempre su producci\u00f3n bajo control.<\/p>\n<p class=\"p1\"><strong>EYES<\/strong> puede estar equipado con un conjunto de c\u00e1maras industriales lineales monocrom\u00e1ticas o en color que escanean toda la superficie de la pel\u00edcula en tiempo real. Las im\u00e1genes captadas por las c\u00e1maras se procesan a trav\u00e9s de un PC industrial dentro del sistema de control, al detectar cualquier defecto, <strong>EYES<\/strong> cataloga y luego mapea estos defectos y muestra las im\u00e1genes en el panel del operador.<\/p>\n","protected":false},"featured_media":11840,"template":"","meta":{"_acf_changed":false},"product_brand":[],"product_cat":[554],"product_tag":[558,560,555,559,561],"class_list":{"0":"post-5928","1":"product","2":"type-product","3":"status-publish","4":"has-post-thumbnail","6":"product_cat-web-inspection-es","7":"product_tag-iot-es","8":"product_tag-quality-control-es","9":"product_tag-syncro-es","10":"product_tag-vision-es","11":"product_tag-web-defect-inspection-es","13":"first","14":"instock","15":"shipping-taxable","16":"product-type-simple"},"acf":[],"yoast_head":"<!-- This site is optimized with the Yoast SEO plugin v26.0 - https:\/\/yoast.com\/wordpress\/plugins\/seo\/ -->\n<title>Eyes - Welcome to Syncro Group Website<\/title>\n<meta name=\"description\" content=\"EYES is an automatic visual quality inspection system for plasticfilm extrusion.\" \/>\n<meta name=\"robots\" content=\"index, follow, max-snippet:-1, max-image-preview:large, max-video-preview:-1\" \/>\n<link rel=\"canonical\" href=\"https:\/\/syncro-group.com\/syncro\/es\/producto\/eyes\/\" \/>\n<meta property=\"og:locale\" content=\"es_ES\" \/>\n<meta property=\"og:type\" content=\"article\" \/>\n<meta property=\"og:title\" content=\"Eyes - Welcome to Syncro Group Website\" \/>\n<meta property=\"og:description\" content=\"EYES is an automatic visual quality inspection system for plasticfilm extrusion.\" \/>\n<meta property=\"og:url\" content=\"https:\/\/syncro-group.com\/syncro\/es\/producto\/eyes\/\" \/>\n<meta property=\"og:site_name\" content=\"Welcome to Syncro Group Website\" \/>\n<meta property=\"article:modified_time\" content=\"2021-03-30T15:18:40+00:00\" \/>\n<meta property=\"og:image\" content=\"http:\/\/syncro-group.com\/syncro\/wp-content\/uploads\/2020\/12\/EYES-2024.png\" \/>\n\t<meta property=\"og:image:width\" content=\"4096\" \/>\n\t<meta property=\"og:image:height\" content=\"3276\" \/>\n\t<meta property=\"og:image:type\" content=\"image\/png\" \/>\n<meta name=\"twitter:card\" content=\"summary_large_image\" \/>\n<script type=\"application\/ld+json\" class=\"yoast-schema-graph\">{\"@context\":\"https:\/\/schema.org\",\"@graph\":[{\"@type\":\"WebPage\",\"@id\":\"https:\/\/syncro-group.com\/syncro\/es\/producto\/eyes\/\",\"url\":\"https:\/\/syncro-group.com\/syncro\/es\/producto\/eyes\/\",\"name\":\"Eyes - Welcome to Syncro Group Website\",\"isPartOf\":{\"@id\":\"https:\/\/syncro-group.com\/syncro\/es\/#website\"},\"primaryImageOfPage\":{\"@id\":\"https:\/\/syncro-group.com\/syncro\/es\/producto\/eyes\/#primaryimage\"},\"image\":{\"@id\":\"https:\/\/syncro-group.com\/syncro\/es\/producto\/eyes\/#primaryimage\"},\"thumbnailUrl\":\"https:\/\/syncro-group.com\/syncro\/wp-content\/uploads\/2020\/12\/EYES-2024.png\",\"datePublished\":\"2020-12-02T10:10:29+00:00\",\"dateModified\":\"2021-03-30T15:18:40+00:00\",\"description\":\"EYES is an automatic visual quality inspection system for plasticfilm extrusion.\",\"breadcrumb\":{\"@id\":\"https:\/\/syncro-group.com\/syncro\/es\/producto\/eyes\/#breadcrumb\"},\"inLanguage\":\"es\",\"potentialAction\":[{\"@type\":\"ReadAction\",\"target\":[\"https:\/\/syncro-group.com\/syncro\/es\/producto\/eyes\/\"]}]},{\"@type\":\"ImageObject\",\"inLanguage\":\"es\",\"@id\":\"https:\/\/syncro-group.com\/syncro\/es\/producto\/eyes\/#primaryimage\",\"url\":\"https:\/\/syncro-group.com\/syncro\/wp-content\/uploads\/2020\/12\/EYES-2024.png\",\"contentUrl\":\"https:\/\/syncro-group.com\/syncro\/wp-content\/uploads\/2020\/12\/EYES-2024.png\",\"width\":4096,\"height\":3276},{\"@type\":\"BreadcrumbList\",\"@id\":\"https:\/\/syncro-group.com\/syncro\/es\/producto\/eyes\/#breadcrumb\",\"itemListElement\":[{\"@type\":\"ListItem\",\"position\":1,\"name\":\"Home\",\"item\":\"https:\/\/syncro-group.com\/syncro\/es\/\"},{\"@type\":\"ListItem\",\"position\":2,\"name\":\"Products\",\"item\":\"https:\/\/syncro-group.com\/syncro\/es\/products\/\"},{\"@type\":\"ListItem\",\"position\":3,\"name\":\"Eyes\"}]},{\"@type\":\"WebSite\",\"@id\":\"https:\/\/syncro-group.com\/syncro\/es\/#website\",\"url\":\"https:\/\/syncro-group.com\/syncro\/es\/\",\"name\":\"Welcome to Syncro Group Website\",\"description\":\"\",\"potentialAction\":[{\"@type\":\"SearchAction\",\"target\":{\"@type\":\"EntryPoint\",\"urlTemplate\":\"https:\/\/syncro-group.com\/syncro\/es\/?s={search_term_string}\"},\"query-input\":{\"@type\":\"PropertyValueSpecification\",\"valueRequired\":true,\"valueName\":\"search_term_string\"}}],\"inLanguage\":\"es\"}]}<\/script>\n<!-- \/ Yoast SEO plugin. -->","yoast_head_json":{"title":"Eyes - Welcome to Syncro Group Website","description":"EYES is an automatic visual quality inspection system for plasticfilm extrusion.","robots":{"index":"index","follow":"follow","max-snippet":"max-snippet:-1","max-image-preview":"max-image-preview:large","max-video-preview":"max-video-preview:-1"},"canonical":"https:\/\/syncro-group.com\/syncro\/es\/producto\/eyes\/","og_locale":"es_ES","og_type":"article","og_title":"Eyes - Welcome to Syncro Group Website","og_description":"EYES is an automatic visual quality inspection system for plasticfilm extrusion.","og_url":"https:\/\/syncro-group.com\/syncro\/es\/producto\/eyes\/","og_site_name":"Welcome to Syncro Group Website","article_modified_time":"2021-03-30T15:18:40+00:00","og_image":[{"width":4096,"height":3276,"url":"http:\/\/syncro-group.com\/syncro\/wp-content\/uploads\/2020\/12\/EYES-2024.png","type":"image\/png"}],"twitter_card":"summary_large_image","schema":{"@context":"https:\/\/schema.org","@graph":[{"@type":"WebPage","@id":"https:\/\/syncro-group.com\/syncro\/es\/producto\/eyes\/","url":"https:\/\/syncro-group.com\/syncro\/es\/producto\/eyes\/","name":"Eyes - Welcome to Syncro Group Website","isPartOf":{"@id":"https:\/\/syncro-group.com\/syncro\/es\/#website"},"primaryImageOfPage":{"@id":"https:\/\/syncro-group.com\/syncro\/es\/producto\/eyes\/#primaryimage"},"image":{"@id":"https:\/\/syncro-group.com\/syncro\/es\/producto\/eyes\/#primaryimage"},"thumbnailUrl":"https:\/\/syncro-group.com\/syncro\/wp-content\/uploads\/2020\/12\/EYES-2024.png","datePublished":"2020-12-02T10:10:29+00:00","dateModified":"2021-03-30T15:18:40+00:00","description":"EYES is an automatic visual quality inspection system for plasticfilm extrusion.","breadcrumb":{"@id":"https:\/\/syncro-group.com\/syncro\/es\/producto\/eyes\/#breadcrumb"},"inLanguage":"es","potentialAction":[{"@type":"ReadAction","target":["https:\/\/syncro-group.com\/syncro\/es\/producto\/eyes\/"]}]},{"@type":"ImageObject","inLanguage":"es","@id":"https:\/\/syncro-group.com\/syncro\/es\/producto\/eyes\/#primaryimage","url":"https:\/\/syncro-group.com\/syncro\/wp-content\/uploads\/2020\/12\/EYES-2024.png","contentUrl":"https:\/\/syncro-group.com\/syncro\/wp-content\/uploads\/2020\/12\/EYES-2024.png","width":4096,"height":3276},{"@type":"BreadcrumbList","@id":"https:\/\/syncro-group.com\/syncro\/es\/producto\/eyes\/#breadcrumb","itemListElement":[{"@type":"ListItem","position":1,"name":"Home","item":"https:\/\/syncro-group.com\/syncro\/es\/"},{"@type":"ListItem","position":2,"name":"Products","item":"https:\/\/syncro-group.com\/syncro\/es\/products\/"},{"@type":"ListItem","position":3,"name":"Eyes"}]},{"@type":"WebSite","@id":"https:\/\/syncro-group.com\/syncro\/es\/#website","url":"https:\/\/syncro-group.com\/syncro\/es\/","name":"Welcome to Syncro Group Website","description":"","potentialAction":[{"@type":"SearchAction","target":{"@type":"EntryPoint","urlTemplate":"https:\/\/syncro-group.com\/syncro\/es\/?s={search_term_string}"},"query-input":{"@type":"PropertyValueSpecification","valueRequired":true,"valueName":"search_term_string"}}],"inLanguage":"es"}]}},"_links":{"self":[{"href":"https:\/\/syncro-group.com\/syncro\/es\/wp-json\/wp\/v2\/product\/5928","targetHints":{"allow":["GET"]}}],"collection":[{"href":"https:\/\/syncro-group.com\/syncro\/es\/wp-json\/wp\/v2\/product"}],"about":[{"href":"https:\/\/syncro-group.com\/syncro\/es\/wp-json\/wp\/v2\/types\/product"}],"wp:featuredmedia":[{"embeddable":true,"href":"https:\/\/syncro-group.com\/syncro\/es\/wp-json\/wp\/v2\/media\/11840"}],"wp:attachment":[{"href":"https:\/\/syncro-group.com\/syncro\/es\/wp-json\/wp\/v2\/media?parent=5928"}],"wp:term":[{"taxonomy":"product_brand","embeddable":true,"href":"https:\/\/syncro-group.com\/syncro\/es\/wp-json\/wp\/v2\/product_brand?post=5928"},{"taxonomy":"product_cat","embeddable":true,"href":"https:\/\/syncro-group.com\/syncro\/es\/wp-json\/wp\/v2\/product_cat?post=5928"},{"taxonomy":"product_tag","embeddable":true,"href":"https:\/\/syncro-group.com\/syncro\/es\/wp-json\/wp\/v2\/product_tag?post=5928"}],"curies":[{"name":"wp","href":"https:\/\/api.w.org\/{rel}","templated":true}]}}