{"id":5949,"date":"2020-08-04T13:52:28","date_gmt":"2020-08-04T11:52:28","guid":{"rendered":"https:\/\/syncro-group.com\/syncro\/product\/convy-hopper-loader\/"},"modified":"2021-04-19T10:51:23","modified_gmt":"2021-04-19T08:51:23","slug":"convy-hopper-loader","status":"publish","type":"product","link":"https:\/\/syncro-group.com\/syncro\/es\/producto\/convy-hopper-loader\/","title":{"rendered":"Convy"},"content":{"rendered":"<ul class=\"advantages\"><li>CONTROL - Convy puede ser controlado desde el panel HMI de la unidad de dosificaci\u00f3n de SYNCRO o desde el sistema de transporte centralizado SYNET<\/li><li> F\u00c1CIL INSTALACI\u00d3N - Convy puede instalarse f\u00e1cilmente en las unidades de dosificaci\u00f3n existentes.<\/li><li>F\u00c1CIL LIMPIEZA - Gracias a su dise\u00f1o especial, Convy puede limpiarse y desmontarse f\u00e1cilmente.<\/li><li>V\u00c1LVULA DE VAC\u00cdO - Convy tiene una v\u00e1lvula de vac\u00edo integrada que se abre cuando se necesita el vac\u00edo, lo que permite utilizar una tuber\u00eda de vac\u00edo com\u00fan conectada a una bomba.<\/li><li>JUNTA DE DESCARGA - Convy tiene una junta de descarga especial que permite un sellado perfecto durante el ciclo de vac\u00edo.<\/li><li>SENSOR DE NIVEL M\u00c1XIMO - Convy tiene un sensor de nivel m\u00e1ximo capacitivo integrado que asegura el volumen m\u00e1ximo disponible en cualquier momento para garantizar la mejor optimizaci\u00f3n del tiempo del ciclo de transporte. Como opci\u00f3n, se puede utilizar un sensor rotativo para materiales polvorientos.<\/li><li>FILTRO AUTOM\u00c1TICO - Como opci\u00f3n, Convy puede suministrarse con filtros autolimpiantes con un dep\u00f3sito de aire y un chorro de limpieza por impulsos de aire.<\/li><li>FILTRO AUTOM\u00c1TICO DE BOLSA - Como opci\u00f3n, Convy puede suministrarse con un filtro autolimpiante de bolsa con un tanque de aire y un chorro de limpieza por impulsos de aire para gestionar materiales polvorientos como materiales de trituraci\u00f3n o escamas.<\/li><li>VERSI\u00d3N HT - Convy est\u00e1 disponible en versi\u00f3n HT para gestionar pol\u00edmeros calientes hasta 180 \u00b0C.<\/li><li>TAMA\u00d1OS Y VOLUMEN - Convy est\u00e1 disponible en 4 tama\u00f1os: F200-F270- F370-F470 de 6L a 150L.<\/li><li>MODULARIDAD Y ORIENTACI\u00d3N DE ENTRADA - El dise\u00f1o de Convy es modular, las posiciones de entrada de vac\u00edo y material pueden orientarse f\u00e1cilmente para adaptarse a las necesidades del cliente.<\/li><li>SISTEMA NAS - Como opci\u00f3n, Convy puede suministrarse con una paleta (+NAS) situada en el tubo de entrada de material para permitir el uso compartido de una fuente de material com\u00fan.<\/li><li>VERSI\u00d3N TA - Convy puede suministrarse sin paleta de descarga para que pueda combinarse perfectamente con las series de sistemas SYNCRO SYLINE-SYDOS-SYBLEND-SYACURABLEND y GYGABLEND para una perfecta integraci\u00f3n. Con la versi\u00f3n TA, el sellado al vac\u00edo se garantiza directamente desde la v\u00e1lvula de llenado de mariposa de la unidad de dosificaci\u00f3n.<\/li><\/ul>\n","protected":false},"excerpt":{"rendered":"<p class=\"p1\"><strong>CONVY<\/strong> es la gama de cargadores de tolva de SYNCRO fabricados en acero inoxidable <strong>AISI 304<\/strong> y disponibles en diferentes tama\u00f1os. Los par\u00e1metros de carga pueden ser controlados por la unidad de dosificaci\u00f3n HMI o el sistema de transporte centralizado SYNET. La gama Convy incluye opciones espec\u00edficas para el tratamiento de materiales a alta temperatura o de baja fluidez.<\/p>\n<p class=\"p1\">El vac\u00edo creado por la unidad de vac\u00edo transporta los gr\u00e1nulos a los receptores, una vez alcanzado el nivel m\u00e1ximo el material es descargado en la tolva.<\/p>\n","protected":false},"featured_media":5957,"template":"","meta":{"_acf_changed":false},"product_brand":[],"product_cat":[562],"product_tag":[564,568,570,557,565,567,569,566,563,555],"class_list":{"0":"post-5949","1":"product","2":"type-product","3":"status-publish","4":"has-post-thumbnail","6":"product_cat-conveying-es","7":"product_tag-blown-film-es","8":"product_tag-centralized-loading-system-es","9":"product_tag-conveying-for-plastic-material-es","10":"product_tag-industry-4-0-es","11":"product_tag-opc-ua-es","12":"product_tag-pellet-loading-system-es","13":"product_tag-plastic-material-loaders-es","14":"product_tag-polymer-loading-system-es","15":"product_tag-reel-es","16":"product_tag-syncro-es","18":"first","19":"instock","20":"shipping-taxable","21":"product-type-simple"},"acf":[],"yoast_head":"<!-- This site is optimized with the Yoast SEO plugin v26.0 - https:\/\/yoast.com\/wordpress\/plugins\/seo\/ -->\n<title>Convy - Welcome to Syncro Group Website<\/title>\n<meta name=\"description\" content=\"CONVY is SYNCRO\u2019s range of hopper loaders. Material is conveyed in the receivers trough a vacuum unit up to it&#039;s max level, and it&#039;s then discharged below.\" \/>\n<meta name=\"robots\" content=\"index, follow, max-snippet:-1, max-image-preview:large, max-video-preview:-1\" \/>\n<link rel=\"canonical\" href=\"https:\/\/syncro-group.com\/syncro\/es\/producto\/convy-hopper-loader\/\" \/>\n<meta property=\"og:locale\" content=\"es_ES\" \/>\n<meta property=\"og:type\" content=\"article\" \/>\n<meta property=\"og:title\" content=\"Convy - Welcome to Syncro Group Website\" \/>\n<meta property=\"og:description\" content=\"CONVY is SYNCRO\u2019s range of hopper loaders. Material is conveyed in the receivers trough a vacuum unit up to it&#039;s max level, and it&#039;s then discharged below.\" \/>\n<meta property=\"og:url\" content=\"https:\/\/syncro-group.com\/syncro\/es\/producto\/convy-hopper-loader\/\" \/>\n<meta property=\"og:site_name\" content=\"Welcome to Syncro Group Website\" \/>\n<meta property=\"article:modified_time\" content=\"2021-04-19T08:51:23+00:00\" \/>\n<meta property=\"og:image\" content=\"https:\/\/syncro-group.com\/syncro\/wp-content\/uploads\/2020\/08\/CONVY-quadrato-1024.jpg\" \/>\n\t<meta property=\"og:image:width\" content=\"1024\" \/>\n\t<meta property=\"og:image:height\" content=\"1024\" \/>\n\t<meta property=\"og:image:type\" content=\"image\/jpeg\" \/>\n<meta name=\"twitter:card\" content=\"summary_large_image\" \/>\n<script type=\"application\/ld+json\" class=\"yoast-schema-graph\">{\"@context\":\"https:\/\/schema.org\",\"@graph\":[{\"@type\":\"WebPage\",\"@id\":\"https:\/\/syncro-group.com\/syncro\/es\/producto\/convy-hopper-loader\/\",\"url\":\"https:\/\/syncro-group.com\/syncro\/es\/producto\/convy-hopper-loader\/\",\"name\":\"Convy - Welcome to Syncro Group Website\",\"isPartOf\":{\"@id\":\"https:\/\/syncro-group.com\/syncro\/es\/#website\"},\"primaryImageOfPage\":{\"@id\":\"https:\/\/syncro-group.com\/syncro\/es\/producto\/convy-hopper-loader\/#primaryimage\"},\"image\":{\"@id\":\"https:\/\/syncro-group.com\/syncro\/es\/producto\/convy-hopper-loader\/#primaryimage\"},\"thumbnailUrl\":\"https:\/\/syncro-group.com\/syncro\/wp-content\/uploads\/2020\/08\/CONVY-quadrato-1024.jpg\",\"datePublished\":\"2020-08-04T11:52:28+00:00\",\"dateModified\":\"2021-04-19T08:51:23+00:00\",\"description\":\"CONVY is SYNCRO\u2019s range of hopper loaders. Material is conveyed in the receivers trough a vacuum unit up to it's max level, and it's then discharged below.\",\"breadcrumb\":{\"@id\":\"https:\/\/syncro-group.com\/syncro\/es\/producto\/convy-hopper-loader\/#breadcrumb\"},\"inLanguage\":\"es\",\"potentialAction\":[{\"@type\":\"ReadAction\",\"target\":[\"https:\/\/syncro-group.com\/syncro\/es\/producto\/convy-hopper-loader\/\"]}]},{\"@type\":\"ImageObject\",\"inLanguage\":\"es\",\"@id\":\"https:\/\/syncro-group.com\/syncro\/es\/producto\/convy-hopper-loader\/#primaryimage\",\"url\":\"https:\/\/syncro-group.com\/syncro\/wp-content\/uploads\/2020\/08\/CONVY-quadrato-1024.jpg\",\"contentUrl\":\"https:\/\/syncro-group.com\/syncro\/wp-content\/uploads\/2020\/08\/CONVY-quadrato-1024.jpg\",\"width\":1024,\"height\":1024,\"caption\":\"Conveying System\"},{\"@type\":\"BreadcrumbList\",\"@id\":\"https:\/\/syncro-group.com\/syncro\/es\/producto\/convy-hopper-loader\/#breadcrumb\",\"itemListElement\":[{\"@type\":\"ListItem\",\"position\":1,\"name\":\"Home\",\"item\":\"https:\/\/syncro-group.com\/syncro\/es\/\"},{\"@type\":\"ListItem\",\"position\":2,\"name\":\"Products\",\"item\":\"https:\/\/syncro-group.com\/syncro\/es\/products\/\"},{\"@type\":\"ListItem\",\"position\":3,\"name\":\"Convy\"}]},{\"@type\":\"WebSite\",\"@id\":\"https:\/\/syncro-group.com\/syncro\/es\/#website\",\"url\":\"https:\/\/syncro-group.com\/syncro\/es\/\",\"name\":\"Welcome to Syncro Group Website\",\"description\":\"\",\"potentialAction\":[{\"@type\":\"SearchAction\",\"target\":{\"@type\":\"EntryPoint\",\"urlTemplate\":\"https:\/\/syncro-group.com\/syncro\/es\/?s={search_term_string}\"},\"query-input\":{\"@type\":\"PropertyValueSpecification\",\"valueRequired\":true,\"valueName\":\"search_term_string\"}}],\"inLanguage\":\"es\"}]}<\/script>\n<!-- \/ Yoast SEO plugin. -->","yoast_head_json":{"title":"Convy - Welcome to Syncro Group Website","description":"CONVY is SYNCRO\u2019s range of hopper loaders. Material is conveyed in the receivers trough a vacuum unit up to it's max level, and it's then discharged below.","robots":{"index":"index","follow":"follow","max-snippet":"max-snippet:-1","max-image-preview":"max-image-preview:large","max-video-preview":"max-video-preview:-1"},"canonical":"https:\/\/syncro-group.com\/syncro\/es\/producto\/convy-hopper-loader\/","og_locale":"es_ES","og_type":"article","og_title":"Convy - Welcome to Syncro Group Website","og_description":"CONVY is SYNCRO\u2019s range of hopper loaders. Material is conveyed in the receivers trough a vacuum unit up to it's max level, and it's then discharged below.","og_url":"https:\/\/syncro-group.com\/syncro\/es\/producto\/convy-hopper-loader\/","og_site_name":"Welcome to Syncro Group Website","article_modified_time":"2021-04-19T08:51:23+00:00","og_image":[{"width":1024,"height":1024,"url":"https:\/\/syncro-group.com\/syncro\/wp-content\/uploads\/2020\/08\/CONVY-quadrato-1024.jpg","type":"image\/jpeg"}],"twitter_card":"summary_large_image","schema":{"@context":"https:\/\/schema.org","@graph":[{"@type":"WebPage","@id":"https:\/\/syncro-group.com\/syncro\/es\/producto\/convy-hopper-loader\/","url":"https:\/\/syncro-group.com\/syncro\/es\/producto\/convy-hopper-loader\/","name":"Convy - Welcome to Syncro Group Website","isPartOf":{"@id":"https:\/\/syncro-group.com\/syncro\/es\/#website"},"primaryImageOfPage":{"@id":"https:\/\/syncro-group.com\/syncro\/es\/producto\/convy-hopper-loader\/#primaryimage"},"image":{"@id":"https:\/\/syncro-group.com\/syncro\/es\/producto\/convy-hopper-loader\/#primaryimage"},"thumbnailUrl":"https:\/\/syncro-group.com\/syncro\/wp-content\/uploads\/2020\/08\/CONVY-quadrato-1024.jpg","datePublished":"2020-08-04T11:52:28+00:00","dateModified":"2021-04-19T08:51:23+00:00","description":"CONVY is SYNCRO\u2019s range of hopper loaders. Material is conveyed in the receivers trough a vacuum unit up to it's max level, and it's then discharged below.","breadcrumb":{"@id":"https:\/\/syncro-group.com\/syncro\/es\/producto\/convy-hopper-loader\/#breadcrumb"},"inLanguage":"es","potentialAction":[{"@type":"ReadAction","target":["https:\/\/syncro-group.com\/syncro\/es\/producto\/convy-hopper-loader\/"]}]},{"@type":"ImageObject","inLanguage":"es","@id":"https:\/\/syncro-group.com\/syncro\/es\/producto\/convy-hopper-loader\/#primaryimage","url":"https:\/\/syncro-group.com\/syncro\/wp-content\/uploads\/2020\/08\/CONVY-quadrato-1024.jpg","contentUrl":"https:\/\/syncro-group.com\/syncro\/wp-content\/uploads\/2020\/08\/CONVY-quadrato-1024.jpg","width":1024,"height":1024,"caption":"Conveying System"},{"@type":"BreadcrumbList","@id":"https:\/\/syncro-group.com\/syncro\/es\/producto\/convy-hopper-loader\/#breadcrumb","itemListElement":[{"@type":"ListItem","position":1,"name":"Home","item":"https:\/\/syncro-group.com\/syncro\/es\/"},{"@type":"ListItem","position":2,"name":"Products","item":"https:\/\/syncro-group.com\/syncro\/es\/products\/"},{"@type":"ListItem","position":3,"name":"Convy"}]},{"@type":"WebSite","@id":"https:\/\/syncro-group.com\/syncro\/es\/#website","url":"https:\/\/syncro-group.com\/syncro\/es\/","name":"Welcome to Syncro Group Website","description":"","potentialAction":[{"@type":"SearchAction","target":{"@type":"EntryPoint","urlTemplate":"https:\/\/syncro-group.com\/syncro\/es\/?s={search_term_string}"},"query-input":{"@type":"PropertyValueSpecification","valueRequired":true,"valueName":"search_term_string"}}],"inLanguage":"es"}]}},"_links":{"self":[{"href":"https:\/\/syncro-group.com\/syncro\/es\/wp-json\/wp\/v2\/product\/5949","targetHints":{"allow":["GET"]}}],"collection":[{"href":"https:\/\/syncro-group.com\/syncro\/es\/wp-json\/wp\/v2\/product"}],"about":[{"href":"https:\/\/syncro-group.com\/syncro\/es\/wp-json\/wp\/v2\/types\/product"}],"wp:featuredmedia":[{"embeddable":true,"href":"https:\/\/syncro-group.com\/syncro\/es\/wp-json\/wp\/v2\/media\/5957"}],"wp:attachment":[{"href":"https:\/\/syncro-group.com\/syncro\/es\/wp-json\/wp\/v2\/media?parent=5949"}],"wp:term":[{"taxonomy":"product_brand","embeddable":true,"href":"https:\/\/syncro-group.com\/syncro\/es\/wp-json\/wp\/v2\/product_brand?post=5949"},{"taxonomy":"product_cat","embeddable":true,"href":"https:\/\/syncro-group.com\/syncro\/es\/wp-json\/wp\/v2\/product_cat?post=5949"},{"taxonomy":"product_tag","embeddable":true,"href":"https:\/\/syncro-group.com\/syncro\/es\/wp-json\/wp\/v2\/product_tag?post=5949"}],"curies":[{"name":"wp","href":"https:\/\/api.w.org\/{rel}","templated":true}]}}