{"id":5991,"date":"2020-06-17T15:41:14","date_gmt":"2020-06-17T13:41:14","guid":{"rendered":"https:\/\/syncro-group.com\/syncro\/product\/cooling_booster_system\/"},"modified":"2021-04-02T10:36:31","modified_gmt":"2021-04-02T08:36:31","slug":"cooling_booster_system","status":"publish","type":"product","link":"https:\/\/syncro-group.com\/syncro\/es\/producto\/cooling_booster_system\/","title":{"rendered":"Vortyx"},"content":{"rendered":"<ul class=\"advantages\"><li>INTERCAMBIO DE CALOR MAXIMIZADO<\/li><li>AUMENTO DE LA PRODUCCI\u00d3N HORARIA<\/li><li>SISTEMA DE REFUERZO DE REFRIGERACI\u00d3N PARA MAXIMIZAR LA ESTABILIDAD DE LA FORMA DE LA BURBUJA<\/li><li>ALTA CALIDAD DEL PERFIL DE ESPESOR B\u00c1SICO<\/li><li>25% M\u00c1S DE PRODUCCI\u00d3N QUE UN IBC EST\u00c1NDAR<\/li><\/ul>\n","protected":false},"excerpt":{"rendered":"<p>Al desarrollar los anillos de aire FLYER y los dispositivos de refrigeraci\u00f3n interna <strong>VORTYX<\/strong>, SYncro buscaba la<strong> &#8220;coexistencia&#8221; de dos elementos<\/strong> que parecen estar en perpetuo conflicto e incompatibles entre s\u00ed: la <strong>turbulencia y la estabilidad<\/strong>.<br \/>\nEl objetivo de todo fabricante es construir un equipo capaz de <strong>maximizar el intercambio de calor<\/strong>, lo que se traduce en un alto rendimiento, la estabilidad de la <strong>forma de la burbuja<\/strong> y la garant\u00eda de alta calidad a trav\u00e9s del control del perfil de espesor al punto de ajuste deseado.<br \/>\nEstos son l<strong>os requisitos clave<\/strong> que han llevado a SYNCRO a dise\u00f1ar sus dispositivos de refrigeraci\u00f3n externa e interna <strong>(FLYER y VORTYX)<\/strong>.<br \/>\nSYNCRO siempre est\u00e1 buscando los insertos de anillos de aire con los <strong>perfiles aerodin\u00e1micos<\/strong> m\u00e1s eficaces y los sistemas de<strong> refrigeraci\u00f3n interna de burbujas m\u00e1s eficientes<\/strong>. Es evidente el legado con la reciente calidad probada de SYNCRO en el dise\u00f1o de anillos de aire proporcionando la fibra de carbono y c\u00e1maras de aislamiento extremadamente alto (dise\u00f1o de doble piel), \u00fanica entrada de aire para mantener el dise\u00f1o atractivo junto con su l\u00ednea simple y limpia, la tecnolog\u00eda de doble ajuste TECH 2.0 (flujo y \/ o temperatura) que es la patente de SYNCRO.<\/p>\n","protected":false},"featured_media":5997,"template":"","meta":{"_acf_changed":false},"product_brand":[],"product_cat":[594],"product_tag":[597,595,596,557,556,555],"class_list":{"0":"post-5991","1":"product","2":"type-product","3":"status-publish","4":"has-post-thumbnail","6":"product_cat-air-ring-es","7":"product_tag-blown-film-internal-cooling-es","8":"product_tag-extrusion-blown-film-line-es","9":"product_tag-ibc-stack-es","10":"product_tag-industry-4-0-es","11":"product_tag-plastic-film-es","12":"product_tag-syncro-es","14":"first","15":"instock","16":"shipping-taxable","17":"product-type-simple"},"acf":[],"yoast_head":"<!-- This site is optimized with the Yoast SEO plugin v26.0 - https:\/\/yoast.com\/wordpress\/plugins\/seo\/ -->\n<title>Vortyx - Welcome to Syncro Group Website<\/title>\n<meta name=\"description\" content=\"Vortyx is the IBC cooling booster system for blown film lines used to obtain hourly production increases and maximize the bubble stability.\" \/>\n<meta name=\"robots\" content=\"index, follow, max-snippet:-1, max-image-preview:large, max-video-preview:-1\" \/>\n<link rel=\"canonical\" href=\"https:\/\/syncro-group.com\/syncro\/es\/producto\/cooling_booster_system\/\" \/>\n<meta property=\"og:locale\" content=\"es_ES\" \/>\n<meta property=\"og:type\" content=\"article\" \/>\n<meta property=\"og:title\" content=\"Vortyx - Welcome to Syncro Group Website\" \/>\n<meta property=\"og:description\" content=\"Vortyx is the IBC cooling booster system for blown film lines used to obtain hourly production increases and maximize the bubble stability.\" \/>\n<meta property=\"og:url\" content=\"https:\/\/syncro-group.com\/syncro\/es\/producto\/cooling_booster_system\/\" \/>\n<meta property=\"og:site_name\" content=\"Welcome to Syncro Group Website\" \/>\n<meta property=\"article:modified_time\" content=\"2021-04-02T08:36:31+00:00\" \/>\n<meta property=\"og:image\" content=\"https:\/\/syncro-group.com\/syncro\/wp-content\/uploads\/2020\/06\/Vortix-nuovo-render-1.jpg\" \/>\n\t<meta property=\"og:image:width\" content=\"1920\" \/>\n\t<meta property=\"og:image:height\" content=\"1920\" \/>\n\t<meta property=\"og:image:type\" content=\"image\/jpeg\" \/>\n<meta name=\"twitter:card\" content=\"summary_large_image\" \/>\n<script type=\"application\/ld+json\" class=\"yoast-schema-graph\">{\"@context\":\"https:\/\/schema.org\",\"@graph\":[{\"@type\":\"WebPage\",\"@id\":\"https:\/\/syncro-group.com\/syncro\/es\/producto\/cooling_booster_system\/\",\"url\":\"https:\/\/syncro-group.com\/syncro\/es\/producto\/cooling_booster_system\/\",\"name\":\"Vortyx - Welcome to Syncro Group Website\",\"isPartOf\":{\"@id\":\"https:\/\/syncro-group.com\/syncro\/es\/#website\"},\"primaryImageOfPage\":{\"@id\":\"https:\/\/syncro-group.com\/syncro\/es\/producto\/cooling_booster_system\/#primaryimage\"},\"image\":{\"@id\":\"https:\/\/syncro-group.com\/syncro\/es\/producto\/cooling_booster_system\/#primaryimage\"},\"thumbnailUrl\":\"https:\/\/syncro-group.com\/syncro\/wp-content\/uploads\/2020\/06\/Vortix-nuovo-render-1.jpg\",\"datePublished\":\"2020-06-17T13:41:14+00:00\",\"dateModified\":\"2021-04-02T08:36:31+00:00\",\"description\":\"Vortyx is the IBC cooling booster system for blown film lines used to obtain hourly production increases and maximize the bubble stability.\",\"breadcrumb\":{\"@id\":\"https:\/\/syncro-group.com\/syncro\/es\/producto\/cooling_booster_system\/#breadcrumb\"},\"inLanguage\":\"es\",\"potentialAction\":[{\"@type\":\"ReadAction\",\"target\":[\"https:\/\/syncro-group.com\/syncro\/es\/producto\/cooling_booster_system\/\"]}]},{\"@type\":\"ImageObject\",\"inLanguage\":\"es\",\"@id\":\"https:\/\/syncro-group.com\/syncro\/es\/producto\/cooling_booster_system\/#primaryimage\",\"url\":\"https:\/\/syncro-group.com\/syncro\/wp-content\/uploads\/2020\/06\/Vortix-nuovo-render-1.jpg\",\"contentUrl\":\"https:\/\/syncro-group.com\/syncro\/wp-content\/uploads\/2020\/06\/Vortix-nuovo-render-1.jpg\",\"width\":1920,\"height\":1920},{\"@type\":\"BreadcrumbList\",\"@id\":\"https:\/\/syncro-group.com\/syncro\/es\/producto\/cooling_booster_system\/#breadcrumb\",\"itemListElement\":[{\"@type\":\"ListItem\",\"position\":1,\"name\":\"Home\",\"item\":\"https:\/\/syncro-group.com\/syncro\/es\/\"},{\"@type\":\"ListItem\",\"position\":2,\"name\":\"Products\",\"item\":\"https:\/\/syncro-group.com\/syncro\/es\/products\/\"},{\"@type\":\"ListItem\",\"position\":3,\"name\":\"Vortyx\"}]},{\"@type\":\"WebSite\",\"@id\":\"https:\/\/syncro-group.com\/syncro\/es\/#website\",\"url\":\"https:\/\/syncro-group.com\/syncro\/es\/\",\"name\":\"Welcome to Syncro Group Website\",\"description\":\"\",\"potentialAction\":[{\"@type\":\"SearchAction\",\"target\":{\"@type\":\"EntryPoint\",\"urlTemplate\":\"https:\/\/syncro-group.com\/syncro\/es\/?s={search_term_string}\"},\"query-input\":{\"@type\":\"PropertyValueSpecification\",\"valueRequired\":true,\"valueName\":\"search_term_string\"}}],\"inLanguage\":\"es\"}]}<\/script>\n<!-- \/ Yoast SEO plugin. -->","yoast_head_json":{"title":"Vortyx - Welcome to Syncro Group Website","description":"Vortyx is the IBC cooling booster system for blown film lines used to obtain hourly production increases and maximize the bubble stability.","robots":{"index":"index","follow":"follow","max-snippet":"max-snippet:-1","max-image-preview":"max-image-preview:large","max-video-preview":"max-video-preview:-1"},"canonical":"https:\/\/syncro-group.com\/syncro\/es\/producto\/cooling_booster_system\/","og_locale":"es_ES","og_type":"article","og_title":"Vortyx - Welcome to Syncro Group Website","og_description":"Vortyx is the IBC cooling booster system for blown film lines used to obtain hourly production increases and maximize the bubble stability.","og_url":"https:\/\/syncro-group.com\/syncro\/es\/producto\/cooling_booster_system\/","og_site_name":"Welcome to Syncro Group Website","article_modified_time":"2021-04-02T08:36:31+00:00","og_image":[{"width":1920,"height":1920,"url":"https:\/\/syncro-group.com\/syncro\/wp-content\/uploads\/2020\/06\/Vortix-nuovo-render-1.jpg","type":"image\/jpeg"}],"twitter_card":"summary_large_image","schema":{"@context":"https:\/\/schema.org","@graph":[{"@type":"WebPage","@id":"https:\/\/syncro-group.com\/syncro\/es\/producto\/cooling_booster_system\/","url":"https:\/\/syncro-group.com\/syncro\/es\/producto\/cooling_booster_system\/","name":"Vortyx - Welcome to Syncro Group Website","isPartOf":{"@id":"https:\/\/syncro-group.com\/syncro\/es\/#website"},"primaryImageOfPage":{"@id":"https:\/\/syncro-group.com\/syncro\/es\/producto\/cooling_booster_system\/#primaryimage"},"image":{"@id":"https:\/\/syncro-group.com\/syncro\/es\/producto\/cooling_booster_system\/#primaryimage"},"thumbnailUrl":"https:\/\/syncro-group.com\/syncro\/wp-content\/uploads\/2020\/06\/Vortix-nuovo-render-1.jpg","datePublished":"2020-06-17T13:41:14+00:00","dateModified":"2021-04-02T08:36:31+00:00","description":"Vortyx is the IBC cooling booster system for blown film lines used to obtain hourly production increases and maximize the bubble stability.","breadcrumb":{"@id":"https:\/\/syncro-group.com\/syncro\/es\/producto\/cooling_booster_system\/#breadcrumb"},"inLanguage":"es","potentialAction":[{"@type":"ReadAction","target":["https:\/\/syncro-group.com\/syncro\/es\/producto\/cooling_booster_system\/"]}]},{"@type":"ImageObject","inLanguage":"es","@id":"https:\/\/syncro-group.com\/syncro\/es\/producto\/cooling_booster_system\/#primaryimage","url":"https:\/\/syncro-group.com\/syncro\/wp-content\/uploads\/2020\/06\/Vortix-nuovo-render-1.jpg","contentUrl":"https:\/\/syncro-group.com\/syncro\/wp-content\/uploads\/2020\/06\/Vortix-nuovo-render-1.jpg","width":1920,"height":1920},{"@type":"BreadcrumbList","@id":"https:\/\/syncro-group.com\/syncro\/es\/producto\/cooling_booster_system\/#breadcrumb","itemListElement":[{"@type":"ListItem","position":1,"name":"Home","item":"https:\/\/syncro-group.com\/syncro\/es\/"},{"@type":"ListItem","position":2,"name":"Products","item":"https:\/\/syncro-group.com\/syncro\/es\/products\/"},{"@type":"ListItem","position":3,"name":"Vortyx"}]},{"@type":"WebSite","@id":"https:\/\/syncro-group.com\/syncro\/es\/#website","url":"https:\/\/syncro-group.com\/syncro\/es\/","name":"Welcome to Syncro Group Website","description":"","potentialAction":[{"@type":"SearchAction","target":{"@type":"EntryPoint","urlTemplate":"https:\/\/syncro-group.com\/syncro\/es\/?s={search_term_string}"},"query-input":{"@type":"PropertyValueSpecification","valueRequired":true,"valueName":"search_term_string"}}],"inLanguage":"es"}]}},"_links":{"self":[{"href":"https:\/\/syncro-group.com\/syncro\/es\/wp-json\/wp\/v2\/product\/5991","targetHints":{"allow":["GET"]}}],"collection":[{"href":"https:\/\/syncro-group.com\/syncro\/es\/wp-json\/wp\/v2\/product"}],"about":[{"href":"https:\/\/syncro-group.com\/syncro\/es\/wp-json\/wp\/v2\/types\/product"}],"wp:featuredmedia":[{"embeddable":true,"href":"https:\/\/syncro-group.com\/syncro\/es\/wp-json\/wp\/v2\/media\/5997"}],"wp:attachment":[{"href":"https:\/\/syncro-group.com\/syncro\/es\/wp-json\/wp\/v2\/media?parent=5991"}],"wp:term":[{"taxonomy":"product_brand","embeddable":true,"href":"https:\/\/syncro-group.com\/syncro\/es\/wp-json\/wp\/v2\/product_brand?post=5991"},{"taxonomy":"product_cat","embeddable":true,"href":"https:\/\/syncro-group.com\/syncro\/es\/wp-json\/wp\/v2\/product_cat?post=5991"},{"taxonomy":"product_tag","embeddable":true,"href":"https:\/\/syncro-group.com\/syncro\/es\/wp-json\/wp\/v2\/product_tag?post=5991"}],"curies":[{"name":"wp","href":"https:\/\/api.w.org\/{rel}","templated":true}]}}