{"id":6040,"date":"2020-05-20T12:10:11","date_gmt":"2020-05-20T10:10:11","guid":{"rendered":"https:\/\/syncro-group.com\/syncro\/product\/surface-defects\/"},"modified":"2021-03-30T13:13:10","modified_gmt":"2021-03-30T11:13:10","slug":"surface-defects","status":"publish","type":"product","link":"https:\/\/syncro-group.com\/syncro\/es\/producto\/surface-defects\/","title":{"rendered":"Defex"},"content":{"rendered":"<ul class=\"advantages\"><li>Medici\u00f3n e identificaci\u00f3n en l\u00ednea de defectos superficiales<\/li><li>An\u00e1lisis de muy alta frecuencia de escaneos individuales<\/li><li>Fuente de luz de diodos LED<\/li><li>Lista de alarmas asociadas a la hora y a la posici\u00f3n en la que se ha detectado<\/li><\/ul>\n","protected":false},"excerpt":{"rendered":"<p class=\"p1\"><strong>DEFEX<\/strong> es el dispositivo <strong>optoelectr\u00f3nico<\/strong> de \u00faltima generaci\u00f3n para la medici\u00f3n e identificaci\u00f3n en l\u00ednea de defectos superficiales, como protuberancias, estrangulamientos, abrasiones, falta de aislamiento local, desprendimientos parciales o escamas.<\/p>\n","protected":false},"featured_media":6046,"template":"","meta":{"_acf_changed":false},"product_brand":[],"product_cat":[610],"product_tag":[613,616,612,614,615,555,611],"class_list":{"0":"post-6040","1":"product","2":"type-product","3":"status-publish","4":"has-post-thumbnail","6":"product_cat-wire-cable-measurement-system","7":"product_tag-cables-es","8":"product_tag-defect-detection-es","9":"product_tag-measuring-system-es","10":"product_tag-pipes-es","11":"product_tag-surface-defects-es","12":"product_tag-syncro-es","13":"product_tag-syncro-es-2","15":"first","16":"instock","17":"shipping-taxable","18":"product-type-simple"},"acf":[],"yoast_head":"<!-- This site is optimized with the Yoast SEO plugin v26.0 - https:\/\/yoast.com\/wordpress\/plugins\/seo\/ -->\n<title>Defex - Welcome to Syncro Group Website<\/title>\n<meta name=\"description\" content=\"DEFEX is syncro&#039;s optoelectronic device for the in-line measurement and identification of surface defects in wire and cables lines.\" \/>\n<meta name=\"robots\" content=\"index, follow, max-snippet:-1, max-image-preview:large, max-video-preview:-1\" \/>\n<link rel=\"canonical\" href=\"https:\/\/syncro-group.com\/syncro\/es\/producto\/surface-defects\/\" \/>\n<meta property=\"og:locale\" content=\"es_ES\" \/>\n<meta property=\"og:type\" content=\"article\" \/>\n<meta property=\"og:title\" content=\"Defex - Welcome to Syncro Group Website\" \/>\n<meta property=\"og:description\" content=\"DEFEX is syncro&#039;s optoelectronic device for the in-line measurement and identification of surface defects in wire and cables lines.\" \/>\n<meta property=\"og:url\" content=\"https:\/\/syncro-group.com\/syncro\/es\/producto\/surface-defects\/\" \/>\n<meta property=\"og:site_name\" content=\"Welcome to Syncro Group Website\" \/>\n<meta property=\"article:modified_time\" content=\"2021-03-30T11:13:10+00:00\" \/>\n<meta property=\"og:image\" content=\"https:\/\/syncro-group.com\/syncro\/wp-content\/uploads\/2020\/05\/diamex-01-quadrato-1024.jpg\" \/>\n\t<meta property=\"og:image:width\" content=\"1024\" \/>\n\t<meta property=\"og:image:height\" content=\"1024\" \/>\n\t<meta property=\"og:image:type\" content=\"image\/jpeg\" \/>\n<meta name=\"twitter:card\" content=\"summary_large_image\" \/>\n<script type=\"application\/ld+json\" class=\"yoast-schema-graph\">{\"@context\":\"https:\/\/schema.org\",\"@graph\":[{\"@type\":\"WebPage\",\"@id\":\"https:\/\/syncro-group.com\/syncro\/es\/producto\/surface-defects\/\",\"url\":\"https:\/\/syncro-group.com\/syncro\/es\/producto\/surface-defects\/\",\"name\":\"Defex - Welcome to Syncro Group Website\",\"isPartOf\":{\"@id\":\"https:\/\/syncro-group.com\/syncro\/es\/#website\"},\"primaryImageOfPage\":{\"@id\":\"https:\/\/syncro-group.com\/syncro\/es\/producto\/surface-defects\/#primaryimage\"},\"image\":{\"@id\":\"https:\/\/syncro-group.com\/syncro\/es\/producto\/surface-defects\/#primaryimage\"},\"thumbnailUrl\":\"https:\/\/syncro-group.com\/syncro\/wp-content\/uploads\/2020\/05\/diamex-01-quadrato-1024.jpg\",\"datePublished\":\"2020-05-20T10:10:11+00:00\",\"dateModified\":\"2021-03-30T11:13:10+00:00\",\"description\":\"DEFEX is syncro's optoelectronic device for the in-line measurement and identification of surface defects in wire and cables lines.\",\"breadcrumb\":{\"@id\":\"https:\/\/syncro-group.com\/syncro\/es\/producto\/surface-defects\/#breadcrumb\"},\"inLanguage\":\"es\",\"potentialAction\":[{\"@type\":\"ReadAction\",\"target\":[\"https:\/\/syncro-group.com\/syncro\/es\/producto\/surface-defects\/\"]}]},{\"@type\":\"ImageObject\",\"inLanguage\":\"es\",\"@id\":\"https:\/\/syncro-group.com\/syncro\/es\/producto\/surface-defects\/#primaryimage\",\"url\":\"https:\/\/syncro-group.com\/syncro\/wp-content\/uploads\/2020\/05\/diamex-01-quadrato-1024.jpg\",\"contentUrl\":\"https:\/\/syncro-group.com\/syncro\/wp-content\/uploads\/2020\/05\/diamex-01-quadrato-1024.jpg\",\"width\":1024,\"height\":1024,\"caption\":\"wire & cable measuring system\"},{\"@type\":\"BreadcrumbList\",\"@id\":\"https:\/\/syncro-group.com\/syncro\/es\/producto\/surface-defects\/#breadcrumb\",\"itemListElement\":[{\"@type\":\"ListItem\",\"position\":1,\"name\":\"Home\",\"item\":\"https:\/\/syncro-group.com\/syncro\/es\/\"},{\"@type\":\"ListItem\",\"position\":2,\"name\":\"Products\",\"item\":\"https:\/\/syncro-group.com\/syncro\/es\/products\/\"},{\"@type\":\"ListItem\",\"position\":3,\"name\":\"Defex\"}]},{\"@type\":\"WebSite\",\"@id\":\"https:\/\/syncro-group.com\/syncro\/es\/#website\",\"url\":\"https:\/\/syncro-group.com\/syncro\/es\/\",\"name\":\"Welcome to Syncro Group Website\",\"description\":\"\",\"potentialAction\":[{\"@type\":\"SearchAction\",\"target\":{\"@type\":\"EntryPoint\",\"urlTemplate\":\"https:\/\/syncro-group.com\/syncro\/es\/?s={search_term_string}\"},\"query-input\":{\"@type\":\"PropertyValueSpecification\",\"valueRequired\":true,\"valueName\":\"search_term_string\"}}],\"inLanguage\":\"es\"}]}<\/script>\n<!-- \/ Yoast SEO plugin. -->","yoast_head_json":{"title":"Defex - Welcome to Syncro Group Website","description":"DEFEX is syncro's optoelectronic device for the in-line measurement and identification of surface defects in wire and cables lines.","robots":{"index":"index","follow":"follow","max-snippet":"max-snippet:-1","max-image-preview":"max-image-preview:large","max-video-preview":"max-video-preview:-1"},"canonical":"https:\/\/syncro-group.com\/syncro\/es\/producto\/surface-defects\/","og_locale":"es_ES","og_type":"article","og_title":"Defex - Welcome to Syncro Group Website","og_description":"DEFEX is syncro's optoelectronic device for the in-line measurement and identification of surface defects in wire and cables lines.","og_url":"https:\/\/syncro-group.com\/syncro\/es\/producto\/surface-defects\/","og_site_name":"Welcome to Syncro Group Website","article_modified_time":"2021-03-30T11:13:10+00:00","og_image":[{"width":1024,"height":1024,"url":"https:\/\/syncro-group.com\/syncro\/wp-content\/uploads\/2020\/05\/diamex-01-quadrato-1024.jpg","type":"image\/jpeg"}],"twitter_card":"summary_large_image","schema":{"@context":"https:\/\/schema.org","@graph":[{"@type":"WebPage","@id":"https:\/\/syncro-group.com\/syncro\/es\/producto\/surface-defects\/","url":"https:\/\/syncro-group.com\/syncro\/es\/producto\/surface-defects\/","name":"Defex - Welcome to Syncro Group Website","isPartOf":{"@id":"https:\/\/syncro-group.com\/syncro\/es\/#website"},"primaryImageOfPage":{"@id":"https:\/\/syncro-group.com\/syncro\/es\/producto\/surface-defects\/#primaryimage"},"image":{"@id":"https:\/\/syncro-group.com\/syncro\/es\/producto\/surface-defects\/#primaryimage"},"thumbnailUrl":"https:\/\/syncro-group.com\/syncro\/wp-content\/uploads\/2020\/05\/diamex-01-quadrato-1024.jpg","datePublished":"2020-05-20T10:10:11+00:00","dateModified":"2021-03-30T11:13:10+00:00","description":"DEFEX is syncro's optoelectronic device for the in-line measurement and identification of surface defects in wire and cables lines.","breadcrumb":{"@id":"https:\/\/syncro-group.com\/syncro\/es\/producto\/surface-defects\/#breadcrumb"},"inLanguage":"es","potentialAction":[{"@type":"ReadAction","target":["https:\/\/syncro-group.com\/syncro\/es\/producto\/surface-defects\/"]}]},{"@type":"ImageObject","inLanguage":"es","@id":"https:\/\/syncro-group.com\/syncro\/es\/producto\/surface-defects\/#primaryimage","url":"https:\/\/syncro-group.com\/syncro\/wp-content\/uploads\/2020\/05\/diamex-01-quadrato-1024.jpg","contentUrl":"https:\/\/syncro-group.com\/syncro\/wp-content\/uploads\/2020\/05\/diamex-01-quadrato-1024.jpg","width":1024,"height":1024,"caption":"wire & cable measuring system"},{"@type":"BreadcrumbList","@id":"https:\/\/syncro-group.com\/syncro\/es\/producto\/surface-defects\/#breadcrumb","itemListElement":[{"@type":"ListItem","position":1,"name":"Home","item":"https:\/\/syncro-group.com\/syncro\/es\/"},{"@type":"ListItem","position":2,"name":"Products","item":"https:\/\/syncro-group.com\/syncro\/es\/products\/"},{"@type":"ListItem","position":3,"name":"Defex"}]},{"@type":"WebSite","@id":"https:\/\/syncro-group.com\/syncro\/es\/#website","url":"https:\/\/syncro-group.com\/syncro\/es\/","name":"Welcome to Syncro Group Website","description":"","potentialAction":[{"@type":"SearchAction","target":{"@type":"EntryPoint","urlTemplate":"https:\/\/syncro-group.com\/syncro\/es\/?s={search_term_string}"},"query-input":{"@type":"PropertyValueSpecification","valueRequired":true,"valueName":"search_term_string"}}],"inLanguage":"es"}]}},"_links":{"self":[{"href":"https:\/\/syncro-group.com\/syncro\/es\/wp-json\/wp\/v2\/product\/6040","targetHints":{"allow":["GET"]}}],"collection":[{"href":"https:\/\/syncro-group.com\/syncro\/es\/wp-json\/wp\/v2\/product"}],"about":[{"href":"https:\/\/syncro-group.com\/syncro\/es\/wp-json\/wp\/v2\/types\/product"}],"wp:featuredmedia":[{"embeddable":true,"href":"https:\/\/syncro-group.com\/syncro\/es\/wp-json\/wp\/v2\/media\/6046"}],"wp:attachment":[{"href":"https:\/\/syncro-group.com\/syncro\/es\/wp-json\/wp\/v2\/media?parent=6040"}],"wp:term":[{"taxonomy":"product_brand","embeddable":true,"href":"https:\/\/syncro-group.com\/syncro\/es\/wp-json\/wp\/v2\/product_brand?post=6040"},{"taxonomy":"product_cat","embeddable":true,"href":"https:\/\/syncro-group.com\/syncro\/es\/wp-json\/wp\/v2\/product_cat?post=6040"},{"taxonomy":"product_tag","embeddable":true,"href":"https:\/\/syncro-group.com\/syncro\/es\/wp-json\/wp\/v2\/product_tag?post=6040"}],"curies":[{"name":"wp","href":"https:\/\/api.w.org\/{rel}","templated":true}]}}