{"id":6055,"date":"2020-05-20T09:57:11","date_gmt":"2020-05-20T07:57:11","guid":{"rendered":"https:\/\/syncro-group.com\/syncro\/product\/loss-in-weight-blender\/"},"modified":"2021-05-03T11:47:35","modified_gmt":"2021-05-03T09:47:35","slug":"loss-in-weight-blender","status":"publish","type":"product","link":"https:\/\/syncro-group.com\/syncro\/es\/producto\/loss-in-weight-blender\/","title":{"rendered":"Sydos"},"content":{"rendered":"<ul class=\"advantages\"><li>LIMPIEZA - SYdos est\u00e1 dise\u00f1ado con todas las tolvas gravim\u00e9tricas de componentes laterales extra\u00edbles, por lo que la limpieza de la mezcladora y el cambio de producci\u00f3n nunca han sido tan r\u00e1pidos y f\u00e1ciles para el operador.<\/li><li>PRECISI\u00d3N Y VIBRACI\u00d3N - SYdos dispone de 2 c\u00e9lulas de carga para cada componente para anular la vibraci\u00f3n y tener una mayor estabilidad y mejorar la precisi\u00f3n de la dosificaci\u00f3n. Todas las c\u00e9lulas de carga est\u00e1n protegidas para evitar cualquier posible da\u00f1o.<\/li><li>MEZCLADOR - SYdos, gracias a su innovador mezclador est\u00e1tico en cascada y a la dosificaci\u00f3n de todos los componentes laterales por medio de un tornillo sinf\u00edn, garantiza una excelente mezcla y evita las malas mezclas que se observan en los sistemas de dosificaci\u00f3n cl\u00e1sicos.<\/li><li>HMI - Cada mezclador dispone de su propia pantalla t\u00e1ctil HMI que permite al operador configurar f\u00e1cilmente los par\u00e1metros, calibrar las c\u00e9lulas de carga y comprobar las alarmas. Se ha instalado VNC para permitir una f\u00e1cil supervisi\u00f3n remota a trav\u00e9s de una conexi\u00f3n a Internet\/ethernet.<\/li><li>NEUM\u00c1TICA - Los componentes neum\u00e1ticos digitales se conectan directamente a trav\u00e9s de un puerto serie al PLC, lo que garantiza que la instalaci\u00f3n sea lo m\u00e1s f\u00e1cil posible y permite una sencilla resoluci\u00f3n de problemas. Gracias a esta soluci\u00f3n modular, las futuras actualizaciones son f\u00e1ciles de gestionar.<\/li><li><\/li><li><\/li><\/ul>\n","protected":false},"excerpt":{"rendered":"<p class=\"p1\"><strong>SYDOS<\/strong> es un sistema de <strong>dosificaci\u00f3n gravim\u00e9trica continua<\/strong> por p\u00e9rdida de peso dise\u00f1ado para dosificar m\u00faltiples componentes simult\u00e1neamente y es ideal para diferentes procesos de producci\u00f3n en los que se requieren mezclas precisas y consistentes.<br \/>\nTodos los componentes laterales se dosifican de forma continua y simult\u00e1nea directamente en la garganta de alimentaci\u00f3n de la extrusora a trav\u00e9s de un mezclador en cascada.<br \/>\nCada uno de los componentes laterales se dosifica simult\u00e1neamente en un mezclador en cascada donde se mezclan junto con el componente principal que fluye por gravedad.<br \/>\nLos alimentadores laterales se controlan individualmente para alcanzar y mantener las proporciones de dosificaci\u00f3n preestablecidas y para mantener un nivel constante por encima de la garganta de alimentaci\u00f3n de la extrusora.<\/p>\n","protected":false},"featured_media":6068,"template":"","meta":{"_acf_changed":false},"product_brand":[],"product_cat":[585],"product_tag":[564,572,621,620,623,619,606,557,558,622,586,624,565,556,563,618,555],"class_list":{"0":"post-6055","1":"product","2":"type-product","3":"status-publish","4":"has-post-thumbnail","6":"product_cat-dosing-es","7":"product_tag-blown-film-es","8":"product_tag-extrusion-line-es","9":"product_tag-extrusion-output-control-es","10":"product_tag-flake-dosing-es","11":"product_tag-gram-per-meter-control-es","12":"product_tag-granule-and-pellet-dosing-es","13":"product_tag-gravimetric-blender-loss-in-weight-es","14":"product_tag-industry-4-0-es","15":"product_tag-iot-es","16":"product_tag-layers-control-es","17":"product_tag-loss-in-weight-es","18":"product_tag-loss-in-weight-dosing-system-es","19":"product_tag-opc-ua-es","20":"product_tag-plastic-film-es","21":"product_tag-reel-es","22":"product_tag-sheet-dosing-es","23":"product_tag-syncro-es","25":"first","26":"instock","27":"shipping-taxable","28":"product-type-simple"},"acf":[],"yoast_head":"<!-- This site is optimized with the Yoast SEO plugin v26.0 - https:\/\/yoast.com\/wordpress\/plugins\/seo\/ -->\n<title>Sydos - Welcome to Syncro Group Website<\/title>\n<meta name=\"description\" content=\"SYDOS is a continuous loss in weight gravimetric blender designed to dose and feed multiple components simultaneously in all processes in which a constant gravimetric feed is required.\" \/>\n<meta name=\"robots\" content=\"index, follow, max-snippet:-1, max-image-preview:large, max-video-preview:-1\" \/>\n<link rel=\"canonical\" href=\"https:\/\/syncro-group.com\/syncro\/es\/producto\/loss-in-weight-blender\/\" \/>\n<meta property=\"og:locale\" content=\"es_ES\" \/>\n<meta property=\"og:type\" content=\"article\" \/>\n<meta property=\"og:title\" content=\"Sydos - Welcome to Syncro Group Website\" \/>\n<meta property=\"og:description\" content=\"SYDOS is a continuous loss in weight gravimetric blender designed to dose and feed multiple components simultaneously in all processes in which a constant gravimetric feed is required.\" \/>\n<meta property=\"og:url\" content=\"https:\/\/syncro-group.com\/syncro\/es\/producto\/loss-in-weight-blender\/\" \/>\n<meta property=\"og:site_name\" content=\"Welcome to Syncro Group Website\" \/>\n<meta property=\"article:modified_time\" content=\"2021-05-03T09:47:35+00:00\" \/>\n<meta property=\"og:image\" content=\"https:\/\/syncro-group.com\/syncro\/wp-content\/uploads\/2020\/05\/SYDOS-quadrato-1024.jpg\" \/>\n\t<meta property=\"og:image:width\" content=\"1024\" \/>\n\t<meta property=\"og:image:height\" content=\"1024\" \/>\n\t<meta property=\"og:image:type\" content=\"image\/jpeg\" \/>\n<meta name=\"twitter:card\" content=\"summary_large_image\" \/>\n<script type=\"application\/ld+json\" class=\"yoast-schema-graph\">{\"@context\":\"https:\/\/schema.org\",\"@graph\":[{\"@type\":\"WebPage\",\"@id\":\"https:\/\/syncro-group.com\/syncro\/es\/producto\/loss-in-weight-blender\/\",\"url\":\"https:\/\/syncro-group.com\/syncro\/es\/producto\/loss-in-weight-blender\/\",\"name\":\"Sydos - Welcome to Syncro Group Website\",\"isPartOf\":{\"@id\":\"https:\/\/syncro-group.com\/syncro\/es\/#website\"},\"primaryImageOfPage\":{\"@id\":\"https:\/\/syncro-group.com\/syncro\/es\/producto\/loss-in-weight-blender\/#primaryimage\"},\"image\":{\"@id\":\"https:\/\/syncro-group.com\/syncro\/es\/producto\/loss-in-weight-blender\/#primaryimage\"},\"thumbnailUrl\":\"https:\/\/syncro-group.com\/syncro\/wp-content\/uploads\/2020\/05\/SYDOS-quadrato-1024.jpg\",\"datePublished\":\"2020-05-20T07:57:11+00:00\",\"dateModified\":\"2021-05-03T09:47:35+00:00\",\"description\":\"SYDOS is a continuous loss in weight gravimetric blender designed to dose and feed multiple components simultaneously in all processes in which a constant gravimetric feed is required.\",\"breadcrumb\":{\"@id\":\"https:\/\/syncro-group.com\/syncro\/es\/producto\/loss-in-weight-blender\/#breadcrumb\"},\"inLanguage\":\"es\",\"potentialAction\":[{\"@type\":\"ReadAction\",\"target\":[\"https:\/\/syncro-group.com\/syncro\/es\/producto\/loss-in-weight-blender\/\"]}]},{\"@type\":\"ImageObject\",\"inLanguage\":\"es\",\"@id\":\"https:\/\/syncro-group.com\/syncro\/es\/producto\/loss-in-weight-blender\/#primaryimage\",\"url\":\"https:\/\/syncro-group.com\/syncro\/wp-content\/uploads\/2020\/05\/SYDOS-quadrato-1024.jpg\",\"contentUrl\":\"https:\/\/syncro-group.com\/syncro\/wp-content\/uploads\/2020\/05\/SYDOS-quadrato-1024.jpg\",\"width\":1024,\"height\":1024,\"caption\":\"Dosing System\"},{\"@type\":\"BreadcrumbList\",\"@id\":\"https:\/\/syncro-group.com\/syncro\/es\/producto\/loss-in-weight-blender\/#breadcrumb\",\"itemListElement\":[{\"@type\":\"ListItem\",\"position\":1,\"name\":\"Home\",\"item\":\"https:\/\/syncro-group.com\/syncro\/es\/\"},{\"@type\":\"ListItem\",\"position\":2,\"name\":\"Products\",\"item\":\"https:\/\/syncro-group.com\/syncro\/es\/products\/\"},{\"@type\":\"ListItem\",\"position\":3,\"name\":\"Sydos\"}]},{\"@type\":\"WebSite\",\"@id\":\"https:\/\/syncro-group.com\/syncro\/es\/#website\",\"url\":\"https:\/\/syncro-group.com\/syncro\/es\/\",\"name\":\"Welcome to Syncro Group Website\",\"description\":\"\",\"potentialAction\":[{\"@type\":\"SearchAction\",\"target\":{\"@type\":\"EntryPoint\",\"urlTemplate\":\"https:\/\/syncro-group.com\/syncro\/es\/?s={search_term_string}\"},\"query-input\":{\"@type\":\"PropertyValueSpecification\",\"valueRequired\":true,\"valueName\":\"search_term_string\"}}],\"inLanguage\":\"es\"}]}<\/script>\n<!-- \/ Yoast SEO plugin. -->","yoast_head_json":{"title":"Sydos - Welcome to Syncro Group Website","description":"SYDOS is a continuous loss in weight gravimetric blender designed to dose and feed multiple components simultaneously in all processes in which a constant gravimetric feed is required.","robots":{"index":"index","follow":"follow","max-snippet":"max-snippet:-1","max-image-preview":"max-image-preview:large","max-video-preview":"max-video-preview:-1"},"canonical":"https:\/\/syncro-group.com\/syncro\/es\/producto\/loss-in-weight-blender\/","og_locale":"es_ES","og_type":"article","og_title":"Sydos - Welcome to Syncro Group Website","og_description":"SYDOS is a continuous loss in weight gravimetric blender designed to dose and feed multiple components simultaneously in all processes in which a constant gravimetric feed is required.","og_url":"https:\/\/syncro-group.com\/syncro\/es\/producto\/loss-in-weight-blender\/","og_site_name":"Welcome to Syncro Group Website","article_modified_time":"2021-05-03T09:47:35+00:00","og_image":[{"width":1024,"height":1024,"url":"https:\/\/syncro-group.com\/syncro\/wp-content\/uploads\/2020\/05\/SYDOS-quadrato-1024.jpg","type":"image\/jpeg"}],"twitter_card":"summary_large_image","schema":{"@context":"https:\/\/schema.org","@graph":[{"@type":"WebPage","@id":"https:\/\/syncro-group.com\/syncro\/es\/producto\/loss-in-weight-blender\/","url":"https:\/\/syncro-group.com\/syncro\/es\/producto\/loss-in-weight-blender\/","name":"Sydos - Welcome to Syncro Group Website","isPartOf":{"@id":"https:\/\/syncro-group.com\/syncro\/es\/#website"},"primaryImageOfPage":{"@id":"https:\/\/syncro-group.com\/syncro\/es\/producto\/loss-in-weight-blender\/#primaryimage"},"image":{"@id":"https:\/\/syncro-group.com\/syncro\/es\/producto\/loss-in-weight-blender\/#primaryimage"},"thumbnailUrl":"https:\/\/syncro-group.com\/syncro\/wp-content\/uploads\/2020\/05\/SYDOS-quadrato-1024.jpg","datePublished":"2020-05-20T07:57:11+00:00","dateModified":"2021-05-03T09:47:35+00:00","description":"SYDOS is a continuous loss in weight gravimetric blender designed to dose and feed multiple components simultaneously in all processes in which a constant gravimetric feed is required.","breadcrumb":{"@id":"https:\/\/syncro-group.com\/syncro\/es\/producto\/loss-in-weight-blender\/#breadcrumb"},"inLanguage":"es","potentialAction":[{"@type":"ReadAction","target":["https:\/\/syncro-group.com\/syncro\/es\/producto\/loss-in-weight-blender\/"]}]},{"@type":"ImageObject","inLanguage":"es","@id":"https:\/\/syncro-group.com\/syncro\/es\/producto\/loss-in-weight-blender\/#primaryimage","url":"https:\/\/syncro-group.com\/syncro\/wp-content\/uploads\/2020\/05\/SYDOS-quadrato-1024.jpg","contentUrl":"https:\/\/syncro-group.com\/syncro\/wp-content\/uploads\/2020\/05\/SYDOS-quadrato-1024.jpg","width":1024,"height":1024,"caption":"Dosing System"},{"@type":"BreadcrumbList","@id":"https:\/\/syncro-group.com\/syncro\/es\/producto\/loss-in-weight-blender\/#breadcrumb","itemListElement":[{"@type":"ListItem","position":1,"name":"Home","item":"https:\/\/syncro-group.com\/syncro\/es\/"},{"@type":"ListItem","position":2,"name":"Products","item":"https:\/\/syncro-group.com\/syncro\/es\/products\/"},{"@type":"ListItem","position":3,"name":"Sydos"}]},{"@type":"WebSite","@id":"https:\/\/syncro-group.com\/syncro\/es\/#website","url":"https:\/\/syncro-group.com\/syncro\/es\/","name":"Welcome to Syncro Group Website","description":"","potentialAction":[{"@type":"SearchAction","target":{"@type":"EntryPoint","urlTemplate":"https:\/\/syncro-group.com\/syncro\/es\/?s={search_term_string}"},"query-input":{"@type":"PropertyValueSpecification","valueRequired":true,"valueName":"search_term_string"}}],"inLanguage":"es"}]}},"_links":{"self":[{"href":"https:\/\/syncro-group.com\/syncro\/es\/wp-json\/wp\/v2\/product\/6055","targetHints":{"allow":["GET"]}}],"collection":[{"href":"https:\/\/syncro-group.com\/syncro\/es\/wp-json\/wp\/v2\/product"}],"about":[{"href":"https:\/\/syncro-group.com\/syncro\/es\/wp-json\/wp\/v2\/types\/product"}],"wp:featuredmedia":[{"embeddable":true,"href":"https:\/\/syncro-group.com\/syncro\/es\/wp-json\/wp\/v2\/media\/6068"}],"wp:attachment":[{"href":"https:\/\/syncro-group.com\/syncro\/es\/wp-json\/wp\/v2\/media?parent=6055"}],"wp:term":[{"taxonomy":"product_brand","embeddable":true,"href":"https:\/\/syncro-group.com\/syncro\/es\/wp-json\/wp\/v2\/product_brand?post=6055"},{"taxonomy":"product_cat","embeddable":true,"href":"https:\/\/syncro-group.com\/syncro\/es\/wp-json\/wp\/v2\/product_cat?post=6055"},{"taxonomy":"product_tag","embeddable":true,"href":"https:\/\/syncro-group.com\/syncro\/es\/wp-json\/wp\/v2\/product_tag?post=6055"}],"curies":[{"name":"wp","href":"https:\/\/api.w.org\/{rel}","templated":true}]}}