{"id":6071,"date":"2020-02-12T18:04:08","date_gmt":"2020-02-12T17:04:08","guid":{"rendered":"https:\/\/syncro-group.com\/syncro\/product\/secondary-bubble-cage\/"},"modified":"2021-04-19T11:28:03","modified_gmt":"2021-04-19T09:28:03","slug":"secondary-bubble-cage","status":"publish","type":"product","link":"https:\/\/syncro-group.com\/syncro\/es\/producto\/secondary-bubble-cage\/","title":{"rendered":"SC-Btwice"},"content":{"rendered":"<ul class=\"advantages\"><li>F\u00c1CIL INSTALACI\u00d3N - SC-BTwice puede instalarse f\u00e1cilmente en las l\u00edneas de film soplado existentes, sustituyendo las antiguas cestas de calibraci\u00f3n.<\/li><li>GU\u00cdAS INTERCAMBIABLES - Los rodillos se instalan sobre gu\u00edas intercambiables permitiendo la posibilidad de instalar rodillos adicionales en el futuro.<\/li><li>RODILLOS - La SC-BTwice est\u00e1 disponible con diferentes tipos de rodillos como, espuma de silicona, fibra de carbono, manga de lana, antiadherente y recubrimientos aprobados por la FDA.<\/li><li>NIVELES - SC-BTwice tiene la posibilidad de instalar entre 2 y 3 rodillos por cada brazo, dependiendo de las necesidades del cliente.<\/li><li>INTEGRACI\u00d3N DE IBC - SC-BTwice est\u00e1 predise\u00f1ada para la integraci\u00f3n de un sensor SYIBC. Cuando se suministra junto con SYIBC, la cesta de calibraci\u00f3n est\u00e1 equipada con un soporte para el sensor ultras\u00f3nico y el cableado para la instalaci\u00f3n plug and play.<\/li><\/ul>\n","protected":false},"excerpt":{"rendered":"<p class=\"p1\"><strong>SC-BTWICE<\/strong> es la gama de cestas de calibraci\u00f3n secundarias de <strong>SYNCRO<\/strong>, dise\u00f1adas para funcionar con precisi\u00f3n y estabilidad constantes. Las jaulas de la serie <strong>SC-BTwice<\/strong> van desde los <strong>670 mm hasta los 12500 mm<\/strong> en plano y ofrecen un dise\u00f1o innovador con una construcci\u00f3n r\u00edgida y un control preciso de la posici\u00f3n de la jaula en todo el rango operativo.<\/p>\n<p class=\"p1\">La cesta de calibraci\u00f3n secundaria es una de las partes m\u00e1s importantes del proceso de film soplado que influye tanto en la calidad del film como en la tolerancia del perfil.<\/p>\n<p class=\"p1\">La <strong>SC-BTwice<\/strong> mantiene la burbuja centrada y calibrada antes de que entre en la unidad de arrastre.<\/p>\n","protected":false},"featured_media":13375,"template":"","meta":{"_acf_changed":false},"product_brand":[],"product_cat":[625],"product_tag":[564,626,627,628,563,555],"class_list":{"0":"post-6071","1":"product","2":"type-product","3":"status-publish","4":"has-post-thumbnail","6":"product_cat-bubble-cages","7":"product_tag-blown-film-es","8":"product_tag-blown-film-cage-es","9":"product_tag-calibration-basket-es","10":"product_tag-guidabolla-es","11":"product_tag-reel-es","12":"product_tag-syncro-es","14":"first","15":"instock","16":"shipping-taxable","17":"product-type-simple"},"acf":[],"yoast_head":"<!-- This site is optimized with the Yoast SEO plugin v26.0 - https:\/\/yoast.com\/wordpress\/plugins\/seo\/ -->\n<title>SC-Btwice - Welcome to Syncro Group Website<\/title>\n<meta name=\"description\" content=\"Seconday bubble cage for blown film line usually installed before the collapsing frame to guarantee the bubble to be guided into them.\" \/>\n<meta name=\"robots\" content=\"index, follow, max-snippet:-1, max-image-preview:large, max-video-preview:-1\" \/>\n<link rel=\"canonical\" href=\"https:\/\/syncro-group.com\/syncro\/es\/producto\/secondary-bubble-cage\/\" \/>\n<meta property=\"og:locale\" content=\"es_ES\" \/>\n<meta property=\"og:type\" content=\"article\" \/>\n<meta property=\"og:title\" content=\"SC-Btwice - Welcome to Syncro Group Website\" \/>\n<meta property=\"og:description\" content=\"Seconday bubble cage for blown film line usually installed before the collapsing frame to guarantee the bubble to be guided into them.\" \/>\n<meta property=\"og:url\" content=\"https:\/\/syncro-group.com\/syncro\/es\/producto\/secondary-bubble-cage\/\" \/>\n<meta property=\"og:site_name\" content=\"Welcome to Syncro Group Website\" \/>\n<meta property=\"article:modified_time\" content=\"2021-04-19T09:28:03+00:00\" \/>\n<meta property=\"og:image\" content=\"http:\/\/syncro-group.com\/syncro\/wp-content\/uploads\/2020\/02\/01-Secondary-cage-01-Copia.jpg\" \/>\n\t<meta property=\"og:image:width\" content=\"1920\" \/>\n\t<meta property=\"og:image:height\" content=\"1920\" \/>\n\t<meta property=\"og:image:type\" content=\"image\/jpeg\" \/>\n<meta name=\"twitter:card\" content=\"summary_large_image\" \/>\n<script type=\"application\/ld+json\" class=\"yoast-schema-graph\">{\"@context\":\"https:\/\/schema.org\",\"@graph\":[{\"@type\":\"WebPage\",\"@id\":\"https:\/\/syncro-group.com\/syncro\/es\/producto\/secondary-bubble-cage\/\",\"url\":\"https:\/\/syncro-group.com\/syncro\/es\/producto\/secondary-bubble-cage\/\",\"name\":\"SC-Btwice - Welcome to Syncro Group Website\",\"isPartOf\":{\"@id\":\"https:\/\/syncro-group.com\/syncro\/es\/#website\"},\"primaryImageOfPage\":{\"@id\":\"https:\/\/syncro-group.com\/syncro\/es\/producto\/secondary-bubble-cage\/#primaryimage\"},\"image\":{\"@id\":\"https:\/\/syncro-group.com\/syncro\/es\/producto\/secondary-bubble-cage\/#primaryimage\"},\"thumbnailUrl\":\"https:\/\/syncro-group.com\/syncro\/wp-content\/uploads\/2024\/10\/Sctwice-GT_rendering-2-scaled.png\",\"datePublished\":\"2020-02-12T17:04:08+00:00\",\"dateModified\":\"2021-04-19T09:28:03+00:00\",\"description\":\"Seconday bubble cage for blown film line usually installed before the collapsing frame to guarantee the bubble to be guided into them.\",\"breadcrumb\":{\"@id\":\"https:\/\/syncro-group.com\/syncro\/es\/producto\/secondary-bubble-cage\/#breadcrumb\"},\"inLanguage\":\"es\",\"potentialAction\":[{\"@type\":\"ReadAction\",\"target\":[\"https:\/\/syncro-group.com\/syncro\/es\/producto\/secondary-bubble-cage\/\"]}]},{\"@type\":\"ImageObject\",\"inLanguage\":\"es\",\"@id\":\"https:\/\/syncro-group.com\/syncro\/es\/producto\/secondary-bubble-cage\/#primaryimage\",\"url\":\"https:\/\/syncro-group.com\/syncro\/wp-content\/uploads\/2024\/10\/Sctwice-GT_rendering-2-scaled.png\",\"contentUrl\":\"https:\/\/syncro-group.com\/syncro\/wp-content\/uploads\/2024\/10\/Sctwice-GT_rendering-2-scaled.png\",\"width\":2560,\"height\":1440},{\"@type\":\"BreadcrumbList\",\"@id\":\"https:\/\/syncro-group.com\/syncro\/es\/producto\/secondary-bubble-cage\/#breadcrumb\",\"itemListElement\":[{\"@type\":\"ListItem\",\"position\":1,\"name\":\"Home\",\"item\":\"https:\/\/syncro-group.com\/syncro\/es\/\"},{\"@type\":\"ListItem\",\"position\":2,\"name\":\"Products\",\"item\":\"https:\/\/syncro-group.com\/syncro\/es\/products\/\"},{\"@type\":\"ListItem\",\"position\":3,\"name\":\"SC-Btwice\"}]},{\"@type\":\"WebSite\",\"@id\":\"https:\/\/syncro-group.com\/syncro\/es\/#website\",\"url\":\"https:\/\/syncro-group.com\/syncro\/es\/\",\"name\":\"Welcome to Syncro Group Website\",\"description\":\"\",\"potentialAction\":[{\"@type\":\"SearchAction\",\"target\":{\"@type\":\"EntryPoint\",\"urlTemplate\":\"https:\/\/syncro-group.com\/syncro\/es\/?s={search_term_string}\"},\"query-input\":{\"@type\":\"PropertyValueSpecification\",\"valueRequired\":true,\"valueName\":\"search_term_string\"}}],\"inLanguage\":\"es\"}]}<\/script>\n<!-- \/ Yoast SEO plugin. -->","yoast_head_json":{"title":"SC-Btwice - Welcome to Syncro Group Website","description":"Seconday bubble cage for blown film line usually installed before the collapsing frame to guarantee the bubble to be guided into them.","robots":{"index":"index","follow":"follow","max-snippet":"max-snippet:-1","max-image-preview":"max-image-preview:large","max-video-preview":"max-video-preview:-1"},"canonical":"https:\/\/syncro-group.com\/syncro\/es\/producto\/secondary-bubble-cage\/","og_locale":"es_ES","og_type":"article","og_title":"SC-Btwice - Welcome to Syncro Group Website","og_description":"Seconday bubble cage for blown film line usually installed before the collapsing frame to guarantee the bubble to be guided into them.","og_url":"https:\/\/syncro-group.com\/syncro\/es\/producto\/secondary-bubble-cage\/","og_site_name":"Welcome to Syncro Group Website","article_modified_time":"2021-04-19T09:28:03+00:00","og_image":[{"width":1920,"height":1920,"url":"http:\/\/syncro-group.com\/syncro\/wp-content\/uploads\/2020\/02\/01-Secondary-cage-01-Copia.jpg","type":"image\/jpeg"}],"twitter_card":"summary_large_image","schema":{"@context":"https:\/\/schema.org","@graph":[{"@type":"WebPage","@id":"https:\/\/syncro-group.com\/syncro\/es\/producto\/secondary-bubble-cage\/","url":"https:\/\/syncro-group.com\/syncro\/es\/producto\/secondary-bubble-cage\/","name":"SC-Btwice - Welcome to Syncro Group Website","isPartOf":{"@id":"https:\/\/syncro-group.com\/syncro\/es\/#website"},"primaryImageOfPage":{"@id":"https:\/\/syncro-group.com\/syncro\/es\/producto\/secondary-bubble-cage\/#primaryimage"},"image":{"@id":"https:\/\/syncro-group.com\/syncro\/es\/producto\/secondary-bubble-cage\/#primaryimage"},"thumbnailUrl":"https:\/\/syncro-group.com\/syncro\/wp-content\/uploads\/2024\/10\/Sctwice-GT_rendering-2-scaled.png","datePublished":"2020-02-12T17:04:08+00:00","dateModified":"2021-04-19T09:28:03+00:00","description":"Seconday bubble cage for blown film line usually installed before the collapsing frame to guarantee the bubble to be guided into them.","breadcrumb":{"@id":"https:\/\/syncro-group.com\/syncro\/es\/producto\/secondary-bubble-cage\/#breadcrumb"},"inLanguage":"es","potentialAction":[{"@type":"ReadAction","target":["https:\/\/syncro-group.com\/syncro\/es\/producto\/secondary-bubble-cage\/"]}]},{"@type":"ImageObject","inLanguage":"es","@id":"https:\/\/syncro-group.com\/syncro\/es\/producto\/secondary-bubble-cage\/#primaryimage","url":"https:\/\/syncro-group.com\/syncro\/wp-content\/uploads\/2024\/10\/Sctwice-GT_rendering-2-scaled.png","contentUrl":"https:\/\/syncro-group.com\/syncro\/wp-content\/uploads\/2024\/10\/Sctwice-GT_rendering-2-scaled.png","width":2560,"height":1440},{"@type":"BreadcrumbList","@id":"https:\/\/syncro-group.com\/syncro\/es\/producto\/secondary-bubble-cage\/#breadcrumb","itemListElement":[{"@type":"ListItem","position":1,"name":"Home","item":"https:\/\/syncro-group.com\/syncro\/es\/"},{"@type":"ListItem","position":2,"name":"Products","item":"https:\/\/syncro-group.com\/syncro\/es\/products\/"},{"@type":"ListItem","position":3,"name":"SC-Btwice"}]},{"@type":"WebSite","@id":"https:\/\/syncro-group.com\/syncro\/es\/#website","url":"https:\/\/syncro-group.com\/syncro\/es\/","name":"Welcome to Syncro Group Website","description":"","potentialAction":[{"@type":"SearchAction","target":{"@type":"EntryPoint","urlTemplate":"https:\/\/syncro-group.com\/syncro\/es\/?s={search_term_string}"},"query-input":{"@type":"PropertyValueSpecification","valueRequired":true,"valueName":"search_term_string"}}],"inLanguage":"es"}]}},"_links":{"self":[{"href":"https:\/\/syncro-group.com\/syncro\/es\/wp-json\/wp\/v2\/product\/6071","targetHints":{"allow":["GET"]}}],"collection":[{"href":"https:\/\/syncro-group.com\/syncro\/es\/wp-json\/wp\/v2\/product"}],"about":[{"href":"https:\/\/syncro-group.com\/syncro\/es\/wp-json\/wp\/v2\/types\/product"}],"wp:featuredmedia":[{"embeddable":true,"href":"https:\/\/syncro-group.com\/syncro\/es\/wp-json\/wp\/v2\/media\/13375"}],"wp:attachment":[{"href":"https:\/\/syncro-group.com\/syncro\/es\/wp-json\/wp\/v2\/media?parent=6071"}],"wp:term":[{"taxonomy":"product_brand","embeddable":true,"href":"https:\/\/syncro-group.com\/syncro\/es\/wp-json\/wp\/v2\/product_brand?post=6071"},{"taxonomy":"product_cat","embeddable":true,"href":"https:\/\/syncro-group.com\/syncro\/es\/wp-json\/wp\/v2\/product_cat?post=6071"},{"taxonomy":"product_tag","embeddable":true,"href":"https:\/\/syncro-group.com\/syncro\/es\/wp-json\/wp\/v2\/product_tag?post=6071"}],"curies":[{"name":"wp","href":"https:\/\/api.w.org\/{rel}","templated":true}]}}