{"id":6086,"date":"2020-02-12T18:03:30","date_gmt":"2020-02-12T17:03:30","guid":{"rendered":"https:\/\/syncro-group.com\/syncro\/product\/bubble-cage-mk-bwide\/"},"modified":"2021-04-19T11:25:20","modified_gmt":"2021-04-19T09:25:20","slug":"bubble-cage-mk-bwide","status":"publish","type":"product","link":"https:\/\/syncro-group.com\/syncro\/es\/producto\/bubble-cage-mk-bwide\/","title":{"rendered":"MK-Bwide"},"content":{"rendered":"<ul class=\"advantages\"><li>F\u00c1CIL INSTALACI\u00d3N - MK-BWide puede instalarse f\u00e1cilmente en las l\u00edneas de film soplado existentes, sustituyendo las antiguas cestas de calibraci\u00f3n.<\/li><li>MOVIMIENTO PATENTADO - MK-BWide tiene un movimiento patentado de apertura y cierre que mantiene los rodillos radiales al centro de la burbuja manteniendo el mismo punto de contacto.<\/li><li>GU\u00cdAS INTERCAMBIABLES - Los rodillos se instalan sobre gu\u00edas intercambiables permitiendo la posibilidad de instalar rodillos adicionales en el futuro.<\/li><li>SISTEMA DE ELEVACI\u00d3N - El MK-BWide tiene un sistema de elevaci\u00f3n de 4 tornillos con una carrera disponible de 1000 mm a 2500 mm.<\/li><li>RODILLOS - MK-BWide est\u00e1 disponible con diferentes tipos de rodillos como, espuma de silicona, fibra de carbono, manguito de lana, antiadherente y recubrimientos aprobados por la FDA.<\/li><li>NIVELES - MK-BWide tiene la posibilidad de instalar entre 5 y 8 rodillos por cada brazo, dependiendo de las necesidades del cliente. Adem\u00e1s, los rodillos tambi\u00e9n est\u00e1n disponibles con forma de \"V\" para duplicar el n\u00famero de puntos de centrado.<\/li><li>INTEGRACI\u00d3N DE IBC - La MK-BWide est\u00e1 predise\u00f1ada para la integraci\u00f3n de un sensor SYIBC. Cuando se suministra junto con SYIBC, la cesta de calibraci\u00f3n est\u00e1 equipada con un soporte para el sensor ultras\u00f3nico y el cableado para la instalaci\u00f3n plug and play.<\/li><\/ul>\n","protected":false},"excerpt":{"rendered":"<p class=\"p1\"><strong>MK-BWIDE<\/strong> es la gama patentada de SYNCRO de cestas de <strong>calibraci\u00f3n<\/strong>, dise\u00f1ada para funcionar con precisi\u00f3n y estabilidad constantes. La serie de jaulas MK-BSmart va <strong>de 3150 mm a 12500 mm<\/strong> en plano y ofrece un dise\u00f1o innovador con una construcci\u00f3n r\u00edgida y un control preciso de la posici\u00f3n de la jaula en todo el rango operativo.<\/p>\n<p class=\"p1\">La cesta de calibraci\u00f3n es una de las partes m\u00e1s importantes del proceso que influye tanto en la calidad del film como en la tolerancia del perfil,<strong> MK-BWide<\/strong> mantiene la burbuja <strong>centrada y calibrada<\/strong> despu\u00e9s del anillo de aire en el proceso del film soplado.<\/p>\n","protected":false},"featured_media":11270,"template":"","meta":{"_acf_changed":false},"product_brand":[],"product_cat":[625],"product_tag":[629],"class_list":{"0":"post-6086","1":"product","2":"type-product","3":"status-publish","4":"has-post-thumbnail","6":"product_cat-bubble-cages","7":"product_tag-blow-moulding-es","9":"first","10":"instock","11":"shipping-taxable","12":"product-type-simple"},"acf":[],"yoast_head":"<!-- This site is optimized with the Yoast SEO plugin v26.0 - https:\/\/yoast.com\/wordpress\/plugins\/seo\/ -->\n<title>MK-Bwide - Welcome to Syncro Group Website<\/title>\n<meta name=\"description\" content=\"MK-BWIDE is the Syncro&#039;s range of Bubble cages designed for the calibration of the bubble on Blown Film Lines with lay flat range between 3500 to 12.500 mm.\" \/>\n<meta name=\"robots\" content=\"index, follow, max-snippet:-1, max-image-preview:large, max-video-preview:-1\" \/>\n<link rel=\"canonical\" href=\"https:\/\/syncro-group.com\/syncro\/es\/producto\/bubble-cage-mk-bwide\/\" \/>\n<meta property=\"og:locale\" content=\"es_ES\" \/>\n<meta property=\"og:type\" content=\"article\" \/>\n<meta property=\"og:title\" content=\"MK-Bwide - Welcome to Syncro Group Website\" \/>\n<meta property=\"og:description\" content=\"MK-BWIDE is the Syncro&#039;s range of Bubble cages designed for the calibration of the bubble on Blown Film Lines with lay flat range between 3500 to 12.500 mm.\" \/>\n<meta property=\"og:url\" content=\"https:\/\/syncro-group.com\/syncro\/es\/producto\/bubble-cage-mk-bwide\/\" \/>\n<meta property=\"og:site_name\" content=\"Welcome to Syncro Group Website\" \/>\n<meta property=\"article:modified_time\" content=\"2021-04-19T09:25:20+00:00\" \/>\n<meta property=\"og:image\" content=\"https:\/\/syncro-group.com\/syncro\/wp-content\/uploads\/2020\/02\/MKWYDE-render@4x-8.png\" \/>\n\t<meta property=\"og:image:width\" content=\"909\" \/>\n\t<meta property=\"og:image:height\" content=\"813\" \/>\n\t<meta property=\"og:image:type\" content=\"image\/png\" \/>\n<meta name=\"twitter:card\" content=\"summary_large_image\" \/>\n<script type=\"application\/ld+json\" class=\"yoast-schema-graph\">{\"@context\":\"https:\/\/schema.org\",\"@graph\":[{\"@type\":\"WebPage\",\"@id\":\"https:\/\/syncro-group.com\/syncro\/es\/producto\/bubble-cage-mk-bwide\/\",\"url\":\"https:\/\/syncro-group.com\/syncro\/es\/producto\/bubble-cage-mk-bwide\/\",\"name\":\"MK-Bwide - Welcome to Syncro Group Website\",\"isPartOf\":{\"@id\":\"https:\/\/syncro-group.com\/syncro\/es\/#website\"},\"primaryImageOfPage\":{\"@id\":\"https:\/\/syncro-group.com\/syncro\/es\/producto\/bubble-cage-mk-bwide\/#primaryimage\"},\"image\":{\"@id\":\"https:\/\/syncro-group.com\/syncro\/es\/producto\/bubble-cage-mk-bwide\/#primaryimage\"},\"thumbnailUrl\":\"https:\/\/syncro-group.com\/syncro\/wp-content\/uploads\/2020\/02\/MKWYDE-render@4x-8.png\",\"datePublished\":\"2020-02-12T17:03:30+00:00\",\"dateModified\":\"2021-04-19T09:25:20+00:00\",\"description\":\"MK-BWIDE is the Syncro's range of Bubble cages designed for the calibration of the bubble on Blown Film Lines with lay flat range between 3500 to 12.500 mm.\",\"breadcrumb\":{\"@id\":\"https:\/\/syncro-group.com\/syncro\/es\/producto\/bubble-cage-mk-bwide\/#breadcrumb\"},\"inLanguage\":\"es\",\"potentialAction\":[{\"@type\":\"ReadAction\",\"target\":[\"https:\/\/syncro-group.com\/syncro\/es\/producto\/bubble-cage-mk-bwide\/\"]}]},{\"@type\":\"ImageObject\",\"inLanguage\":\"es\",\"@id\":\"https:\/\/syncro-group.com\/syncro\/es\/producto\/bubble-cage-mk-bwide\/#primaryimage\",\"url\":\"https:\/\/syncro-group.com\/syncro\/wp-content\/uploads\/2020\/02\/MKWYDE-render@4x-8.png\",\"contentUrl\":\"https:\/\/syncro-group.com\/syncro\/wp-content\/uploads\/2020\/02\/MKWYDE-render@4x-8.png\",\"width\":909,\"height\":813,\"caption\":\"MKWYDE Bubble Cage for Blown Film Lines\"},{\"@type\":\"BreadcrumbList\",\"@id\":\"https:\/\/syncro-group.com\/syncro\/es\/producto\/bubble-cage-mk-bwide\/#breadcrumb\",\"itemListElement\":[{\"@type\":\"ListItem\",\"position\":1,\"name\":\"Home\",\"item\":\"https:\/\/syncro-group.com\/syncro\/es\/\"},{\"@type\":\"ListItem\",\"position\":2,\"name\":\"Products\",\"item\":\"https:\/\/syncro-group.com\/syncro\/es\/products\/\"},{\"@type\":\"ListItem\",\"position\":3,\"name\":\"MK-Bwide\"}]},{\"@type\":\"WebSite\",\"@id\":\"https:\/\/syncro-group.com\/syncro\/es\/#website\",\"url\":\"https:\/\/syncro-group.com\/syncro\/es\/\",\"name\":\"Welcome to Syncro Group Website\",\"description\":\"\",\"potentialAction\":[{\"@type\":\"SearchAction\",\"target\":{\"@type\":\"EntryPoint\",\"urlTemplate\":\"https:\/\/syncro-group.com\/syncro\/es\/?s={search_term_string}\"},\"query-input\":{\"@type\":\"PropertyValueSpecification\",\"valueRequired\":true,\"valueName\":\"search_term_string\"}}],\"inLanguage\":\"es\"}]}<\/script>\n<!-- \/ Yoast SEO plugin. -->","yoast_head_json":{"title":"MK-Bwide - Welcome to Syncro Group Website","description":"MK-BWIDE is the Syncro's range of Bubble cages designed for the calibration of the bubble on Blown Film Lines with lay flat range between 3500 to 12.500 mm.","robots":{"index":"index","follow":"follow","max-snippet":"max-snippet:-1","max-image-preview":"max-image-preview:large","max-video-preview":"max-video-preview:-1"},"canonical":"https:\/\/syncro-group.com\/syncro\/es\/producto\/bubble-cage-mk-bwide\/","og_locale":"es_ES","og_type":"article","og_title":"MK-Bwide - Welcome to Syncro Group Website","og_description":"MK-BWIDE is the Syncro's range of Bubble cages designed for the calibration of the bubble on Blown Film Lines with lay flat range between 3500 to 12.500 mm.","og_url":"https:\/\/syncro-group.com\/syncro\/es\/producto\/bubble-cage-mk-bwide\/","og_site_name":"Welcome to Syncro Group Website","article_modified_time":"2021-04-19T09:25:20+00:00","og_image":[{"width":909,"height":813,"url":"https:\/\/syncro-group.com\/syncro\/wp-content\/uploads\/2020\/02\/MKWYDE-render@4x-8.png","type":"image\/png"}],"twitter_card":"summary_large_image","schema":{"@context":"https:\/\/schema.org","@graph":[{"@type":"WebPage","@id":"https:\/\/syncro-group.com\/syncro\/es\/producto\/bubble-cage-mk-bwide\/","url":"https:\/\/syncro-group.com\/syncro\/es\/producto\/bubble-cage-mk-bwide\/","name":"MK-Bwide - Welcome to Syncro Group Website","isPartOf":{"@id":"https:\/\/syncro-group.com\/syncro\/es\/#website"},"primaryImageOfPage":{"@id":"https:\/\/syncro-group.com\/syncro\/es\/producto\/bubble-cage-mk-bwide\/#primaryimage"},"image":{"@id":"https:\/\/syncro-group.com\/syncro\/es\/producto\/bubble-cage-mk-bwide\/#primaryimage"},"thumbnailUrl":"https:\/\/syncro-group.com\/syncro\/wp-content\/uploads\/2020\/02\/MKWYDE-render@4x-8.png","datePublished":"2020-02-12T17:03:30+00:00","dateModified":"2021-04-19T09:25:20+00:00","description":"MK-BWIDE is the Syncro's range of Bubble cages designed for the calibration of the bubble on Blown Film Lines with lay flat range between 3500 to 12.500 mm.","breadcrumb":{"@id":"https:\/\/syncro-group.com\/syncro\/es\/producto\/bubble-cage-mk-bwide\/#breadcrumb"},"inLanguage":"es","potentialAction":[{"@type":"ReadAction","target":["https:\/\/syncro-group.com\/syncro\/es\/producto\/bubble-cage-mk-bwide\/"]}]},{"@type":"ImageObject","inLanguage":"es","@id":"https:\/\/syncro-group.com\/syncro\/es\/producto\/bubble-cage-mk-bwide\/#primaryimage","url":"https:\/\/syncro-group.com\/syncro\/wp-content\/uploads\/2020\/02\/MKWYDE-render@4x-8.png","contentUrl":"https:\/\/syncro-group.com\/syncro\/wp-content\/uploads\/2020\/02\/MKWYDE-render@4x-8.png","width":909,"height":813,"caption":"MKWYDE Bubble Cage for Blown Film Lines"},{"@type":"BreadcrumbList","@id":"https:\/\/syncro-group.com\/syncro\/es\/producto\/bubble-cage-mk-bwide\/#breadcrumb","itemListElement":[{"@type":"ListItem","position":1,"name":"Home","item":"https:\/\/syncro-group.com\/syncro\/es\/"},{"@type":"ListItem","position":2,"name":"Products","item":"https:\/\/syncro-group.com\/syncro\/es\/products\/"},{"@type":"ListItem","position":3,"name":"MK-Bwide"}]},{"@type":"WebSite","@id":"https:\/\/syncro-group.com\/syncro\/es\/#website","url":"https:\/\/syncro-group.com\/syncro\/es\/","name":"Welcome to Syncro Group Website","description":"","potentialAction":[{"@type":"SearchAction","target":{"@type":"EntryPoint","urlTemplate":"https:\/\/syncro-group.com\/syncro\/es\/?s={search_term_string}"},"query-input":{"@type":"PropertyValueSpecification","valueRequired":true,"valueName":"search_term_string"}}],"inLanguage":"es"}]}},"_links":{"self":[{"href":"https:\/\/syncro-group.com\/syncro\/es\/wp-json\/wp\/v2\/product\/6086","targetHints":{"allow":["GET"]}}],"collection":[{"href":"https:\/\/syncro-group.com\/syncro\/es\/wp-json\/wp\/v2\/product"}],"about":[{"href":"https:\/\/syncro-group.com\/syncro\/es\/wp-json\/wp\/v2\/types\/product"}],"wp:featuredmedia":[{"embeddable":true,"href":"https:\/\/syncro-group.com\/syncro\/es\/wp-json\/wp\/v2\/media\/11270"}],"wp:attachment":[{"href":"https:\/\/syncro-group.com\/syncro\/es\/wp-json\/wp\/v2\/media?parent=6086"}],"wp:term":[{"taxonomy":"product_brand","embeddable":true,"href":"https:\/\/syncro-group.com\/syncro\/es\/wp-json\/wp\/v2\/product_brand?post=6086"},{"taxonomy":"product_cat","embeddable":true,"href":"https:\/\/syncro-group.com\/syncro\/es\/wp-json\/wp\/v2\/product_cat?post=6086"},{"taxonomy":"product_tag","embeddable":true,"href":"https:\/\/syncro-group.com\/syncro\/es\/wp-json\/wp\/v2\/product_tag?post=6086"}],"curies":[{"name":"wp","href":"https:\/\/api.w.org\/{rel}","templated":true}]}}