{"id":6135,"date":"2020-02-12T18:01:09","date_gmt":"2020-02-12T17:01:09","guid":{"rendered":"https:\/\/syncro-group.com\/syncro\/product\/supervisory-system\/"},"modified":"2021-04-19T09:47:47","modified_gmt":"2021-04-19T07:47:47","slug":"supervisory-system","status":"publish","type":"product","link":"https:\/\/syncro-group.com\/syncro\/es\/producto\/supervisory-system\/","title":{"rendered":"Syntrolplus"},"content":{"rendered":"<ul class=\"advantages\"><li>INDUSTRIA 4.0 Y IOT - Syntrol, como todas las m\u00e1quinas SYNCRO, integra OPC-UA que permite intercambiar informaci\u00f3n de forma f\u00e1cil y segura entre diversas plataformas de m\u00faltiples proveedores a coste cero. Gracias a la tecnolog\u00eda OPC, Syntrol ahorra costes de ingenier\u00eda al intercambiar datos de proceso entre m\u00e1quinas controladas por Syntrol y otras m\u00e1quinas de proceso, adem\u00e1s de permitir una f\u00e1cil comunicaci\u00f3n entre un software de gesti\u00f3n de clientes como MRP, ERP o CRM.<\/li><li>TAMA\u00d1O DE HMI - Amplia gama de HMI con pantalla multit\u00e1ctil disponible: 7\u201d - 15\u201d - 21\u201d.<\/li><li>CABINET o PANEL BOX - Disponible para ser instalado en un armario o en una caja de panel.<\/li><li>PANEL-OEM - Disponible tambi\u00e9n en versi\u00f3n PANEL para ser instalado en el armario de control del OEM para una perfecta integraci\u00f3n.<\/li><li>SYNTROL A - El Syntrol est\u00e1 dise\u00f1ado para controlar todas las m\u00e1quinas SYNCRO, desde el transporte hasta la mezcla, el calibrado, el APC y el control del IBC.<\/li><li>CONTROL DE L\u00cdNEA COMPLETA con la versi\u00f3n PLUS - SYNTROL PLUS est\u00e1 dise\u00f1ado para controlar la l\u00ednea de extrusi\u00f3n completa, incluyendo - control de la temperatura de todas las zonas de calor\/fr\u00edo y de s\u00f3lo calor; - control de la velocidad de todos los accionamientos de las extrusoras; - control de la boquilla oscilante izquierda\/derecha; - control de la boquilla oscilante abierta\/cerrada; - control de la velocidad del accionamiento de arrastre; - control de la gu\u00eda de bordes, control de equipos auxiliares.<\/li><\/ul>\n","protected":false},"excerpt":{"rendered":"<p><strong>SYNTROLplus 4.0<\/strong> es el sistema de supervisi\u00f3n llave en mano de <strong>SYNCRO<\/strong>, dise\u00f1ado para las nuevas l\u00edneas de <strong>extrusi\u00f3n<\/strong>, pero que tambi\u00e9n puede instalarse a posteriori en una l\u00ednea de extrusi\u00f3n existente, sustituyendo el antiguo sistema de control.<br \/>\nNunca es tarde para dar una nueva vida a su l\u00ednea de extrusi\u00f3n.<\/p>\n<p>Basado en la tecnolog\u00eda industrial de <strong>PLC de B&amp;R, Syntrol 4.0<\/strong> es una soluci\u00f3n de \u00faltima generaci\u00f3n para gestionar completamente la l\u00ednea de extrusi\u00f3n con una interfaz de operador amigable con <strong>HTML<\/strong> que tambi\u00e9n permite un f\u00e1cil acceso desde tel\u00e9fonos inteligentes y tabletas garantizando que el cliente pueda mantener continuamente su negocio bajo control.<\/p>\n","protected":false},"featured_media":13189,"template":"","meta":{"_acf_changed":false},"product_brand":[],"product_cat":[630],"product_tag":[564,637,565,563,636,635,555],"class_list":{"0":"post-6135","1":"product","2":"type-product","3":"status-publish","4":"has-post-thumbnail","6":"product_cat-supervisory-system-es","7":"product_tag-blown-film-es","8":"product_tag-control-system-extrusion-lines-es","9":"product_tag-opc-ua-es","10":"product_tag-reel-es","11":"product_tag-retrofit-for-extrusion-line-es","12":"product_tag-supervisory-system-for-extrusion-lines-es","13":"product_tag-syncro-es","15":"first","16":"instock","17":"shipping-taxable","18":"product-type-simple"},"acf":[],"yoast_head":"<!-- This site is optimized with the Yoast SEO plugin v26.0 - https:\/\/yoast.com\/wordpress\/plugins\/seo\/ -->\n<title>Syntrolplus - Welcome to Syncro Group Website<\/title>\n<meta name=\"description\" content=\"SYNTROLplus is a supervisory system designed for new extrusion lines but also able to be retrofitted on to an existing blown or cast film line replacing the old line control system.\" \/>\n<meta name=\"robots\" content=\"index, follow, max-snippet:-1, max-image-preview:large, max-video-preview:-1\" \/>\n<link rel=\"canonical\" href=\"https:\/\/syncro-group.com\/syncro\/es\/producto\/supervisory-system\/\" \/>\n<meta property=\"og:locale\" content=\"es_ES\" \/>\n<meta property=\"og:type\" content=\"article\" \/>\n<meta property=\"og:title\" content=\"Syntrolplus - Welcome to Syncro Group Website\" \/>\n<meta property=\"og:description\" content=\"SYNTROLplus is a supervisory system designed for new extrusion lines but also able to be retrofitted on to an existing blown or cast film line replacing the old line control system.\" \/>\n<meta property=\"og:url\" content=\"https:\/\/syncro-group.com\/syncro\/es\/producto\/supervisory-system\/\" \/>\n<meta property=\"og:site_name\" content=\"Welcome to Syncro Group Website\" \/>\n<meta property=\"article:modified_time\" content=\"2021-04-19T07:47:47+00:00\" \/>\n<meta property=\"og:image\" content=\"http:\/\/syncro-group.com\/syncro\/wp-content\/uploads\/2020\/02\/syntrol-inf-OK-scaled.png\" \/>\n\t<meta property=\"og:image:width\" content=\"2560\" \/>\n\t<meta property=\"og:image:height\" content=\"1978\" \/>\n\t<meta property=\"og:image:type\" content=\"image\/png\" \/>\n<meta name=\"twitter:card\" content=\"summary_large_image\" \/>\n<script type=\"application\/ld+json\" class=\"yoast-schema-graph\">{\"@context\":\"https:\/\/schema.org\",\"@graph\":[{\"@type\":\"WebPage\",\"@id\":\"https:\/\/syncro-group.com\/syncro\/es\/producto\/supervisory-system\/\",\"url\":\"https:\/\/syncro-group.com\/syncro\/es\/producto\/supervisory-system\/\",\"name\":\"Syntrolplus - Welcome to Syncro Group Website\",\"isPartOf\":{\"@id\":\"https:\/\/syncro-group.com\/syncro\/es\/#website\"},\"primaryImageOfPage\":{\"@id\":\"https:\/\/syncro-group.com\/syncro\/es\/producto\/supervisory-system\/#primaryimage\"},\"image\":{\"@id\":\"https:\/\/syncro-group.com\/syncro\/es\/producto\/supervisory-system\/#primaryimage\"},\"thumbnailUrl\":\"https:\/\/syncro-group.com\/syncro\/wp-content\/uploads\/2020\/02\/syntrol-inf-OK-scaled.png\",\"datePublished\":\"2020-02-12T17:01:09+00:00\",\"dateModified\":\"2021-04-19T07:47:47+00:00\",\"description\":\"SYNTROLplus is a supervisory system designed for new extrusion lines but also able to be retrofitted on to an existing blown or cast film line replacing the old line control system.\",\"breadcrumb\":{\"@id\":\"https:\/\/syncro-group.com\/syncro\/es\/producto\/supervisory-system\/#breadcrumb\"},\"inLanguage\":\"es\",\"potentialAction\":[{\"@type\":\"ReadAction\",\"target\":[\"https:\/\/syncro-group.com\/syncro\/es\/producto\/supervisory-system\/\"]}]},{\"@type\":\"ImageObject\",\"inLanguage\":\"es\",\"@id\":\"https:\/\/syncro-group.com\/syncro\/es\/producto\/supervisory-system\/#primaryimage\",\"url\":\"https:\/\/syncro-group.com\/syncro\/wp-content\/uploads\/2020\/02\/syntrol-inf-OK-scaled.png\",\"contentUrl\":\"https:\/\/syncro-group.com\/syncro\/wp-content\/uploads\/2020\/02\/syntrol-inf-OK-scaled.png\",\"width\":2560,\"height\":1978},{\"@type\":\"BreadcrumbList\",\"@id\":\"https:\/\/syncro-group.com\/syncro\/es\/producto\/supervisory-system\/#breadcrumb\",\"itemListElement\":[{\"@type\":\"ListItem\",\"position\":1,\"name\":\"Home\",\"item\":\"https:\/\/syncro-group.com\/syncro\/es\/\"},{\"@type\":\"ListItem\",\"position\":2,\"name\":\"Products\",\"item\":\"https:\/\/syncro-group.com\/syncro\/es\/products\/\"},{\"@type\":\"ListItem\",\"position\":3,\"name\":\"Syntrolplus\"}]},{\"@type\":\"WebSite\",\"@id\":\"https:\/\/syncro-group.com\/syncro\/es\/#website\",\"url\":\"https:\/\/syncro-group.com\/syncro\/es\/\",\"name\":\"Welcome to Syncro Group Website\",\"description\":\"\",\"potentialAction\":[{\"@type\":\"SearchAction\",\"target\":{\"@type\":\"EntryPoint\",\"urlTemplate\":\"https:\/\/syncro-group.com\/syncro\/es\/?s={search_term_string}\"},\"query-input\":{\"@type\":\"PropertyValueSpecification\",\"valueRequired\":true,\"valueName\":\"search_term_string\"}}],\"inLanguage\":\"es\"}]}<\/script>\n<!-- \/ Yoast SEO plugin. -->","yoast_head_json":{"title":"Syntrolplus - Welcome to Syncro Group Website","description":"SYNTROLplus is a supervisory system designed for new extrusion lines but also able to be retrofitted on to an existing blown or cast film line replacing the old line control system.","robots":{"index":"index","follow":"follow","max-snippet":"max-snippet:-1","max-image-preview":"max-image-preview:large","max-video-preview":"max-video-preview:-1"},"canonical":"https:\/\/syncro-group.com\/syncro\/es\/producto\/supervisory-system\/","og_locale":"es_ES","og_type":"article","og_title":"Syntrolplus - Welcome to Syncro Group Website","og_description":"SYNTROLplus is a supervisory system designed for new extrusion lines but also able to be retrofitted on to an existing blown or cast film line replacing the old line control system.","og_url":"https:\/\/syncro-group.com\/syncro\/es\/producto\/supervisory-system\/","og_site_name":"Welcome to Syncro Group Website","article_modified_time":"2021-04-19T07:47:47+00:00","og_image":[{"width":2560,"height":1978,"url":"http:\/\/syncro-group.com\/syncro\/wp-content\/uploads\/2020\/02\/syntrol-inf-OK-scaled.png","type":"image\/png"}],"twitter_card":"summary_large_image","schema":{"@context":"https:\/\/schema.org","@graph":[{"@type":"WebPage","@id":"https:\/\/syncro-group.com\/syncro\/es\/producto\/supervisory-system\/","url":"https:\/\/syncro-group.com\/syncro\/es\/producto\/supervisory-system\/","name":"Syntrolplus - Welcome to Syncro Group Website","isPartOf":{"@id":"https:\/\/syncro-group.com\/syncro\/es\/#website"},"primaryImageOfPage":{"@id":"https:\/\/syncro-group.com\/syncro\/es\/producto\/supervisory-system\/#primaryimage"},"image":{"@id":"https:\/\/syncro-group.com\/syncro\/es\/producto\/supervisory-system\/#primaryimage"},"thumbnailUrl":"https:\/\/syncro-group.com\/syncro\/wp-content\/uploads\/2020\/02\/syntrol-inf-OK-scaled.png","datePublished":"2020-02-12T17:01:09+00:00","dateModified":"2021-04-19T07:47:47+00:00","description":"SYNTROLplus is a supervisory system designed for new extrusion lines but also able to be retrofitted on to an existing blown or cast film line replacing the old line control system.","breadcrumb":{"@id":"https:\/\/syncro-group.com\/syncro\/es\/producto\/supervisory-system\/#breadcrumb"},"inLanguage":"es","potentialAction":[{"@type":"ReadAction","target":["https:\/\/syncro-group.com\/syncro\/es\/producto\/supervisory-system\/"]}]},{"@type":"ImageObject","inLanguage":"es","@id":"https:\/\/syncro-group.com\/syncro\/es\/producto\/supervisory-system\/#primaryimage","url":"https:\/\/syncro-group.com\/syncro\/wp-content\/uploads\/2020\/02\/syntrol-inf-OK-scaled.png","contentUrl":"https:\/\/syncro-group.com\/syncro\/wp-content\/uploads\/2020\/02\/syntrol-inf-OK-scaled.png","width":2560,"height":1978},{"@type":"BreadcrumbList","@id":"https:\/\/syncro-group.com\/syncro\/es\/producto\/supervisory-system\/#breadcrumb","itemListElement":[{"@type":"ListItem","position":1,"name":"Home","item":"https:\/\/syncro-group.com\/syncro\/es\/"},{"@type":"ListItem","position":2,"name":"Products","item":"https:\/\/syncro-group.com\/syncro\/es\/products\/"},{"@type":"ListItem","position":3,"name":"Syntrolplus"}]},{"@type":"WebSite","@id":"https:\/\/syncro-group.com\/syncro\/es\/#website","url":"https:\/\/syncro-group.com\/syncro\/es\/","name":"Welcome to Syncro Group Website","description":"","potentialAction":[{"@type":"SearchAction","target":{"@type":"EntryPoint","urlTemplate":"https:\/\/syncro-group.com\/syncro\/es\/?s={search_term_string}"},"query-input":{"@type":"PropertyValueSpecification","valueRequired":true,"valueName":"search_term_string"}}],"inLanguage":"es"}]}},"_links":{"self":[{"href":"https:\/\/syncro-group.com\/syncro\/es\/wp-json\/wp\/v2\/product\/6135","targetHints":{"allow":["GET"]}}],"collection":[{"href":"https:\/\/syncro-group.com\/syncro\/es\/wp-json\/wp\/v2\/product"}],"about":[{"href":"https:\/\/syncro-group.com\/syncro\/es\/wp-json\/wp\/v2\/types\/product"}],"wp:featuredmedia":[{"embeddable":true,"href":"https:\/\/syncro-group.com\/syncro\/es\/wp-json\/wp\/v2\/media\/13189"}],"wp:attachment":[{"href":"https:\/\/syncro-group.com\/syncro\/es\/wp-json\/wp\/v2\/media?parent=6135"}],"wp:term":[{"taxonomy":"product_brand","embeddable":true,"href":"https:\/\/syncro-group.com\/syncro\/es\/wp-json\/wp\/v2\/product_brand?post=6135"},{"taxonomy":"product_cat","embeddable":true,"href":"https:\/\/syncro-group.com\/syncro\/es\/wp-json\/wp\/v2\/product_cat?post=6135"},{"taxonomy":"product_tag","embeddable":true,"href":"https:\/\/syncro-group.com\/syncro\/es\/wp-json\/wp\/v2\/product_tag?post=6135"}],"curies":[{"name":"wp","href":"https:\/\/api.w.org\/{rel}","templated":true}]}}