{"id":6172,"date":"2020-02-12T18:00:19","date_gmt":"2020-02-12T17:00:19","guid":{"rendered":"https:\/\/syncro-group.com\/syncro\/product\/annealing-system\/"},"modified":"2021-04-19T12:54:16","modified_gmt":"2021-04-19T10:54:16","slug":"annealing-system","status":"publish","type":"product","link":"https:\/\/syncro-group.com\/syncro\/es\/producto\/annealing-system\/","title":{"rendered":"Yronflat"},"content":{"rendered":"<ul class=\"advantages\"><li>ENHEBRADO SEMIAUTOM\u00c1TICO DE LA BANDA - Yronflat tiene un sistema semiautom\u00e1tico de enhebrado de la banda a trav\u00e9s de una cadena para ayudar al operador a poner en marcha la l\u00ednea.<\/li><li>4 RODILLOS MOTORIZADOS TERMO-REGULADOS - Yronflat tiene 4 rodillos con temperatura controlada para la m\u00e1xima flexibilidad en el precalentamiento - mantenimiento y enfriamiento.<\/li><li>ENTRADA Y SALIDA VERTICAL O HORIZONTAL DEL FILM - El film puede entrar en la YRONFLAT por arriba o por el lado.<\/li><li>ESPACIO DE ESTIRAMIENTO AJUSTABLE POR SOFTWARE - Yronflat tiene un espacio de estiramiento ajustable por software y almacenado en una receta.<\/li><li>INFLUENCIA EN EL PERFIL - No hay influencia negativa en el perfil de espesor debido al m\u00ednimo estiramiento.<\/li><li>BYPASS - Yronflat puede obviarse para aquellas producciones en las que el estiramiento no es necesario.<\/li><li>INDUSTRIA 4.0 Y IOT - El control de Yronflat est\u00e1 equipado con un PLC y un PC preparado con el protocolo OPC-UA para la industria 4.0.<\/li><li>F\u00c1CIL INSTALACI\u00d3N - Yronflat se puede instalar f\u00e1cilmente despu\u00e9s de la unidad de arrastre en las l\u00edneas existentes sin ninguna intervenci\u00f3n invasiva.<\/li><\/ul>\n","protected":false},"excerpt":{"rendered":"<p><strong>YRONFLAT<\/strong> es una unidad autom\u00e1tica de aplanado que calienta y estira el film soplado, recoci\u00e9ndolo para mejorar la planicidad, el ensacado, la curvatura y el rizado causados por irregularidades en el calibre, la temperatura de la masa fundida, el enfriamiento y\/o la mezcla, el rayado de la superficie y el estiramiento en el marco de colapso, la estabilidad vertical y horizontal no \u00f3ptima de la burbuja, el contacto mec\u00e1nico con los rodillos gu\u00eda del marco de colapso. Yronflat mejora significativamente el rendimiento de los equipos posteriores en lo que respecta a la impresi\u00f3n, la calidad de la laminaci\u00f3n y la velocidad, pero no tiene ninguna influencia negativa en el perfil de espesor del film.<\/p>\n<p><strong>YRONFLAT<\/strong> calienta el film, lo estira permanentemente entre un 1 y un 3% en la direcci\u00f3n de la m\u00e1quina y luego lo somete a un enfriamiento cuidadosamente controlado, utilizando cuatro rodillos motorizados y termorregulados individualmente.<\/p>\n","protected":false},"featured_media":6185,"template":"","meta":{"_acf_changed":false},"product_brand":[],"product_cat":[638],"product_tag":[564,639,563,555],"class_list":{"0":"post-6172","1":"product","2":"type-product","3":"status-publish","4":"has-post-thumbnail","6":"product_cat-annealing-system","7":"product_tag-blown-film-es","8":"product_tag-planarity-blown-film-es","9":"product_tag-reel-es","10":"product_tag-syncro-es","12":"first","13":"instock","14":"shipping-taxable","15":"product-type-simple"},"acf":[],"yoast_head":"<!-- This site is optimized with the Yoast SEO plugin v26.0 - https:\/\/yoast.com\/wordpress\/plugins\/seo\/ -->\n<title>Yronflat - Welcome to Syncro Group Website<\/title>\n<meta name=\"description\" content=\"YRONFLAT is an automatic annealing system for blown film line which improve film quality by stretching the film in machine direction.\" \/>\n<meta name=\"robots\" content=\"index, follow, max-snippet:-1, max-image-preview:large, max-video-preview:-1\" \/>\n<link rel=\"canonical\" href=\"https:\/\/syncro-group.com\/syncro\/es\/producto\/annealing-system\/\" \/>\n<meta property=\"og:locale\" content=\"es_ES\" \/>\n<meta property=\"og:type\" content=\"article\" \/>\n<meta property=\"og:title\" content=\"Yronflat - Welcome to Syncro Group Website\" \/>\n<meta property=\"og:description\" content=\"YRONFLAT is an automatic annealing system for blown film line which improve film quality by stretching the film in machine direction.\" \/>\n<meta property=\"og:url\" content=\"https:\/\/syncro-group.com\/syncro\/es\/producto\/annealing-system\/\" \/>\n<meta property=\"og:site_name\" content=\"Welcome to Syncro Group Website\" \/>\n<meta property=\"article:modified_time\" content=\"2021-04-19T10:54:16+00:00\" \/>\n<meta property=\"og:image\" content=\"https:\/\/syncro-group.com\/syncro\/wp-content\/uploads\/2020\/02\/Yronflat-MAIN-1024-1024.jpg\" \/>\n\t<meta property=\"og:image:width\" content=\"1024\" \/>\n\t<meta property=\"og:image:height\" content=\"1024\" \/>\n\t<meta property=\"og:image:type\" content=\"image\/jpeg\" \/>\n<meta name=\"twitter:card\" content=\"summary_large_image\" \/>\n<script type=\"application\/ld+json\" class=\"yoast-schema-graph\">{\"@context\":\"https:\/\/schema.org\",\"@graph\":[{\"@type\":\"WebPage\",\"@id\":\"https:\/\/syncro-group.com\/syncro\/es\/producto\/annealing-system\/\",\"url\":\"https:\/\/syncro-group.com\/syncro\/es\/producto\/annealing-system\/\",\"name\":\"Yronflat - Welcome to Syncro Group Website\",\"isPartOf\":{\"@id\":\"https:\/\/syncro-group.com\/syncro\/es\/#website\"},\"primaryImageOfPage\":{\"@id\":\"https:\/\/syncro-group.com\/syncro\/es\/producto\/annealing-system\/#primaryimage\"},\"image\":{\"@id\":\"https:\/\/syncro-group.com\/syncro\/es\/producto\/annealing-system\/#primaryimage\"},\"thumbnailUrl\":\"https:\/\/syncro-group.com\/syncro\/wp-content\/uploads\/2020\/02\/Yronflat-MAIN-1024-1024.jpg\",\"datePublished\":\"2020-02-12T17:00:19+00:00\",\"dateModified\":\"2021-04-19T10:54:16+00:00\",\"description\":\"YRONFLAT is an automatic annealing system for blown film line which improve film quality by stretching the film in machine direction.\",\"breadcrumb\":{\"@id\":\"https:\/\/syncro-group.com\/syncro\/es\/producto\/annealing-system\/#breadcrumb\"},\"inLanguage\":\"es\",\"potentialAction\":[{\"@type\":\"ReadAction\",\"target\":[\"https:\/\/syncro-group.com\/syncro\/es\/producto\/annealing-system\/\"]}]},{\"@type\":\"ImageObject\",\"inLanguage\":\"es\",\"@id\":\"https:\/\/syncro-group.com\/syncro\/es\/producto\/annealing-system\/#primaryimage\",\"url\":\"https:\/\/syncro-group.com\/syncro\/wp-content\/uploads\/2020\/02\/Yronflat-MAIN-1024-1024.jpg\",\"contentUrl\":\"https:\/\/syncro-group.com\/syncro\/wp-content\/uploads\/2020\/02\/Yronflat-MAIN-1024-1024.jpg\",\"width\":1024,\"height\":1024,\"caption\":\"Aneilling System\"},{\"@type\":\"BreadcrumbList\",\"@id\":\"https:\/\/syncro-group.com\/syncro\/es\/producto\/annealing-system\/#breadcrumb\",\"itemListElement\":[{\"@type\":\"ListItem\",\"position\":1,\"name\":\"Home\",\"item\":\"https:\/\/syncro-group.com\/syncro\/es\/\"},{\"@type\":\"ListItem\",\"position\":2,\"name\":\"Products\",\"item\":\"https:\/\/syncro-group.com\/syncro\/es\/products\/\"},{\"@type\":\"ListItem\",\"position\":3,\"name\":\"Yronflat\"}]},{\"@type\":\"WebSite\",\"@id\":\"https:\/\/syncro-group.com\/syncro\/es\/#website\",\"url\":\"https:\/\/syncro-group.com\/syncro\/es\/\",\"name\":\"Welcome to Syncro Group Website\",\"description\":\"\",\"potentialAction\":[{\"@type\":\"SearchAction\",\"target\":{\"@type\":\"EntryPoint\",\"urlTemplate\":\"https:\/\/syncro-group.com\/syncro\/es\/?s={search_term_string}\"},\"query-input\":{\"@type\":\"PropertyValueSpecification\",\"valueRequired\":true,\"valueName\":\"search_term_string\"}}],\"inLanguage\":\"es\"}]}<\/script>\n<!-- \/ Yoast SEO plugin. -->","yoast_head_json":{"title":"Yronflat - Welcome to Syncro Group Website","description":"YRONFLAT is an automatic annealing system for blown film line which improve film quality by stretching the film in machine direction.","robots":{"index":"index","follow":"follow","max-snippet":"max-snippet:-1","max-image-preview":"max-image-preview:large","max-video-preview":"max-video-preview:-1"},"canonical":"https:\/\/syncro-group.com\/syncro\/es\/producto\/annealing-system\/","og_locale":"es_ES","og_type":"article","og_title":"Yronflat - Welcome to Syncro Group Website","og_description":"YRONFLAT is an automatic annealing system for blown film line which improve film quality by stretching the film in machine direction.","og_url":"https:\/\/syncro-group.com\/syncro\/es\/producto\/annealing-system\/","og_site_name":"Welcome to Syncro Group Website","article_modified_time":"2021-04-19T10:54:16+00:00","og_image":[{"width":1024,"height":1024,"url":"https:\/\/syncro-group.com\/syncro\/wp-content\/uploads\/2020\/02\/Yronflat-MAIN-1024-1024.jpg","type":"image\/jpeg"}],"twitter_card":"summary_large_image","schema":{"@context":"https:\/\/schema.org","@graph":[{"@type":"WebPage","@id":"https:\/\/syncro-group.com\/syncro\/es\/producto\/annealing-system\/","url":"https:\/\/syncro-group.com\/syncro\/es\/producto\/annealing-system\/","name":"Yronflat - Welcome to Syncro Group Website","isPartOf":{"@id":"https:\/\/syncro-group.com\/syncro\/es\/#website"},"primaryImageOfPage":{"@id":"https:\/\/syncro-group.com\/syncro\/es\/producto\/annealing-system\/#primaryimage"},"image":{"@id":"https:\/\/syncro-group.com\/syncro\/es\/producto\/annealing-system\/#primaryimage"},"thumbnailUrl":"https:\/\/syncro-group.com\/syncro\/wp-content\/uploads\/2020\/02\/Yronflat-MAIN-1024-1024.jpg","datePublished":"2020-02-12T17:00:19+00:00","dateModified":"2021-04-19T10:54:16+00:00","description":"YRONFLAT is an automatic annealing system for blown film line which improve film quality by stretching the film in machine direction.","breadcrumb":{"@id":"https:\/\/syncro-group.com\/syncro\/es\/producto\/annealing-system\/#breadcrumb"},"inLanguage":"es","potentialAction":[{"@type":"ReadAction","target":["https:\/\/syncro-group.com\/syncro\/es\/producto\/annealing-system\/"]}]},{"@type":"ImageObject","inLanguage":"es","@id":"https:\/\/syncro-group.com\/syncro\/es\/producto\/annealing-system\/#primaryimage","url":"https:\/\/syncro-group.com\/syncro\/wp-content\/uploads\/2020\/02\/Yronflat-MAIN-1024-1024.jpg","contentUrl":"https:\/\/syncro-group.com\/syncro\/wp-content\/uploads\/2020\/02\/Yronflat-MAIN-1024-1024.jpg","width":1024,"height":1024,"caption":"Aneilling System"},{"@type":"BreadcrumbList","@id":"https:\/\/syncro-group.com\/syncro\/es\/producto\/annealing-system\/#breadcrumb","itemListElement":[{"@type":"ListItem","position":1,"name":"Home","item":"https:\/\/syncro-group.com\/syncro\/es\/"},{"@type":"ListItem","position":2,"name":"Products","item":"https:\/\/syncro-group.com\/syncro\/es\/products\/"},{"@type":"ListItem","position":3,"name":"Yronflat"}]},{"@type":"WebSite","@id":"https:\/\/syncro-group.com\/syncro\/es\/#website","url":"https:\/\/syncro-group.com\/syncro\/es\/","name":"Welcome to Syncro Group Website","description":"","potentialAction":[{"@type":"SearchAction","target":{"@type":"EntryPoint","urlTemplate":"https:\/\/syncro-group.com\/syncro\/es\/?s={search_term_string}"},"query-input":{"@type":"PropertyValueSpecification","valueRequired":true,"valueName":"search_term_string"}}],"inLanguage":"es"}]}},"_links":{"self":[{"href":"https:\/\/syncro-group.com\/syncro\/es\/wp-json\/wp\/v2\/product\/6172","targetHints":{"allow":["GET"]}}],"collection":[{"href":"https:\/\/syncro-group.com\/syncro\/es\/wp-json\/wp\/v2\/product"}],"about":[{"href":"https:\/\/syncro-group.com\/syncro\/es\/wp-json\/wp\/v2\/types\/product"}],"wp:featuredmedia":[{"embeddable":true,"href":"https:\/\/syncro-group.com\/syncro\/es\/wp-json\/wp\/v2\/media\/6185"}],"wp:attachment":[{"href":"https:\/\/syncro-group.com\/syncro\/es\/wp-json\/wp\/v2\/media?parent=6172"}],"wp:term":[{"taxonomy":"product_brand","embeddable":true,"href":"https:\/\/syncro-group.com\/syncro\/es\/wp-json\/wp\/v2\/product_brand?post=6172"},{"taxonomy":"product_cat","embeddable":true,"href":"https:\/\/syncro-group.com\/syncro\/es\/wp-json\/wp\/v2\/product_cat?post=6172"},{"taxonomy":"product_tag","embeddable":true,"href":"https:\/\/syncro-group.com\/syncro\/es\/wp-json\/wp\/v2\/product_tag?post=6172"}],"curies":[{"name":"wp","href":"https:\/\/api.w.org\/{rel}","templated":true}]}}