{"id":6186,"date":"2020-02-12T17:59:34","date_gmt":"2020-02-12T16:59:34","guid":{"rendered":"https:\/\/syncro-group.com\/syncro\/product\/easywidth-layflat-control\/"},"modified":"2021-03-30T16:56:13","modified_gmt":"2021-03-30T14:56:13","slug":"easywidth-layflat-control","status":"publish","type":"product","link":"https:\/\/syncro-group.com\/syncro\/es\/producto\/easywidth-layflat-control\/","title":{"rendered":"Easywidth"},"content":{"rendered":"<ul class=\"advantages\"><li>HMI EASYWIDTH - est\u00e1 equipada con una pantalla t\u00e1ctil HMI integrada (5.7) u opcionalmente en una caja separada.<\/li><li>PLC & INDUSTRY 4.0 - EASYWIDTH tiene un PLC con protocolo UPC\/UA embebido. Esta soluci\u00f3n hace que el sistema est\u00e9 preparado para la Industria 4.0.<\/li><li>F\u00c1CIL MANTENIMIENTO - La fiabilidad de la m\u00e1quina se aproxima a un nivel \"libre de mantenimiento\", trabajar c\u00f3modamente en cada componente de la m\u00e1quina nunca ha sido tan sencillo.<\/li><li>CAJA DE V\u00c1LVULAS - Las v\u00e1lvulas de inflado y desinflado se instalan en una caja espec\u00edfica conectada al control de Easywidth.<\/li><li>SYNTROL - Easywidth puede gestionarse a trav\u00e9s del sistema de supervisi\u00f3n SYNTROL para una perfecta integraci\u00f3n<\/li><\/ul>\n","protected":false},"excerpt":{"rendered":"<p class=\"p1\"><strong>EASYWIDTH<\/strong> es un sistema modular para medir y <strong>controlar la anchura de la l\u00e1mina en l\u00edneas de film<\/strong> soplado <strong>sin IBC<\/strong>.<\/p>\n<p class=\"p1\">Est\u00e1 disponible como dispositivo de medici\u00f3n independiente o puede integrarse en el paquete del sistema de control. Los 4 sensores ultras\u00f3nicos miden la anchura de la pel\u00edcula por encima de la jaula de burbujas y calculan la anchura de la plancha teniendo en cuenta tambi\u00e9n la contracci\u00f3n de la pel\u00edcula.<\/p>\n","protected":false},"featured_media":6187,"template":"","meta":{"_acf_changed":false},"product_brand":[],"product_cat":[640],"product_tag":[564,597,632,595,557,642,641,556],"class_list":{"0":"post-6186","1":"product","2":"type-product","3":"status-publish","4":"has-post-thumbnail","6":"product_cat-layflat-control-es","7":"product_tag-blown-film-es","8":"product_tag-blown-film-internal-cooling-es","9":"product_tag-blown-film-line-es","10":"product_tag-extrusion-blown-film-line-es","11":"product_tag-industry-4-0-es","12":"product_tag-layflat-control-blown-film-es","13":"product_tag-opc-ua-es-2","14":"product_tag-plastic-film-es","16":"first","17":"instock","18":"shipping-taxable","19":"product-type-simple"},"acf":[],"yoast_head":"<!-- This site is optimized with the Yoast SEO plugin v26.0 - https:\/\/yoast.com\/wordpress\/plugins\/seo\/ -->\n<title>Easywidth - Welcome to Syncro Group Website<\/title>\n<meta name=\"description\" content=\"EASYWIDTH is a modular system to measure and control the layflat width on blown film lines without IBC.Available as stand alone or integrated.\" \/>\n<meta name=\"robots\" content=\"index, follow, max-snippet:-1, max-image-preview:large, max-video-preview:-1\" \/>\n<link rel=\"canonical\" href=\"https:\/\/syncro-group.com\/syncro\/es\/producto\/easywidth-layflat-control\/\" \/>\n<meta property=\"og:locale\" content=\"es_ES\" \/>\n<meta property=\"og:type\" content=\"article\" \/>\n<meta property=\"og:title\" content=\"Easywidth - Welcome to Syncro Group Website\" \/>\n<meta property=\"og:description\" content=\"EASYWIDTH is a modular system to measure and control the layflat width on blown film lines without IBC.Available as stand alone or integrated.\" \/>\n<meta property=\"og:url\" content=\"https:\/\/syncro-group.com\/syncro\/es\/producto\/easywidth-layflat-control\/\" \/>\n<meta property=\"og:site_name\" content=\"Welcome to Syncro Group Website\" \/>\n<meta property=\"article:modified_time\" content=\"2021-03-30T14:56:13+00:00\" \/>\n<meta property=\"og:image\" content=\"https:\/\/syncro-group.com\/syncro\/wp-content\/uploads\/2020\/02\/blown.TYphoon-3-RENDER-SCODRO-scaled.jpg\" \/>\n\t<meta property=\"og:image:width\" content=\"2560\" \/>\n\t<meta property=\"og:image:height\" content=\"2521\" \/>\n\t<meta property=\"og:image:type\" content=\"image\/jpeg\" \/>\n<meta name=\"twitter:card\" content=\"summary_large_image\" \/>\n<script type=\"application\/ld+json\" class=\"yoast-schema-graph\">{\"@context\":\"https:\/\/schema.org\",\"@graph\":[{\"@type\":\"WebPage\",\"@id\":\"https:\/\/syncro-group.com\/syncro\/es\/producto\/easywidth-layflat-control\/\",\"url\":\"https:\/\/syncro-group.com\/syncro\/es\/producto\/easywidth-layflat-control\/\",\"name\":\"Easywidth - Welcome to Syncro Group Website\",\"isPartOf\":{\"@id\":\"https:\/\/syncro-group.com\/syncro\/es\/#website\"},\"primaryImageOfPage\":{\"@id\":\"https:\/\/syncro-group.com\/syncro\/es\/producto\/easywidth-layflat-control\/#primaryimage\"},\"image\":{\"@id\":\"https:\/\/syncro-group.com\/syncro\/es\/producto\/easywidth-layflat-control\/#primaryimage\"},\"thumbnailUrl\":\"https:\/\/syncro-group.com\/syncro\/wp-content\/uploads\/2020\/02\/blown.TYphoon-3-RENDER-SCODRO-scaled.jpg\",\"datePublished\":\"2020-02-12T16:59:34+00:00\",\"dateModified\":\"2021-03-30T14:56:13+00:00\",\"description\":\"EASYWIDTH is a modular system to measure and control the layflat width on blown film lines without IBC.Available as stand alone or integrated.\",\"breadcrumb\":{\"@id\":\"https:\/\/syncro-group.com\/syncro\/es\/producto\/easywidth-layflat-control\/#breadcrumb\"},\"inLanguage\":\"es\",\"potentialAction\":[{\"@type\":\"ReadAction\",\"target\":[\"https:\/\/syncro-group.com\/syncro\/es\/producto\/easywidth-layflat-control\/\"]}]},{\"@type\":\"ImageObject\",\"inLanguage\":\"es\",\"@id\":\"https:\/\/syncro-group.com\/syncro\/es\/producto\/easywidth-layflat-control\/#primaryimage\",\"url\":\"https:\/\/syncro-group.com\/syncro\/wp-content\/uploads\/2020\/02\/blown.TYphoon-3-RENDER-SCODRO-scaled.jpg\",\"contentUrl\":\"https:\/\/syncro-group.com\/syncro\/wp-content\/uploads\/2020\/02\/blown.TYphoon-3-RENDER-SCODRO-scaled.jpg\",\"width\":2560,\"height\":2521,\"caption\":\"Layflat Control\"},{\"@type\":\"BreadcrumbList\",\"@id\":\"https:\/\/syncro-group.com\/syncro\/es\/producto\/easywidth-layflat-control\/#breadcrumb\",\"itemListElement\":[{\"@type\":\"ListItem\",\"position\":1,\"name\":\"Home\",\"item\":\"https:\/\/syncro-group.com\/syncro\/es\/\"},{\"@type\":\"ListItem\",\"position\":2,\"name\":\"Products\",\"item\":\"https:\/\/syncro-group.com\/syncro\/es\/products\/\"},{\"@type\":\"ListItem\",\"position\":3,\"name\":\"Easywidth\"}]},{\"@type\":\"WebSite\",\"@id\":\"https:\/\/syncro-group.com\/syncro\/es\/#website\",\"url\":\"https:\/\/syncro-group.com\/syncro\/es\/\",\"name\":\"Welcome to Syncro Group Website\",\"description\":\"\",\"potentialAction\":[{\"@type\":\"SearchAction\",\"target\":{\"@type\":\"EntryPoint\",\"urlTemplate\":\"https:\/\/syncro-group.com\/syncro\/es\/?s={search_term_string}\"},\"query-input\":{\"@type\":\"PropertyValueSpecification\",\"valueRequired\":true,\"valueName\":\"search_term_string\"}}],\"inLanguage\":\"es\"}]}<\/script>\n<!-- \/ Yoast SEO plugin. -->","yoast_head_json":{"title":"Easywidth - Welcome to Syncro Group Website","description":"EASYWIDTH is a modular system to measure and control the layflat width on blown film lines without IBC.Available as stand alone or integrated.","robots":{"index":"index","follow":"follow","max-snippet":"max-snippet:-1","max-image-preview":"max-image-preview:large","max-video-preview":"max-video-preview:-1"},"canonical":"https:\/\/syncro-group.com\/syncro\/es\/producto\/easywidth-layflat-control\/","og_locale":"es_ES","og_type":"article","og_title":"Easywidth - Welcome to Syncro Group Website","og_description":"EASYWIDTH is a modular system to measure and control the layflat width on blown film lines without IBC.Available as stand alone or integrated.","og_url":"https:\/\/syncro-group.com\/syncro\/es\/producto\/easywidth-layflat-control\/","og_site_name":"Welcome to Syncro Group Website","article_modified_time":"2021-03-30T14:56:13+00:00","og_image":[{"width":2560,"height":2521,"url":"https:\/\/syncro-group.com\/syncro\/wp-content\/uploads\/2020\/02\/blown.TYphoon-3-RENDER-SCODRO-scaled.jpg","type":"image\/jpeg"}],"twitter_card":"summary_large_image","schema":{"@context":"https:\/\/schema.org","@graph":[{"@type":"WebPage","@id":"https:\/\/syncro-group.com\/syncro\/es\/producto\/easywidth-layflat-control\/","url":"https:\/\/syncro-group.com\/syncro\/es\/producto\/easywidth-layflat-control\/","name":"Easywidth - Welcome to Syncro Group Website","isPartOf":{"@id":"https:\/\/syncro-group.com\/syncro\/es\/#website"},"primaryImageOfPage":{"@id":"https:\/\/syncro-group.com\/syncro\/es\/producto\/easywidth-layflat-control\/#primaryimage"},"image":{"@id":"https:\/\/syncro-group.com\/syncro\/es\/producto\/easywidth-layflat-control\/#primaryimage"},"thumbnailUrl":"https:\/\/syncro-group.com\/syncro\/wp-content\/uploads\/2020\/02\/blown.TYphoon-3-RENDER-SCODRO-scaled.jpg","datePublished":"2020-02-12T16:59:34+00:00","dateModified":"2021-03-30T14:56:13+00:00","description":"EASYWIDTH is a modular system to measure and control the layflat width on blown film lines without IBC.Available as stand alone or integrated.","breadcrumb":{"@id":"https:\/\/syncro-group.com\/syncro\/es\/producto\/easywidth-layflat-control\/#breadcrumb"},"inLanguage":"es","potentialAction":[{"@type":"ReadAction","target":["https:\/\/syncro-group.com\/syncro\/es\/producto\/easywidth-layflat-control\/"]}]},{"@type":"ImageObject","inLanguage":"es","@id":"https:\/\/syncro-group.com\/syncro\/es\/producto\/easywidth-layflat-control\/#primaryimage","url":"https:\/\/syncro-group.com\/syncro\/wp-content\/uploads\/2020\/02\/blown.TYphoon-3-RENDER-SCODRO-scaled.jpg","contentUrl":"https:\/\/syncro-group.com\/syncro\/wp-content\/uploads\/2020\/02\/blown.TYphoon-3-RENDER-SCODRO-scaled.jpg","width":2560,"height":2521,"caption":"Layflat Control"},{"@type":"BreadcrumbList","@id":"https:\/\/syncro-group.com\/syncro\/es\/producto\/easywidth-layflat-control\/#breadcrumb","itemListElement":[{"@type":"ListItem","position":1,"name":"Home","item":"https:\/\/syncro-group.com\/syncro\/es\/"},{"@type":"ListItem","position":2,"name":"Products","item":"https:\/\/syncro-group.com\/syncro\/es\/products\/"},{"@type":"ListItem","position":3,"name":"Easywidth"}]},{"@type":"WebSite","@id":"https:\/\/syncro-group.com\/syncro\/es\/#website","url":"https:\/\/syncro-group.com\/syncro\/es\/","name":"Welcome to Syncro Group Website","description":"","potentialAction":[{"@type":"SearchAction","target":{"@type":"EntryPoint","urlTemplate":"https:\/\/syncro-group.com\/syncro\/es\/?s={search_term_string}"},"query-input":{"@type":"PropertyValueSpecification","valueRequired":true,"valueName":"search_term_string"}}],"inLanguage":"es"}]}},"_links":{"self":[{"href":"https:\/\/syncro-group.com\/syncro\/es\/wp-json\/wp\/v2\/product\/6186","targetHints":{"allow":["GET"]}}],"collection":[{"href":"https:\/\/syncro-group.com\/syncro\/es\/wp-json\/wp\/v2\/product"}],"about":[{"href":"https:\/\/syncro-group.com\/syncro\/es\/wp-json\/wp\/v2\/types\/product"}],"wp:featuredmedia":[{"embeddable":true,"href":"https:\/\/syncro-group.com\/syncro\/es\/wp-json\/wp\/v2\/media\/6187"}],"wp:attachment":[{"href":"https:\/\/syncro-group.com\/syncro\/es\/wp-json\/wp\/v2\/media?parent=6186"}],"wp:term":[{"taxonomy":"product_brand","embeddable":true,"href":"https:\/\/syncro-group.com\/syncro\/es\/wp-json\/wp\/v2\/product_brand?post=6186"},{"taxonomy":"product_cat","embeddable":true,"href":"https:\/\/syncro-group.com\/syncro\/es\/wp-json\/wp\/v2\/product_cat?post=6186"},{"taxonomy":"product_tag","embeddable":true,"href":"https:\/\/syncro-group.com\/syncro\/es\/wp-json\/wp\/v2\/product_tag?post=6186"}],"curies":[{"name":"wp","href":"https:\/\/api.w.org\/{rel}","templated":true}]}}