{"id":6188,"date":"2020-02-12T17:58:53","date_gmt":"2020-02-12T16:58:53","guid":{"rendered":"https:\/\/syncro-group.com\/syncro\/product\/ibc-control-system\/"},"modified":"2021-04-19T12:40:35","modified_gmt":"2021-04-19T10:40:35","slug":"ibc-control-system","status":"publish","type":"product","link":"https:\/\/syncro-group.com\/syncro\/es\/producto\/ibc-control-system\/","title":{"rendered":"Syibc"},"content":{"rendered":"<ul class=\"advantages\"><li>F\u00c1CIL INSTALACI\u00d3N - Syibc puede instalarse f\u00e1cilmente en las l\u00edneas de film soplado existentes.<\/li><li>OPCI\u00d3N LAY FLAT CONTROL - Como opci\u00f3n, Syibc puede controlar la anchura de la capa en modo totalmente AUTO, actuando sobre el di\u00e1metro de la cesta de burbujas y manteniendo el punto de ajuste de la capa dentro de una tolerancia de < \u00b1 2 mm. Con la opci\u00f3n LAY FLAT CONTROL, Syibc utiliza 4 sensores LAY FLAT para mantener un \u00e1ngulo perfecto de 90\u00b0, adem\u00e1s se instala un potenci\u00f3metro para detectar el di\u00e1metro de la cesta de burbujas.<\/li><li>SENSORES DE SEPARACI\u00d3N - Syibc utiliza 3 sensores de separaci\u00f3n cuando la cesta tiene 6 o 9 brazos y 4 sensores cuando la jaula tiene 8 o 12 brazos para mantener un \u00e1ngulo perfecto entre ellos.<\/li><li>SENSOR DE COMPENSACI\u00d3N DE TEMPERATURA AMBIENTE - Con la opci\u00f3n LAY FLAT CONTROL, Syibc utiliza 1 sensor de compensaci\u00f3n de temperatura para calibrar todos los sensores cuando la temperatura ambiente tiene una variaci\u00f3n.<\/li><li>V\u00c1LVULA DE AJUSTE FINO - Syibc dispone de una v\u00e1lvula IBC equipada con un motor paso a paso con una funci\u00f3n de 7000 pasos para una regulaci\u00f3n precisa y exacta.<\/li><li>VERSI\u00d3N OEM o BOX - Syibc puede suministrarse en un BOX independiente o cableado en un panel integrado en el armario SYNTROL o en el armario OEM.<\/li><li>INDUSTRIA 4.0 Y IOT - El armario de control Syibc est\u00e1 equipado con PLC y PC preparados para el protocolo OPC-UA para la industria 4.0.<\/li><\/ul>\n","protected":false},"excerpt":{"rendered":"<p class=\"p1\"><strong>SYIBC<\/strong> es el sistema de control completo de IBC de SYNCRO, dise\u00f1ado para gestionar y controlar varios componentes de la l\u00ednea de film soplado para la puesta a punto y el control de la colocaci\u00f3n del film, el sistema puede instalarse de forma independiente o totalmente integrado.<br \/>\nSYIBC garantiza el mantenimiento del punto de ajuste de la anchura del film, controlando la relaci\u00f3n de soplado, la v\u00e1lvula y la cesta de burbujas.<\/p>\n<p class=\"p1\">Syibc est\u00e1 conectado a 4 sensores ultras\u00f3nicos situados en los brazos de la cesta de burbujas para gestionar el ajuste de la separaci\u00f3n y a 4 sensores ultras\u00f3nicos situados en la parte superior de la cesta de burbujas para medir y gestionar la anchura de la l\u00e1mina.<br \/>\nPara mantener la separaci\u00f3n establecida, Syibc controla tanto los inversores del soplador IBC como la v\u00e1lvula IBC, modificando las RPM del soplador y la posici\u00f3n de la v\u00e1lvula IBC.<br \/>\nCuando est\u00e1 equipado con la OPCI\u00d3N DE CONTROL DE LAY FLAT, Syibc tambi\u00e9n controla el di\u00e1metro de la cesta de burbujas.<\/p>\n","protected":false},"featured_media":6202,"template":"","meta":{"_acf_changed":false},"product_brand":[],"product_cat":[640],"product_tag":[564,597,595,596,557,642,565,556,563,555],"class_list":{"0":"post-6188","1":"product","2":"type-product","3":"status-publish","4":"has-post-thumbnail","6":"product_cat-layflat-control-es","7":"product_tag-blown-film-es","8":"product_tag-blown-film-internal-cooling-es","9":"product_tag-extrusion-blown-film-line-es","10":"product_tag-ibc-stack-es","11":"product_tag-industry-4-0-es","12":"product_tag-layflat-control-blown-film-es","13":"product_tag-opc-ua-es","14":"product_tag-plastic-film-es","15":"product_tag-reel-es","16":"product_tag-syncro-es","18":"first","19":"instock","20":"shipping-taxable","21":"product-type-simple"},"acf":[],"yoast_head":"<!-- This site is optimized with the Yoast SEO plugin v26.0 - https:\/\/yoast.com\/wordpress\/plugins\/seo\/ -->\n<title>Syibc - Welcome to Syncro Group Website<\/title>\n<meta name=\"description\" content=\"SYIBC is a standalone or integrated full IBC control system which manages and controls different components to set up and control the lay flat of the film.\" \/>\n<meta name=\"robots\" content=\"index, follow, max-snippet:-1, max-image-preview:large, max-video-preview:-1\" \/>\n<link rel=\"canonical\" href=\"https:\/\/syncro-group.com\/syncro\/es\/producto\/ibc-control-system\/\" \/>\n<meta property=\"og:locale\" content=\"es_ES\" \/>\n<meta property=\"og:type\" content=\"article\" \/>\n<meta property=\"og:title\" content=\"Syibc - Welcome to Syncro Group Website\" \/>\n<meta property=\"og:description\" content=\"SYIBC is a standalone or integrated full IBC control system which manages and controls different components to set up and control the lay flat of the film.\" \/>\n<meta property=\"og:url\" content=\"https:\/\/syncro-group.com\/syncro\/es\/producto\/ibc-control-system\/\" \/>\n<meta property=\"og:site_name\" content=\"Welcome to Syncro Group Website\" \/>\n<meta property=\"article:modified_time\" content=\"2021-04-19T10:40:35+00:00\" \/>\n<meta property=\"og:image\" content=\"https:\/\/syncro-group.com\/syncro\/wp-content\/uploads\/2020\/02\/SYIBC-quadrato-1280.jpg\" \/>\n\t<meta property=\"og:image:width\" content=\"1280\" \/>\n\t<meta property=\"og:image:height\" content=\"1280\" \/>\n\t<meta property=\"og:image:type\" content=\"image\/jpeg\" \/>\n<meta name=\"twitter:card\" content=\"summary_large_image\" \/>\n<script type=\"application\/ld+json\" class=\"yoast-schema-graph\">{\"@context\":\"https:\/\/schema.org\",\"@graph\":[{\"@type\":\"WebPage\",\"@id\":\"https:\/\/syncro-group.com\/syncro\/es\/producto\/ibc-control-system\/\",\"url\":\"https:\/\/syncro-group.com\/syncro\/es\/producto\/ibc-control-system\/\",\"name\":\"Syibc - Welcome to Syncro Group Website\",\"isPartOf\":{\"@id\":\"https:\/\/syncro-group.com\/syncro\/es\/#website\"},\"primaryImageOfPage\":{\"@id\":\"https:\/\/syncro-group.com\/syncro\/es\/producto\/ibc-control-system\/#primaryimage\"},\"image\":{\"@id\":\"https:\/\/syncro-group.com\/syncro\/es\/producto\/ibc-control-system\/#primaryimage\"},\"thumbnailUrl\":\"https:\/\/syncro-group.com\/syncro\/wp-content\/uploads\/2020\/02\/SYIBC-quadrato-1280.jpg\",\"datePublished\":\"2020-02-12T16:58:53+00:00\",\"dateModified\":\"2021-04-19T10:40:35+00:00\",\"description\":\"SYIBC is a standalone or integrated full IBC control system which manages and controls different components to set up and control the lay flat of the film.\",\"breadcrumb\":{\"@id\":\"https:\/\/syncro-group.com\/syncro\/es\/producto\/ibc-control-system\/#breadcrumb\"},\"inLanguage\":\"es\",\"potentialAction\":[{\"@type\":\"ReadAction\",\"target\":[\"https:\/\/syncro-group.com\/syncro\/es\/producto\/ibc-control-system\/\"]}]},{\"@type\":\"ImageObject\",\"inLanguage\":\"es\",\"@id\":\"https:\/\/syncro-group.com\/syncro\/es\/producto\/ibc-control-system\/#primaryimage\",\"url\":\"https:\/\/syncro-group.com\/syncro\/wp-content\/uploads\/2020\/02\/SYIBC-quadrato-1280.jpg\",\"contentUrl\":\"https:\/\/syncro-group.com\/syncro\/wp-content\/uploads\/2020\/02\/SYIBC-quadrato-1280.jpg\",\"width\":1280,\"height\":1280,\"caption\":\"LayFlat Control\"},{\"@type\":\"BreadcrumbList\",\"@id\":\"https:\/\/syncro-group.com\/syncro\/es\/producto\/ibc-control-system\/#breadcrumb\",\"itemListElement\":[{\"@type\":\"ListItem\",\"position\":1,\"name\":\"Home\",\"item\":\"https:\/\/syncro-group.com\/syncro\/es\/\"},{\"@type\":\"ListItem\",\"position\":2,\"name\":\"Products\",\"item\":\"https:\/\/syncro-group.com\/syncro\/es\/products\/\"},{\"@type\":\"ListItem\",\"position\":3,\"name\":\"Syibc\"}]},{\"@type\":\"WebSite\",\"@id\":\"https:\/\/syncro-group.com\/syncro\/es\/#website\",\"url\":\"https:\/\/syncro-group.com\/syncro\/es\/\",\"name\":\"Welcome to Syncro Group Website\",\"description\":\"\",\"potentialAction\":[{\"@type\":\"SearchAction\",\"target\":{\"@type\":\"EntryPoint\",\"urlTemplate\":\"https:\/\/syncro-group.com\/syncro\/es\/?s={search_term_string}\"},\"query-input\":{\"@type\":\"PropertyValueSpecification\",\"valueRequired\":true,\"valueName\":\"search_term_string\"}}],\"inLanguage\":\"es\"}]}<\/script>\n<!-- \/ Yoast SEO plugin. -->","yoast_head_json":{"title":"Syibc - Welcome to Syncro Group Website","description":"SYIBC is a standalone or integrated full IBC control system which manages and controls different components to set up and control the lay flat of the film.","robots":{"index":"index","follow":"follow","max-snippet":"max-snippet:-1","max-image-preview":"max-image-preview:large","max-video-preview":"max-video-preview:-1"},"canonical":"https:\/\/syncro-group.com\/syncro\/es\/producto\/ibc-control-system\/","og_locale":"es_ES","og_type":"article","og_title":"Syibc - Welcome to Syncro Group Website","og_description":"SYIBC is a standalone or integrated full IBC control system which manages and controls different components to set up and control the lay flat of the film.","og_url":"https:\/\/syncro-group.com\/syncro\/es\/producto\/ibc-control-system\/","og_site_name":"Welcome to Syncro Group Website","article_modified_time":"2021-04-19T10:40:35+00:00","og_image":[{"width":1280,"height":1280,"url":"https:\/\/syncro-group.com\/syncro\/wp-content\/uploads\/2020\/02\/SYIBC-quadrato-1280.jpg","type":"image\/jpeg"}],"twitter_card":"summary_large_image","schema":{"@context":"https:\/\/schema.org","@graph":[{"@type":"WebPage","@id":"https:\/\/syncro-group.com\/syncro\/es\/producto\/ibc-control-system\/","url":"https:\/\/syncro-group.com\/syncro\/es\/producto\/ibc-control-system\/","name":"Syibc - Welcome to Syncro Group Website","isPartOf":{"@id":"https:\/\/syncro-group.com\/syncro\/es\/#website"},"primaryImageOfPage":{"@id":"https:\/\/syncro-group.com\/syncro\/es\/producto\/ibc-control-system\/#primaryimage"},"image":{"@id":"https:\/\/syncro-group.com\/syncro\/es\/producto\/ibc-control-system\/#primaryimage"},"thumbnailUrl":"https:\/\/syncro-group.com\/syncro\/wp-content\/uploads\/2020\/02\/SYIBC-quadrato-1280.jpg","datePublished":"2020-02-12T16:58:53+00:00","dateModified":"2021-04-19T10:40:35+00:00","description":"SYIBC is a standalone or integrated full IBC control system which manages and controls different components to set up and control the lay flat of the film.","breadcrumb":{"@id":"https:\/\/syncro-group.com\/syncro\/es\/producto\/ibc-control-system\/#breadcrumb"},"inLanguage":"es","potentialAction":[{"@type":"ReadAction","target":["https:\/\/syncro-group.com\/syncro\/es\/producto\/ibc-control-system\/"]}]},{"@type":"ImageObject","inLanguage":"es","@id":"https:\/\/syncro-group.com\/syncro\/es\/producto\/ibc-control-system\/#primaryimage","url":"https:\/\/syncro-group.com\/syncro\/wp-content\/uploads\/2020\/02\/SYIBC-quadrato-1280.jpg","contentUrl":"https:\/\/syncro-group.com\/syncro\/wp-content\/uploads\/2020\/02\/SYIBC-quadrato-1280.jpg","width":1280,"height":1280,"caption":"LayFlat Control"},{"@type":"BreadcrumbList","@id":"https:\/\/syncro-group.com\/syncro\/es\/producto\/ibc-control-system\/#breadcrumb","itemListElement":[{"@type":"ListItem","position":1,"name":"Home","item":"https:\/\/syncro-group.com\/syncro\/es\/"},{"@type":"ListItem","position":2,"name":"Products","item":"https:\/\/syncro-group.com\/syncro\/es\/products\/"},{"@type":"ListItem","position":3,"name":"Syibc"}]},{"@type":"WebSite","@id":"https:\/\/syncro-group.com\/syncro\/es\/#website","url":"https:\/\/syncro-group.com\/syncro\/es\/","name":"Welcome to Syncro Group Website","description":"","potentialAction":[{"@type":"SearchAction","target":{"@type":"EntryPoint","urlTemplate":"https:\/\/syncro-group.com\/syncro\/es\/?s={search_term_string}"},"query-input":{"@type":"PropertyValueSpecification","valueRequired":true,"valueName":"search_term_string"}}],"inLanguage":"es"}]}},"_links":{"self":[{"href":"https:\/\/syncro-group.com\/syncro\/es\/wp-json\/wp\/v2\/product\/6188","targetHints":{"allow":["GET"]}}],"collection":[{"href":"https:\/\/syncro-group.com\/syncro\/es\/wp-json\/wp\/v2\/product"}],"about":[{"href":"https:\/\/syncro-group.com\/syncro\/es\/wp-json\/wp\/v2\/types\/product"}],"wp:featuredmedia":[{"embeddable":true,"href":"https:\/\/syncro-group.com\/syncro\/es\/wp-json\/wp\/v2\/media\/6202"}],"wp:attachment":[{"href":"https:\/\/syncro-group.com\/syncro\/es\/wp-json\/wp\/v2\/media?parent=6188"}],"wp:term":[{"taxonomy":"product_brand","embeddable":true,"href":"https:\/\/syncro-group.com\/syncro\/es\/wp-json\/wp\/v2\/product_brand?post=6188"},{"taxonomy":"product_cat","embeddable":true,"href":"https:\/\/syncro-group.com\/syncro\/es\/wp-json\/wp\/v2\/product_cat?post=6188"},{"taxonomy":"product_tag","embeddable":true,"href":"https:\/\/syncro-group.com\/syncro\/es\/wp-json\/wp\/v2\/product_tag?post=6188"}],"curies":[{"name":"wp","href":"https:\/\/api.w.org\/{rel}","templated":true}]}}