{"id":6203,"date":"2020-02-12T17:57:51","date_gmt":"2020-02-12T16:57:51","guid":{"rendered":"https:\/\/syncro-group.com\/syncro\/product\/automatic-air-ring-flyer\/"},"modified":"2021-04-19T11:04:54","modified_gmt":"2021-04-19T09:04:54","slug":"automatic-air-ring-flyer","status":"publish","type":"product","link":"https:\/\/syncro-group.com\/syncro\/es\/producto\/automatic-air-ring-flyer\/","title":{"rendered":"Flyer"},"content":{"rendered":"<ul class=\"advantages\"><li>F\u00c1CIL INSTALACI\u00d3N - Flyer puede reemplazar f\u00e1cilmente un anillo de aire existente mejorando las prestaciones de la l\u00ednea como el rendimiento y el control del perfil con un ROI (retorno de la inversi\u00f3n) medio de 6-9 meses.<\/li><li>SUMINSTRO \u00daNICO DE AIRE - La c\u00e1mara de entrada de aire \u00fanica asegura un \u00e1rea limpia alrededor de la matriz para facilitar el mantenimiento.<\/li><li>C\u00c1MARA DE FIBRA DE CARBONO DE DOBLE CAPA - La c\u00e1mara del volante est\u00e1 hecha de una doble piel de fibra de carbono con una capa aislante en el centro para un funcionamiento sin humedad.<\/li><li>SISTEMA DE ELEVACI\u00d3N - El sistema de elevaci\u00f3n del Flyer gestionado por SYNTROL asegura un posicionamiento repetible minimizando el tiempo a trav\u00e9s de la receta del producto.<\/li><li>PLC, INDUSTRIA 4.0 Y IOT - El armario de control de Flyer est\u00e1 equipado con PLC y PC preparados con el protocolo OPC-UA para la industria 4.0 junto con una pantalla t\u00e1ctil de PC, teclado, rat\u00f3n e impresora.<\/li><li>ESTABILIZADOR BOOSTER - Estabilizador Booster disponible para una mejor estabilidad de la burbuja y un mayor rendimiento.<\/li><li>TECH 2.0 - Rendimiento extremo en el control autom\u00e1tico de perfil. El ajuste de perfil en el volante est\u00e1 disponible tanto con control de temperatura del aire como con control de volumen punto a punto en la circunferencia de la burbuja para una m\u00e1xima flexibilidad de manejo. La combinaci\u00f3n de las dos tecnolog\u00edas permite una reducci\u00f3n de hasta el 75% del error del perfil.<\/li><li>AMPLIA GAMA DE BUR - Flyer es adecuado para BUR grandes y peque\u00f1as gracias a su innovador y dedicado dise\u00f1o de labio.<\/li><li>F\u00c1CIL ACCESO PARA EL MANTENIMIENTO - Flyer ha sido dise\u00f1ado para garantizar un f\u00e1cil acceso para las operaciones de mantenimiento.<\/li><\/ul>\n","protected":false},"excerpt":{"rendered":"<p class=\"p1\">FLYER es un anillo de aire autom\u00e1tico dise\u00f1ado para obtener una alta eficiencia y un alto rendimiento. Los elevadores elevan el anillo de aire autom\u00e1tico de triple labio, lo que casi duplica el rendimiento de la l\u00ednea, al tiempo que mejora las propiedades f\u00edsicas del film, como la turbidez, el desgarro, el alargamiento y, especialmente, la resistencia a la perforaci\u00f3n.<\/p>\n<p class=\"p1\">El Flyer proporciona un flujo de aire segmentado a zonas localizadas alrededor de la burbuja del film soplada a trav\u00e9s del anillo de aire, a la vez que estabiliza la salida de la pel\u00edcula gracias al tercer labio especial de contraflujo. El sistema de mejora autom\u00e1tica del espesor ofrece simplicidad y una visualizaci\u00f3n de \u00faltima generaci\u00f3n que proporciona la m\u00e1xima fiabilidad operativa.<\/p>\n","protected":false},"featured_media":6226,"template":"","meta":{"_acf_changed":false},"product_brand":[],"product_cat":[594],"product_tag":[643,644,645,646,595,557,556,555,647],"class_list":{"0":"post-6203","1":"product","2":"type-product","3":"status-publish","4":"has-post-thumbnail","6":"product_cat-air-ring-es","7":"product_tag-air-ring-es","8":"product_tag-automatic-cooling-air-ring-es","9":"product_tag-bubble-cooling-es","10":"product_tag-counter-flow-air-ring-es","11":"product_tag-extrusion-blown-film-line-es","12":"product_tag-industry-4-0-es","13":"product_tag-plastic-film-es","14":"product_tag-syncro-es","15":"product_tag-triple-lipset-air-ring-es","17":"first","18":"instock","19":"shipping-taxable","20":"product-type-simple"},"acf":[],"yoast_head":"<!-- This site is optimized with the Yoast SEO plugin v26.0 - https:\/\/yoast.com\/wordpress\/plugins\/seo\/ -->\n<title>Flyer - Welcome to Syncro Group Website<\/title>\n<meta name=\"description\" content=\"FLYER is the new SYNCRO automatic air ring designed for high efficiency and high output for blown film lines to improve film physical properties.\" \/>\n<meta name=\"robots\" content=\"index, follow, max-snippet:-1, max-image-preview:large, max-video-preview:-1\" \/>\n<link rel=\"canonical\" href=\"https:\/\/syncro-group.com\/syncro\/es\/producto\/automatic-air-ring-flyer\/\" \/>\n<meta property=\"og:locale\" content=\"es_ES\" \/>\n<meta property=\"og:type\" content=\"article\" \/>\n<meta property=\"og:title\" content=\"Flyer - Welcome to Syncro Group Website\" \/>\n<meta property=\"og:description\" content=\"FLYER is the new SYNCRO automatic air ring designed for high efficiency and high output for blown film lines to improve film physical properties.\" \/>\n<meta property=\"og:url\" content=\"https:\/\/syncro-group.com\/syncro\/es\/producto\/automatic-air-ring-flyer\/\" \/>\n<meta property=\"og:site_name\" content=\"Welcome to Syncro Group Website\" \/>\n<meta property=\"article:modified_time\" content=\"2021-04-19T09:04:54+00:00\" \/>\n<meta property=\"og:image\" content=\"https:\/\/syncro-group.com\/syncro\/wp-content\/uploads\/2020\/02\/flyer-quadrato-1024.jpg\" \/>\n\t<meta property=\"og:image:width\" content=\"1024\" \/>\n\t<meta property=\"og:image:height\" content=\"1024\" \/>\n\t<meta property=\"og:image:type\" content=\"image\/jpeg\" \/>\n<meta name=\"twitter:card\" content=\"summary_large_image\" \/>\n<script type=\"application\/ld+json\" class=\"yoast-schema-graph\">{\"@context\":\"https:\/\/schema.org\",\"@graph\":[{\"@type\":\"WebPage\",\"@id\":\"https:\/\/syncro-group.com\/syncro\/es\/producto\/automatic-air-ring-flyer\/\",\"url\":\"https:\/\/syncro-group.com\/syncro\/es\/producto\/automatic-air-ring-flyer\/\",\"name\":\"Flyer - Welcome to Syncro Group Website\",\"isPartOf\":{\"@id\":\"https:\/\/syncro-group.com\/syncro\/es\/#website\"},\"primaryImageOfPage\":{\"@id\":\"https:\/\/syncro-group.com\/syncro\/es\/producto\/automatic-air-ring-flyer\/#primaryimage\"},\"image\":{\"@id\":\"https:\/\/syncro-group.com\/syncro\/es\/producto\/automatic-air-ring-flyer\/#primaryimage\"},\"thumbnailUrl\":\"https:\/\/syncro-group.com\/syncro\/wp-content\/uploads\/2020\/02\/flyer-quadrato-1024.jpg\",\"datePublished\":\"2020-02-12T16:57:51+00:00\",\"dateModified\":\"2021-04-19T09:04:54+00:00\",\"description\":\"FLYER is the new SYNCRO automatic air ring designed for high efficiency and high output for blown film lines to improve film physical properties.\",\"breadcrumb\":{\"@id\":\"https:\/\/syncro-group.com\/syncro\/es\/producto\/automatic-air-ring-flyer\/#breadcrumb\"},\"inLanguage\":\"es\",\"potentialAction\":[{\"@type\":\"ReadAction\",\"target\":[\"https:\/\/syncro-group.com\/syncro\/es\/producto\/automatic-air-ring-flyer\/\"]}]},{\"@type\":\"ImageObject\",\"inLanguage\":\"es\",\"@id\":\"https:\/\/syncro-group.com\/syncro\/es\/producto\/automatic-air-ring-flyer\/#primaryimage\",\"url\":\"https:\/\/syncro-group.com\/syncro\/wp-content\/uploads\/2020\/02\/flyer-quadrato-1024.jpg\",\"contentUrl\":\"https:\/\/syncro-group.com\/syncro\/wp-content\/uploads\/2020\/02\/flyer-quadrato-1024.jpg\",\"width\":1024,\"height\":1024,\"caption\":\"Air Ring\"},{\"@type\":\"BreadcrumbList\",\"@id\":\"https:\/\/syncro-group.com\/syncro\/es\/producto\/automatic-air-ring-flyer\/#breadcrumb\",\"itemListElement\":[{\"@type\":\"ListItem\",\"position\":1,\"name\":\"Home\",\"item\":\"https:\/\/syncro-group.com\/syncro\/es\/\"},{\"@type\":\"ListItem\",\"position\":2,\"name\":\"Products\",\"item\":\"https:\/\/syncro-group.com\/syncro\/es\/products\/\"},{\"@type\":\"ListItem\",\"position\":3,\"name\":\"Flyer\"}]},{\"@type\":\"WebSite\",\"@id\":\"https:\/\/syncro-group.com\/syncro\/es\/#website\",\"url\":\"https:\/\/syncro-group.com\/syncro\/es\/\",\"name\":\"Welcome to Syncro Group Website\",\"description\":\"\",\"potentialAction\":[{\"@type\":\"SearchAction\",\"target\":{\"@type\":\"EntryPoint\",\"urlTemplate\":\"https:\/\/syncro-group.com\/syncro\/es\/?s={search_term_string}\"},\"query-input\":{\"@type\":\"PropertyValueSpecification\",\"valueRequired\":true,\"valueName\":\"search_term_string\"}}],\"inLanguage\":\"es\"}]}<\/script>\n<!-- \/ Yoast SEO plugin. -->","yoast_head_json":{"title":"Flyer - Welcome to Syncro Group Website","description":"FLYER is the new SYNCRO automatic air ring designed for high efficiency and high output for blown film lines to improve film physical properties.","robots":{"index":"index","follow":"follow","max-snippet":"max-snippet:-1","max-image-preview":"max-image-preview:large","max-video-preview":"max-video-preview:-1"},"canonical":"https:\/\/syncro-group.com\/syncro\/es\/producto\/automatic-air-ring-flyer\/","og_locale":"es_ES","og_type":"article","og_title":"Flyer - Welcome to Syncro Group Website","og_description":"FLYER is the new SYNCRO automatic air ring designed for high efficiency and high output for blown film lines to improve film physical properties.","og_url":"https:\/\/syncro-group.com\/syncro\/es\/producto\/automatic-air-ring-flyer\/","og_site_name":"Welcome to Syncro Group Website","article_modified_time":"2021-04-19T09:04:54+00:00","og_image":[{"width":1024,"height":1024,"url":"https:\/\/syncro-group.com\/syncro\/wp-content\/uploads\/2020\/02\/flyer-quadrato-1024.jpg","type":"image\/jpeg"}],"twitter_card":"summary_large_image","schema":{"@context":"https:\/\/schema.org","@graph":[{"@type":"WebPage","@id":"https:\/\/syncro-group.com\/syncro\/es\/producto\/automatic-air-ring-flyer\/","url":"https:\/\/syncro-group.com\/syncro\/es\/producto\/automatic-air-ring-flyer\/","name":"Flyer - Welcome to Syncro Group Website","isPartOf":{"@id":"https:\/\/syncro-group.com\/syncro\/es\/#website"},"primaryImageOfPage":{"@id":"https:\/\/syncro-group.com\/syncro\/es\/producto\/automatic-air-ring-flyer\/#primaryimage"},"image":{"@id":"https:\/\/syncro-group.com\/syncro\/es\/producto\/automatic-air-ring-flyer\/#primaryimage"},"thumbnailUrl":"https:\/\/syncro-group.com\/syncro\/wp-content\/uploads\/2020\/02\/flyer-quadrato-1024.jpg","datePublished":"2020-02-12T16:57:51+00:00","dateModified":"2021-04-19T09:04:54+00:00","description":"FLYER is the new SYNCRO automatic air ring designed for high efficiency and high output for blown film lines to improve film physical properties.","breadcrumb":{"@id":"https:\/\/syncro-group.com\/syncro\/es\/producto\/automatic-air-ring-flyer\/#breadcrumb"},"inLanguage":"es","potentialAction":[{"@type":"ReadAction","target":["https:\/\/syncro-group.com\/syncro\/es\/producto\/automatic-air-ring-flyer\/"]}]},{"@type":"ImageObject","inLanguage":"es","@id":"https:\/\/syncro-group.com\/syncro\/es\/producto\/automatic-air-ring-flyer\/#primaryimage","url":"https:\/\/syncro-group.com\/syncro\/wp-content\/uploads\/2020\/02\/flyer-quadrato-1024.jpg","contentUrl":"https:\/\/syncro-group.com\/syncro\/wp-content\/uploads\/2020\/02\/flyer-quadrato-1024.jpg","width":1024,"height":1024,"caption":"Air Ring"},{"@type":"BreadcrumbList","@id":"https:\/\/syncro-group.com\/syncro\/es\/producto\/automatic-air-ring-flyer\/#breadcrumb","itemListElement":[{"@type":"ListItem","position":1,"name":"Home","item":"https:\/\/syncro-group.com\/syncro\/es\/"},{"@type":"ListItem","position":2,"name":"Products","item":"https:\/\/syncro-group.com\/syncro\/es\/products\/"},{"@type":"ListItem","position":3,"name":"Flyer"}]},{"@type":"WebSite","@id":"https:\/\/syncro-group.com\/syncro\/es\/#website","url":"https:\/\/syncro-group.com\/syncro\/es\/","name":"Welcome to Syncro Group Website","description":"","potentialAction":[{"@type":"SearchAction","target":{"@type":"EntryPoint","urlTemplate":"https:\/\/syncro-group.com\/syncro\/es\/?s={search_term_string}"},"query-input":{"@type":"PropertyValueSpecification","valueRequired":true,"valueName":"search_term_string"}}],"inLanguage":"es"}]}},"_links":{"self":[{"href":"https:\/\/syncro-group.com\/syncro\/es\/wp-json\/wp\/v2\/product\/6203","targetHints":{"allow":["GET"]}}],"collection":[{"href":"https:\/\/syncro-group.com\/syncro\/es\/wp-json\/wp\/v2\/product"}],"about":[{"href":"https:\/\/syncro-group.com\/syncro\/es\/wp-json\/wp\/v2\/types\/product"}],"wp:featuredmedia":[{"embeddable":true,"href":"https:\/\/syncro-group.com\/syncro\/es\/wp-json\/wp\/v2\/media\/6226"}],"wp:attachment":[{"href":"https:\/\/syncro-group.com\/syncro\/es\/wp-json\/wp\/v2\/media?parent=6203"}],"wp:term":[{"taxonomy":"product_brand","embeddable":true,"href":"https:\/\/syncro-group.com\/syncro\/es\/wp-json\/wp\/v2\/product_brand?post=6203"},{"taxonomy":"product_cat","embeddable":true,"href":"https:\/\/syncro-group.com\/syncro\/es\/wp-json\/wp\/v2\/product_cat?post=6203"},{"taxonomy":"product_tag","embeddable":true,"href":"https:\/\/syncro-group.com\/syncro\/es\/wp-json\/wp\/v2\/product_tag?post=6203"}],"curies":[{"name":"wp","href":"https:\/\/api.w.org\/{rel}","templated":true}]}}