{"id":6248,"date":"2020-02-12T17:54:27","date_gmt":"2020-02-12T16:54:27","guid":{"rendered":"https:\/\/syncro-group.com\/syncro\/product\/multiple-manifold\/"},"modified":"2021-04-01T18:11:47","modified_gmt":"2021-04-01T16:11:47","slug":"multiple-manifold","status":"publish","type":"product","link":"https:\/\/syncro-group.com\/syncro\/es\/producto\/multiple-manifold\/","title":{"rendered":"Synet"},"content":{"rendered":"<ul class=\"advantages\"><li>UNIDAD DE MANIFOLD AUTOM\u00c1TICO - El manifold autom\u00e1tico de SYNCRO gestiona indistintamente la entrada de material desde las unidades de almacenamiento y la salida hacia los cargadores de tolva. El operario s\u00f3lo tiene que ajustar la corrispondencia del material desde la entrada y la salida a trav\u00e9s de una sencilla pantalla gr\u00e1fica. El sistema de posicionamiento garantiza una precisi\u00f3n de 1\/50 de grado, el error de retroceso que es un problema com\u00fan con los sistemas tradicionales se elimina gracias al exclusivo sistema de accionamiento, no se requieren configuraciones o ajustes adicionales despu\u00e9s de la instalaci\u00f3n para el resto de la vida del colector.<\/li><li>Alta velocidad de posicionamiento.<\/li><li>Se acabaron los errores del operario, garantizando el material correcto con el usuario adecuado.<\/li><li>Cambios de alta velocidad.<\/li><li>Con la opci\u00f3n RFID, ya no es posible que el operario se equivoque y garantiza el transporte del material correcto a la ubicaci\u00f3n correcta.<\/li><li>Actualizable en el futuro. Alta flexibilidad. Alta flexibilidad.<\/li><li>Sin p\u00e9rdida de vac\u00edo gracias a la exclusiva sujeci\u00f3n de tubos.<\/li><li>Menos trabajo con las tuber\u00edas.<\/li><li>Menos mantenimiento.<\/li><\/ul>\n","protected":false},"excerpt":{"rendered":"<p class=\"p1\">El colector<strong> m\u00faltiple SYNET con sistema de sujeci\u00f3n r\u00e1pida<\/strong> para facilitar el emparejamiento de las tuber\u00edas, junto con la opci\u00f3n de los sensores RFID, proporciona una identificaci\u00f3n del material con &#8220;error cero&#8221;.<\/p>\n<p class=\"p1\">SYNCRO ha desarrollado <strong>sistemas de transporte aut\u00f3nomos y centralizados totalmente integrados<\/strong> en la gama de productos de los dosificadores SYNCRO. Estos sistemas de transporte est\u00e1n equipados con una electr\u00f3nica PLC modular comercial que garantiza una integraci\u00f3n sencilla en todas las m\u00e1quinas de SYNCRO.<\/p>\n<p class=\"p1\"><strong>SYNET es un sistema aut\u00f3nomo de carga de vac\u00edo centralizada y es una alternativa a SYLINK cuando SYNCRO o simplemente cuando hay que gestionar varias l\u00edneas.<\/strong> Hay diferentes tipos de bombas disponibles para SYLINK y SYNET que se configuran en funci\u00f3n de la producci\u00f3n, el n\u00famero de l\u00edneas, el n\u00famero de componentes y las distancias. N\u00famero de l\u00edneas, n\u00famero de componentes y distancias a los silos.<br \/>\nSistema f\u00e1cil y flexible, apto para una futura actualizaci\u00f3n al a\u00f1adir bombas y receptores de todos los tama\u00f1os.<br \/>\nProgramas dedicados y espec\u00edficos para el material.<\/p>\n<p class=\"p1\">&#8211; Aplicaci\u00f3n\/comisi\u00f3n del SYNET f\u00e1cil y econ\u00f3mica.<\/p>\n<p class=\"p1\">&#8211; F\u00e1cil de programar desde la HMI.<\/p>\n<p class=\"p1\">&#8211; Preparado para una futura supervisi\u00f3n.<\/p>\n<p class=\"p1\">&#8211; Posibilidad de ampliaci\u00f3n con la limpieza de la l\u00ednea de v\u00e1lvulas de doble pist\u00f3n.<\/p>\n<p class=\"p1\">&#8211; Posibilidad de ampliaci\u00f3n con la pantalla del panel digital.<\/p>\n<p class=\"p1\">&#8211; Posibilidad de ampliaci\u00f3n con sensor de nivel de descarga o sensor de nivel continuo para determinar la cantidad de material dentro de la tolva.<\/p>\n<p class=\"p1\">&#8211; Desarrollos futuros.<\/p>\n<p class=\"p1\">&#8211; Control de la velocidad del soplador seg\u00fan el tipo de material.<\/p>\n<p class=\"p1\">&#8211; Dos unidades de vac\u00edo que cargan el material desde la misma rama del colector.<\/p>\n<p class=\"p1\">&#8211; Sistemas de c\u00f3digo de barras para identificar r\u00e1pida y f\u00e1cilmente la informaci\u00f3n del material.<\/p>\n<p class=\"p1\">&#8211; Interfaz con el secador para apagar la calefacci\u00f3n y ahorrar energ\u00eda.<\/p>\n","protected":false},"featured_media":6250,"template":"","meta":{"_acf_changed":false},"product_brand":[],"product_cat":[562],"product_tag":[564,568,570,557,641,567,569,566,563,555],"class_list":{"0":"post-6248","1":"product","2":"type-product","3":"status-publish","4":"has-post-thumbnail","6":"product_cat-conveying-es","7":"product_tag-blown-film-es","8":"product_tag-centralized-loading-system-es","9":"product_tag-conveying-for-plastic-material-es","10":"product_tag-industry-4-0-es","11":"product_tag-opc-ua-es-2","12":"product_tag-pellet-loading-system-es","13":"product_tag-plastic-material-loaders-es","14":"product_tag-polymer-loading-system-es","15":"product_tag-reel-es","16":"product_tag-syncro-es","18":"first","19":"instock","20":"shipping-taxable","21":"product-type-simple"},"acf":[],"yoast_head":"<!-- This site is optimized with the Yoast SEO plugin v26.0 - https:\/\/yoast.com\/wordpress\/plugins\/seo\/ -->\n<title>Synet - Welcome to Syncro Group Website<\/title>\n<meta name=\"description\" content=\"MULTIPLE MANIFOLD with quick clamping system for easy pipe matching, along with the option of RFID sensors is providing a &quot;zero error&quot; material identification.\" \/>\n<meta name=\"robots\" content=\"index, follow, max-snippet:-1, max-image-preview:large, max-video-preview:-1\" \/>\n<link rel=\"canonical\" href=\"https:\/\/syncro-group.com\/syncro\/es\/producto\/multiple-manifold\/\" \/>\n<meta property=\"og:locale\" content=\"es_ES\" \/>\n<meta property=\"og:type\" content=\"article\" \/>\n<meta property=\"og:title\" content=\"Synet - Welcome to Syncro Group Website\" \/>\n<meta property=\"og:description\" content=\"MULTIPLE MANIFOLD with quick clamping system for easy pipe matching, along with the option of RFID sensors is providing a &quot;zero error&quot; material identification.\" \/>\n<meta property=\"og:url\" content=\"https:\/\/syncro-group.com\/syncro\/es\/producto\/multiple-manifold\/\" \/>\n<meta property=\"og:site_name\" content=\"Welcome to Syncro Group Website\" \/>\n<meta property=\"article:modified_time\" content=\"2021-04-01T16:11:47+00:00\" \/>\n<meta property=\"og:image\" content=\"https:\/\/syncro-group.com\/syncro\/wp-content\/uploads\/2020\/02\/20170502_111753-1067x800.jpg\" \/>\n\t<meta property=\"og:image:width\" content=\"1067\" \/>\n\t<meta property=\"og:image:height\" content=\"800\" \/>\n\t<meta property=\"og:image:type\" content=\"image\/jpeg\" \/>\n<meta name=\"twitter:card\" content=\"summary_large_image\" \/>\n<script type=\"application\/ld+json\" class=\"yoast-schema-graph\">{\"@context\":\"https:\/\/schema.org\",\"@graph\":[{\"@type\":\"WebPage\",\"@id\":\"https:\/\/syncro-group.com\/syncro\/es\/producto\/multiple-manifold\/\",\"url\":\"https:\/\/syncro-group.com\/syncro\/es\/producto\/multiple-manifold\/\",\"name\":\"Synet - Welcome to Syncro Group Website\",\"isPartOf\":{\"@id\":\"https:\/\/syncro-group.com\/syncro\/es\/#website\"},\"primaryImageOfPage\":{\"@id\":\"https:\/\/syncro-group.com\/syncro\/es\/producto\/multiple-manifold\/#primaryimage\"},\"image\":{\"@id\":\"https:\/\/syncro-group.com\/syncro\/es\/producto\/multiple-manifold\/#primaryimage\"},\"thumbnailUrl\":\"https:\/\/syncro-group.com\/syncro\/wp-content\/uploads\/2020\/02\/20170502_111753.jpg\",\"datePublished\":\"2020-02-12T16:54:27+00:00\",\"dateModified\":\"2021-04-01T16:11:47+00:00\",\"description\":\"MULTIPLE MANIFOLD with quick clamping system for easy pipe matching, along with the option of RFID sensors is providing a \\\"zero error\\\" material identification.\",\"breadcrumb\":{\"@id\":\"https:\/\/syncro-group.com\/syncro\/es\/producto\/multiple-manifold\/#breadcrumb\"},\"inLanguage\":\"es\",\"potentialAction\":[{\"@type\":\"ReadAction\",\"target\":[\"https:\/\/syncro-group.com\/syncro\/es\/producto\/multiple-manifold\/\"]}]},{\"@type\":\"ImageObject\",\"inLanguage\":\"es\",\"@id\":\"https:\/\/syncro-group.com\/syncro\/es\/producto\/multiple-manifold\/#primaryimage\",\"url\":\"https:\/\/syncro-group.com\/syncro\/wp-content\/uploads\/2020\/02\/20170502_111753.jpg\",\"contentUrl\":\"https:\/\/syncro-group.com\/syncro\/wp-content\/uploads\/2020\/02\/20170502_111753.jpg\",\"width\":2560,\"height\":1920,\"caption\":\"stand alone conveying system\"},{\"@type\":\"BreadcrumbList\",\"@id\":\"https:\/\/syncro-group.com\/syncro\/es\/producto\/multiple-manifold\/#breadcrumb\",\"itemListElement\":[{\"@type\":\"ListItem\",\"position\":1,\"name\":\"Home\",\"item\":\"https:\/\/syncro-group.com\/syncro\/es\/\"},{\"@type\":\"ListItem\",\"position\":2,\"name\":\"Products\",\"item\":\"https:\/\/syncro-group.com\/syncro\/es\/products\/\"},{\"@type\":\"ListItem\",\"position\":3,\"name\":\"Synet\"}]},{\"@type\":\"WebSite\",\"@id\":\"https:\/\/syncro-group.com\/syncro\/es\/#website\",\"url\":\"https:\/\/syncro-group.com\/syncro\/es\/\",\"name\":\"Welcome to Syncro Group Website\",\"description\":\"\",\"potentialAction\":[{\"@type\":\"SearchAction\",\"target\":{\"@type\":\"EntryPoint\",\"urlTemplate\":\"https:\/\/syncro-group.com\/syncro\/es\/?s={search_term_string}\"},\"query-input\":{\"@type\":\"PropertyValueSpecification\",\"valueRequired\":true,\"valueName\":\"search_term_string\"}}],\"inLanguage\":\"es\"}]}<\/script>\n<!-- \/ Yoast SEO plugin. -->","yoast_head_json":{"title":"Synet - Welcome to Syncro Group Website","description":"MULTIPLE MANIFOLD with quick clamping system for easy pipe matching, along with the option of RFID sensors is providing a \"zero error\" material identification.","robots":{"index":"index","follow":"follow","max-snippet":"max-snippet:-1","max-image-preview":"max-image-preview:large","max-video-preview":"max-video-preview:-1"},"canonical":"https:\/\/syncro-group.com\/syncro\/es\/producto\/multiple-manifold\/","og_locale":"es_ES","og_type":"article","og_title":"Synet - Welcome to Syncro Group Website","og_description":"MULTIPLE MANIFOLD with quick clamping system for easy pipe matching, along with the option of RFID sensors is providing a \"zero error\" material identification.","og_url":"https:\/\/syncro-group.com\/syncro\/es\/producto\/multiple-manifold\/","og_site_name":"Welcome to Syncro Group Website","article_modified_time":"2021-04-01T16:11:47+00:00","og_image":[{"width":1067,"height":800,"url":"https:\/\/syncro-group.com\/syncro\/wp-content\/uploads\/2020\/02\/20170502_111753-1067x800.jpg","type":"image\/jpeg"}],"twitter_card":"summary_large_image","schema":{"@context":"https:\/\/schema.org","@graph":[{"@type":"WebPage","@id":"https:\/\/syncro-group.com\/syncro\/es\/producto\/multiple-manifold\/","url":"https:\/\/syncro-group.com\/syncro\/es\/producto\/multiple-manifold\/","name":"Synet - Welcome to Syncro Group Website","isPartOf":{"@id":"https:\/\/syncro-group.com\/syncro\/es\/#website"},"primaryImageOfPage":{"@id":"https:\/\/syncro-group.com\/syncro\/es\/producto\/multiple-manifold\/#primaryimage"},"image":{"@id":"https:\/\/syncro-group.com\/syncro\/es\/producto\/multiple-manifold\/#primaryimage"},"thumbnailUrl":"https:\/\/syncro-group.com\/syncro\/wp-content\/uploads\/2020\/02\/20170502_111753.jpg","datePublished":"2020-02-12T16:54:27+00:00","dateModified":"2021-04-01T16:11:47+00:00","description":"MULTIPLE MANIFOLD with quick clamping system for easy pipe matching, along with the option of RFID sensors is providing a \"zero error\" material identification.","breadcrumb":{"@id":"https:\/\/syncro-group.com\/syncro\/es\/producto\/multiple-manifold\/#breadcrumb"},"inLanguage":"es","potentialAction":[{"@type":"ReadAction","target":["https:\/\/syncro-group.com\/syncro\/es\/producto\/multiple-manifold\/"]}]},{"@type":"ImageObject","inLanguage":"es","@id":"https:\/\/syncro-group.com\/syncro\/es\/producto\/multiple-manifold\/#primaryimage","url":"https:\/\/syncro-group.com\/syncro\/wp-content\/uploads\/2020\/02\/20170502_111753.jpg","contentUrl":"https:\/\/syncro-group.com\/syncro\/wp-content\/uploads\/2020\/02\/20170502_111753.jpg","width":2560,"height":1920,"caption":"stand alone conveying system"},{"@type":"BreadcrumbList","@id":"https:\/\/syncro-group.com\/syncro\/es\/producto\/multiple-manifold\/#breadcrumb","itemListElement":[{"@type":"ListItem","position":1,"name":"Home","item":"https:\/\/syncro-group.com\/syncro\/es\/"},{"@type":"ListItem","position":2,"name":"Products","item":"https:\/\/syncro-group.com\/syncro\/es\/products\/"},{"@type":"ListItem","position":3,"name":"Synet"}]},{"@type":"WebSite","@id":"https:\/\/syncro-group.com\/syncro\/es\/#website","url":"https:\/\/syncro-group.com\/syncro\/es\/","name":"Welcome to Syncro Group Website","description":"","potentialAction":[{"@type":"SearchAction","target":{"@type":"EntryPoint","urlTemplate":"https:\/\/syncro-group.com\/syncro\/es\/?s={search_term_string}"},"query-input":{"@type":"PropertyValueSpecification","valueRequired":true,"valueName":"search_term_string"}}],"inLanguage":"es"}]}},"_links":{"self":[{"href":"https:\/\/syncro-group.com\/syncro\/es\/wp-json\/wp\/v2\/product\/6248","targetHints":{"allow":["GET"]}}],"collection":[{"href":"https:\/\/syncro-group.com\/syncro\/es\/wp-json\/wp\/v2\/product"}],"about":[{"href":"https:\/\/syncro-group.com\/syncro\/es\/wp-json\/wp\/v2\/types\/product"}],"wp:featuredmedia":[{"embeddable":true,"href":"https:\/\/syncro-group.com\/syncro\/es\/wp-json\/wp\/v2\/media\/6250"}],"wp:attachment":[{"href":"https:\/\/syncro-group.com\/syncro\/es\/wp-json\/wp\/v2\/media?parent=6248"}],"wp:term":[{"taxonomy":"product_brand","embeddable":true,"href":"https:\/\/syncro-group.com\/syncro\/es\/wp-json\/wp\/v2\/product_brand?post=6248"},{"taxonomy":"product_cat","embeddable":true,"href":"https:\/\/syncro-group.com\/syncro\/es\/wp-json\/wp\/v2\/product_cat?post=6248"},{"taxonomy":"product_tag","embeddable":true,"href":"https:\/\/syncro-group.com\/syncro\/es\/wp-json\/wp\/v2\/product_tag?post=6248"}],"curies":[{"name":"wp","href":"https:\/\/api.w.org\/{rel}","templated":true}]}}