{"id":6262,"date":"2020-02-12T17:53:27","date_gmt":"2020-02-12T16:53:27","guid":{"rendered":"https:\/\/syncro-group.com\/syncro\/product\/conveying-system-sylink\/"},"modified":"2021-04-19T09:42:41","modified_gmt":"2021-04-19T07:42:41","slug":"conveying-system-sylink","status":"publish","type":"product","link":"https:\/\/syncro-group.com\/syncro\/es\/producto\/conveying-system-sylink\/","title":{"rendered":"Sylink"},"content":{"rendered":"<ul class=\"advantages\"><li>CONTROL INTEGRADO - SYLINK puede ser controlado por el panel HMI del dosificador SYNCRO<\/li><li>MOTOR SIN MANTENIMIENTO - SYLINK utiliza una bomba de canal lateral de una sola etapa que pr\u00e1cticamente no requiere mantenimiento.<\/li><li>F\u00c1CIL INSTALACI\u00d3N - SYLINK puede instalarse f\u00e1cilmente en cualquier l\u00ednea de extrusi\u00f3n, sustituyendo a las antiguas unidades de vac\u00edo<\/li><li>V\u00c1LVULA DE BY-PASS - SYLINK tiene una v\u00e1lvula de bypass que evita el arranque\/parada frecuente de la bomba aumentando la vida \u00fatil del motor y reduciendo el consumo de energ\u00eda.<\/li><li>FILTRO AUTOM\u00c1TICO - Como opci\u00f3n, SYLINK puede ser suministrado con un filtro de cartucho de poli\u00e9ster autolimpiable y un chorro de limpieza por impulsos de aire.<\/li><li>VERSI\u00d3N HT - SYLINK est\u00e1 disponible en versi\u00f3n HT para gestionar pol\u00edmeros calientes hasta 180\u00b0C mediante un intercambiador de calor de agua instalado en la unidad.<\/li><li>TAMA\u00d1OS Y PRESTACIONES Sylink est\u00e1 disponible en varios tama\u00f1os: 2,2 Kw - 3 Kw etapa simple 5,5 Kw - 11 Kw etapa doble 11 Kw etapa triple<\/li><\/ul>\n","protected":false},"excerpt":{"rendered":"<p class=\"p1\"><strong>SYLINK<\/strong> es un<strong> sistema centralizado de transporte de material<\/strong> que puede conectarse y gestionarse desde cualquiera de los sistemas de dosificaci\u00f3n de SYNCRO.<\/p>\n<p class=\"p1\"><strong>SYLINK<\/strong> <strong>es modular y compatible con cualquier tipo de soplante de canal lateral<\/strong>, por ejemplo, de una, dos o tres etapas, y est\u00e1 disponible con sistemas de filtrado manual o autom\u00e1tico y con los cargadores de tolva SYLOAD de Syncro.<br \/>\nLa soplante est\u00e1 conectada a los cargadores de tolva <strong>SYLOAD<\/strong> a trav\u00e9s de un anillo de vac\u00edo que realiza el transporte del material.<\/p>\n","protected":false},"featured_media":6279,"template":"","meta":{"_acf_changed":false},"product_brand":[],"product_cat":[562],"product_tag":[564,568,570,557,565,567,569,566,563,555],"class_list":{"0":"post-6262","1":"product","2":"type-product","3":"status-publish","4":"has-post-thumbnail","6":"product_cat-conveying-es","7":"product_tag-blown-film-es","8":"product_tag-centralized-loading-system-es","9":"product_tag-conveying-for-plastic-material-es","10":"product_tag-industry-4-0-es","11":"product_tag-opc-ua-es","12":"product_tag-pellet-loading-system-es","13":"product_tag-plastic-material-loaders-es","14":"product_tag-polymer-loading-system-es","15":"product_tag-reel-es","16":"product_tag-syncro-es","18":"first","19":"instock","20":"shipping-taxable","21":"product-type-simple"},"acf":[],"yoast_head":"<!-- This site is optimized with the Yoast SEO plugin v26.0 - https:\/\/yoast.com\/wordpress\/plugins\/seo\/ -->\n<title>Sylink - Welcome to Syncro Group Website<\/title>\n<meta name=\"description\" content=\"SYLINK is a vacuum unit range of products with different side channels pumps, available with manual or automatic filter to manage the conveying system.\" \/>\n<meta name=\"robots\" content=\"index, follow, max-snippet:-1, max-image-preview:large, max-video-preview:-1\" \/>\n<link rel=\"canonical\" href=\"https:\/\/syncro-group.com\/syncro\/es\/producto\/conveying-system-sylink\/\" \/>\n<meta property=\"og:locale\" content=\"es_ES\" \/>\n<meta property=\"og:type\" content=\"article\" \/>\n<meta property=\"og:title\" content=\"Sylink - Welcome to Syncro Group Website\" \/>\n<meta property=\"og:description\" content=\"SYLINK is a vacuum unit range of products with different side channels pumps, available with manual or automatic filter to manage the conveying system.\" \/>\n<meta property=\"og:url\" content=\"https:\/\/syncro-group.com\/syncro\/es\/producto\/conveying-system-sylink\/\" \/>\n<meta property=\"og:site_name\" content=\"Welcome to Syncro Group Website\" \/>\n<meta property=\"article:modified_time\" content=\"2021-04-19T07:42:41+00:00\" \/>\n<meta property=\"og:image\" content=\"https:\/\/syncro-group.com\/syncro\/wp-content\/uploads\/2020\/02\/Sylink_mono-quadrato-1024.jpg\" \/>\n\t<meta property=\"og:image:width\" content=\"1024\" \/>\n\t<meta property=\"og:image:height\" content=\"1024\" \/>\n\t<meta property=\"og:image:type\" content=\"image\/jpeg\" \/>\n<meta name=\"twitter:card\" content=\"summary_large_image\" \/>\n<script type=\"application\/ld+json\" class=\"yoast-schema-graph\">{\"@context\":\"https:\/\/schema.org\",\"@graph\":[{\"@type\":\"WebPage\",\"@id\":\"https:\/\/syncro-group.com\/syncro\/es\/producto\/conveying-system-sylink\/\",\"url\":\"https:\/\/syncro-group.com\/syncro\/es\/producto\/conveying-system-sylink\/\",\"name\":\"Sylink - Welcome to Syncro Group Website\",\"isPartOf\":{\"@id\":\"https:\/\/syncro-group.com\/syncro\/es\/#website\"},\"primaryImageOfPage\":{\"@id\":\"https:\/\/syncro-group.com\/syncro\/es\/producto\/conveying-system-sylink\/#primaryimage\"},\"image\":{\"@id\":\"https:\/\/syncro-group.com\/syncro\/es\/producto\/conveying-system-sylink\/#primaryimage\"},\"thumbnailUrl\":\"https:\/\/syncro-group.com\/syncro\/wp-content\/uploads\/2020\/02\/Sylink_mono-quadrato-1024.jpg\",\"datePublished\":\"2020-02-12T16:53:27+00:00\",\"dateModified\":\"2021-04-19T07:42:41+00:00\",\"description\":\"SYLINK is a vacuum unit range of products with different side channels pumps, available with manual or automatic filter to manage the conveying system.\",\"breadcrumb\":{\"@id\":\"https:\/\/syncro-group.com\/syncro\/es\/producto\/conveying-system-sylink\/#breadcrumb\"},\"inLanguage\":\"es\",\"potentialAction\":[{\"@type\":\"ReadAction\",\"target\":[\"https:\/\/syncro-group.com\/syncro\/es\/producto\/conveying-system-sylink\/\"]}]},{\"@type\":\"ImageObject\",\"inLanguage\":\"es\",\"@id\":\"https:\/\/syncro-group.com\/syncro\/es\/producto\/conveying-system-sylink\/#primaryimage\",\"url\":\"https:\/\/syncro-group.com\/syncro\/wp-content\/uploads\/2020\/02\/Sylink_mono-quadrato-1024.jpg\",\"contentUrl\":\"https:\/\/syncro-group.com\/syncro\/wp-content\/uploads\/2020\/02\/Sylink_mono-quadrato-1024.jpg\",\"width\":1024,\"height\":1024,\"caption\":\"Conveying System\"},{\"@type\":\"BreadcrumbList\",\"@id\":\"https:\/\/syncro-group.com\/syncro\/es\/producto\/conveying-system-sylink\/#breadcrumb\",\"itemListElement\":[{\"@type\":\"ListItem\",\"position\":1,\"name\":\"Home\",\"item\":\"https:\/\/syncro-group.com\/syncro\/es\/\"},{\"@type\":\"ListItem\",\"position\":2,\"name\":\"Products\",\"item\":\"https:\/\/syncro-group.com\/syncro\/es\/products\/\"},{\"@type\":\"ListItem\",\"position\":3,\"name\":\"Sylink\"}]},{\"@type\":\"WebSite\",\"@id\":\"https:\/\/syncro-group.com\/syncro\/es\/#website\",\"url\":\"https:\/\/syncro-group.com\/syncro\/es\/\",\"name\":\"Welcome to Syncro Group Website\",\"description\":\"\",\"potentialAction\":[{\"@type\":\"SearchAction\",\"target\":{\"@type\":\"EntryPoint\",\"urlTemplate\":\"https:\/\/syncro-group.com\/syncro\/es\/?s={search_term_string}\"},\"query-input\":{\"@type\":\"PropertyValueSpecification\",\"valueRequired\":true,\"valueName\":\"search_term_string\"}}],\"inLanguage\":\"es\"}]}<\/script>\n<!-- \/ Yoast SEO plugin. -->","yoast_head_json":{"title":"Sylink - Welcome to Syncro Group Website","description":"SYLINK is a vacuum unit range of products with different side channels pumps, available with manual or automatic filter to manage the conveying system.","robots":{"index":"index","follow":"follow","max-snippet":"max-snippet:-1","max-image-preview":"max-image-preview:large","max-video-preview":"max-video-preview:-1"},"canonical":"https:\/\/syncro-group.com\/syncro\/es\/producto\/conveying-system-sylink\/","og_locale":"es_ES","og_type":"article","og_title":"Sylink - Welcome to Syncro Group Website","og_description":"SYLINK is a vacuum unit range of products with different side channels pumps, available with manual or automatic filter to manage the conveying system.","og_url":"https:\/\/syncro-group.com\/syncro\/es\/producto\/conveying-system-sylink\/","og_site_name":"Welcome to Syncro Group Website","article_modified_time":"2021-04-19T07:42:41+00:00","og_image":[{"width":1024,"height":1024,"url":"https:\/\/syncro-group.com\/syncro\/wp-content\/uploads\/2020\/02\/Sylink_mono-quadrato-1024.jpg","type":"image\/jpeg"}],"twitter_card":"summary_large_image","schema":{"@context":"https:\/\/schema.org","@graph":[{"@type":"WebPage","@id":"https:\/\/syncro-group.com\/syncro\/es\/producto\/conveying-system-sylink\/","url":"https:\/\/syncro-group.com\/syncro\/es\/producto\/conveying-system-sylink\/","name":"Sylink - Welcome to Syncro Group Website","isPartOf":{"@id":"https:\/\/syncro-group.com\/syncro\/es\/#website"},"primaryImageOfPage":{"@id":"https:\/\/syncro-group.com\/syncro\/es\/producto\/conveying-system-sylink\/#primaryimage"},"image":{"@id":"https:\/\/syncro-group.com\/syncro\/es\/producto\/conveying-system-sylink\/#primaryimage"},"thumbnailUrl":"https:\/\/syncro-group.com\/syncro\/wp-content\/uploads\/2020\/02\/Sylink_mono-quadrato-1024.jpg","datePublished":"2020-02-12T16:53:27+00:00","dateModified":"2021-04-19T07:42:41+00:00","description":"SYLINK is a vacuum unit range of products with different side channels pumps, available with manual or automatic filter to manage the conveying system.","breadcrumb":{"@id":"https:\/\/syncro-group.com\/syncro\/es\/producto\/conveying-system-sylink\/#breadcrumb"},"inLanguage":"es","potentialAction":[{"@type":"ReadAction","target":["https:\/\/syncro-group.com\/syncro\/es\/producto\/conveying-system-sylink\/"]}]},{"@type":"ImageObject","inLanguage":"es","@id":"https:\/\/syncro-group.com\/syncro\/es\/producto\/conveying-system-sylink\/#primaryimage","url":"https:\/\/syncro-group.com\/syncro\/wp-content\/uploads\/2020\/02\/Sylink_mono-quadrato-1024.jpg","contentUrl":"https:\/\/syncro-group.com\/syncro\/wp-content\/uploads\/2020\/02\/Sylink_mono-quadrato-1024.jpg","width":1024,"height":1024,"caption":"Conveying System"},{"@type":"BreadcrumbList","@id":"https:\/\/syncro-group.com\/syncro\/es\/producto\/conveying-system-sylink\/#breadcrumb","itemListElement":[{"@type":"ListItem","position":1,"name":"Home","item":"https:\/\/syncro-group.com\/syncro\/es\/"},{"@type":"ListItem","position":2,"name":"Products","item":"https:\/\/syncro-group.com\/syncro\/es\/products\/"},{"@type":"ListItem","position":3,"name":"Sylink"}]},{"@type":"WebSite","@id":"https:\/\/syncro-group.com\/syncro\/es\/#website","url":"https:\/\/syncro-group.com\/syncro\/es\/","name":"Welcome to Syncro Group Website","description":"","potentialAction":[{"@type":"SearchAction","target":{"@type":"EntryPoint","urlTemplate":"https:\/\/syncro-group.com\/syncro\/es\/?s={search_term_string}"},"query-input":{"@type":"PropertyValueSpecification","valueRequired":true,"valueName":"search_term_string"}}],"inLanguage":"es"}]}},"_links":{"self":[{"href":"https:\/\/syncro-group.com\/syncro\/es\/wp-json\/wp\/v2\/product\/6262","targetHints":{"allow":["GET"]}}],"collection":[{"href":"https:\/\/syncro-group.com\/syncro\/es\/wp-json\/wp\/v2\/product"}],"about":[{"href":"https:\/\/syncro-group.com\/syncro\/es\/wp-json\/wp\/v2\/types\/product"}],"wp:featuredmedia":[{"embeddable":true,"href":"https:\/\/syncro-group.com\/syncro\/es\/wp-json\/wp\/v2\/media\/6279"}],"wp:attachment":[{"href":"https:\/\/syncro-group.com\/syncro\/es\/wp-json\/wp\/v2\/media?parent=6262"}],"wp:term":[{"taxonomy":"product_brand","embeddable":true,"href":"https:\/\/syncro-group.com\/syncro\/es\/wp-json\/wp\/v2\/product_brand?post=6262"},{"taxonomy":"product_cat","embeddable":true,"href":"https:\/\/syncro-group.com\/syncro\/es\/wp-json\/wp\/v2\/product_cat?post=6262"},{"taxonomy":"product_tag","embeddable":true,"href":"https:\/\/syncro-group.com\/syncro\/es\/wp-json\/wp\/v2\/product_tag?post=6262"}],"curies":[{"name":"wp","href":"https:\/\/api.w.org\/{rel}","templated":true}]}}