{"id":6282,"date":"2020-02-12T17:51:56","date_gmt":"2020-02-12T16:51:56","guid":{"rendered":"https:\/\/syncro-group.com\/syncro\/product\/syvol-volumetric-dosing-unit\/"},"modified":"2021-04-19T11:34:45","modified_gmt":"2021-04-19T09:34:45","slug":"syvol-volumetric-dosing-unit","status":"publish","type":"product","link":"https:\/\/syncro-group.com\/syncro\/es\/producto\/syvol-volumetric-dosing-unit\/","title":{"rendered":"Syvol"},"content":{"rendered":"<ul class=\"advantages\"><li>La unidad de dosificaci\u00f3n est\u00e1 montada sobre un eje inclinado para garantizar un llenado \u00f3ptimo del tornillo<\/li><li>Sistema de cambio r\u00e1pido del tornillo para facilitar la limpieza y el mantenimiento<\/li><li>Varios kits de tornillos disponibles para rendimientos de hasta 1000 Kg\/h<\/li><li>Motor de tornillo dosificador as\u00edncrono trif\u00e1sico servo-ventilado (Brushless es opcional)<\/li><li>F\u00e1cil muestreo de la salida del tornillo a trav\u00e9s de una compuerta lateral<\/li><li>Sistema de liberaci\u00f3n r\u00e1pida del material (opcional)<\/li><li>Tolva de material de acero inoxidable<\/li><li>Tapa superior para proteger la carcasa, tambi\u00e9n permite la futura instalaci\u00f3n de un alimentador<\/li><li>Alarma de falta de material mediante sensor capacitivo (opcional)<\/li><li>Versi\u00f3n opcional de alta temperatura disponible<\/li><\/ul>\n","protected":false},"excerpt":{"rendered":"<p><strong>SYVOL<\/strong> es un <strong>dosificador volum\u00e9trico<\/strong> para la dosificaci\u00f3n de gr\u00e1nulos o materiales granulados.<br \/>\nSencillo y vers\u00e1til, <strong>SYVOL es adecuado para todos los procesos de extrusi\u00f3n<\/strong> que requieran una dosificaci\u00f3n volum\u00e9trica repetitiva y precisa de aditivos, masterbatch o materiales rectificados.<br \/>\n<strong>SYVOL<\/strong> se c<strong>ontrola mediante una HMI<\/strong> sencilla e intuitiva que tambi\u00e9n ofrece la posibilidad de almacenar recetas de dosificaci\u00f3n de trabajos basados en diferentes granulometr\u00edas y densidades de materiales.<\/p>\n<p>El material se alimenta a trav\u00e9s de un tornillo dosificador accionado por un motor as\u00edncrono que garantiza un alto nivel de estabilidad y precisi\u00f3n.<\/p>\n<p>El rendimiento es directamente proporcional a las revoluciones del motor y est\u00e1 gestionado por un inversor situado en el panel de control de la unidad de dosificaci\u00f3n.<\/p>\n","protected":false},"featured_media":6290,"template":"","meta":{"_acf_changed":false},"product_brand":[],"product_cat":[585],"product_tag":[591,619,653,651,611,555,652,650,609],"class_list":{"0":"post-6282","1":"product","2":"type-product","3":"status-publish","4":"has-post-thumbnail","6":"product_cat-dosing-es","7":"product_tag-extrusion-processes-es","8":"product_tag-granule-and-pellet-dosing-es","9":"product_tag-masterbatch-es","10":"product_tag-re-grinded-materials-es","11":"product_tag-syncro-es-2","12":"product_tag-syncro-es","13":"product_tag-volumetric-dosing-for-additives-es","14":"product_tag-volumetric-dosing-unit-es","15":"product_tag-weight-extrusion-blender-es","17":"first","18":"instock","19":"shipping-taxable","20":"product-type-simple"},"acf":[],"yoast_head":"<!-- This site is optimized with the Yoast SEO plugin v26.0 - https:\/\/yoast.com\/wordpress\/plugins\/seo\/ -->\n<title>Syvol - Welcome to Syncro Group Website<\/title>\n<meta name=\"description\" content=\"SYVOL is a volumetric dosing unit suitable for all extrusion processes which require volumetric dosing of additives, masterbatch or granulated materials.\" \/>\n<meta name=\"robots\" content=\"index, follow, max-snippet:-1, max-image-preview:large, max-video-preview:-1\" \/>\n<link rel=\"canonical\" href=\"https:\/\/syncro-group.com\/syncro\/es\/producto\/syvol-volumetric-dosing-unit\/\" \/>\n<meta property=\"og:locale\" content=\"es_ES\" \/>\n<meta property=\"og:type\" content=\"article\" \/>\n<meta property=\"og:title\" content=\"Syvol - Welcome to Syncro Group Website\" \/>\n<meta property=\"og:description\" content=\"SYVOL is a volumetric dosing unit suitable for all extrusion processes which require volumetric dosing of additives, masterbatch or granulated materials.\" \/>\n<meta property=\"og:url\" content=\"https:\/\/syncro-group.com\/syncro\/es\/producto\/syvol-volumetric-dosing-unit\/\" \/>\n<meta property=\"og:site_name\" content=\"Welcome to Syncro Group Website\" \/>\n<meta property=\"article:modified_time\" content=\"2021-04-19T09:34:45+00:00\" \/>\n<meta property=\"og:image\" content=\"https:\/\/syncro-group.com\/syncro\/wp-content\/uploads\/2020\/02\/Syvol-quadrato-1024.jpg\" \/>\n\t<meta property=\"og:image:width\" content=\"1024\" \/>\n\t<meta property=\"og:image:height\" content=\"1024\" \/>\n\t<meta property=\"og:image:type\" content=\"image\/jpeg\" \/>\n<meta name=\"twitter:card\" content=\"summary_large_image\" \/>\n<script type=\"application\/ld+json\" class=\"yoast-schema-graph\">{\"@context\":\"https:\/\/schema.org\",\"@graph\":[{\"@type\":\"WebPage\",\"@id\":\"https:\/\/syncro-group.com\/syncro\/es\/producto\/syvol-volumetric-dosing-unit\/\",\"url\":\"https:\/\/syncro-group.com\/syncro\/es\/producto\/syvol-volumetric-dosing-unit\/\",\"name\":\"Syvol - Welcome to Syncro Group Website\",\"isPartOf\":{\"@id\":\"https:\/\/syncro-group.com\/syncro\/es\/#website\"},\"primaryImageOfPage\":{\"@id\":\"https:\/\/syncro-group.com\/syncro\/es\/producto\/syvol-volumetric-dosing-unit\/#primaryimage\"},\"image\":{\"@id\":\"https:\/\/syncro-group.com\/syncro\/es\/producto\/syvol-volumetric-dosing-unit\/#primaryimage\"},\"thumbnailUrl\":\"https:\/\/syncro-group.com\/syncro\/wp-content\/uploads\/2020\/02\/Syvol-quadrato-1024.jpg\",\"datePublished\":\"2020-02-12T16:51:56+00:00\",\"dateModified\":\"2021-04-19T09:34:45+00:00\",\"description\":\"SYVOL is a volumetric dosing unit suitable for all extrusion processes which require volumetric dosing of additives, masterbatch or granulated materials.\",\"breadcrumb\":{\"@id\":\"https:\/\/syncro-group.com\/syncro\/es\/producto\/syvol-volumetric-dosing-unit\/#breadcrumb\"},\"inLanguage\":\"es\",\"potentialAction\":[{\"@type\":\"ReadAction\",\"target\":[\"https:\/\/syncro-group.com\/syncro\/es\/producto\/syvol-volumetric-dosing-unit\/\"]}]},{\"@type\":\"ImageObject\",\"inLanguage\":\"es\",\"@id\":\"https:\/\/syncro-group.com\/syncro\/es\/producto\/syvol-volumetric-dosing-unit\/#primaryimage\",\"url\":\"https:\/\/syncro-group.com\/syncro\/wp-content\/uploads\/2020\/02\/Syvol-quadrato-1024.jpg\",\"contentUrl\":\"https:\/\/syncro-group.com\/syncro\/wp-content\/uploads\/2020\/02\/Syvol-quadrato-1024.jpg\",\"width\":1024,\"height\":1024,\"caption\":\"Dosing System\"},{\"@type\":\"BreadcrumbList\",\"@id\":\"https:\/\/syncro-group.com\/syncro\/es\/producto\/syvol-volumetric-dosing-unit\/#breadcrumb\",\"itemListElement\":[{\"@type\":\"ListItem\",\"position\":1,\"name\":\"Home\",\"item\":\"https:\/\/syncro-group.com\/syncro\/es\/\"},{\"@type\":\"ListItem\",\"position\":2,\"name\":\"Products\",\"item\":\"https:\/\/syncro-group.com\/syncro\/es\/products\/\"},{\"@type\":\"ListItem\",\"position\":3,\"name\":\"Syvol\"}]},{\"@type\":\"WebSite\",\"@id\":\"https:\/\/syncro-group.com\/syncro\/es\/#website\",\"url\":\"https:\/\/syncro-group.com\/syncro\/es\/\",\"name\":\"Welcome to Syncro Group Website\",\"description\":\"\",\"potentialAction\":[{\"@type\":\"SearchAction\",\"target\":{\"@type\":\"EntryPoint\",\"urlTemplate\":\"https:\/\/syncro-group.com\/syncro\/es\/?s={search_term_string}\"},\"query-input\":{\"@type\":\"PropertyValueSpecification\",\"valueRequired\":true,\"valueName\":\"search_term_string\"}}],\"inLanguage\":\"es\"}]}<\/script>\n<!-- \/ Yoast SEO plugin. -->","yoast_head_json":{"title":"Syvol - Welcome to Syncro Group Website","description":"SYVOL is a volumetric dosing unit suitable for all extrusion processes which require volumetric dosing of additives, masterbatch or granulated materials.","robots":{"index":"index","follow":"follow","max-snippet":"max-snippet:-1","max-image-preview":"max-image-preview:large","max-video-preview":"max-video-preview:-1"},"canonical":"https:\/\/syncro-group.com\/syncro\/es\/producto\/syvol-volumetric-dosing-unit\/","og_locale":"es_ES","og_type":"article","og_title":"Syvol - Welcome to Syncro Group Website","og_description":"SYVOL is a volumetric dosing unit suitable for all extrusion processes which require volumetric dosing of additives, masterbatch or granulated materials.","og_url":"https:\/\/syncro-group.com\/syncro\/es\/producto\/syvol-volumetric-dosing-unit\/","og_site_name":"Welcome to Syncro Group Website","article_modified_time":"2021-04-19T09:34:45+00:00","og_image":[{"width":1024,"height":1024,"url":"https:\/\/syncro-group.com\/syncro\/wp-content\/uploads\/2020\/02\/Syvol-quadrato-1024.jpg","type":"image\/jpeg"}],"twitter_card":"summary_large_image","schema":{"@context":"https:\/\/schema.org","@graph":[{"@type":"WebPage","@id":"https:\/\/syncro-group.com\/syncro\/es\/producto\/syvol-volumetric-dosing-unit\/","url":"https:\/\/syncro-group.com\/syncro\/es\/producto\/syvol-volumetric-dosing-unit\/","name":"Syvol - Welcome to Syncro Group Website","isPartOf":{"@id":"https:\/\/syncro-group.com\/syncro\/es\/#website"},"primaryImageOfPage":{"@id":"https:\/\/syncro-group.com\/syncro\/es\/producto\/syvol-volumetric-dosing-unit\/#primaryimage"},"image":{"@id":"https:\/\/syncro-group.com\/syncro\/es\/producto\/syvol-volumetric-dosing-unit\/#primaryimage"},"thumbnailUrl":"https:\/\/syncro-group.com\/syncro\/wp-content\/uploads\/2020\/02\/Syvol-quadrato-1024.jpg","datePublished":"2020-02-12T16:51:56+00:00","dateModified":"2021-04-19T09:34:45+00:00","description":"SYVOL is a volumetric dosing unit suitable for all extrusion processes which require volumetric dosing of additives, masterbatch or granulated materials.","breadcrumb":{"@id":"https:\/\/syncro-group.com\/syncro\/es\/producto\/syvol-volumetric-dosing-unit\/#breadcrumb"},"inLanguage":"es","potentialAction":[{"@type":"ReadAction","target":["https:\/\/syncro-group.com\/syncro\/es\/producto\/syvol-volumetric-dosing-unit\/"]}]},{"@type":"ImageObject","inLanguage":"es","@id":"https:\/\/syncro-group.com\/syncro\/es\/producto\/syvol-volumetric-dosing-unit\/#primaryimage","url":"https:\/\/syncro-group.com\/syncro\/wp-content\/uploads\/2020\/02\/Syvol-quadrato-1024.jpg","contentUrl":"https:\/\/syncro-group.com\/syncro\/wp-content\/uploads\/2020\/02\/Syvol-quadrato-1024.jpg","width":1024,"height":1024,"caption":"Dosing System"},{"@type":"BreadcrumbList","@id":"https:\/\/syncro-group.com\/syncro\/es\/producto\/syvol-volumetric-dosing-unit\/#breadcrumb","itemListElement":[{"@type":"ListItem","position":1,"name":"Home","item":"https:\/\/syncro-group.com\/syncro\/es\/"},{"@type":"ListItem","position":2,"name":"Products","item":"https:\/\/syncro-group.com\/syncro\/es\/products\/"},{"@type":"ListItem","position":3,"name":"Syvol"}]},{"@type":"WebSite","@id":"https:\/\/syncro-group.com\/syncro\/es\/#website","url":"https:\/\/syncro-group.com\/syncro\/es\/","name":"Welcome to Syncro Group Website","description":"","potentialAction":[{"@type":"SearchAction","target":{"@type":"EntryPoint","urlTemplate":"https:\/\/syncro-group.com\/syncro\/es\/?s={search_term_string}"},"query-input":{"@type":"PropertyValueSpecification","valueRequired":true,"valueName":"search_term_string"}}],"inLanguage":"es"}]}},"_links":{"self":[{"href":"https:\/\/syncro-group.com\/syncro\/es\/wp-json\/wp\/v2\/product\/6282","targetHints":{"allow":["GET"]}}],"collection":[{"href":"https:\/\/syncro-group.com\/syncro\/es\/wp-json\/wp\/v2\/product"}],"about":[{"href":"https:\/\/syncro-group.com\/syncro\/es\/wp-json\/wp\/v2\/types\/product"}],"wp:featuredmedia":[{"embeddable":true,"href":"https:\/\/syncro-group.com\/syncro\/es\/wp-json\/wp\/v2\/media\/6290"}],"wp:attachment":[{"href":"https:\/\/syncro-group.com\/syncro\/es\/wp-json\/wp\/v2\/media?parent=6282"}],"wp:term":[{"taxonomy":"product_brand","embeddable":true,"href":"https:\/\/syncro-group.com\/syncro\/es\/wp-json\/wp\/v2\/product_brand?post=6282"},{"taxonomy":"product_cat","embeddable":true,"href":"https:\/\/syncro-group.com\/syncro\/es\/wp-json\/wp\/v2\/product_cat?post=6282"},{"taxonomy":"product_tag","embeddable":true,"href":"https:\/\/syncro-group.com\/syncro\/es\/wp-json\/wp\/v2\/product_tag?post=6282"}],"curies":[{"name":"wp","href":"https:\/\/api.w.org\/{rel}","templated":true}]}}