{"id":6306,"date":"2020-02-12T17:49:42","date_gmt":"2020-02-12T16:49:42","guid":{"rendered":"https:\/\/syncro-group.com\/syncro\/product\/off-line-gravimetric-blender-gygablend\/"},"modified":"2021-04-19T11:21:38","modified_gmt":"2021-04-19T09:21:38","slug":"off-line-gravimetric-blender-gygablend","status":"publish","type":"product","link":"https:\/\/syncro-group.com\/syncro\/es\/producto\/off-line-gravimetric-blender-gygablend\/","title":{"rendered":"Gygablend"},"content":{"rendered":"<ul class=\"advantages\"><li>LIMPIEZA R\u00c1PIDA - GYgablend tiene todas las tolvas gravim\u00e9tricas de componentes laterales f\u00e1cilmente drenables, por lo que la limpieza de la mezcladora y el cambio de producci\u00f3n nunca han sido tan r\u00e1pidos y f\u00e1ciles para el operador.<\/li><li>MEZCLA - Gracias a la combinaci\u00f3n entre la dosificaci\u00f3n simult\u00e1nea de todos los componentes y el mezclador vertical de dise\u00f1o especial, GYgablend garantiza una mezcla excelente.<\/li><li>HMI - GYgablend tiene su propia pantalla t\u00e1ctil de 5,7\" (con 7\" - 10,4\" disponibles) desde la que el operador puede ajustar f\u00e1cilmente los par\u00e1metros, calibrar la c\u00e9lula de carga y comprobar las alarmas.<\/li><li>ASISTENCIA REMOTA - Se instala VNC para permitir una f\u00e1cil supervisi\u00f3n y asistencia remota a trav\u00e9s de una conexi\u00f3n a Internet \/ ethernet.<\/li><li>NEUM\u00c1TICA - Los componentes neum\u00e1ticos digitales de primera calidad se conectan directamente a trav\u00e9s de un puerto serie al PLC para que la instalaci\u00f3n sea lo m\u00e1s sencilla posible y para permitir la localizaci\u00f3n de aver\u00edas. Gracias a esta soluci\u00f3n modular, cualquier actualizaci\u00f3n futura garantiza la opci\u00f3n de aumentar el n\u00famero de componentes.<\/li><li>SISTEMA DE TRANSPORTE - Gygablend puede suministrarse junto con un sistema de transporte centralizado integrado controlado por el mismo PLC de la mezcladora.<\/li><li>MODULARIDAD - Gracias a su dise\u00f1o, Gygablend puede actualizarse en el futuro para permitir la posibilidad de dosificar componentes adicionales, hasta un m\u00e1ximo de 6 componentes.<\/li><li>PLC, INDUSTRIA 4.0 Y IOT - Gygablend dispone de un PLC con protocolo UPC\/UA embebido. Esta soluci\u00f3n hace que cada licuadora sea modular y est\u00e9 preparada para la Industria 4.0.<\/li><\/ul>\n","protected":false},"excerpt":{"rendered":"<p class=\"p1\"><strong>GYGABLEND<\/strong> es el \u00fanico mezclador gravim\u00e9trico de p\u00e9rdida de peso fuera de l\u00ednea dise\u00f1ado para dosificar m\u00faltiples componentes simult\u00e1neamente para todos los procesos en los que una mezcla homog\u00e9nea es fundamental para conseguir un producto final excelente. Est\u00e1 dise\u00f1ado para dosificar desde lotes peque\u00f1os a muy grandes en los que se requiere una gran producci\u00f3n.<\/p>\n<p class=\"p1\">Cada tolva y material se pesa mediante c\u00e9lulas de carga descentradas. Gracias a esta caracter\u00edstica, todos los componentes se dosifican al mismo tiempo para alcanzar el valor de consigna del lote. El resultado es un enorme aumento de la velocidad de dosificaci\u00f3n y una mayor producci\u00f3n en comparaci\u00f3n con los mezcladores de lotes tradicionales de aumento de peso.<\/p>\n","protected":false},"featured_media":6324,"template":"","meta":{"_acf_changed":false},"product_brand":[],"product_cat":[585],"product_tag":[564,572,621,620,623,619,654,557,558,622,586,624,565,556,563,618,555],"class_list":{"0":"post-6306","1":"product","2":"type-product","3":"status-publish","4":"has-post-thumbnail","6":"product_cat-dosing-es","7":"product_tag-blown-film-es","8":"product_tag-extrusion-line-es","9":"product_tag-extrusion-output-control-es","10":"product_tag-flake-dosing-es","11":"product_tag-gram-per-meter-control-es","12":"product_tag-granule-and-pellet-dosing-es","13":"product_tag-gravimetric-batch-blender-es","14":"product_tag-industry-4-0-es","15":"product_tag-iot-es","16":"product_tag-layers-control-es","17":"product_tag-loss-in-weight-es","18":"product_tag-loss-in-weight-dosing-system-es","19":"product_tag-opc-ua-es","20":"product_tag-plastic-film-es","21":"product_tag-reel-es","22":"product_tag-sheet-dosing-es","23":"product_tag-syncro-es","25":"first","26":"instock","27":"shipping-taxable","28":"product-type-simple"},"acf":[],"yoast_head":"<!-- This site is optimized with the Yoast SEO plugin v26.0 - https:\/\/yoast.com\/wordpress\/plugins\/seo\/ -->\n<title>Gygablend - Welcome to Syncro Group Website<\/title>\n<meta name=\"description\" content=\"GYGABLEND is the unique off-line gravimetric batch blender designed for all processes where huge outputs are required while retaining an homogenous mix.\" \/>\n<meta name=\"robots\" content=\"index, follow, max-snippet:-1, max-image-preview:large, max-video-preview:-1\" \/>\n<link rel=\"canonical\" href=\"https:\/\/syncro-group.com\/syncro\/es\/producto\/off-line-gravimetric-blender-gygablend\/\" \/>\n<meta property=\"og:locale\" content=\"es_ES\" \/>\n<meta property=\"og:type\" content=\"article\" \/>\n<meta property=\"og:title\" content=\"Gygablend - Welcome to Syncro Group Website\" \/>\n<meta property=\"og:description\" content=\"GYGABLEND is the unique off-line gravimetric batch blender designed for all processes where huge outputs are required while retaining an homogenous mix.\" \/>\n<meta property=\"og:url\" content=\"https:\/\/syncro-group.com\/syncro\/es\/producto\/off-line-gravimetric-blender-gygablend\/\" \/>\n<meta property=\"og:site_name\" content=\"Welcome to Syncro Group Website\" \/>\n<meta property=\"article:modified_time\" content=\"2021-04-19T09:21:38+00:00\" \/>\n<meta property=\"og:image\" content=\"https:\/\/syncro-group.com\/syncro\/wp-content\/uploads\/2020\/02\/Gygablend-quadrato-1024.jpg\" \/>\n\t<meta property=\"og:image:width\" content=\"1024\" \/>\n\t<meta property=\"og:image:height\" content=\"1024\" \/>\n\t<meta property=\"og:image:type\" content=\"image\/jpeg\" \/>\n<meta name=\"twitter:card\" content=\"summary_large_image\" \/>\n<script type=\"application\/ld+json\" class=\"yoast-schema-graph\">{\"@context\":\"https:\/\/schema.org\",\"@graph\":[{\"@type\":\"WebPage\",\"@id\":\"https:\/\/syncro-group.com\/syncro\/es\/producto\/off-line-gravimetric-blender-gygablend\/\",\"url\":\"https:\/\/syncro-group.com\/syncro\/es\/producto\/off-line-gravimetric-blender-gygablend\/\",\"name\":\"Gygablend - Welcome to Syncro Group Website\",\"isPartOf\":{\"@id\":\"https:\/\/syncro-group.com\/syncro\/es\/#website\"},\"primaryImageOfPage\":{\"@id\":\"https:\/\/syncro-group.com\/syncro\/es\/producto\/off-line-gravimetric-blender-gygablend\/#primaryimage\"},\"image\":{\"@id\":\"https:\/\/syncro-group.com\/syncro\/es\/producto\/off-line-gravimetric-blender-gygablend\/#primaryimage\"},\"thumbnailUrl\":\"https:\/\/syncro-group.com\/syncro\/wp-content\/uploads\/2020\/02\/Gygablend-quadrato-1024.jpg\",\"datePublished\":\"2020-02-12T16:49:42+00:00\",\"dateModified\":\"2021-04-19T09:21:38+00:00\",\"description\":\"GYGABLEND is the unique off-line gravimetric batch blender designed for all processes where huge outputs are required while retaining an homogenous mix.\",\"breadcrumb\":{\"@id\":\"https:\/\/syncro-group.com\/syncro\/es\/producto\/off-line-gravimetric-blender-gygablend\/#breadcrumb\"},\"inLanguage\":\"es\",\"potentialAction\":[{\"@type\":\"ReadAction\",\"target\":[\"https:\/\/syncro-group.com\/syncro\/es\/producto\/off-line-gravimetric-blender-gygablend\/\"]}]},{\"@type\":\"ImageObject\",\"inLanguage\":\"es\",\"@id\":\"https:\/\/syncro-group.com\/syncro\/es\/producto\/off-line-gravimetric-blender-gygablend\/#primaryimage\",\"url\":\"https:\/\/syncro-group.com\/syncro\/wp-content\/uploads\/2020\/02\/Gygablend-quadrato-1024.jpg\",\"contentUrl\":\"https:\/\/syncro-group.com\/syncro\/wp-content\/uploads\/2020\/02\/Gygablend-quadrato-1024.jpg\",\"width\":1024,\"height\":1024,\"caption\":\"Dosing System\"},{\"@type\":\"BreadcrumbList\",\"@id\":\"https:\/\/syncro-group.com\/syncro\/es\/producto\/off-line-gravimetric-blender-gygablend\/#breadcrumb\",\"itemListElement\":[{\"@type\":\"ListItem\",\"position\":1,\"name\":\"Home\",\"item\":\"https:\/\/syncro-group.com\/syncro\/es\/\"},{\"@type\":\"ListItem\",\"position\":2,\"name\":\"Products\",\"item\":\"https:\/\/syncro-group.com\/syncro\/es\/products\/\"},{\"@type\":\"ListItem\",\"position\":3,\"name\":\"Gygablend\"}]},{\"@type\":\"WebSite\",\"@id\":\"https:\/\/syncro-group.com\/syncro\/es\/#website\",\"url\":\"https:\/\/syncro-group.com\/syncro\/es\/\",\"name\":\"Welcome to Syncro Group Website\",\"description\":\"\",\"potentialAction\":[{\"@type\":\"SearchAction\",\"target\":{\"@type\":\"EntryPoint\",\"urlTemplate\":\"https:\/\/syncro-group.com\/syncro\/es\/?s={search_term_string}\"},\"query-input\":{\"@type\":\"PropertyValueSpecification\",\"valueRequired\":true,\"valueName\":\"search_term_string\"}}],\"inLanguage\":\"es\"}]}<\/script>\n<!-- \/ Yoast SEO plugin. -->","yoast_head_json":{"title":"Gygablend - Welcome to Syncro Group Website","description":"GYGABLEND is the unique off-line gravimetric batch blender designed for all processes where huge outputs are required while retaining an homogenous mix.","robots":{"index":"index","follow":"follow","max-snippet":"max-snippet:-1","max-image-preview":"max-image-preview:large","max-video-preview":"max-video-preview:-1"},"canonical":"https:\/\/syncro-group.com\/syncro\/es\/producto\/off-line-gravimetric-blender-gygablend\/","og_locale":"es_ES","og_type":"article","og_title":"Gygablend - Welcome to Syncro Group Website","og_description":"GYGABLEND is the unique off-line gravimetric batch blender designed for all processes where huge outputs are required while retaining an homogenous mix.","og_url":"https:\/\/syncro-group.com\/syncro\/es\/producto\/off-line-gravimetric-blender-gygablend\/","og_site_name":"Welcome to Syncro Group Website","article_modified_time":"2021-04-19T09:21:38+00:00","og_image":[{"width":1024,"height":1024,"url":"https:\/\/syncro-group.com\/syncro\/wp-content\/uploads\/2020\/02\/Gygablend-quadrato-1024.jpg","type":"image\/jpeg"}],"twitter_card":"summary_large_image","schema":{"@context":"https:\/\/schema.org","@graph":[{"@type":"WebPage","@id":"https:\/\/syncro-group.com\/syncro\/es\/producto\/off-line-gravimetric-blender-gygablend\/","url":"https:\/\/syncro-group.com\/syncro\/es\/producto\/off-line-gravimetric-blender-gygablend\/","name":"Gygablend - Welcome to Syncro Group Website","isPartOf":{"@id":"https:\/\/syncro-group.com\/syncro\/es\/#website"},"primaryImageOfPage":{"@id":"https:\/\/syncro-group.com\/syncro\/es\/producto\/off-line-gravimetric-blender-gygablend\/#primaryimage"},"image":{"@id":"https:\/\/syncro-group.com\/syncro\/es\/producto\/off-line-gravimetric-blender-gygablend\/#primaryimage"},"thumbnailUrl":"https:\/\/syncro-group.com\/syncro\/wp-content\/uploads\/2020\/02\/Gygablend-quadrato-1024.jpg","datePublished":"2020-02-12T16:49:42+00:00","dateModified":"2021-04-19T09:21:38+00:00","description":"GYGABLEND is the unique off-line gravimetric batch blender designed for all processes where huge outputs are required while retaining an homogenous mix.","breadcrumb":{"@id":"https:\/\/syncro-group.com\/syncro\/es\/producto\/off-line-gravimetric-blender-gygablend\/#breadcrumb"},"inLanguage":"es","potentialAction":[{"@type":"ReadAction","target":["https:\/\/syncro-group.com\/syncro\/es\/producto\/off-line-gravimetric-blender-gygablend\/"]}]},{"@type":"ImageObject","inLanguage":"es","@id":"https:\/\/syncro-group.com\/syncro\/es\/producto\/off-line-gravimetric-blender-gygablend\/#primaryimage","url":"https:\/\/syncro-group.com\/syncro\/wp-content\/uploads\/2020\/02\/Gygablend-quadrato-1024.jpg","contentUrl":"https:\/\/syncro-group.com\/syncro\/wp-content\/uploads\/2020\/02\/Gygablend-quadrato-1024.jpg","width":1024,"height":1024,"caption":"Dosing System"},{"@type":"BreadcrumbList","@id":"https:\/\/syncro-group.com\/syncro\/es\/producto\/off-line-gravimetric-blender-gygablend\/#breadcrumb","itemListElement":[{"@type":"ListItem","position":1,"name":"Home","item":"https:\/\/syncro-group.com\/syncro\/es\/"},{"@type":"ListItem","position":2,"name":"Products","item":"https:\/\/syncro-group.com\/syncro\/es\/products\/"},{"@type":"ListItem","position":3,"name":"Gygablend"}]},{"@type":"WebSite","@id":"https:\/\/syncro-group.com\/syncro\/es\/#website","url":"https:\/\/syncro-group.com\/syncro\/es\/","name":"Welcome to Syncro Group Website","description":"","potentialAction":[{"@type":"SearchAction","target":{"@type":"EntryPoint","urlTemplate":"https:\/\/syncro-group.com\/syncro\/es\/?s={search_term_string}"},"query-input":{"@type":"PropertyValueSpecification","valueRequired":true,"valueName":"search_term_string"}}],"inLanguage":"es"}]}},"_links":{"self":[{"href":"https:\/\/syncro-group.com\/syncro\/es\/wp-json\/wp\/v2\/product\/6306","targetHints":{"allow":["GET"]}}],"collection":[{"href":"https:\/\/syncro-group.com\/syncro\/es\/wp-json\/wp\/v2\/product"}],"about":[{"href":"https:\/\/syncro-group.com\/syncro\/es\/wp-json\/wp\/v2\/types\/product"}],"wp:featuredmedia":[{"embeddable":true,"href":"https:\/\/syncro-group.com\/syncro\/es\/wp-json\/wp\/v2\/media\/6324"}],"wp:attachment":[{"href":"https:\/\/syncro-group.com\/syncro\/es\/wp-json\/wp\/v2\/media?parent=6306"}],"wp:term":[{"taxonomy":"product_brand","embeddable":true,"href":"https:\/\/syncro-group.com\/syncro\/es\/wp-json\/wp\/v2\/product_brand?post=6306"},{"taxonomy":"product_cat","embeddable":true,"href":"https:\/\/syncro-group.com\/syncro\/es\/wp-json\/wp\/v2\/product_cat?post=6306"},{"taxonomy":"product_tag","embeddable":true,"href":"https:\/\/syncro-group.com\/syncro\/es\/wp-json\/wp\/v2\/product_tag?post=6306"}],"curies":[{"name":"wp","href":"https:\/\/api.w.org\/{rel}","templated":true}]}}