{"id":6327,"date":"2020-02-12T17:49:00","date_gmt":"2020-02-12T16:49:00","guid":{"rendered":"https:\/\/syncro-group.com\/syncro\/product\/gravimetric_blender_syblend\/"},"modified":"2021-04-19T12:47:41","modified_gmt":"2021-04-19T10:47:41","slug":"gravimetric_blender_syblend","status":"publish","type":"product","link":"https:\/\/syncro-group.com\/syncro\/es\/producto\/gravimetric_blender_syblend\/","title":{"rendered":"Syblend"},"content":{"rendered":"<ul class=\"advantages\"><li>LIMPIEZA - Todos los componentes de SYBLEND tienen tolvas gravim\u00e9tricas extra\u00edbles, por lo que la limpieza de la mezcladora y el cambio de producci\u00f3n nunca han sido tan r\u00e1pidos y f\u00e1ciles para el operador.<\/li><li>PRECISI\u00d3N Y VIBRACI\u00d3N - SYBLEND tiene 2 c\u00e9lulas de carga para cada componente para anular la vibraci\u00f3n, lo que le permite lograr una mejor estabilidad y mejorar la precisi\u00f3n de la dosificaci\u00f3n. Todas las c\u00e9lulas de carga est\u00e1n protegidas para evitar cualquier posible da\u00f1o.<\/li><li>HMI - Cada mezclador dispone de su propia pantalla t\u00e1ctil HMI que permite al operador ajustar f\u00e1cilmente los par\u00e1metros, calibrar las c\u00e9lulas de carga y comprobar las alarmas. Se ha instalado VNC para permitir una f\u00e1cil supervisi\u00f3n remota a trav\u00e9s de una conexi\u00f3n a Internet\/ethernet.<\/li><li>PLC, INDUSTRIA 4.0 Y IOT - SYBLEND dispone de un PLC con protocolo UPC\/UA integrado. Esta soluci\u00f3n hace que cada mezcladora sea modular y est\u00e9 preparada para la Industria 4.0<\/li><li>SISTEMA DE TRANSPORTE - SYblend puede suministrarse junto con un sistema de transporte centralizado integrado controlado por el mismo PLC que el mezclador.<\/li><li><\/li><li><\/li><li><\/li><li><\/li><li><\/li><li><\/li><\/ul>\n","protected":false},"excerpt":{"rendered":"<p class=\"p1\"><strong>SYBLEND<\/strong> es un <strong>mezclador gravim\u00e9trico de p\u00e9rdida de peso continuo<\/strong> dise\u00f1ado para mezclar m\u00faltiples componentes simult\u00e1neamente, ideal para diferentes procesos de producci\u00f3n en los que la <strong>homogeneidad<\/strong> de la mezcla es fundamental para conseguir productos de calidad.<br \/>\n<strong>SYBLEND<\/strong> tambi\u00e9n cumple con los altos est\u00e1ndares industriales requeridos en las estructuras de extrusi\u00f3n multicapa y en las industrias textiles para los procesos <strong>BCF, FDY y POY<\/strong>. El peso de cada tolva y del material se controla mediante dos c\u00e9lulas de carga descentradas.<br \/>\nTodos los componentes se dosifican de forma continua y simult\u00e1nea directamente en la tolva de pesaje <strong>integrada a trav\u00e9s de un mezclador<\/strong> en cascada. El peso del material dosificado en la tolva se mide constantemente para detectar las variaciones de nivel debidas a cambios en el rendimiento de la extrusora o a una discrepancia entre el alimentador de componentes y el rendimiento de la extrusora.<br \/>\nLos alimentadores se controlan individualmente para alcanzar y mantener las proporciones de dosificaci\u00f3n preestablecidas y para mantener un nivel constante en la tolva de recogid<\/p>\n","protected":false},"featured_media":6337,"template":"","meta":{"_acf_changed":false},"product_brand":[],"product_cat":[585],"product_tag":[564,572,621,620,623,619,606,557,558,622,586,624,641,556,563,618,555],"class_list":{"0":"post-6327","1":"product","2":"type-product","3":"status-publish","4":"has-post-thumbnail","6":"product_cat-dosing-es","7":"product_tag-blown-film-es","8":"product_tag-extrusion-line-es","9":"product_tag-extrusion-output-control-es","10":"product_tag-flake-dosing-es","11":"product_tag-gram-per-meter-control-es","12":"product_tag-granule-and-pellet-dosing-es","13":"product_tag-gravimetric-blender-loss-in-weight-es","14":"product_tag-industry-4-0-es","15":"product_tag-iot-es","16":"product_tag-layers-control-es","17":"product_tag-loss-in-weight-es","18":"product_tag-loss-in-weight-dosing-system-es","19":"product_tag-opc-ua-es-2","20":"product_tag-plastic-film-es","21":"product_tag-reel-es","22":"product_tag-sheet-dosing-es","23":"product_tag-syncro-es","25":"first","26":"instock","27":"shipping-taxable","28":"product-type-simple"},"acf":[],"yoast_head":"<!-- This site is optimized with the Yoast SEO plugin v26.0 - https:\/\/yoast.com\/wordpress\/plugins\/seo\/ -->\n<title>Syblend - Welcome to Syncro Group Website<\/title>\n<meta name=\"description\" content=\"SYBLEND is a continuous loss in weight gravimetric blender designed to blend multiple components simultaneously.\" \/>\n<meta name=\"robots\" content=\"index, follow, max-snippet:-1, max-image-preview:large, max-video-preview:-1\" \/>\n<link rel=\"canonical\" href=\"https:\/\/syncro-group.com\/syncro\/es\/producto\/gravimetric_blender_syblend\/\" \/>\n<meta property=\"og:locale\" content=\"es_ES\" \/>\n<meta property=\"og:type\" content=\"article\" \/>\n<meta property=\"og:title\" content=\"Syblend - Welcome to Syncro Group Website\" \/>\n<meta property=\"og:description\" content=\"SYBLEND is a continuous loss in weight gravimetric blender designed to blend multiple components simultaneously.\" \/>\n<meta property=\"og:url\" content=\"https:\/\/syncro-group.com\/syncro\/es\/producto\/gravimetric_blender_syblend\/\" \/>\n<meta property=\"og:site_name\" content=\"Welcome to Syncro Group Website\" \/>\n<meta property=\"article:modified_time\" content=\"2021-04-19T10:47:41+00:00\" \/>\n<meta property=\"og:image\" content=\"https:\/\/syncro-group.com\/syncro\/wp-content\/uploads\/2020\/02\/SYBLEND-pag13.257.png\" \/>\n\t<meta property=\"og:image:width\" content=\"3840\" \/>\n\t<meta property=\"og:image:height\" content=\"2160\" \/>\n\t<meta property=\"og:image:type\" content=\"image\/png\" \/>\n<meta name=\"twitter:card\" content=\"summary_large_image\" \/>\n<script type=\"application\/ld+json\" class=\"yoast-schema-graph\">{\"@context\":\"https:\/\/schema.org\",\"@graph\":[{\"@type\":\"WebPage\",\"@id\":\"https:\/\/syncro-group.com\/syncro\/es\/producto\/gravimetric_blender_syblend\/\",\"url\":\"https:\/\/syncro-group.com\/syncro\/es\/producto\/gravimetric_blender_syblend\/\",\"name\":\"Syblend - Welcome to Syncro Group Website\",\"isPartOf\":{\"@id\":\"https:\/\/syncro-group.com\/syncro\/es\/#website\"},\"primaryImageOfPage\":{\"@id\":\"https:\/\/syncro-group.com\/syncro\/es\/producto\/gravimetric_blender_syblend\/#primaryimage\"},\"image\":{\"@id\":\"https:\/\/syncro-group.com\/syncro\/es\/producto\/gravimetric_blender_syblend\/#primaryimage\"},\"thumbnailUrl\":\"https:\/\/syncro-group.com\/syncro\/wp-content\/uploads\/2020\/02\/SYBLEND-pag13.257.png\",\"datePublished\":\"2020-02-12T16:49:00+00:00\",\"dateModified\":\"2021-04-19T10:47:41+00:00\",\"description\":\"SYBLEND is a continuous loss in weight gravimetric blender designed to blend multiple components simultaneously.\",\"breadcrumb\":{\"@id\":\"https:\/\/syncro-group.com\/syncro\/es\/producto\/gravimetric_blender_syblend\/#breadcrumb\"},\"inLanguage\":\"es\",\"potentialAction\":[{\"@type\":\"ReadAction\",\"target\":[\"https:\/\/syncro-group.com\/syncro\/es\/producto\/gravimetric_blender_syblend\/\"]}]},{\"@type\":\"ImageObject\",\"inLanguage\":\"es\",\"@id\":\"https:\/\/syncro-group.com\/syncro\/es\/producto\/gravimetric_blender_syblend\/#primaryimage\",\"url\":\"https:\/\/syncro-group.com\/syncro\/wp-content\/uploads\/2020\/02\/SYBLEND-pag13.257.png\",\"contentUrl\":\"https:\/\/syncro-group.com\/syncro\/wp-content\/uploads\/2020\/02\/SYBLEND-pag13.257.png\",\"width\":3840,\"height\":2160,\"caption\":\"Dosing System\"},{\"@type\":\"BreadcrumbList\",\"@id\":\"https:\/\/syncro-group.com\/syncro\/es\/producto\/gravimetric_blender_syblend\/#breadcrumb\",\"itemListElement\":[{\"@type\":\"ListItem\",\"position\":1,\"name\":\"Home\",\"item\":\"https:\/\/syncro-group.com\/syncro\/es\/\"},{\"@type\":\"ListItem\",\"position\":2,\"name\":\"Products\",\"item\":\"https:\/\/syncro-group.com\/syncro\/es\/products\/\"},{\"@type\":\"ListItem\",\"position\":3,\"name\":\"Syblend\"}]},{\"@type\":\"WebSite\",\"@id\":\"https:\/\/syncro-group.com\/syncro\/es\/#website\",\"url\":\"https:\/\/syncro-group.com\/syncro\/es\/\",\"name\":\"Welcome to Syncro Group Website\",\"description\":\"\",\"potentialAction\":[{\"@type\":\"SearchAction\",\"target\":{\"@type\":\"EntryPoint\",\"urlTemplate\":\"https:\/\/syncro-group.com\/syncro\/es\/?s={search_term_string}\"},\"query-input\":{\"@type\":\"PropertyValueSpecification\",\"valueRequired\":true,\"valueName\":\"search_term_string\"}}],\"inLanguage\":\"es\"}]}<\/script>\n<!-- \/ Yoast SEO plugin. -->","yoast_head_json":{"title":"Syblend - Welcome to Syncro Group Website","description":"SYBLEND is a continuous loss in weight gravimetric blender designed to blend multiple components simultaneously.","robots":{"index":"index","follow":"follow","max-snippet":"max-snippet:-1","max-image-preview":"max-image-preview:large","max-video-preview":"max-video-preview:-1"},"canonical":"https:\/\/syncro-group.com\/syncro\/es\/producto\/gravimetric_blender_syblend\/","og_locale":"es_ES","og_type":"article","og_title":"Syblend - Welcome to Syncro Group Website","og_description":"SYBLEND is a continuous loss in weight gravimetric blender designed to blend multiple components simultaneously.","og_url":"https:\/\/syncro-group.com\/syncro\/es\/producto\/gravimetric_blender_syblend\/","og_site_name":"Welcome to Syncro Group Website","article_modified_time":"2021-04-19T10:47:41+00:00","og_image":[{"width":3840,"height":2160,"url":"https:\/\/syncro-group.com\/syncro\/wp-content\/uploads\/2020\/02\/SYBLEND-pag13.257.png","type":"image\/png"}],"twitter_card":"summary_large_image","schema":{"@context":"https:\/\/schema.org","@graph":[{"@type":"WebPage","@id":"https:\/\/syncro-group.com\/syncro\/es\/producto\/gravimetric_blender_syblend\/","url":"https:\/\/syncro-group.com\/syncro\/es\/producto\/gravimetric_blender_syblend\/","name":"Syblend - Welcome to Syncro Group Website","isPartOf":{"@id":"https:\/\/syncro-group.com\/syncro\/es\/#website"},"primaryImageOfPage":{"@id":"https:\/\/syncro-group.com\/syncro\/es\/producto\/gravimetric_blender_syblend\/#primaryimage"},"image":{"@id":"https:\/\/syncro-group.com\/syncro\/es\/producto\/gravimetric_blender_syblend\/#primaryimage"},"thumbnailUrl":"https:\/\/syncro-group.com\/syncro\/wp-content\/uploads\/2020\/02\/SYBLEND-pag13.257.png","datePublished":"2020-02-12T16:49:00+00:00","dateModified":"2021-04-19T10:47:41+00:00","description":"SYBLEND is a continuous loss in weight gravimetric blender designed to blend multiple components simultaneously.","breadcrumb":{"@id":"https:\/\/syncro-group.com\/syncro\/es\/producto\/gravimetric_blender_syblend\/#breadcrumb"},"inLanguage":"es","potentialAction":[{"@type":"ReadAction","target":["https:\/\/syncro-group.com\/syncro\/es\/producto\/gravimetric_blender_syblend\/"]}]},{"@type":"ImageObject","inLanguage":"es","@id":"https:\/\/syncro-group.com\/syncro\/es\/producto\/gravimetric_blender_syblend\/#primaryimage","url":"https:\/\/syncro-group.com\/syncro\/wp-content\/uploads\/2020\/02\/SYBLEND-pag13.257.png","contentUrl":"https:\/\/syncro-group.com\/syncro\/wp-content\/uploads\/2020\/02\/SYBLEND-pag13.257.png","width":3840,"height":2160,"caption":"Dosing System"},{"@type":"BreadcrumbList","@id":"https:\/\/syncro-group.com\/syncro\/es\/producto\/gravimetric_blender_syblend\/#breadcrumb","itemListElement":[{"@type":"ListItem","position":1,"name":"Home","item":"https:\/\/syncro-group.com\/syncro\/es\/"},{"@type":"ListItem","position":2,"name":"Products","item":"https:\/\/syncro-group.com\/syncro\/es\/products\/"},{"@type":"ListItem","position":3,"name":"Syblend"}]},{"@type":"WebSite","@id":"https:\/\/syncro-group.com\/syncro\/es\/#website","url":"https:\/\/syncro-group.com\/syncro\/es\/","name":"Welcome to Syncro Group Website","description":"","potentialAction":[{"@type":"SearchAction","target":{"@type":"EntryPoint","urlTemplate":"https:\/\/syncro-group.com\/syncro\/es\/?s={search_term_string}"},"query-input":{"@type":"PropertyValueSpecification","valueRequired":true,"valueName":"search_term_string"}}],"inLanguage":"es"}]}},"_links":{"self":[{"href":"https:\/\/syncro-group.com\/syncro\/es\/wp-json\/wp\/v2\/product\/6327","targetHints":{"allow":["GET"]}}],"collection":[{"href":"https:\/\/syncro-group.com\/syncro\/es\/wp-json\/wp\/v2\/product"}],"about":[{"href":"https:\/\/syncro-group.com\/syncro\/es\/wp-json\/wp\/v2\/types\/product"}],"wp:featuredmedia":[{"embeddable":true,"href":"https:\/\/syncro-group.com\/syncro\/es\/wp-json\/wp\/v2\/media\/6337"}],"wp:attachment":[{"href":"https:\/\/syncro-group.com\/syncro\/es\/wp-json\/wp\/v2\/media?parent=6327"}],"wp:term":[{"taxonomy":"product_brand","embeddable":true,"href":"https:\/\/syncro-group.com\/syncro\/es\/wp-json\/wp\/v2\/product_brand?post=6327"},{"taxonomy":"product_cat","embeddable":true,"href":"https:\/\/syncro-group.com\/syncro\/es\/wp-json\/wp\/v2\/product_cat?post=6327"},{"taxonomy":"product_tag","embeddable":true,"href":"https:\/\/syncro-group.com\/syncro\/es\/wp-json\/wp\/v2\/product_tag?post=6327"}],"curies":[{"name":"wp","href":"https:\/\/api.w.org\/{rel}","templated":true}]}}