{"id":6367,"date":"2020-02-12T17:45:15","date_gmt":"2020-02-12T16:45:15","guid":{"rendered":"https:\/\/syncro-group.com\/syncro\/product\/gravimetric-batch-blender-easybatch\/"},"modified":"2024-10-23T12:39:19","modified_gmt":"2024-10-23T10:39:19","slug":"gravimetric-batch-blender-easybatch","status":"publish","type":"product","link":"https:\/\/syncro-group.com\/syncro\/es\/producto\/gravimetric-batch-blender-easybatch\/","title":{"rendered":"Easybatch"},"content":{"rendered":"<ul class=\"advantages\"><li>RENDIMIENTO DE EXTRUSI\u00d3N GRAVIM\u00c9TRICO - El mezclador est\u00e1 montado sobre dos c\u00e9lulas de carga y mide la p\u00e9rdida de peso, controlando el rendimiento de la extrusi\u00f3n con una precisi\u00f3n continua.<\/li><li>AMPLIA GAMA DE AJUSTE - Debido a las diferentes relaciones de dosificaci\u00f3n, cada componente puede ser cambiado en el futuro de tasas de dosificaci\u00f3n bajas a altas.<\/li><li>SISTEMA DE TRANSPORTE - Easybatch puede suministrarse junto con un sistema de transporte centralizado integrado controlado por el mismo PLC del mezclador.<\/li><li>LIMPIEZA - La limpieza es f\u00e1cil gracias a la boca de vaciado instalada en cada tolva, adem\u00e1s se incluye una pistola de aire comprimido.<\/li><li>HMI - La mezcladora puede estar equipada con una pantalla t\u00e1ctil HMI (5,7\" - 7'' - 10'') a bordo o suministrada en una caja remota separada.<\/li><li>PLC INDUSTRIA 4.0 Y IOT - Easybatch dispone de un PLC con protocolo UPC\/UA integrado. Esta soluci\u00f3n hace que cada mezcladora sea modular y est\u00e9 preparada para la Industria 4.0.<\/li><li>MIXER MOTOR SYNCRO - Easybatch utiliza un motor trif\u00e1sico para su mezclador junto con una caja de engranajes seca que evita cualquier posible sobrecalentamiento del motor y las fugas de aceite.<\/li><li>FORMA DE LA MEZCLADORA - La mezcladora de forma esf\u00e9rica evita cualquier atasco de material residual.<\/li><li>F\u00c1CIL ACCESO PARA EL MANTENIMIENTO - Las puertas de inspecci\u00f3n, dise\u00f1adas para facilitar el acceso a la m\u00e1quina, agilizan las operaciones de limpieza y mantenimiento.<\/li><\/ul>\n","protected":false},"excerpt":{"rendered":"<p class=\"p1\"><strong>EASYBATCH<\/strong> es un mezclador de lotes <strong>tradicional de ganancia<\/strong> en peso, dise\u00f1ado para dosificar y mezclar m\u00faltiples componentes en secuencia para todos los procesos en los que se requiere una alimentaci\u00f3n gravim\u00e9trica constante y una mezcla homog\u00e9nea.<\/p>\n<p class=\"p1\">Cada ingrediente se dosifica en secuencia mediante v\u00e1lvulas de compuerta deslizantes en la tolva de pesaje montada sobre dos c\u00e9lulas de carga. Una vez alcanzado el peso preestablecido del lote, la c\u00e9lula de carga env\u00eda una se\u00f1al y el lote se libera en la c\u00e1mara de pesaje y mezcla que combina el lote y la tecnolog\u00eda de p\u00e9rdida de peso.<\/p>\n","protected":false},"featured_media":10061,"template":"","meta":{"_acf_changed":false},"product_brand":[],"product_cat":[585],"product_tag":[655,564,572,621,620,656,623,619,654,557,622,563,618,555],"class_list":{"0":"post-6367","1":"product","2":"type-product","3":"status-publish","4":"has-post-thumbnail","6":"product_cat-dosing-es","7":"product_tag-batch-dosing-system-es","8":"product_tag-blown-film-es","9":"product_tag-extrusion-line-es","10":"product_tag-extrusion-output-control-es","11":"product_tag-flake-dosing-es","12":"product_tag-gain-in-weight-blender-es","13":"product_tag-gram-per-meter-control-es","14":"product_tag-granule-and-pellet-dosing-es","15":"product_tag-gravimetric-batch-blender-es","16":"product_tag-industry-4-0-es","17":"product_tag-layers-control-es","18":"product_tag-reel-es","19":"product_tag-sheet-dosing-es","20":"product_tag-syncro-es","22":"first","23":"instock","24":"shipping-taxable","25":"product-type-simple"},"acf":[],"yoast_head":"<!-- This site is optimized with the Yoast SEO plugin v26.0 - https:\/\/yoast.com\/wordpress\/plugins\/seo\/ -->\n<title>Easybatch - Welcome to Syncro Group Website<\/title>\n<meta name=\"description\" content=\"EASYBATCH is a traditional gain-in-weight batch blender, for constant gravimetric feeding and homogeneous mixing of multiple components in sequence.\" \/>\n<meta name=\"robots\" content=\"index, follow, max-snippet:-1, max-image-preview:large, max-video-preview:-1\" \/>\n<link rel=\"canonical\" href=\"https:\/\/syncro-group.com\/syncro\/es\/producto\/gravimetric-batch-blender-easybatch\/\" \/>\n<meta property=\"og:locale\" content=\"es_ES\" \/>\n<meta property=\"og:type\" content=\"article\" \/>\n<meta property=\"og:title\" content=\"Easybatch - Welcome to Syncro Group Website\" \/>\n<meta property=\"og:description\" content=\"EASYBATCH is a traditional gain-in-weight batch blender, for constant gravimetric feeding and homogeneous mixing of multiple components in sequence.\" \/>\n<meta property=\"og:url\" content=\"https:\/\/syncro-group.com\/syncro\/es\/producto\/gravimetric-batch-blender-easybatch\/\" \/>\n<meta property=\"og:site_name\" content=\"Welcome to Syncro Group Website\" \/>\n<meta property=\"article:modified_time\" content=\"2024-10-23T10:39:19+00:00\" \/>\n<meta property=\"og:image\" content=\"https:\/\/syncro-group.com\/syncro\/wp-content\/uploads\/2020\/02\/Render-Easybatch.png\" \/>\n\t<meta property=\"og:image:width\" content=\"1000\" \/>\n\t<meta property=\"og:image:height\" content=\"773\" \/>\n\t<meta property=\"og:image:type\" content=\"image\/png\" \/>\n<meta name=\"twitter:card\" content=\"summary_large_image\" \/>\n<script type=\"application\/ld+json\" class=\"yoast-schema-graph\">{\"@context\":\"https:\/\/schema.org\",\"@graph\":[{\"@type\":\"WebPage\",\"@id\":\"https:\/\/syncro-group.com\/syncro\/es\/producto\/gravimetric-batch-blender-easybatch\/\",\"url\":\"https:\/\/syncro-group.com\/syncro\/es\/producto\/gravimetric-batch-blender-easybatch\/\",\"name\":\"Easybatch - Welcome to Syncro Group Website\",\"isPartOf\":{\"@id\":\"https:\/\/syncro-group.com\/syncro\/es\/#website\"},\"primaryImageOfPage\":{\"@id\":\"https:\/\/syncro-group.com\/syncro\/es\/producto\/gravimetric-batch-blender-easybatch\/#primaryimage\"},\"image\":{\"@id\":\"https:\/\/syncro-group.com\/syncro\/es\/producto\/gravimetric-batch-blender-easybatch\/#primaryimage\"},\"thumbnailUrl\":\"https:\/\/syncro-group.com\/syncro\/wp-content\/uploads\/2020\/02\/Render-Easybatch.png\",\"datePublished\":\"2020-02-12T16:45:15+00:00\",\"dateModified\":\"2024-10-23T10:39:19+00:00\",\"description\":\"EASYBATCH is a traditional gain-in-weight batch blender, for constant gravimetric feeding and homogeneous mixing of multiple components in sequence.\",\"breadcrumb\":{\"@id\":\"https:\/\/syncro-group.com\/syncro\/es\/producto\/gravimetric-batch-blender-easybatch\/#breadcrumb\"},\"inLanguage\":\"es\",\"potentialAction\":[{\"@type\":\"ReadAction\",\"target\":[\"https:\/\/syncro-group.com\/syncro\/es\/producto\/gravimetric-batch-blender-easybatch\/\"]}]},{\"@type\":\"ImageObject\",\"inLanguage\":\"es\",\"@id\":\"https:\/\/syncro-group.com\/syncro\/es\/producto\/gravimetric-batch-blender-easybatch\/#primaryimage\",\"url\":\"https:\/\/syncro-group.com\/syncro\/wp-content\/uploads\/2020\/02\/Render-Easybatch.png\",\"contentUrl\":\"https:\/\/syncro-group.com\/syncro\/wp-content\/uploads\/2020\/02\/Render-Easybatch.png\",\"width\":1000,\"height\":773,\"caption\":\"EASYBATCH is a traditional gain-in-weight batch blender, designed to dose and blend multiple components in sequence for all processes where constant gravimetric feeding and an homogeneous mix is required. Each ingredient is metered in sequence by slide gate valves in to the weighing hopper mounted on two load cells. Once the pre-set batch weight has been reached, the load cell sends a signal and the batch is released into the weighing & mixing chamber which combines the batch and the Loss In Weight technology.\"},{\"@type\":\"BreadcrumbList\",\"@id\":\"https:\/\/syncro-group.com\/syncro\/es\/producto\/gravimetric-batch-blender-easybatch\/#breadcrumb\",\"itemListElement\":[{\"@type\":\"ListItem\",\"position\":1,\"name\":\"Home\",\"item\":\"https:\/\/syncro-group.com\/syncro\/es\/\"},{\"@type\":\"ListItem\",\"position\":2,\"name\":\"Products\",\"item\":\"https:\/\/syncro-group.com\/syncro\/es\/products\/\"},{\"@type\":\"ListItem\",\"position\":3,\"name\":\"Easybatch\"}]},{\"@type\":\"WebSite\",\"@id\":\"https:\/\/syncro-group.com\/syncro\/es\/#website\",\"url\":\"https:\/\/syncro-group.com\/syncro\/es\/\",\"name\":\"Welcome to Syncro Group Website\",\"description\":\"\",\"potentialAction\":[{\"@type\":\"SearchAction\",\"target\":{\"@type\":\"EntryPoint\",\"urlTemplate\":\"https:\/\/syncro-group.com\/syncro\/es\/?s={search_term_string}\"},\"query-input\":{\"@type\":\"PropertyValueSpecification\",\"valueRequired\":true,\"valueName\":\"search_term_string\"}}],\"inLanguage\":\"es\"}]}<\/script>\n<!-- \/ Yoast SEO plugin. -->","yoast_head_json":{"title":"Easybatch - Welcome to Syncro Group Website","description":"EASYBATCH is a traditional gain-in-weight batch blender, for constant gravimetric feeding and homogeneous mixing of multiple components in sequence.","robots":{"index":"index","follow":"follow","max-snippet":"max-snippet:-1","max-image-preview":"max-image-preview:large","max-video-preview":"max-video-preview:-1"},"canonical":"https:\/\/syncro-group.com\/syncro\/es\/producto\/gravimetric-batch-blender-easybatch\/","og_locale":"es_ES","og_type":"article","og_title":"Easybatch - Welcome to Syncro Group Website","og_description":"EASYBATCH is a traditional gain-in-weight batch blender, for constant gravimetric feeding and homogeneous mixing of multiple components in sequence.","og_url":"https:\/\/syncro-group.com\/syncro\/es\/producto\/gravimetric-batch-blender-easybatch\/","og_site_name":"Welcome to Syncro Group Website","article_modified_time":"2024-10-23T10:39:19+00:00","og_image":[{"width":1000,"height":773,"url":"https:\/\/syncro-group.com\/syncro\/wp-content\/uploads\/2020\/02\/Render-Easybatch.png","type":"image\/png"}],"twitter_card":"summary_large_image","schema":{"@context":"https:\/\/schema.org","@graph":[{"@type":"WebPage","@id":"https:\/\/syncro-group.com\/syncro\/es\/producto\/gravimetric-batch-blender-easybatch\/","url":"https:\/\/syncro-group.com\/syncro\/es\/producto\/gravimetric-batch-blender-easybatch\/","name":"Easybatch - Welcome to Syncro Group Website","isPartOf":{"@id":"https:\/\/syncro-group.com\/syncro\/es\/#website"},"primaryImageOfPage":{"@id":"https:\/\/syncro-group.com\/syncro\/es\/producto\/gravimetric-batch-blender-easybatch\/#primaryimage"},"image":{"@id":"https:\/\/syncro-group.com\/syncro\/es\/producto\/gravimetric-batch-blender-easybatch\/#primaryimage"},"thumbnailUrl":"https:\/\/syncro-group.com\/syncro\/wp-content\/uploads\/2020\/02\/Render-Easybatch.png","datePublished":"2020-02-12T16:45:15+00:00","dateModified":"2024-10-23T10:39:19+00:00","description":"EASYBATCH is a traditional gain-in-weight batch blender, for constant gravimetric feeding and homogeneous mixing of multiple components in sequence.","breadcrumb":{"@id":"https:\/\/syncro-group.com\/syncro\/es\/producto\/gravimetric-batch-blender-easybatch\/#breadcrumb"},"inLanguage":"es","potentialAction":[{"@type":"ReadAction","target":["https:\/\/syncro-group.com\/syncro\/es\/producto\/gravimetric-batch-blender-easybatch\/"]}]},{"@type":"ImageObject","inLanguage":"es","@id":"https:\/\/syncro-group.com\/syncro\/es\/producto\/gravimetric-batch-blender-easybatch\/#primaryimage","url":"https:\/\/syncro-group.com\/syncro\/wp-content\/uploads\/2020\/02\/Render-Easybatch.png","contentUrl":"https:\/\/syncro-group.com\/syncro\/wp-content\/uploads\/2020\/02\/Render-Easybatch.png","width":1000,"height":773,"caption":"EASYBATCH is a traditional gain-in-weight batch blender, designed to dose and blend multiple components in sequence for all processes where constant gravimetric feeding and an homogeneous mix is required. Each ingredient is metered in sequence by slide gate valves in to the weighing hopper mounted on two load cells. Once the pre-set batch weight has been reached, the load cell sends a signal and the batch is released into the weighing & mixing chamber which combines the batch and the Loss In Weight technology."},{"@type":"BreadcrumbList","@id":"https:\/\/syncro-group.com\/syncro\/es\/producto\/gravimetric-batch-blender-easybatch\/#breadcrumb","itemListElement":[{"@type":"ListItem","position":1,"name":"Home","item":"https:\/\/syncro-group.com\/syncro\/es\/"},{"@type":"ListItem","position":2,"name":"Products","item":"https:\/\/syncro-group.com\/syncro\/es\/products\/"},{"@type":"ListItem","position":3,"name":"Easybatch"}]},{"@type":"WebSite","@id":"https:\/\/syncro-group.com\/syncro\/es\/#website","url":"https:\/\/syncro-group.com\/syncro\/es\/","name":"Welcome to Syncro Group Website","description":"","potentialAction":[{"@type":"SearchAction","target":{"@type":"EntryPoint","urlTemplate":"https:\/\/syncro-group.com\/syncro\/es\/?s={search_term_string}"},"query-input":{"@type":"PropertyValueSpecification","valueRequired":true,"valueName":"search_term_string"}}],"inLanguage":"es"}]}},"_links":{"self":[{"href":"https:\/\/syncro-group.com\/syncro\/es\/wp-json\/wp\/v2\/product\/6367","targetHints":{"allow":["GET"]}}],"collection":[{"href":"https:\/\/syncro-group.com\/syncro\/es\/wp-json\/wp\/v2\/product"}],"about":[{"href":"https:\/\/syncro-group.com\/syncro\/es\/wp-json\/wp\/v2\/types\/product"}],"wp:featuredmedia":[{"embeddable":true,"href":"https:\/\/syncro-group.com\/syncro\/es\/wp-json\/wp\/v2\/media\/10061"}],"wp:attachment":[{"href":"https:\/\/syncro-group.com\/syncro\/es\/wp-json\/wp\/v2\/media?parent=6367"}],"wp:term":[{"taxonomy":"product_brand","embeddable":true,"href":"https:\/\/syncro-group.com\/syncro\/es\/wp-json\/wp\/v2\/product_brand?post=6367"},{"taxonomy":"product_cat","embeddable":true,"href":"https:\/\/syncro-group.com\/syncro\/es\/wp-json\/wp\/v2\/product_cat?post=6367"},{"taxonomy":"product_tag","embeddable":true,"href":"https:\/\/syncro-group.com\/syncro\/es\/wp-json\/wp\/v2\/product_tag?post=6367"}],"curies":[{"name":"wp","href":"https:\/\/api.w.org\/{rel}","templated":true}]}}