{"id":6432,"date":"2020-02-12T17:12:09","date_gmt":"2020-02-12T16:12:09","guid":{"rendered":"https:\/\/syncro-group.com\/syncro\/product\/non-contact-gauging-system\/"},"modified":"2021-04-01T11:44:51","modified_gmt":"2021-04-01T09:44:51","slug":"non-contact-gauging-system","status":"publish","type":"product","link":"https:\/\/syncro-group.com\/syncro\/es\/producto\/non-contact-gauging-system\/","title":{"rendered":"Optymex"},"content":{"rendered":"<ul class=\"advantages\"><li>IDEAL PARA PEL\u00cdCULAS DE BARRERA - El \u00edndice de reflexi\u00f3n de los materiales de barrera como el PA y el EVOH son bien conocidos, por lo que OPTIMEX es el sistema ideal para proporcionar una medici\u00f3n exacta y precisa del espesor de las pel\u00edculas multicapa.<\/li><li>SIN CONTACTO - La tecnolog\u00eda REFLEX\/NIR permite una medici\u00f3n precisa del espesor de la pel\u00edcula sin contacto entre el sensor y la pel\u00edcula. Esto evita cualquier posible imperfecci\u00f3n en la superficie del film.<\/li><li>SIN ACUMULACI\u00d3N DE AIRE - La tecnolog\u00eda REFLEX\/NIR permite una medici\u00f3n precisa sin contacto entre el sensor y la pel\u00edcula y, a diferencia de las tecnolog\u00edas m\u00e1s comunes en el mercado, no necesita un colch\u00f3n de aire que tradicionalmente es una fuente de inestabilidad.<\/li><li>ALTA PRECISI\u00d3N - Gracias a su peque\u00f1o punto de medici\u00f3n (1mm) OPTYMEX es la soluci\u00f3n adecuada para garantizar una medici\u00f3n precisa y fiable con una precisi\u00f3n inferior a 1 micra.<\/li><li>TECNOLOG\u00cdA OPTYCAL - El sensor \u00f3ptico funciona seg\u00fan el principio del reflejo, genera un perfil de espesor exacto del material desglosado en segmentos individuales.<\/li><\/ul>\n","protected":false},"excerpt":{"rendered":"<p class=\"p1\">Sistema de medici\u00f3n SIN CONTACTO <strong>OPTYMEX<\/strong> basado en la tecnolog\u00eda de reflejo NIR para pel\u00edcula soplada. <strong>OPTYMEX<\/strong> proporciona una medici\u00f3n continua del espesor del material. Instalado en un sistema oscilante que gira alrededor de la burbuja, <strong>OPTIMEX<\/strong> es capaz de proporcionar lecturas precisas del perfil independientemente de la velocidad de arrastre o de oscilaci\u00f3n del cabezal.<br \/>\nEl sensor se utiliza para medir el espesor total de materiales transparentes o semitransparentes cuando el \u00edndice de intensidad \u00f3ptica de estos materiales es suficiente para emitir una se\u00f1al de interferencia.<br \/>\nAdem\u00e1s de los materiales mencionados, en ciertos casos, podr\u00eda ser posible medir materiales no transparentes.<br \/>\nGracias a su arquitectura modular, <strong>OPTYMEX<\/strong> es sencillo y pr\u00e1ctico de utilizar para los operadores a trav\u00e9s de un panel de control con pantalla t\u00e1ctil en el que se muestra toda la informaci\u00f3n de forma clara e intuitiva.<\/p>\n<p class=\"p1\"><strong>OPTYLAYER<\/strong><\/p>\n<p class=\"p1\">Representa la \u00faltima soluci\u00f3n de medici\u00f3n disponible en el mercado para medir \u00f3pticamente el espesor de una muestra con una estructura compleja. Las capas de diferentes materiales generan una reflexi\u00f3n \u00f3ptica debido a la diferencia del \u00edndice de refracci\u00f3n. El cabezal \u00f3ptico recoge todas las reflexiones que se mezclan con la \u00f3ptica incorporada.<\/p>\n<p class=\"p1\">La se\u00f1al \u00f3ptica resultante contendr\u00e1 informaci\u00f3n sobre la posici\u00f3n de cada reflexi\u00f3n.<\/p>\n<p class=\"p1\">El procesamiento de las se\u00f1ales \u00f3pticas permite la reconstrucci\u00f3n de un perfil A-scan (Intensidad de la reflexi\u00f3n vs. Posici\u00f3n).<\/p>\n<p class=\"p1\">El an\u00e1lisis del A-Scan permite extraer informaci\u00f3n sobre las capas individuales.<\/p>\n","protected":false},"featured_media":6440,"template":"","meta":{"_acf_changed":false},"product_brand":[],"product_cat":[657],"product_tag":[564,632,557,658,660,565,659,556,563,555],"class_list":{"0":"post-6432","1":"product","2":"type-product","3":"status-publish","4":"has-post-thumbnail","6":"product_cat-measurement-system-es","7":"product_tag-blown-film-es","8":"product_tag-blown-film-line-es","9":"product_tag-industry-4-0-es","10":"product_tag-measuring-system-es-2","11":"product_tag-non-contact-measuring-system-es","12":"product_tag-opc-ua-es","13":"product_tag-optical-nir-gauging-system-es","14":"product_tag-plastic-film-es","15":"product_tag-reel-es","16":"product_tag-syncro-es","18":"first","19":"instock","20":"shipping-taxable","21":"product-type-simple"},"acf":[],"yoast_head":"<!-- This site is optimized with the Yoast SEO plugin v26.0 - https:\/\/yoast.com\/wordpress\/plugins\/seo\/ -->\n<title>Optymex - Welcome to Syncro Group Website<\/title>\n<meta name=\"description\" content=\"OPTYMEX is a non contact gauging system that provides a continuous measuring of material thickness refreshing the profile every 2-3 minutes.\" \/>\n<meta name=\"robots\" content=\"index, follow, max-snippet:-1, max-image-preview:large, max-video-preview:-1\" \/>\n<link rel=\"canonical\" href=\"https:\/\/syncro-group.com\/syncro\/es\/producto\/non-contact-gauging-system\/\" \/>\n<meta property=\"og:locale\" content=\"es_ES\" \/>\n<meta property=\"og:type\" content=\"article\" \/>\n<meta property=\"og:title\" content=\"Optymex - Welcome to Syncro Group Website\" \/>\n<meta property=\"og:description\" content=\"OPTYMEX is a non contact gauging system that provides a continuous measuring of material thickness refreshing the profile every 2-3 minutes.\" \/>\n<meta property=\"og:url\" content=\"https:\/\/syncro-group.com\/syncro\/es\/producto\/non-contact-gauging-system\/\" \/>\n<meta property=\"og:site_name\" content=\"Welcome to Syncro Group Website\" \/>\n<meta property=\"article:modified_time\" content=\"2021-04-01T09:44:51+00:00\" \/>\n<meta property=\"og:image\" content=\"https:\/\/syncro-group.com\/syncro\/wp-content\/uploads\/2020\/02\/Optymex-Quadrato-1024.jpg\" \/>\n\t<meta property=\"og:image:width\" content=\"1024\" \/>\n\t<meta property=\"og:image:height\" content=\"1024\" \/>\n\t<meta property=\"og:image:type\" content=\"image\/jpeg\" \/>\n<meta name=\"twitter:card\" content=\"summary_large_image\" \/>\n<script type=\"application\/ld+json\" class=\"yoast-schema-graph\">{\"@context\":\"https:\/\/schema.org\",\"@graph\":[{\"@type\":\"WebPage\",\"@id\":\"https:\/\/syncro-group.com\/syncro\/es\/producto\/non-contact-gauging-system\/\",\"url\":\"https:\/\/syncro-group.com\/syncro\/es\/producto\/non-contact-gauging-system\/\",\"name\":\"Optymex - Welcome to Syncro Group Website\",\"isPartOf\":{\"@id\":\"https:\/\/syncro-group.com\/syncro\/es\/#website\"},\"primaryImageOfPage\":{\"@id\":\"https:\/\/syncro-group.com\/syncro\/es\/producto\/non-contact-gauging-system\/#primaryimage\"},\"image\":{\"@id\":\"https:\/\/syncro-group.com\/syncro\/es\/producto\/non-contact-gauging-system\/#primaryimage\"},\"thumbnailUrl\":\"https:\/\/syncro-group.com\/syncro\/wp-content\/uploads\/2020\/02\/Optymex-Quadrato-1024.jpg\",\"datePublished\":\"2020-02-12T16:12:09+00:00\",\"dateModified\":\"2021-04-01T09:44:51+00:00\",\"description\":\"OPTYMEX is a non contact gauging system that provides a continuous measuring of material thickness refreshing the profile every 2-3 minutes.\",\"breadcrumb\":{\"@id\":\"https:\/\/syncro-group.com\/syncro\/es\/producto\/non-contact-gauging-system\/#breadcrumb\"},\"inLanguage\":\"es\",\"potentialAction\":[{\"@type\":\"ReadAction\",\"target\":[\"https:\/\/syncro-group.com\/syncro\/es\/producto\/non-contact-gauging-system\/\"]}]},{\"@type\":\"ImageObject\",\"inLanguage\":\"es\",\"@id\":\"https:\/\/syncro-group.com\/syncro\/es\/producto\/non-contact-gauging-system\/#primaryimage\",\"url\":\"https:\/\/syncro-group.com\/syncro\/wp-content\/uploads\/2020\/02\/Optymex-Quadrato-1024.jpg\",\"contentUrl\":\"https:\/\/syncro-group.com\/syncro\/wp-content\/uploads\/2020\/02\/Optymex-Quadrato-1024.jpg\",\"width\":1024,\"height\":1024},{\"@type\":\"BreadcrumbList\",\"@id\":\"https:\/\/syncro-group.com\/syncro\/es\/producto\/non-contact-gauging-system\/#breadcrumb\",\"itemListElement\":[{\"@type\":\"ListItem\",\"position\":1,\"name\":\"Home\",\"item\":\"https:\/\/syncro-group.com\/syncro\/es\/\"},{\"@type\":\"ListItem\",\"position\":2,\"name\":\"Products\",\"item\":\"https:\/\/syncro-group.com\/syncro\/es\/products\/\"},{\"@type\":\"ListItem\",\"position\":3,\"name\":\"Optymex\"}]},{\"@type\":\"WebSite\",\"@id\":\"https:\/\/syncro-group.com\/syncro\/es\/#website\",\"url\":\"https:\/\/syncro-group.com\/syncro\/es\/\",\"name\":\"Welcome to Syncro Group Website\",\"description\":\"\",\"potentialAction\":[{\"@type\":\"SearchAction\",\"target\":{\"@type\":\"EntryPoint\",\"urlTemplate\":\"https:\/\/syncro-group.com\/syncro\/es\/?s={search_term_string}\"},\"query-input\":{\"@type\":\"PropertyValueSpecification\",\"valueRequired\":true,\"valueName\":\"search_term_string\"}}],\"inLanguage\":\"es\"}]}<\/script>\n<!-- \/ Yoast SEO plugin. -->","yoast_head_json":{"title":"Optymex - Welcome to Syncro Group Website","description":"OPTYMEX is a non contact gauging system that provides a continuous measuring of material thickness refreshing the profile every 2-3 minutes.","robots":{"index":"index","follow":"follow","max-snippet":"max-snippet:-1","max-image-preview":"max-image-preview:large","max-video-preview":"max-video-preview:-1"},"canonical":"https:\/\/syncro-group.com\/syncro\/es\/producto\/non-contact-gauging-system\/","og_locale":"es_ES","og_type":"article","og_title":"Optymex - Welcome to Syncro Group Website","og_description":"OPTYMEX is a non contact gauging system that provides a continuous measuring of material thickness refreshing the profile every 2-3 minutes.","og_url":"https:\/\/syncro-group.com\/syncro\/es\/producto\/non-contact-gauging-system\/","og_site_name":"Welcome to Syncro Group Website","article_modified_time":"2021-04-01T09:44:51+00:00","og_image":[{"width":1024,"height":1024,"url":"https:\/\/syncro-group.com\/syncro\/wp-content\/uploads\/2020\/02\/Optymex-Quadrato-1024.jpg","type":"image\/jpeg"}],"twitter_card":"summary_large_image","schema":{"@context":"https:\/\/schema.org","@graph":[{"@type":"WebPage","@id":"https:\/\/syncro-group.com\/syncro\/es\/producto\/non-contact-gauging-system\/","url":"https:\/\/syncro-group.com\/syncro\/es\/producto\/non-contact-gauging-system\/","name":"Optymex - Welcome to Syncro Group Website","isPartOf":{"@id":"https:\/\/syncro-group.com\/syncro\/es\/#website"},"primaryImageOfPage":{"@id":"https:\/\/syncro-group.com\/syncro\/es\/producto\/non-contact-gauging-system\/#primaryimage"},"image":{"@id":"https:\/\/syncro-group.com\/syncro\/es\/producto\/non-contact-gauging-system\/#primaryimage"},"thumbnailUrl":"https:\/\/syncro-group.com\/syncro\/wp-content\/uploads\/2020\/02\/Optymex-Quadrato-1024.jpg","datePublished":"2020-02-12T16:12:09+00:00","dateModified":"2021-04-01T09:44:51+00:00","description":"OPTYMEX is a non contact gauging system that provides a continuous measuring of material thickness refreshing the profile every 2-3 minutes.","breadcrumb":{"@id":"https:\/\/syncro-group.com\/syncro\/es\/producto\/non-contact-gauging-system\/#breadcrumb"},"inLanguage":"es","potentialAction":[{"@type":"ReadAction","target":["https:\/\/syncro-group.com\/syncro\/es\/producto\/non-contact-gauging-system\/"]}]},{"@type":"ImageObject","inLanguage":"es","@id":"https:\/\/syncro-group.com\/syncro\/es\/producto\/non-contact-gauging-system\/#primaryimage","url":"https:\/\/syncro-group.com\/syncro\/wp-content\/uploads\/2020\/02\/Optymex-Quadrato-1024.jpg","contentUrl":"https:\/\/syncro-group.com\/syncro\/wp-content\/uploads\/2020\/02\/Optymex-Quadrato-1024.jpg","width":1024,"height":1024},{"@type":"BreadcrumbList","@id":"https:\/\/syncro-group.com\/syncro\/es\/producto\/non-contact-gauging-system\/#breadcrumb","itemListElement":[{"@type":"ListItem","position":1,"name":"Home","item":"https:\/\/syncro-group.com\/syncro\/es\/"},{"@type":"ListItem","position":2,"name":"Products","item":"https:\/\/syncro-group.com\/syncro\/es\/products\/"},{"@type":"ListItem","position":3,"name":"Optymex"}]},{"@type":"WebSite","@id":"https:\/\/syncro-group.com\/syncro\/es\/#website","url":"https:\/\/syncro-group.com\/syncro\/es\/","name":"Welcome to Syncro Group Website","description":"","potentialAction":[{"@type":"SearchAction","target":{"@type":"EntryPoint","urlTemplate":"https:\/\/syncro-group.com\/syncro\/es\/?s={search_term_string}"},"query-input":{"@type":"PropertyValueSpecification","valueRequired":true,"valueName":"search_term_string"}}],"inLanguage":"es"}]}},"_links":{"self":[{"href":"https:\/\/syncro-group.com\/syncro\/es\/wp-json\/wp\/v2\/product\/6432","targetHints":{"allow":["GET"]}}],"collection":[{"href":"https:\/\/syncro-group.com\/syncro\/es\/wp-json\/wp\/v2\/product"}],"about":[{"href":"https:\/\/syncro-group.com\/syncro\/es\/wp-json\/wp\/v2\/types\/product"}],"wp:featuredmedia":[{"embeddable":true,"href":"https:\/\/syncro-group.com\/syncro\/es\/wp-json\/wp\/v2\/media\/6440"}],"wp:attachment":[{"href":"https:\/\/syncro-group.com\/syncro\/es\/wp-json\/wp\/v2\/media?parent=6432"}],"wp:term":[{"taxonomy":"product_brand","embeddable":true,"href":"https:\/\/syncro-group.com\/syncro\/es\/wp-json\/wp\/v2\/product_brand?post=6432"},{"taxonomy":"product_cat","embeddable":true,"href":"https:\/\/syncro-group.com\/syncro\/es\/wp-json\/wp\/v2\/product_cat?post=6432"},{"taxonomy":"product_tag","embeddable":true,"href":"https:\/\/syncro-group.com\/syncro\/es\/wp-json\/wp\/v2\/product_tag?post=6432"}],"curies":[{"name":"wp","href":"https:\/\/api.w.org\/{rel}","templated":true}]}}