{"id":6441,"date":"2020-02-12T17:10:18","date_gmt":"2020-02-12T16:10:18","guid":{"rendered":"https:\/\/syncro-group.com\/syncro\/product\/optycal-measuring-system\/"},"modified":"2021-04-01T11:40:09","modified_gmt":"2021-04-01T09:40:09","slug":"optycal-measuring-system","status":"publish","type":"product","link":"https:\/\/syncro-group.com\/syncro\/es\/producto\/optycal-measuring-system\/","title":{"rendered":"Optylayer"},"content":{"rendered":"<ul class=\"advantages\"><li> Discriminaci\u00f3n de capas.<\/li><li>Ideal para pel\u00edculas de barrera.<\/li><li>Sin contacto.<\/li><li>Sin amortiguaci\u00f3n de aire.<\/li><li>Alta precisi\u00f3n.<\/li><\/ul>\n","protected":false},"excerpt":{"rendered":"<p class=\"p1\"><strong>OPTYLAYER<\/strong> &#8211; representa la <strong>\u00faltima soluci\u00f3n<\/strong> de medici\u00f3n disponible en el mercado para medir <strong>\u00f3pticamente el espesor<\/strong> de una muestra con una estructura compleja. Las capas de diferentes materiales generan una reflexi\u00f3n \u00f3ptica debido a la diferencia del \u00edndice de refracci\u00f3n. El cabezal \u00f3ptico recoge todas las reflexiones que se mezclan con la \u00f3ptica incorporada. La se\u00f1al \u00f3ptica resultante contendr\u00e1 informaci\u00f3n sobre la posici\u00f3n de cada reflexi\u00f3n. El procesamiento de las se\u00f1ales \u00f3pticas permite la reconstrucci\u00f3n de un perfil A-scan (Intensidad de la reflexi\u00f3n vs. Posici\u00f3n).<\/p>\n<p class=\"p1\">El an\u00e1lisis del A-Scan permite extraer informaci\u00f3n sobre las capas individuales.<\/p>\n","protected":false},"featured_media":6450,"template":"","meta":{"_acf_changed":false},"product_brand":[],"product_cat":[657],"product_tag":[564,661,557,658,660,565,659,563,555],"class_list":{"0":"post-6441","1":"product","2":"type-product","3":"status-publish","4":"has-post-thumbnail","6":"product_cat-measurement-system-es","7":"product_tag-blown-film-es","8":"product_tag-extrusion-layer-discrimination-es","9":"product_tag-industry-4-0-es","10":"product_tag-measuring-system-es-2","11":"product_tag-non-contact-measuring-system-es","12":"product_tag-opc-ua-es","13":"product_tag-optical-nir-gauging-system-es","14":"product_tag-reel-es","15":"product_tag-syncro-es","17":"first","18":"instock","19":"shipping-taxable","20":"product-type-simple"},"acf":[],"yoast_head":"<!-- This site is optimized with the Yoast SEO plugin v26.0 - https:\/\/yoast.com\/wordpress\/plugins\/seo\/ -->\n<title>Optylayer - Welcome to Syncro Group Website<\/title>\n<meta name=\"description\" content=\"Optylayery is the latest measuring solution available on the market to optically measure the thickness of a sample with a complex structure.\" \/>\n<meta name=\"robots\" content=\"index, follow, max-snippet:-1, max-image-preview:large, max-video-preview:-1\" \/>\n<link rel=\"canonical\" href=\"https:\/\/syncro-group.com\/syncro\/es\/producto\/optycal-measuring-system\/\" \/>\n<meta property=\"og:locale\" content=\"es_ES\" \/>\n<meta property=\"og:type\" content=\"article\" \/>\n<meta property=\"og:title\" content=\"Optylayer - Welcome to Syncro Group Website\" \/>\n<meta property=\"og:description\" content=\"Optylayery is the latest measuring solution available on the market to optically measure the thickness of a sample with a complex structure.\" \/>\n<meta property=\"og:url\" content=\"https:\/\/syncro-group.com\/syncro\/es\/producto\/optycal-measuring-system\/\" \/>\n<meta property=\"og:site_name\" content=\"Welcome to Syncro Group Website\" \/>\n<meta property=\"article:modified_time\" content=\"2021-04-01T09:40:09+00:00\" \/>\n<meta property=\"og:image\" content=\"https:\/\/syncro-group.com\/syncro\/wp-content\/uploads\/2020\/02\/Optylayer-Quadrato-1024.jpg\" \/>\n\t<meta property=\"og:image:width\" content=\"1024\" \/>\n\t<meta property=\"og:image:height\" content=\"1024\" \/>\n\t<meta property=\"og:image:type\" content=\"image\/jpeg\" \/>\n<meta name=\"twitter:card\" content=\"summary_large_image\" \/>\n<script type=\"application\/ld+json\" class=\"yoast-schema-graph\">{\"@context\":\"https:\/\/schema.org\",\"@graph\":[{\"@type\":\"WebPage\",\"@id\":\"https:\/\/syncro-group.com\/syncro\/es\/producto\/optycal-measuring-system\/\",\"url\":\"https:\/\/syncro-group.com\/syncro\/es\/producto\/optycal-measuring-system\/\",\"name\":\"Optylayer - Welcome to Syncro Group Website\",\"isPartOf\":{\"@id\":\"https:\/\/syncro-group.com\/syncro\/es\/#website\"},\"primaryImageOfPage\":{\"@id\":\"https:\/\/syncro-group.com\/syncro\/es\/producto\/optycal-measuring-system\/#primaryimage\"},\"image\":{\"@id\":\"https:\/\/syncro-group.com\/syncro\/es\/producto\/optycal-measuring-system\/#primaryimage\"},\"thumbnailUrl\":\"https:\/\/syncro-group.com\/syncro\/wp-content\/uploads\/2020\/02\/Optylayer-Quadrato-1024.jpg\",\"datePublished\":\"2020-02-12T16:10:18+00:00\",\"dateModified\":\"2021-04-01T09:40:09+00:00\",\"description\":\"Optylayery is the latest measuring solution available on the market to optically measure the thickness of a sample with a complex structure.\",\"breadcrumb\":{\"@id\":\"https:\/\/syncro-group.com\/syncro\/es\/producto\/optycal-measuring-system\/#breadcrumb\"},\"inLanguage\":\"es\",\"potentialAction\":[{\"@type\":\"ReadAction\",\"target\":[\"https:\/\/syncro-group.com\/syncro\/es\/producto\/optycal-measuring-system\/\"]}]},{\"@type\":\"ImageObject\",\"inLanguage\":\"es\",\"@id\":\"https:\/\/syncro-group.com\/syncro\/es\/producto\/optycal-measuring-system\/#primaryimage\",\"url\":\"https:\/\/syncro-group.com\/syncro\/wp-content\/uploads\/2020\/02\/Optylayer-Quadrato-1024.jpg\",\"contentUrl\":\"https:\/\/syncro-group.com\/syncro\/wp-content\/uploads\/2020\/02\/Optylayer-Quadrato-1024.jpg\",\"width\":1024,\"height\":1024,\"caption\":\"Measuring System\"},{\"@type\":\"BreadcrumbList\",\"@id\":\"https:\/\/syncro-group.com\/syncro\/es\/producto\/optycal-measuring-system\/#breadcrumb\",\"itemListElement\":[{\"@type\":\"ListItem\",\"position\":1,\"name\":\"Home\",\"item\":\"https:\/\/syncro-group.com\/syncro\/es\/\"},{\"@type\":\"ListItem\",\"position\":2,\"name\":\"Products\",\"item\":\"https:\/\/syncro-group.com\/syncro\/es\/products\/\"},{\"@type\":\"ListItem\",\"position\":3,\"name\":\"Optylayer\"}]},{\"@type\":\"WebSite\",\"@id\":\"https:\/\/syncro-group.com\/syncro\/es\/#website\",\"url\":\"https:\/\/syncro-group.com\/syncro\/es\/\",\"name\":\"Welcome to Syncro Group Website\",\"description\":\"\",\"potentialAction\":[{\"@type\":\"SearchAction\",\"target\":{\"@type\":\"EntryPoint\",\"urlTemplate\":\"https:\/\/syncro-group.com\/syncro\/es\/?s={search_term_string}\"},\"query-input\":{\"@type\":\"PropertyValueSpecification\",\"valueRequired\":true,\"valueName\":\"search_term_string\"}}],\"inLanguage\":\"es\"}]}<\/script>\n<!-- \/ Yoast SEO plugin. -->","yoast_head_json":{"title":"Optylayer - Welcome to Syncro Group Website","description":"Optylayery is the latest measuring solution available on the market to optically measure the thickness of a sample with a complex structure.","robots":{"index":"index","follow":"follow","max-snippet":"max-snippet:-1","max-image-preview":"max-image-preview:large","max-video-preview":"max-video-preview:-1"},"canonical":"https:\/\/syncro-group.com\/syncro\/es\/producto\/optycal-measuring-system\/","og_locale":"es_ES","og_type":"article","og_title":"Optylayer - Welcome to Syncro Group Website","og_description":"Optylayery is the latest measuring solution available on the market to optically measure the thickness of a sample with a complex structure.","og_url":"https:\/\/syncro-group.com\/syncro\/es\/producto\/optycal-measuring-system\/","og_site_name":"Welcome to Syncro Group Website","article_modified_time":"2021-04-01T09:40:09+00:00","og_image":[{"width":1024,"height":1024,"url":"https:\/\/syncro-group.com\/syncro\/wp-content\/uploads\/2020\/02\/Optylayer-Quadrato-1024.jpg","type":"image\/jpeg"}],"twitter_card":"summary_large_image","schema":{"@context":"https:\/\/schema.org","@graph":[{"@type":"WebPage","@id":"https:\/\/syncro-group.com\/syncro\/es\/producto\/optycal-measuring-system\/","url":"https:\/\/syncro-group.com\/syncro\/es\/producto\/optycal-measuring-system\/","name":"Optylayer - Welcome to Syncro Group Website","isPartOf":{"@id":"https:\/\/syncro-group.com\/syncro\/es\/#website"},"primaryImageOfPage":{"@id":"https:\/\/syncro-group.com\/syncro\/es\/producto\/optycal-measuring-system\/#primaryimage"},"image":{"@id":"https:\/\/syncro-group.com\/syncro\/es\/producto\/optycal-measuring-system\/#primaryimage"},"thumbnailUrl":"https:\/\/syncro-group.com\/syncro\/wp-content\/uploads\/2020\/02\/Optylayer-Quadrato-1024.jpg","datePublished":"2020-02-12T16:10:18+00:00","dateModified":"2021-04-01T09:40:09+00:00","description":"Optylayery is the latest measuring solution available on the market to optically measure the thickness of a sample with a complex structure.","breadcrumb":{"@id":"https:\/\/syncro-group.com\/syncro\/es\/producto\/optycal-measuring-system\/#breadcrumb"},"inLanguage":"es","potentialAction":[{"@type":"ReadAction","target":["https:\/\/syncro-group.com\/syncro\/es\/producto\/optycal-measuring-system\/"]}]},{"@type":"ImageObject","inLanguage":"es","@id":"https:\/\/syncro-group.com\/syncro\/es\/producto\/optycal-measuring-system\/#primaryimage","url":"https:\/\/syncro-group.com\/syncro\/wp-content\/uploads\/2020\/02\/Optylayer-Quadrato-1024.jpg","contentUrl":"https:\/\/syncro-group.com\/syncro\/wp-content\/uploads\/2020\/02\/Optylayer-Quadrato-1024.jpg","width":1024,"height":1024,"caption":"Measuring System"},{"@type":"BreadcrumbList","@id":"https:\/\/syncro-group.com\/syncro\/es\/producto\/optycal-measuring-system\/#breadcrumb","itemListElement":[{"@type":"ListItem","position":1,"name":"Home","item":"https:\/\/syncro-group.com\/syncro\/es\/"},{"@type":"ListItem","position":2,"name":"Products","item":"https:\/\/syncro-group.com\/syncro\/es\/products\/"},{"@type":"ListItem","position":3,"name":"Optylayer"}]},{"@type":"WebSite","@id":"https:\/\/syncro-group.com\/syncro\/es\/#website","url":"https:\/\/syncro-group.com\/syncro\/es\/","name":"Welcome to Syncro Group Website","description":"","potentialAction":[{"@type":"SearchAction","target":{"@type":"EntryPoint","urlTemplate":"https:\/\/syncro-group.com\/syncro\/es\/?s={search_term_string}"},"query-input":{"@type":"PropertyValueSpecification","valueRequired":true,"valueName":"search_term_string"}}],"inLanguage":"es"}]}},"_links":{"self":[{"href":"https:\/\/syncro-group.com\/syncro\/es\/wp-json\/wp\/v2\/product\/6441","targetHints":{"allow":["GET"]}}],"collection":[{"href":"https:\/\/syncro-group.com\/syncro\/es\/wp-json\/wp\/v2\/product"}],"about":[{"href":"https:\/\/syncro-group.com\/syncro\/es\/wp-json\/wp\/v2\/types\/product"}],"wp:featuredmedia":[{"embeddable":true,"href":"https:\/\/syncro-group.com\/syncro\/es\/wp-json\/wp\/v2\/media\/6450"}],"wp:attachment":[{"href":"https:\/\/syncro-group.com\/syncro\/es\/wp-json\/wp\/v2\/media?parent=6441"}],"wp:term":[{"taxonomy":"product_brand","embeddable":true,"href":"https:\/\/syncro-group.com\/syncro\/es\/wp-json\/wp\/v2\/product_brand?post=6441"},{"taxonomy":"product_cat","embeddable":true,"href":"https:\/\/syncro-group.com\/syncro\/es\/wp-json\/wp\/v2\/product_cat?post=6441"},{"taxonomy":"product_tag","embeddable":true,"href":"https:\/\/syncro-group.com\/syncro\/es\/wp-json\/wp\/v2\/product_tag?post=6441"}],"curies":[{"name":"wp","href":"https:\/\/api.w.org\/{rel}","templated":true}]}}