{"id":6451,"date":"2020-02-12T17:09:28","date_gmt":"2020-02-12T16:09:28","guid":{"rendered":"https:\/\/syncro-group.com\/syncro\/product\/xray-gauging-system\/"},"modified":"2021-04-19T12:17:20","modified_gmt":"2021-04-19T10:17:20","slug":"xray-gauging-system","status":"publish","type":"product","link":"https:\/\/syncro-group.com\/syncro\/es\/producto\/xray-gauging-system\/","title":{"rendered":"Rayxscan"},"content":{"rendered":"<ul class=\"advantages\"><li>SIN RADIACTIVIDAD - Siguiendo la normativa EURATOM 96\/29, Rayxscan no se considera una fuente radiactiva ya que la tensi\u00f3n en el \u00e1nodo es inferior a 5 kV, por esta raz\u00f3n este esc\u00e1ner no necesita seguir la normativa de radioprotecci\u00f3n y por tanto no es necesario un certificado de seguridad<\/li><li>INDUSTRIA 4.0 Y IOT - Todas las m\u00e1quinas Syncro est\u00e1n listas para ser integradas con controles de supervisi\u00f3n de terceros y sistemas ERP usando protocolos OPC-UA como est\u00e1ndar.<\/li><li>CONTROL SINTETICO - Rayxscan est\u00e1 equipado con un armario de control junto con un PC con pantalla t\u00e1ctil, teclado, rat\u00f3n e impresora.<\/li><li>PROCESOS - Rayxscan puede utilizarse en diferentes procesos como l\u00edneas de film estirable, l\u00edneas de no tejidos, l\u00edneas de BOPP, l\u00edneas de recubrimiento, l\u00edneas de film soplado.<\/li><li>RENDIMIENTO SIN L\u00cdMITES - La medici\u00f3n no est\u00e1 influenciada por el color, la transparencia o la composici\u00f3n del material.<\/li><li>ESTRUCTURA PESADA - La ingenier\u00eda pesada ofrece una excelente resistencia a la flexi\u00f3n del marco principal y garantiza una perfecta estabilidad de la medici\u00f3n.<\/li><li>F\u00c1CIL ACCESO PARA EL MANTENIMIENTO - Rayxscan ha sido dise\u00f1ado para garantizar un f\u00e1cil acceso para las operaciones de mantenimiento.<\/li><li>R\u00c1PIDA PUESTA EN MARCHA - La puesta en marcha media se realiza en menos de 2h.<\/li><li>ESTABLE Y PRECISO - Medici\u00f3n extremadamente estable y precisa: hasta 0,02 micras de repetibilidad con una deriva m\u00e1xima sin estandarizaci\u00f3n en 12 h de 0,085 micras.Verdadera compensaci\u00f3n de densidad del entrehierro con medici\u00f3n de presi\u00f3n y temperatura<\/li><li>CONTROL AUTOM\u00c1TICO DEL PERFIL - Como opci\u00f3n, Rayxscan puede conectarse a SYNTROLGAUGE para controlar autom\u00e1ticamente los pernos t\u00e9rmicos utilizados en las matrices planas o el anillo de aire autom\u00e1tico en las l\u00edneas de pel\u00edcula de soplado para regular el perfil de la pel\u00edcula\/hoja.<\/li><\/ul>\n","protected":false},"excerpt":{"rendered":"<p class=\"p1\">El <strong>RAYXSCAN<\/strong> utiliza la transmisi\u00f3n de un haz de rayos X a trav\u00e9s del material homog\u00e9neo que se va a medir, a partir del cual puede medir el grosor, normalmente indicado en micras o el peso [g\/m2].<br \/>\nUna fuente de rayos X est\u00e1 situada en una carcasa, mientras que otra carcasa contiene el receptor y se sit\u00faa frente al emisor a una distancia determinada (Gap). Cuando se coloca una capa homog\u00e9nea de material entre el transmisor y el receptor, parte de la energ\u00eda que se transmite al receptor es absorbida por el material. La parte que no es captada por el receptor es directamente proporcional al espesor del film medida seg\u00fan las caracter\u00edsticas principales del material.<\/p>\n","protected":false},"featured_media":12129,"template":"","meta":{"_acf_changed":false},"product_brand":[],"product_cat":[657],"product_tag":[564,665,662,612,565,563,663,555,664],"class_list":{"0":"post-6451","1":"product","2":"type-product","3":"status-publish","4":"has-post-thumbnail","6":"product_cat-measurement-system-es","7":"product_tag-blown-film-es","8":"product_tag-controllo-testa-automatica-es","9":"product_tag-flat-die-gauging-system-es","10":"product_tag-measuring-system-es","11":"product_tag-opc-ua-es","12":"product_tag-reel-es","13":"product_tag-scanner-gauging-system-es","14":"product_tag-syncro-es","15":"product_tag-x-ray-gauging-es","17":"first","18":"instock","19":"shipping-taxable","20":"product-type-simple"},"acf":[],"yoast_head":"<!-- This site is optimized with the Yoast SEO plugin v26.0 - https:\/\/yoast.com\/wordpress\/plugins\/seo\/ -->\n<title>Rayxscan - Welcome to Syncro Group Website<\/title>\n<meta name=\"description\" content=\"The RAYXSCAN is Syncro&#039;s scanner that uses an X-ray beam transmission through the homogeneous material to measure thickness.\" \/>\n<meta name=\"robots\" content=\"index, follow, max-snippet:-1, max-image-preview:large, max-video-preview:-1\" \/>\n<link rel=\"canonical\" href=\"https:\/\/syncro-group.com\/syncro\/es\/producto\/xray-gauging-system\/\" \/>\n<meta property=\"og:locale\" content=\"es_ES\" \/>\n<meta property=\"og:type\" content=\"article\" \/>\n<meta property=\"og:title\" content=\"Rayxscan - Welcome to Syncro Group Website\" \/>\n<meta property=\"og:description\" content=\"The RAYXSCAN is Syncro&#039;s scanner that uses an X-ray beam transmission through the homogeneous material to measure thickness.\" \/>\n<meta property=\"og:url\" content=\"https:\/\/syncro-group.com\/syncro\/es\/producto\/xray-gauging-system\/\" \/>\n<meta property=\"og:site_name\" content=\"Welcome to Syncro Group Website\" \/>\n<meta property=\"article:modified_time\" content=\"2021-04-19T10:17:20+00:00\" \/>\n<meta property=\"og:image\" content=\"http:\/\/syncro-group.com\/syncro\/wp-content\/uploads\/2020\/02\/Rayxscan-render-2023.png\" \/>\n\t<meta property=\"og:image:width\" content=\"1500\" \/>\n\t<meta property=\"og:image:height\" content=\"1348\" \/>\n\t<meta property=\"og:image:type\" content=\"image\/png\" \/>\n<meta name=\"twitter:card\" content=\"summary_large_image\" \/>\n<script type=\"application\/ld+json\" class=\"yoast-schema-graph\">{\"@context\":\"https:\/\/schema.org\",\"@graph\":[{\"@type\":\"WebPage\",\"@id\":\"https:\/\/syncro-group.com\/syncro\/es\/producto\/xray-gauging-system\/\",\"url\":\"https:\/\/syncro-group.com\/syncro\/es\/producto\/xray-gauging-system\/\",\"name\":\"Rayxscan - Welcome to Syncro Group Website\",\"isPartOf\":{\"@id\":\"https:\/\/syncro-group.com\/syncro\/es\/#website\"},\"primaryImageOfPage\":{\"@id\":\"https:\/\/syncro-group.com\/syncro\/es\/producto\/xray-gauging-system\/#primaryimage\"},\"image\":{\"@id\":\"https:\/\/syncro-group.com\/syncro\/es\/producto\/xray-gauging-system\/#primaryimage\"},\"thumbnailUrl\":\"https:\/\/syncro-group.com\/syncro\/wp-content\/uploads\/2020\/02\/Rayxscan-render-2023.png\",\"datePublished\":\"2020-02-12T16:09:28+00:00\",\"dateModified\":\"2021-04-19T10:17:20+00:00\",\"description\":\"The RAYXSCAN is Syncro's scanner that uses an X-ray beam transmission through the homogeneous material to measure thickness.\",\"breadcrumb\":{\"@id\":\"https:\/\/syncro-group.com\/syncro\/es\/producto\/xray-gauging-system\/#breadcrumb\"},\"inLanguage\":\"es\",\"potentialAction\":[{\"@type\":\"ReadAction\",\"target\":[\"https:\/\/syncro-group.com\/syncro\/es\/producto\/xray-gauging-system\/\"]}]},{\"@type\":\"ImageObject\",\"inLanguage\":\"es\",\"@id\":\"https:\/\/syncro-group.com\/syncro\/es\/producto\/xray-gauging-system\/#primaryimage\",\"url\":\"https:\/\/syncro-group.com\/syncro\/wp-content\/uploads\/2020\/02\/Rayxscan-render-2023.png\",\"contentUrl\":\"https:\/\/syncro-group.com\/syncro\/wp-content\/uploads\/2020\/02\/Rayxscan-render-2023.png\",\"width\":1500,\"height\":1348,\"caption\":\"The RAYXSCAN uses an X ray beam transmission through the homogeneous material to be measured\"},{\"@type\":\"BreadcrumbList\",\"@id\":\"https:\/\/syncro-group.com\/syncro\/es\/producto\/xray-gauging-system\/#breadcrumb\",\"itemListElement\":[{\"@type\":\"ListItem\",\"position\":1,\"name\":\"Home\",\"item\":\"https:\/\/syncro-group.com\/syncro\/es\/\"},{\"@type\":\"ListItem\",\"position\":2,\"name\":\"Products\",\"item\":\"https:\/\/syncro-group.com\/syncro\/es\/products\/\"},{\"@type\":\"ListItem\",\"position\":3,\"name\":\"Rayxscan\"}]},{\"@type\":\"WebSite\",\"@id\":\"https:\/\/syncro-group.com\/syncro\/es\/#website\",\"url\":\"https:\/\/syncro-group.com\/syncro\/es\/\",\"name\":\"Welcome to Syncro Group Website\",\"description\":\"\",\"potentialAction\":[{\"@type\":\"SearchAction\",\"target\":{\"@type\":\"EntryPoint\",\"urlTemplate\":\"https:\/\/syncro-group.com\/syncro\/es\/?s={search_term_string}\"},\"query-input\":{\"@type\":\"PropertyValueSpecification\",\"valueRequired\":true,\"valueName\":\"search_term_string\"}}],\"inLanguage\":\"es\"}]}<\/script>\n<!-- \/ Yoast SEO plugin. -->","yoast_head_json":{"title":"Rayxscan - Welcome to Syncro Group Website","description":"The RAYXSCAN is Syncro's scanner that uses an X-ray beam transmission through the homogeneous material to measure thickness.","robots":{"index":"index","follow":"follow","max-snippet":"max-snippet:-1","max-image-preview":"max-image-preview:large","max-video-preview":"max-video-preview:-1"},"canonical":"https:\/\/syncro-group.com\/syncro\/es\/producto\/xray-gauging-system\/","og_locale":"es_ES","og_type":"article","og_title":"Rayxscan - Welcome to Syncro Group Website","og_description":"The RAYXSCAN is Syncro's scanner that uses an X-ray beam transmission through the homogeneous material to measure thickness.","og_url":"https:\/\/syncro-group.com\/syncro\/es\/producto\/xray-gauging-system\/","og_site_name":"Welcome to Syncro Group Website","article_modified_time":"2021-04-19T10:17:20+00:00","og_image":[{"width":1500,"height":1348,"url":"http:\/\/syncro-group.com\/syncro\/wp-content\/uploads\/2020\/02\/Rayxscan-render-2023.png","type":"image\/png"}],"twitter_card":"summary_large_image","schema":{"@context":"https:\/\/schema.org","@graph":[{"@type":"WebPage","@id":"https:\/\/syncro-group.com\/syncro\/es\/producto\/xray-gauging-system\/","url":"https:\/\/syncro-group.com\/syncro\/es\/producto\/xray-gauging-system\/","name":"Rayxscan - Welcome to Syncro Group Website","isPartOf":{"@id":"https:\/\/syncro-group.com\/syncro\/es\/#website"},"primaryImageOfPage":{"@id":"https:\/\/syncro-group.com\/syncro\/es\/producto\/xray-gauging-system\/#primaryimage"},"image":{"@id":"https:\/\/syncro-group.com\/syncro\/es\/producto\/xray-gauging-system\/#primaryimage"},"thumbnailUrl":"https:\/\/syncro-group.com\/syncro\/wp-content\/uploads\/2020\/02\/Rayxscan-render-2023.png","datePublished":"2020-02-12T16:09:28+00:00","dateModified":"2021-04-19T10:17:20+00:00","description":"The RAYXSCAN is Syncro's scanner that uses an X-ray beam transmission through the homogeneous material to measure thickness.","breadcrumb":{"@id":"https:\/\/syncro-group.com\/syncro\/es\/producto\/xray-gauging-system\/#breadcrumb"},"inLanguage":"es","potentialAction":[{"@type":"ReadAction","target":["https:\/\/syncro-group.com\/syncro\/es\/producto\/xray-gauging-system\/"]}]},{"@type":"ImageObject","inLanguage":"es","@id":"https:\/\/syncro-group.com\/syncro\/es\/producto\/xray-gauging-system\/#primaryimage","url":"https:\/\/syncro-group.com\/syncro\/wp-content\/uploads\/2020\/02\/Rayxscan-render-2023.png","contentUrl":"https:\/\/syncro-group.com\/syncro\/wp-content\/uploads\/2020\/02\/Rayxscan-render-2023.png","width":1500,"height":1348,"caption":"The RAYXSCAN uses an X ray beam transmission through the homogeneous material to be measured"},{"@type":"BreadcrumbList","@id":"https:\/\/syncro-group.com\/syncro\/es\/producto\/xray-gauging-system\/#breadcrumb","itemListElement":[{"@type":"ListItem","position":1,"name":"Home","item":"https:\/\/syncro-group.com\/syncro\/es\/"},{"@type":"ListItem","position":2,"name":"Products","item":"https:\/\/syncro-group.com\/syncro\/es\/products\/"},{"@type":"ListItem","position":3,"name":"Rayxscan"}]},{"@type":"WebSite","@id":"https:\/\/syncro-group.com\/syncro\/es\/#website","url":"https:\/\/syncro-group.com\/syncro\/es\/","name":"Welcome to Syncro Group Website","description":"","potentialAction":[{"@type":"SearchAction","target":{"@type":"EntryPoint","urlTemplate":"https:\/\/syncro-group.com\/syncro\/es\/?s={search_term_string}"},"query-input":{"@type":"PropertyValueSpecification","valueRequired":true,"valueName":"search_term_string"}}],"inLanguage":"es"}]}},"_links":{"self":[{"href":"https:\/\/syncro-group.com\/syncro\/es\/wp-json\/wp\/v2\/product\/6451","targetHints":{"allow":["GET"]}}],"collection":[{"href":"https:\/\/syncro-group.com\/syncro\/es\/wp-json\/wp\/v2\/product"}],"about":[{"href":"https:\/\/syncro-group.com\/syncro\/es\/wp-json\/wp\/v2\/types\/product"}],"wp:featuredmedia":[{"embeddable":true,"href":"https:\/\/syncro-group.com\/syncro\/es\/wp-json\/wp\/v2\/media\/12129"}],"wp:attachment":[{"href":"https:\/\/syncro-group.com\/syncro\/es\/wp-json\/wp\/v2\/media?parent=6451"}],"wp:term":[{"taxonomy":"product_brand","embeddable":true,"href":"https:\/\/syncro-group.com\/syncro\/es\/wp-json\/wp\/v2\/product_brand?post=6451"},{"taxonomy":"product_cat","embeddable":true,"href":"https:\/\/syncro-group.com\/syncro\/es\/wp-json\/wp\/v2\/product_cat?post=6451"},{"taxonomy":"product_tag","embeddable":true,"href":"https:\/\/syncro-group.com\/syncro\/es\/wp-json\/wp\/v2\/product_tag?post=6451"}],"curies":[{"name":"wp","href":"https:\/\/api.w.org\/{rel}","templated":true}]}}