{"id":6479,"date":"2020-02-12T17:08:18","date_gmt":"2020-02-12T16:08:18","guid":{"rendered":"https:\/\/syncro-group.com\/syncro\/product\/capacitive-gauging-system-skymex\/"},"modified":"2024-10-23T10:06:11","modified_gmt":"2024-10-23T08:06:11","slug":"capacitive-gauging-system-skymex","status":"publish","type":"product","link":"https:\/\/syncro-group.com\/syncro\/es\/producto\/capacitive-gauging-system-skymex\/","title":{"rendered":"Skymex"},"content":{"rendered":"<ul class=\"advantages\"><li>SISTEMA TRIPLE TELESCOPICO PATENTADO - El triple telescopio se basa en un mecanismo de movimiento que hace que el posicionamiento del sensor sea preciso y seguro, superando los problemas de estabilidad habituales de los sistemas cl\u00e1sicos del mercado (Patente WO2015\/155621). La viga telesc\u00f3pica sobre la que se monta el sensor se coloca sobre dos carros que se mueven simult\u00e1neamente alrededor de la burbuja extruida. Skymex satisface 4 requisitos fundamentales de los dise\u00f1adores: rigidez, ausencia de vibraciones, grandes radios de medici\u00f3n radial y dimensiones totales m\u00ednimas durante la rotaci\u00f3n. Skymex no tiene ning\u00fan voladizo radial ni \"uniones\" intermedias entre los bogies.<\/li><li>MOVIMIENTO SIN CORREAS - El movimiento es \"sin correas\", por lo que no es necesario el mantenimiento ni la sustituci\u00f3n de las mismas.<\/li><li>DIFERENTES TAMA\u00d1OS - Skymex est\u00e1 disponible en diferentes tama\u00f1os hasta 14 mt en plano.<\/li><li>GRAN RATIO MIN-MAX - Gracias a su anillo oscilante con triple dispositivo telesc\u00f3pico patentado, Skymex es capaz de garantizar una relaci\u00f3n de 4 \u00f7 1 entre el di\u00e1metro m\u00ednimo y m\u00e1ximo de la burbuja.<\/li><li>SENSOR DE DISTANCIA ULTRAS\u00d3NICO - Skymex est\u00e1 equipado con un sensor ultras\u00f3nico para mantener siempre constante la distancia entre el sensor y la burbuja.<\/li><li>INDUSTRIA 4.0 Y IOT - Todas las m\u00e1quinas Syncro est\u00e1n preparadas para integrarse con controles de supervisi\u00f3n y sistemas ERP de terceros utilizando la \u00faltima generaci\u00f3n de protocolos OPC-UA de serie.<\/li><li>SISTEMA DE ROTACI\u00d3N DE 360\u00b0 - Como opci\u00f3n, Skymex puede girar continuamente a 360\u00b0 en una direcci\u00f3n gracias a un carril alimentado y a un Wi-Fi industrial.<\/li><\/ul>\n","protected":false},"excerpt":{"rendered":"<p class=\"p1\"><strong>SKYMEX<\/strong> es un <strong>medidor de espesor por contacto<\/strong> para l\u00edneas de film soplado. Proporciona una medici\u00f3n continua del espesor alrededor de la burbuja y est\u00e1 instalado en un dispositivo de posicionamiento patentado con un anillo oscilante conectado a un control de perfil autom\u00e1tico.<\/p>\n<p class=\"p1\">Skymex se basa en la tecnolog\u00eda capacitiva. Las caracter\u00edsticas diel\u00e9ctricas de la pel\u00edcula que est\u00e1 en contacto con el sensor, producen una variaci\u00f3n de la se\u00f1al proporcional al espesor de la pel\u00edcula.<\/p>\n","protected":false},"featured_media":10114,"template":"","meta":{"_acf_changed":false},"product_brand":[],"product_cat":[657],"product_tag":[564,632,666,658,565,563,555],"class_list":{"0":"post-6479","1":"product","2":"type-product","3":"status-publish","4":"has-post-thumbnail","6":"product_cat-measurement-system-es","7":"product_tag-blown-film-es","8":"product_tag-blown-film-line-es","9":"product_tag-capacity-gauging-system-es","10":"product_tag-measuring-system-es-2","11":"product_tag-opc-ua-es","12":"product_tag-reel-es","13":"product_tag-syncro-es","15":"first","16":"instock","17":"shipping-taxable","18":"product-type-simple"},"acf":[],"yoast_head":"<!-- This site is optimized with the Yoast SEO plugin v26.0 - https:\/\/yoast.com\/wordpress\/plugins\/seo\/ -->\n<title>Skymex - Welcome to Syncro Group Website<\/title>\n<meta name=\"description\" content=\"SKYMEX is a contact thickness gauge for blown film lines that provides a continuous thickness measurement around the bubble.\" \/>\n<meta name=\"robots\" content=\"index, follow, max-snippet:-1, max-image-preview:large, max-video-preview:-1\" \/>\n<link rel=\"canonical\" href=\"https:\/\/syncro-group.com\/syncro\/es\/producto\/capacitive-gauging-system-skymex\/\" \/>\n<meta property=\"og:locale\" content=\"es_ES\" \/>\n<meta property=\"og:type\" content=\"article\" \/>\n<meta property=\"og:title\" content=\"Skymex - Welcome to Syncro Group Website\" \/>\n<meta property=\"og:description\" content=\"SKYMEX is a contact thickness gauge for blown film lines that provides a continuous thickness measurement around the bubble.\" \/>\n<meta property=\"og:url\" content=\"https:\/\/syncro-group.com\/syncro\/es\/producto\/capacitive-gauging-system-skymex\/\" \/>\n<meta property=\"og:site_name\" content=\"Welcome to Syncro Group Website\" \/>\n<meta property=\"article:modified_time\" content=\"2024-10-23T08:06:11+00:00\" \/>\n<meta property=\"og:image\" content=\"https:\/\/syncro-group.com\/syncro\/wp-content\/uploads\/2020\/02\/Skymex-3.1.png\" \/>\n\t<meta property=\"og:image:width\" content=\"1000\" \/>\n\t<meta property=\"og:image:height\" content=\"1000\" \/>\n\t<meta property=\"og:image:type\" content=\"image\/png\" \/>\n<meta name=\"twitter:card\" content=\"summary_large_image\" \/>\n<script type=\"application\/ld+json\" class=\"yoast-schema-graph\">{\"@context\":\"https:\/\/schema.org\",\"@graph\":[{\"@type\":\"WebPage\",\"@id\":\"https:\/\/syncro-group.com\/syncro\/es\/producto\/capacitive-gauging-system-skymex\/\",\"url\":\"https:\/\/syncro-group.com\/syncro\/es\/producto\/capacitive-gauging-system-skymex\/\",\"name\":\"Skymex - Welcome to Syncro Group Website\",\"isPartOf\":{\"@id\":\"https:\/\/syncro-group.com\/syncro\/es\/#website\"},\"primaryImageOfPage\":{\"@id\":\"https:\/\/syncro-group.com\/syncro\/es\/producto\/capacitive-gauging-system-skymex\/#primaryimage\"},\"image\":{\"@id\":\"https:\/\/syncro-group.com\/syncro\/es\/producto\/capacitive-gauging-system-skymex\/#primaryimage\"},\"thumbnailUrl\":\"https:\/\/syncro-group.com\/syncro\/wp-content\/uploads\/2020\/02\/Skymex-3.1.png\",\"datePublished\":\"2020-02-12T16:08:18+00:00\",\"dateModified\":\"2024-10-23T08:06:11+00:00\",\"description\":\"SKYMEX is a contact thickness gauge for blown film lines that provides a continuous thickness measurement around the bubble.\",\"breadcrumb\":{\"@id\":\"https:\/\/syncro-group.com\/syncro\/es\/producto\/capacitive-gauging-system-skymex\/#breadcrumb\"},\"inLanguage\":\"es\",\"potentialAction\":[{\"@type\":\"ReadAction\",\"target\":[\"https:\/\/syncro-group.com\/syncro\/es\/producto\/capacitive-gauging-system-skymex\/\"]}]},{\"@type\":\"ImageObject\",\"inLanguage\":\"es\",\"@id\":\"https:\/\/syncro-group.com\/syncro\/es\/producto\/capacitive-gauging-system-skymex\/#primaryimage\",\"url\":\"https:\/\/syncro-group.com\/syncro\/wp-content\/uploads\/2020\/02\/Skymex-3.1.png\",\"contentUrl\":\"https:\/\/syncro-group.com\/syncro\/wp-content\/uploads\/2020\/02\/Skymex-3.1.png\",\"width\":1000,\"height\":1000},{\"@type\":\"BreadcrumbList\",\"@id\":\"https:\/\/syncro-group.com\/syncro\/es\/producto\/capacitive-gauging-system-skymex\/#breadcrumb\",\"itemListElement\":[{\"@type\":\"ListItem\",\"position\":1,\"name\":\"Home\",\"item\":\"https:\/\/syncro-group.com\/syncro\/es\/\"},{\"@type\":\"ListItem\",\"position\":2,\"name\":\"Products\",\"item\":\"https:\/\/syncro-group.com\/syncro\/es\/products\/\"},{\"@type\":\"ListItem\",\"position\":3,\"name\":\"Skymex\"}]},{\"@type\":\"WebSite\",\"@id\":\"https:\/\/syncro-group.com\/syncro\/es\/#website\",\"url\":\"https:\/\/syncro-group.com\/syncro\/es\/\",\"name\":\"Welcome to Syncro Group Website\",\"description\":\"\",\"potentialAction\":[{\"@type\":\"SearchAction\",\"target\":{\"@type\":\"EntryPoint\",\"urlTemplate\":\"https:\/\/syncro-group.com\/syncro\/es\/?s={search_term_string}\"},\"query-input\":{\"@type\":\"PropertyValueSpecification\",\"valueRequired\":true,\"valueName\":\"search_term_string\"}}],\"inLanguage\":\"es\"}]}<\/script>\n<!-- \/ Yoast SEO plugin. -->","yoast_head_json":{"title":"Skymex - Welcome to Syncro Group Website","description":"SKYMEX is a contact thickness gauge for blown film lines that provides a continuous thickness measurement around the bubble.","robots":{"index":"index","follow":"follow","max-snippet":"max-snippet:-1","max-image-preview":"max-image-preview:large","max-video-preview":"max-video-preview:-1"},"canonical":"https:\/\/syncro-group.com\/syncro\/es\/producto\/capacitive-gauging-system-skymex\/","og_locale":"es_ES","og_type":"article","og_title":"Skymex - Welcome to Syncro Group Website","og_description":"SKYMEX is a contact thickness gauge for blown film lines that provides a continuous thickness measurement around the bubble.","og_url":"https:\/\/syncro-group.com\/syncro\/es\/producto\/capacitive-gauging-system-skymex\/","og_site_name":"Welcome to Syncro Group Website","article_modified_time":"2024-10-23T08:06:11+00:00","og_image":[{"width":1000,"height":1000,"url":"https:\/\/syncro-group.com\/syncro\/wp-content\/uploads\/2020\/02\/Skymex-3.1.png","type":"image\/png"}],"twitter_card":"summary_large_image","schema":{"@context":"https:\/\/schema.org","@graph":[{"@type":"WebPage","@id":"https:\/\/syncro-group.com\/syncro\/es\/producto\/capacitive-gauging-system-skymex\/","url":"https:\/\/syncro-group.com\/syncro\/es\/producto\/capacitive-gauging-system-skymex\/","name":"Skymex - Welcome to Syncro Group Website","isPartOf":{"@id":"https:\/\/syncro-group.com\/syncro\/es\/#website"},"primaryImageOfPage":{"@id":"https:\/\/syncro-group.com\/syncro\/es\/producto\/capacitive-gauging-system-skymex\/#primaryimage"},"image":{"@id":"https:\/\/syncro-group.com\/syncro\/es\/producto\/capacitive-gauging-system-skymex\/#primaryimage"},"thumbnailUrl":"https:\/\/syncro-group.com\/syncro\/wp-content\/uploads\/2020\/02\/Skymex-3.1.png","datePublished":"2020-02-12T16:08:18+00:00","dateModified":"2024-10-23T08:06:11+00:00","description":"SKYMEX is a contact thickness gauge for blown film lines that provides a continuous thickness measurement around the bubble.","breadcrumb":{"@id":"https:\/\/syncro-group.com\/syncro\/es\/producto\/capacitive-gauging-system-skymex\/#breadcrumb"},"inLanguage":"es","potentialAction":[{"@type":"ReadAction","target":["https:\/\/syncro-group.com\/syncro\/es\/producto\/capacitive-gauging-system-skymex\/"]}]},{"@type":"ImageObject","inLanguage":"es","@id":"https:\/\/syncro-group.com\/syncro\/es\/producto\/capacitive-gauging-system-skymex\/#primaryimage","url":"https:\/\/syncro-group.com\/syncro\/wp-content\/uploads\/2020\/02\/Skymex-3.1.png","contentUrl":"https:\/\/syncro-group.com\/syncro\/wp-content\/uploads\/2020\/02\/Skymex-3.1.png","width":1000,"height":1000},{"@type":"BreadcrumbList","@id":"https:\/\/syncro-group.com\/syncro\/es\/producto\/capacitive-gauging-system-skymex\/#breadcrumb","itemListElement":[{"@type":"ListItem","position":1,"name":"Home","item":"https:\/\/syncro-group.com\/syncro\/es\/"},{"@type":"ListItem","position":2,"name":"Products","item":"https:\/\/syncro-group.com\/syncro\/es\/products\/"},{"@type":"ListItem","position":3,"name":"Skymex"}]},{"@type":"WebSite","@id":"https:\/\/syncro-group.com\/syncro\/es\/#website","url":"https:\/\/syncro-group.com\/syncro\/es\/","name":"Welcome to Syncro Group Website","description":"","potentialAction":[{"@type":"SearchAction","target":{"@type":"EntryPoint","urlTemplate":"https:\/\/syncro-group.com\/syncro\/es\/?s={search_term_string}"},"query-input":{"@type":"PropertyValueSpecification","valueRequired":true,"valueName":"search_term_string"}}],"inLanguage":"es"}]}},"_links":{"self":[{"href":"https:\/\/syncro-group.com\/syncro\/es\/wp-json\/wp\/v2\/product\/6479","targetHints":{"allow":["GET"]}}],"collection":[{"href":"https:\/\/syncro-group.com\/syncro\/es\/wp-json\/wp\/v2\/product"}],"about":[{"href":"https:\/\/syncro-group.com\/syncro\/es\/wp-json\/wp\/v2\/types\/product"}],"wp:featuredmedia":[{"embeddable":true,"href":"https:\/\/syncro-group.com\/syncro\/es\/wp-json\/wp\/v2\/media\/10114"}],"wp:attachment":[{"href":"https:\/\/syncro-group.com\/syncro\/es\/wp-json\/wp\/v2\/media?parent=6479"}],"wp:term":[{"taxonomy":"product_brand","embeddable":true,"href":"https:\/\/syncro-group.com\/syncro\/es\/wp-json\/wp\/v2\/product_brand?post=6479"},{"taxonomy":"product_cat","embeddable":true,"href":"https:\/\/syncro-group.com\/syncro\/es\/wp-json\/wp\/v2\/product_cat?post=6479"},{"taxonomy":"product_tag","embeddable":true,"href":"https:\/\/syncro-group.com\/syncro\/es\/wp-json\/wp\/v2\/product_tag?post=6479"}],"curies":[{"name":"wp","href":"https:\/\/api.w.org\/{rel}","templated":true}]}}