{"id":6508,"date":"2020-02-12T17:07:30","date_gmt":"2020-02-12T16:07:30","guid":{"rendered":"https:\/\/syncro-group.com\/syncro\/product\/easymex-cf-capacitive-gauging-system\/"},"modified":"2021-04-19T10:58:38","modified_gmt":"2021-04-19T08:58:38","slug":"easymex-cf-capacitive-gauging-system","status":"publish","type":"product","link":"https:\/\/syncro-group.com\/syncro\/es\/producto\/easymex-cf-capacitive-gauging-system\/","title":{"rendered":"Easymex-CF"},"content":{"rendered":"<ul class=\"advantages\"><li>SISTEMA DE POSICIONAMIENTO NEUM\u00c1TICO - EASYMEX-CF est\u00e1 equipado con un sistema de posicionamiento neum\u00e1tico para posicionar el sensor en contacto con la pel\u00edcula.<\/li><li>PERFIL - EASYMEX-CF proporciona un perfil de burbuja para cada oscilaci\u00f3n de arrastre.<\/li><li>SYNTROL - EASYMEX-CF si se conecta directamente al sistema de supervisi\u00f3n SYNTROL junto con el anillo de aire Typhoon o Flyer proporciona un control autom\u00e1tico del perfil.<\/li><li>PLC, INDUSTRIA 4.0 Y IOT - EASYMEX-CF est\u00e1 equipado con PLC integrado con el protocolo OPC-UA para la industria 4.0.<\/li><\/ul>\n","protected":false},"excerpt":{"rendered":"<p class=\"p1\"><strong>EASYMEX-CF<\/strong> es un <strong>sistema de medici\u00f3n de espesores<\/strong> por contacto para l\u00edneas de film soplado.<br \/>\nProporciona una <strong>medici\u00f3n continua del espesor alrededor de la burbuja<\/strong> y se instala directamente en <strong>los bastidores de colapso de las unidades<\/strong> de arrastre oscilantes.<br \/>\nRepresenta la mejor soluci\u00f3n cuando no hay espacio para un sistema de tipo rotatorio como el skymex.<\/p>\n<p class=\"p1\"><strong>EASYMEX-CF<\/strong> se <strong>basa en la tecnolog\u00eda capacitiva<\/strong>, las caracter\u00edsticas diel\u00e9ctricas del film que est\u00e1 en contacto con el sensor producen una variaci\u00f3n de la se\u00f1al proporcional al espesor del film.<\/p>\n<p>&nbsp;<\/p>\n","protected":false},"featured_media":6519,"template":"","meta":{"_acf_changed":false},"product_brand":[],"product_cat":[657],"product_tag":[564,632,666,557,658,641,556,563,611,555],"class_list":{"0":"post-6508","1":"product","2":"type-product","3":"status-publish","4":"has-post-thumbnail","6":"product_cat-measurement-system-es","7":"product_tag-blown-film-es","8":"product_tag-blown-film-line-es","9":"product_tag-capacity-gauging-system-es","10":"product_tag-industry-4-0-es","11":"product_tag-measuring-system-es-2","12":"product_tag-opc-ua-es-2","13":"product_tag-plastic-film-es","14":"product_tag-reel-es","15":"product_tag-syncro-es-2","16":"product_tag-syncro-es","18":"first","19":"instock","20":"shipping-taxable","21":"product-type-simple"},"acf":[],"yoast_head":"<!-- This site is optimized with the Yoast SEO plugin v26.0 - https:\/\/yoast.com\/wordpress\/plugins\/seo\/ -->\n<title>Easymex-CF - Welcome to Syncro Group Website<\/title>\n<meta name=\"description\" content=\"EASYMEX-CF contact thickness gauging system for blown film lines installed directly on the collapsing frames of the oscillating haul off units.\" \/>\n<meta name=\"robots\" content=\"index, follow, max-snippet:-1, max-image-preview:large, max-video-preview:-1\" \/>\n<link rel=\"canonical\" href=\"https:\/\/syncro-group.com\/syncro\/es\/producto\/easymex-cf-capacitive-gauging-system\/\" \/>\n<meta property=\"og:locale\" content=\"es_ES\" \/>\n<meta property=\"og:type\" content=\"article\" \/>\n<meta property=\"og:title\" content=\"Easymex-CF - Welcome to Syncro Group Website\" \/>\n<meta property=\"og:description\" content=\"EASYMEX-CF contact thickness gauging system for blown film lines installed directly on the collapsing frames of the oscillating haul off units.\" \/>\n<meta property=\"og:url\" content=\"https:\/\/syncro-group.com\/syncro\/es\/producto\/easymex-cf-capacitive-gauging-system\/\" \/>\n<meta property=\"og:site_name\" content=\"Welcome to Syncro Group Website\" \/>\n<meta property=\"article:modified_time\" content=\"2021-04-19T08:58:38+00:00\" \/>\n<meta property=\"og:image\" content=\"https:\/\/syncro-group.com\/syncro\/wp-content\/uploads\/2020\/02\/Easymex-quadrato-1024.jpg\" \/>\n\t<meta property=\"og:image:width\" content=\"1024\" \/>\n\t<meta property=\"og:image:height\" content=\"1024\" \/>\n\t<meta property=\"og:image:type\" content=\"image\/jpeg\" \/>\n<meta name=\"twitter:card\" content=\"summary_large_image\" \/>\n<script type=\"application\/ld+json\" class=\"yoast-schema-graph\">{\"@context\":\"https:\/\/schema.org\",\"@graph\":[{\"@type\":\"WebPage\",\"@id\":\"https:\/\/syncro-group.com\/syncro\/es\/producto\/easymex-cf-capacitive-gauging-system\/\",\"url\":\"https:\/\/syncro-group.com\/syncro\/es\/producto\/easymex-cf-capacitive-gauging-system\/\",\"name\":\"Easymex-CF - Welcome to Syncro Group Website\",\"isPartOf\":{\"@id\":\"https:\/\/syncro-group.com\/syncro\/es\/#website\"},\"primaryImageOfPage\":{\"@id\":\"https:\/\/syncro-group.com\/syncro\/es\/producto\/easymex-cf-capacitive-gauging-system\/#primaryimage\"},\"image\":{\"@id\":\"https:\/\/syncro-group.com\/syncro\/es\/producto\/easymex-cf-capacitive-gauging-system\/#primaryimage\"},\"thumbnailUrl\":\"https:\/\/syncro-group.com\/syncro\/wp-content\/uploads\/2020\/02\/Easymex-quadrato-1024.jpg\",\"datePublished\":\"2020-02-12T16:07:30+00:00\",\"dateModified\":\"2021-04-19T08:58:38+00:00\",\"description\":\"EASYMEX-CF contact thickness gauging system for blown film lines installed directly on the collapsing frames of the oscillating haul off units.\",\"breadcrumb\":{\"@id\":\"https:\/\/syncro-group.com\/syncro\/es\/producto\/easymex-cf-capacitive-gauging-system\/#breadcrumb\"},\"inLanguage\":\"es\",\"potentialAction\":[{\"@type\":\"ReadAction\",\"target\":[\"https:\/\/syncro-group.com\/syncro\/es\/producto\/easymex-cf-capacitive-gauging-system\/\"]}]},{\"@type\":\"ImageObject\",\"inLanguage\":\"es\",\"@id\":\"https:\/\/syncro-group.com\/syncro\/es\/producto\/easymex-cf-capacitive-gauging-system\/#primaryimage\",\"url\":\"https:\/\/syncro-group.com\/syncro\/wp-content\/uploads\/2020\/02\/Easymex-quadrato-1024.jpg\",\"contentUrl\":\"https:\/\/syncro-group.com\/syncro\/wp-content\/uploads\/2020\/02\/Easymex-quadrato-1024.jpg\",\"width\":1024,\"height\":1024,\"caption\":\"Measuring System\"},{\"@type\":\"BreadcrumbList\",\"@id\":\"https:\/\/syncro-group.com\/syncro\/es\/producto\/easymex-cf-capacitive-gauging-system\/#breadcrumb\",\"itemListElement\":[{\"@type\":\"ListItem\",\"position\":1,\"name\":\"Home\",\"item\":\"https:\/\/syncro-group.com\/syncro\/es\/\"},{\"@type\":\"ListItem\",\"position\":2,\"name\":\"Products\",\"item\":\"https:\/\/syncro-group.com\/syncro\/es\/products\/\"},{\"@type\":\"ListItem\",\"position\":3,\"name\":\"Easymex-CF\"}]},{\"@type\":\"WebSite\",\"@id\":\"https:\/\/syncro-group.com\/syncro\/es\/#website\",\"url\":\"https:\/\/syncro-group.com\/syncro\/es\/\",\"name\":\"Welcome to Syncro Group Website\",\"description\":\"\",\"potentialAction\":[{\"@type\":\"SearchAction\",\"target\":{\"@type\":\"EntryPoint\",\"urlTemplate\":\"https:\/\/syncro-group.com\/syncro\/es\/?s={search_term_string}\"},\"query-input\":{\"@type\":\"PropertyValueSpecification\",\"valueRequired\":true,\"valueName\":\"search_term_string\"}}],\"inLanguage\":\"es\"}]}<\/script>\n<!-- \/ Yoast SEO plugin. -->","yoast_head_json":{"title":"Easymex-CF - Welcome to Syncro Group Website","description":"EASYMEX-CF contact thickness gauging system for blown film lines installed directly on the collapsing frames of the oscillating haul off units.","robots":{"index":"index","follow":"follow","max-snippet":"max-snippet:-1","max-image-preview":"max-image-preview:large","max-video-preview":"max-video-preview:-1"},"canonical":"https:\/\/syncro-group.com\/syncro\/es\/producto\/easymex-cf-capacitive-gauging-system\/","og_locale":"es_ES","og_type":"article","og_title":"Easymex-CF - Welcome to Syncro Group Website","og_description":"EASYMEX-CF contact thickness gauging system for blown film lines installed directly on the collapsing frames of the oscillating haul off units.","og_url":"https:\/\/syncro-group.com\/syncro\/es\/producto\/easymex-cf-capacitive-gauging-system\/","og_site_name":"Welcome to Syncro Group Website","article_modified_time":"2021-04-19T08:58:38+00:00","og_image":[{"width":1024,"height":1024,"url":"https:\/\/syncro-group.com\/syncro\/wp-content\/uploads\/2020\/02\/Easymex-quadrato-1024.jpg","type":"image\/jpeg"}],"twitter_card":"summary_large_image","schema":{"@context":"https:\/\/schema.org","@graph":[{"@type":"WebPage","@id":"https:\/\/syncro-group.com\/syncro\/es\/producto\/easymex-cf-capacitive-gauging-system\/","url":"https:\/\/syncro-group.com\/syncro\/es\/producto\/easymex-cf-capacitive-gauging-system\/","name":"Easymex-CF - Welcome to Syncro Group Website","isPartOf":{"@id":"https:\/\/syncro-group.com\/syncro\/es\/#website"},"primaryImageOfPage":{"@id":"https:\/\/syncro-group.com\/syncro\/es\/producto\/easymex-cf-capacitive-gauging-system\/#primaryimage"},"image":{"@id":"https:\/\/syncro-group.com\/syncro\/es\/producto\/easymex-cf-capacitive-gauging-system\/#primaryimage"},"thumbnailUrl":"https:\/\/syncro-group.com\/syncro\/wp-content\/uploads\/2020\/02\/Easymex-quadrato-1024.jpg","datePublished":"2020-02-12T16:07:30+00:00","dateModified":"2021-04-19T08:58:38+00:00","description":"EASYMEX-CF contact thickness gauging system for blown film lines installed directly on the collapsing frames of the oscillating haul off units.","breadcrumb":{"@id":"https:\/\/syncro-group.com\/syncro\/es\/producto\/easymex-cf-capacitive-gauging-system\/#breadcrumb"},"inLanguage":"es","potentialAction":[{"@type":"ReadAction","target":["https:\/\/syncro-group.com\/syncro\/es\/producto\/easymex-cf-capacitive-gauging-system\/"]}]},{"@type":"ImageObject","inLanguage":"es","@id":"https:\/\/syncro-group.com\/syncro\/es\/producto\/easymex-cf-capacitive-gauging-system\/#primaryimage","url":"https:\/\/syncro-group.com\/syncro\/wp-content\/uploads\/2020\/02\/Easymex-quadrato-1024.jpg","contentUrl":"https:\/\/syncro-group.com\/syncro\/wp-content\/uploads\/2020\/02\/Easymex-quadrato-1024.jpg","width":1024,"height":1024,"caption":"Measuring System"},{"@type":"BreadcrumbList","@id":"https:\/\/syncro-group.com\/syncro\/es\/producto\/easymex-cf-capacitive-gauging-system\/#breadcrumb","itemListElement":[{"@type":"ListItem","position":1,"name":"Home","item":"https:\/\/syncro-group.com\/syncro\/es\/"},{"@type":"ListItem","position":2,"name":"Products","item":"https:\/\/syncro-group.com\/syncro\/es\/products\/"},{"@type":"ListItem","position":3,"name":"Easymex-CF"}]},{"@type":"WebSite","@id":"https:\/\/syncro-group.com\/syncro\/es\/#website","url":"https:\/\/syncro-group.com\/syncro\/es\/","name":"Welcome to Syncro Group Website","description":"","potentialAction":[{"@type":"SearchAction","target":{"@type":"EntryPoint","urlTemplate":"https:\/\/syncro-group.com\/syncro\/es\/?s={search_term_string}"},"query-input":{"@type":"PropertyValueSpecification","valueRequired":true,"valueName":"search_term_string"}}],"inLanguage":"es"}]}},"_links":{"self":[{"href":"https:\/\/syncro-group.com\/syncro\/es\/wp-json\/wp\/v2\/product\/6508","targetHints":{"allow":["GET"]}}],"collection":[{"href":"https:\/\/syncro-group.com\/syncro\/es\/wp-json\/wp\/v2\/product"}],"about":[{"href":"https:\/\/syncro-group.com\/syncro\/es\/wp-json\/wp\/v2\/types\/product"}],"wp:featuredmedia":[{"embeddable":true,"href":"https:\/\/syncro-group.com\/syncro\/es\/wp-json\/wp\/v2\/media\/6519"}],"wp:attachment":[{"href":"https:\/\/syncro-group.com\/syncro\/es\/wp-json\/wp\/v2\/media?parent=6508"}],"wp:term":[{"taxonomy":"product_brand","embeddable":true,"href":"https:\/\/syncro-group.com\/syncro\/es\/wp-json\/wp\/v2\/product_brand?post=6508"},{"taxonomy":"product_cat","embeddable":true,"href":"https:\/\/syncro-group.com\/syncro\/es\/wp-json\/wp\/v2\/product_cat?post=6508"},{"taxonomy":"product_tag","embeddable":true,"href":"https:\/\/syncro-group.com\/syncro\/es\/wp-json\/wp\/v2\/product_tag?post=6508"}],"curies":[{"name":"wp","href":"https:\/\/api.w.org\/{rel}","templated":true}]}}