{"id":6540,"date":"2020-02-12T17:01:59","date_gmt":"2020-02-12T16:01:59","guid":{"rendered":"https:\/\/syncro-group.com\/syncro\/product\/optical-measuring-system\/"},"modified":"2024-10-28T10:41:25","modified_gmt":"2024-10-28T09:41:25","slug":"optical-measuring-system","status":"publish","type":"product","link":"https:\/\/syncro-group.com\/syncro\/es\/producto\/optical-measuring-system\/","title":{"rendered":"Optyscan"},"content":{"rendered":"<ul class=\"advantages\"><li>TECNOLOG\u00cdA NIR - basada en el concepto de interfer\u00f3metro, evita cualquier certificaci\u00f3n necesaria para los sistemas radiactivos.<\/li><li>MAYOR PRECISI\u00d3N - Optyscan tiene un punto de medici\u00f3n de 1 mm con una precisi\u00f3n de hasta 0,1 micras. La precisi\u00f3n de la medici\u00f3n se ha mejorado y aumentado en comparaci\u00f3n con los IR, los rayos X o los rayos beta, que tienen puntos de medici\u00f3n de entre 5 y 20 mm.<\/li><li>ESTABLE Y PRECISO - Gracias a la instalaci\u00f3n en la unidad de fundici\u00f3n, Optyscan no sufrir\u00e1 ninguna vibraci\u00f3n que afecte a la medici\u00f3n y la calidad de la medici\u00f3n se mantiene igual independientemente del movimiento de la pel\u00edcula.<\/li><li>RENDIMIENTO SIN L\u00cdMITES - El sistema garantiza una medici\u00f3n de espesor absoluta y no necesita ninguna calibraci\u00f3n una vez configurado.<\/li><li>COMPACTO Y VERS\u00c1TIL - Optyscan es de retrodispersi\u00f3n por lo que no necesita ning\u00fan receptor; debido a ello su instalaci\u00f3n directamente en la unidad de colada permite reducir la longitud de la l\u00ednea en unos 2-3 metros ahorrando espacio, estructura de bastidor y rollos.<\/li><li>R\u00c1PIDA PUESTA EN MARCHA - Gracias a la instalaci\u00f3n \u00fanica en el rodillo de enfriamiento, Optyscan garantizar\u00e1 una respuesta m\u00e1s r\u00e1pida en el control del perfil autom\u00e1tico debido a su proximidad a la matriz, especialmente durante la puesta en marcha, donde cada metro de pel\u00edcula extruida es importante.<\/li><li>F\u00c1CIL ACCESO PARA EL MANTENIMIENTO - Optyscan ha sido dise\u00f1ado para garantizar un f\u00e1cil acceso para las operaciones de mantenimiento.<\/li><li>PROCESOS - Optyscan puede ser utilizado en diferentes procesos como l\u00edneas de film estirable, l\u00edneas de no-tejido, l\u00edneas de BOPP, l\u00edneas de recubrimiento, l\u00edneas de film soplado.<\/li><li>CONTROL SINTETICO - Optyscan est\u00e1 equipado con un armario de control junto con una pantalla t\u00e1ctil de PC, teclado, rat\u00f3n e impresora.<\/li><li>INDUSTRIA 4.0 Y IOT - Optyscan est\u00e1 equipado con PLC integrado con protocolo OPC-UA para la industria 4.0.<\/li><\/ul>\n","protected":false},"excerpt":{"rendered":"<p class=\"p1\"><strong>OPTYSCAN<\/strong> representa la \u00faltima tecnolog\u00eda del mercado en la <strong>medici\u00f3n del espesor de la pel\u00edcula<\/strong>. Gracias a su dise\u00f1o compacto y a la misma lectura del lado de la pel\u00edcula, permite la instalaci\u00f3n en el marco del rodillo de enfriamiento. Las l\u00edneas de extrusi\u00f3n se beneficiar\u00e1n de estas caracter\u00edsticas resultando compacto y el calibrador estando muy cerca del cabezal garantizar\u00e1 una r\u00e1pida retroalimentaci\u00f3n y control particularmente apreciado durante el proceso de puesta en marcha.<\/p>\n<p class=\"p1\"><strong>OPTYSCAN<\/strong> utiliza la <strong>tecnolog\u00eda NIR (Near Infra-Red).<\/strong> Su sensor \u00f3ptico se basa en la interferometr\u00eda de baja coherencia. El material se ilumina con una fuente de luz infrarroja cercana de banda ancha; el cabezal \u00f3ptico recoge la reflexi\u00f3n de los l\u00edmites superior e inferior de la pel\u00edcula y permite obtener la diferencia entre las dos mediciones.<\/p>\n","protected":false},"featured_media":6556,"template":"","meta":{"_acf_changed":false},"product_brand":[],"product_cat":[657],"product_tag":[564,665,662,557,667,612,565,563,663,555],"class_list":{"0":"post-6540","1":"product","2":"type-product","3":"status-publish","4":"has-post-thumbnail","6":"product_cat-measurement-system-es","7":"product_tag-blown-film-es","8":"product_tag-controllo-testa-automatica-es","9":"product_tag-flat-die-gauging-system-es","10":"product_tag-industry-4-0-es","11":"product_tag-laser-shadow-gauging-es","12":"product_tag-measuring-system-es","13":"product_tag-opc-ua-es","14":"product_tag-reel-es","15":"product_tag-scanner-gauging-system-es","16":"product_tag-syncro-es","18":"first","19":"instock","20":"shipping-taxable","21":"product-type-simple"},"acf":[],"yoast_head":"<!-- This site is optimized with the Yoast SEO plugin v26.0 - https:\/\/yoast.com\/wordpress\/plugins\/seo\/ -->\n<title>Optyscan - Welcome to Syncro Group Website<\/title>\n<meta name=\"description\" content=\"Optyscan is the latest film measuring technology on the market. Installed on the chill roll it guarantee a faster response in auto profile control.\" \/>\n<meta name=\"robots\" content=\"index, follow, max-snippet:-1, max-image-preview:large, max-video-preview:-1\" \/>\n<link rel=\"canonical\" href=\"https:\/\/syncro-group.com\/syncro\/es\/producto\/optical-measuring-system\/\" \/>\n<meta property=\"og:locale\" content=\"es_ES\" \/>\n<meta property=\"og:type\" content=\"article\" \/>\n<meta property=\"og:title\" content=\"Optyscan - Welcome to Syncro Group Website\" \/>\n<meta property=\"og:description\" content=\"Optyscan is the latest film measuring technology on the market. Installed on the chill roll it guarantee a faster response in auto profile control.\" \/>\n<meta property=\"og:url\" content=\"https:\/\/syncro-group.com\/syncro\/es\/producto\/optical-measuring-system\/\" \/>\n<meta property=\"og:site_name\" content=\"Welcome to Syncro Group Website\" \/>\n<meta property=\"article:modified_time\" content=\"2024-10-28T09:41:25+00:00\" \/>\n<meta property=\"og:image\" content=\"https:\/\/syncro-group.com\/syncro\/wp-content\/uploads\/2020\/02\/Optyscan-quadrato-1024.jpg\" \/>\n\t<meta property=\"og:image:width\" content=\"1024\" \/>\n\t<meta property=\"og:image:height\" content=\"1024\" \/>\n\t<meta property=\"og:image:type\" content=\"image\/jpeg\" \/>\n<meta name=\"twitter:card\" content=\"summary_large_image\" \/>\n<script type=\"application\/ld+json\" class=\"yoast-schema-graph\">{\"@context\":\"https:\/\/schema.org\",\"@graph\":[{\"@type\":\"WebPage\",\"@id\":\"https:\/\/syncro-group.com\/syncro\/es\/producto\/optical-measuring-system\/\",\"url\":\"https:\/\/syncro-group.com\/syncro\/es\/producto\/optical-measuring-system\/\",\"name\":\"Optyscan - Welcome to Syncro Group Website\",\"isPartOf\":{\"@id\":\"https:\/\/syncro-group.com\/syncro\/es\/#website\"},\"primaryImageOfPage\":{\"@id\":\"https:\/\/syncro-group.com\/syncro\/es\/producto\/optical-measuring-system\/#primaryimage\"},\"image\":{\"@id\":\"https:\/\/syncro-group.com\/syncro\/es\/producto\/optical-measuring-system\/#primaryimage\"},\"thumbnailUrl\":\"https:\/\/syncro-group.com\/syncro\/wp-content\/uploads\/2020\/02\/Optyscan-quadrato-1024.jpg\",\"datePublished\":\"2020-02-12T16:01:59+00:00\",\"dateModified\":\"2024-10-28T09:41:25+00:00\",\"description\":\"Optyscan is the latest film measuring technology on the market. Installed on the chill roll it guarantee a faster response in auto profile control.\",\"breadcrumb\":{\"@id\":\"https:\/\/syncro-group.com\/syncro\/es\/producto\/optical-measuring-system\/#breadcrumb\"},\"inLanguage\":\"es\",\"potentialAction\":[{\"@type\":\"ReadAction\",\"target\":[\"https:\/\/syncro-group.com\/syncro\/es\/producto\/optical-measuring-system\/\"]}]},{\"@type\":\"ImageObject\",\"inLanguage\":\"es\",\"@id\":\"https:\/\/syncro-group.com\/syncro\/es\/producto\/optical-measuring-system\/#primaryimage\",\"url\":\"https:\/\/syncro-group.com\/syncro\/wp-content\/uploads\/2020\/02\/Optyscan-quadrato-1024.jpg\",\"contentUrl\":\"https:\/\/syncro-group.com\/syncro\/wp-content\/uploads\/2020\/02\/Optyscan-quadrato-1024.jpg\",\"width\":1024,\"height\":1024},{\"@type\":\"BreadcrumbList\",\"@id\":\"https:\/\/syncro-group.com\/syncro\/es\/producto\/optical-measuring-system\/#breadcrumb\",\"itemListElement\":[{\"@type\":\"ListItem\",\"position\":1,\"name\":\"Home\",\"item\":\"https:\/\/syncro-group.com\/syncro\/es\/\"},{\"@type\":\"ListItem\",\"position\":2,\"name\":\"Products\",\"item\":\"https:\/\/syncro-group.com\/syncro\/es\/products\/\"},{\"@type\":\"ListItem\",\"position\":3,\"name\":\"Optyscan\"}]},{\"@type\":\"WebSite\",\"@id\":\"https:\/\/syncro-group.com\/syncro\/es\/#website\",\"url\":\"https:\/\/syncro-group.com\/syncro\/es\/\",\"name\":\"Welcome to Syncro Group Website\",\"description\":\"\",\"potentialAction\":[{\"@type\":\"SearchAction\",\"target\":{\"@type\":\"EntryPoint\",\"urlTemplate\":\"https:\/\/syncro-group.com\/syncro\/es\/?s={search_term_string}\"},\"query-input\":{\"@type\":\"PropertyValueSpecification\",\"valueRequired\":true,\"valueName\":\"search_term_string\"}}],\"inLanguage\":\"es\"}]}<\/script>\n<!-- \/ Yoast SEO plugin. -->","yoast_head_json":{"title":"Optyscan - Welcome to Syncro Group Website","description":"Optyscan is the latest film measuring technology on the market. Installed on the chill roll it guarantee a faster response in auto profile control.","robots":{"index":"index","follow":"follow","max-snippet":"max-snippet:-1","max-image-preview":"max-image-preview:large","max-video-preview":"max-video-preview:-1"},"canonical":"https:\/\/syncro-group.com\/syncro\/es\/producto\/optical-measuring-system\/","og_locale":"es_ES","og_type":"article","og_title":"Optyscan - Welcome to Syncro Group Website","og_description":"Optyscan is the latest film measuring technology on the market. Installed on the chill roll it guarantee a faster response in auto profile control.","og_url":"https:\/\/syncro-group.com\/syncro\/es\/producto\/optical-measuring-system\/","og_site_name":"Welcome to Syncro Group Website","article_modified_time":"2024-10-28T09:41:25+00:00","og_image":[{"width":1024,"height":1024,"url":"https:\/\/syncro-group.com\/syncro\/wp-content\/uploads\/2020\/02\/Optyscan-quadrato-1024.jpg","type":"image\/jpeg"}],"twitter_card":"summary_large_image","schema":{"@context":"https:\/\/schema.org","@graph":[{"@type":"WebPage","@id":"https:\/\/syncro-group.com\/syncro\/es\/producto\/optical-measuring-system\/","url":"https:\/\/syncro-group.com\/syncro\/es\/producto\/optical-measuring-system\/","name":"Optyscan - Welcome to Syncro Group Website","isPartOf":{"@id":"https:\/\/syncro-group.com\/syncro\/es\/#website"},"primaryImageOfPage":{"@id":"https:\/\/syncro-group.com\/syncro\/es\/producto\/optical-measuring-system\/#primaryimage"},"image":{"@id":"https:\/\/syncro-group.com\/syncro\/es\/producto\/optical-measuring-system\/#primaryimage"},"thumbnailUrl":"https:\/\/syncro-group.com\/syncro\/wp-content\/uploads\/2020\/02\/Optyscan-quadrato-1024.jpg","datePublished":"2020-02-12T16:01:59+00:00","dateModified":"2024-10-28T09:41:25+00:00","description":"Optyscan is the latest film measuring technology on the market. Installed on the chill roll it guarantee a faster response in auto profile control.","breadcrumb":{"@id":"https:\/\/syncro-group.com\/syncro\/es\/producto\/optical-measuring-system\/#breadcrumb"},"inLanguage":"es","potentialAction":[{"@type":"ReadAction","target":["https:\/\/syncro-group.com\/syncro\/es\/producto\/optical-measuring-system\/"]}]},{"@type":"ImageObject","inLanguage":"es","@id":"https:\/\/syncro-group.com\/syncro\/es\/producto\/optical-measuring-system\/#primaryimage","url":"https:\/\/syncro-group.com\/syncro\/wp-content\/uploads\/2020\/02\/Optyscan-quadrato-1024.jpg","contentUrl":"https:\/\/syncro-group.com\/syncro\/wp-content\/uploads\/2020\/02\/Optyscan-quadrato-1024.jpg","width":1024,"height":1024},{"@type":"BreadcrumbList","@id":"https:\/\/syncro-group.com\/syncro\/es\/producto\/optical-measuring-system\/#breadcrumb","itemListElement":[{"@type":"ListItem","position":1,"name":"Home","item":"https:\/\/syncro-group.com\/syncro\/es\/"},{"@type":"ListItem","position":2,"name":"Products","item":"https:\/\/syncro-group.com\/syncro\/es\/products\/"},{"@type":"ListItem","position":3,"name":"Optyscan"}]},{"@type":"WebSite","@id":"https:\/\/syncro-group.com\/syncro\/es\/#website","url":"https:\/\/syncro-group.com\/syncro\/es\/","name":"Welcome to Syncro Group Website","description":"","potentialAction":[{"@type":"SearchAction","target":{"@type":"EntryPoint","urlTemplate":"https:\/\/syncro-group.com\/syncro\/es\/?s={search_term_string}"},"query-input":{"@type":"PropertyValueSpecification","valueRequired":true,"valueName":"search_term_string"}}],"inLanguage":"es"}]}},"_links":{"self":[{"href":"https:\/\/syncro-group.com\/syncro\/es\/wp-json\/wp\/v2\/product\/6540","targetHints":{"allow":["GET"]}}],"collection":[{"href":"https:\/\/syncro-group.com\/syncro\/es\/wp-json\/wp\/v2\/product"}],"about":[{"href":"https:\/\/syncro-group.com\/syncro\/es\/wp-json\/wp\/v2\/types\/product"}],"wp:featuredmedia":[{"embeddable":true,"href":"https:\/\/syncro-group.com\/syncro\/es\/wp-json\/wp\/v2\/media\/6556"}],"wp:attachment":[{"href":"https:\/\/syncro-group.com\/syncro\/es\/wp-json\/wp\/v2\/media?parent=6540"}],"wp:term":[{"taxonomy":"product_brand","embeddable":true,"href":"https:\/\/syncro-group.com\/syncro\/es\/wp-json\/wp\/v2\/product_brand?post=6540"},{"taxonomy":"product_cat","embeddable":true,"href":"https:\/\/syncro-group.com\/syncro\/es\/wp-json\/wp\/v2\/product_cat?post=6540"},{"taxonomy":"product_tag","embeddable":true,"href":"https:\/\/syncro-group.com\/syncro\/es\/wp-json\/wp\/v2\/product_tag?post=6540"}],"curies":[{"name":"wp","href":"https:\/\/api.w.org\/{rel}","templated":true}]}}