{"id":10006,"date":"2022-10-26T15:54:05","date_gmt":"2023-02-14T14:43:04","guid":{"rendered":"https:\/\/syncro-group.com\/syncro\/?post_type=product&#038;p=10006"},"modified":"2024-06-06T17:29:13","modified_gmt":"2024-06-06T15:29:13","slug":"bytascan","status":"publish","type":"product","link":"https:\/\/syncro-group.com\/syncro\/it\/product\/bytascan\/","title":{"rendered":"BYTASCAN"},"content":{"rendered":"<ul class=\"advantages\"><li>NORME SULLA RADIOATTIVIT\u00c0 - BYtascan \u00e8 dotato di una sorgente attiva Kripton85 racchiusa in un contenitore di piombo e dotata di tutte le misure di sicurezza; \u00e8 ora in fase di verifica finale per essere classificata come \u201csorgente riconosciuta\u201d con radiazioni residue emesse al di sotto del livello di sicurezza, secondo le normative internazionali come l\u2019EURATOM.<\/li><li>PROCESSI BYtascan pu\u00f2 essere utilizzato per diversi processi produttivi come linee di estrusione a testa piana, linee coating, linee di laminazione, linee di calandratura PVC e\/o gomma e linee di spalmatura.<\/li><li>LIMITI DELLE PRESTAZIONI - La misurazione non \u00e8 influenzata dal colore o dalla trasparenza del materiale.<\/li><li>STRUTTURA SCANNER - La struttura solida offre un\u2019eccellente resistenza alle deformazioni garantendo la perfetta stabilit\u00e0 della misura.<\/li><li>FACILE ACCESSO PER LA MANUTENZIONE - BYtascan \u00e8 stato progettato per garantire un accesso facile e rapido per le operazioni di manutenzione.<\/li><li>FACILE INSTALLAZIONE - Per l\u2019installazione si impiegano meno di 2 ore.<\/li><li>SYNTROL CONTROL - BYtascan \u00e8 controllato dal sistema di supervisione SYNTROL in grado di visualizzare, storicizzare e di effettuare regolazioni.<\/li><li>STABILE E PRECISO - La misurazione del BYtascan \u00e8 molto stabile e precisa; ripetibilit\u00e0 fino a 0,1 micron con una deriva massima di 0,15 micron in 12 ore senza caratterizzazione. I contenitori che alloggiano emettitore e ricevitore sono termoregolati e la compensazione del trasferro viene applicata tramite un sensore induttivo.<\/li><li>CONTROLLO AUTOMATICO DEL PROFILO - Come opzione, BYtascan pu\u00f2 essere interfacciato al SYntrolgauge in modo tale da controllare automaticamente i bulloni termici delle teste piane per regolare il profilo del film o della lastra oppure le resistenza degli anelli automatici nelle linee di estrusione in bolla.<\/li><li>INDUSTRIA 4.0 E IOT - Tutte le macchine SYncro sono pronte per essere integrate con i controlli di supervisione di terze parti e con sistemi ERP utilizzando come standard protocolli OPC-UA di ultima generazione.<\/li><\/ul>\n","protected":false},"excerpt":{"rendered":"<p class=\"p1\"><strong>BYTASCAN<\/strong> utilizza il principio della trasmissione raggi Beta attraverso il materiale per misurarne la densit\u00e0, il peso e lo spessore solitamente indicati in g\/m<span class=\"s1\">2 <\/span>o in \u03bcm.<\/p>\n<p class=\"p1\">La sorgente <strong>raggi beta<\/strong> \u00e8 fissata all\u2019interno del contenitore del trasmettitore, mentre un altro alloggiamento contiene il ricevitore posizionato sopra il trasmettitore a una distanza nota (gap). Quando un materiale \u00e8 posizionato tra trasmettitore e ricevitore, parte dell\u2019energia emessa dalla sorgente viene assorbita dal materiale. La parte mancante, catturata dal ricevitore, \u00e8 proporzionale alla densit\u00e0 del film misurato. Fatta nota la larghezza e la densit\u00e0, il sistema \u00e8 in grado di calcolare sia il peso che lo spessore.<\/p>\n","protected":false},"featured_media":9019,"template":"","meta":{"_acf_changed":false},"product_brand":[],"product_cat":[88],"product_tag":[],"class_list":{"0":"post-10006","1":"product","2":"type-product","3":"status-publish","4":"has-post-thumbnail","6":"product_cat-sistemi-di-misurazione","8":"first","9":"instock","10":"shipping-taxable","11":"product-type-simple"},"acf":[],"yoast_head":"<!-- This site is optimized with the Yoast SEO plugin v26.0 - https:\/\/yoast.com\/wordpress\/plugins\/seo\/ -->\n<title>BYTASCAN - Welcome to Syncro Group Website<\/title>\n<meta name=\"robots\" content=\"index, follow, max-snippet:-1, max-image-preview:large, max-video-preview:-1\" \/>\n<link rel=\"canonical\" href=\"https:\/\/syncro-group.com\/syncro\/it\/product\/bytascan\/\" \/>\n<meta property=\"og:locale\" content=\"it_IT\" \/>\n<meta property=\"og:type\" content=\"article\" \/>\n<meta property=\"og:title\" content=\"BYTASCAN - Welcome to Syncro Group Website\" \/>\n<meta property=\"og:description\" content=\"BYTASCAN utilizza il principio della trasmissione raggi Beta attraverso il materiale per misurarne la densit\u00e0, il peso e lo spessore solitamente indicati in g\/m2 o in \u03bcm. La sorgente raggi beta \u00e8 fissata all\u2019interno del contenitore del trasmettitore, mentre un altro alloggiamento contiene il ricevitore posizionato sopra il trasmettitore a una distanza nota (gap). Quando un materiale \u00e8 posizionato tra trasmettitore e ricevitore, parte dell\u2019energia emessa dalla sorgente viene assorbita dal materiale. La parte mancante, catturata dal ricevitore, \u00e8 proporzionale alla densit\u00e0 del film misurato. Fatta nota la larghezza e la densit\u00e0, il sistema \u00e8 in grado di calcolare sia il peso che lo spessore.\" \/>\n<meta property=\"og:url\" content=\"https:\/\/syncro-group.com\/syncro\/it\/product\/bytascan\/\" \/>\n<meta property=\"og:site_name\" content=\"Welcome to Syncro Group Website\" \/>\n<meta property=\"article:modified_time\" content=\"2024-06-06T15:29:13+00:00\" \/>\n<meta property=\"og:image\" content=\"https:\/\/syncro-group.com\/syncro\/wp-content\/uploads\/2022\/10\/Bytrascan-render-6_BASSA-WEB.png\" \/>\n\t<meta property=\"og:image:width\" content=\"1000\" \/>\n\t<meta property=\"og:image:height\" content=\"773\" \/>\n\t<meta property=\"og:image:type\" content=\"image\/png\" \/>\n<meta name=\"twitter:card\" content=\"summary_large_image\" \/>\n<script type=\"application\/ld+json\" class=\"yoast-schema-graph\">{\"@context\":\"https:\/\/schema.org\",\"@graph\":[{\"@type\":\"WebPage\",\"@id\":\"https:\/\/syncro-group.com\/syncro\/it\/product\/bytascan\/\",\"url\":\"https:\/\/syncro-group.com\/syncro\/it\/product\/bytascan\/\",\"name\":\"BYTASCAN - Welcome to Syncro Group Website\",\"isPartOf\":{\"@id\":\"https:\/\/syncro-group.com\/syncro\/it\/#website\"},\"primaryImageOfPage\":{\"@id\":\"https:\/\/syncro-group.com\/syncro\/it\/product\/bytascan\/#primaryimage\"},\"image\":{\"@id\":\"https:\/\/syncro-group.com\/syncro\/it\/product\/bytascan\/#primaryimage\"},\"thumbnailUrl\":\"https:\/\/syncro-group.com\/syncro\/wp-content\/uploads\/2022\/10\/Bytrascan-render-6_BASSA-WEB.png\",\"datePublished\":\"2023-02-14T14:43:04+00:00\",\"dateModified\":\"2024-06-06T15:29:13+00:00\",\"breadcrumb\":{\"@id\":\"https:\/\/syncro-group.com\/syncro\/it\/product\/bytascan\/#breadcrumb\"},\"inLanguage\":\"it-IT\",\"potentialAction\":[{\"@type\":\"ReadAction\",\"target\":[\"https:\/\/syncro-group.com\/syncro\/it\/product\/bytascan\/\"]}]},{\"@type\":\"ImageObject\",\"inLanguage\":\"it-IT\",\"@id\":\"https:\/\/syncro-group.com\/syncro\/it\/product\/bytascan\/#primaryimage\",\"url\":\"https:\/\/syncro-group.com\/syncro\/wp-content\/uploads\/2022\/10\/Bytrascan-render-6_BASSA-WEB.png\",\"contentUrl\":\"https:\/\/syncro-group.com\/syncro\/wp-content\/uploads\/2022\/10\/Bytrascan-render-6_BASSA-WEB.png\",\"width\":1000,\"height\":773},{\"@type\":\"BreadcrumbList\",\"@id\":\"https:\/\/syncro-group.com\/syncro\/it\/product\/bytascan\/#breadcrumb\",\"itemListElement\":[{\"@type\":\"ListItem\",\"position\":1,\"name\":\"Home\",\"item\":\"https:\/\/syncro-group.com\/syncro\/it\/\"},{\"@type\":\"ListItem\",\"position\":2,\"name\":\"Prodotti\",\"item\":\"https:\/\/syncro-group.com\/syncro\/it\/prodotti\/\"},{\"@type\":\"ListItem\",\"position\":3,\"name\":\"BYTASCAN\"}]},{\"@type\":\"WebSite\",\"@id\":\"https:\/\/syncro-group.com\/syncro\/it\/#website\",\"url\":\"https:\/\/syncro-group.com\/syncro\/it\/\",\"name\":\"Welcome to Syncro Group Website\",\"description\":\"\",\"potentialAction\":[{\"@type\":\"SearchAction\",\"target\":{\"@type\":\"EntryPoint\",\"urlTemplate\":\"https:\/\/syncro-group.com\/syncro\/it\/?s={search_term_string}\"},\"query-input\":{\"@type\":\"PropertyValueSpecification\",\"valueRequired\":true,\"valueName\":\"search_term_string\"}}],\"inLanguage\":\"it-IT\"}]}<\/script>\n<!-- \/ Yoast SEO plugin. -->","yoast_head_json":{"title":"BYTASCAN - Welcome to Syncro Group Website","robots":{"index":"index","follow":"follow","max-snippet":"max-snippet:-1","max-image-preview":"max-image-preview:large","max-video-preview":"max-video-preview:-1"},"canonical":"https:\/\/syncro-group.com\/syncro\/it\/product\/bytascan\/","og_locale":"it_IT","og_type":"article","og_title":"BYTASCAN - Welcome to Syncro Group Website","og_description":"BYTASCAN utilizza il principio della trasmissione raggi Beta attraverso il materiale per misurarne la densit\u00e0, il peso e lo spessore solitamente indicati in g\/m2 o in \u03bcm. La sorgente raggi beta \u00e8 fissata all\u2019interno del contenitore del trasmettitore, mentre un altro alloggiamento contiene il ricevitore posizionato sopra il trasmettitore a una distanza nota (gap). Quando un materiale \u00e8 posizionato tra trasmettitore e ricevitore, parte dell\u2019energia emessa dalla sorgente viene assorbita dal materiale. La parte mancante, catturata dal ricevitore, \u00e8 proporzionale alla densit\u00e0 del film misurato. Fatta nota la larghezza e la densit\u00e0, il sistema \u00e8 in grado di calcolare sia il peso che lo spessore.","og_url":"https:\/\/syncro-group.com\/syncro\/it\/product\/bytascan\/","og_site_name":"Welcome to Syncro Group Website","article_modified_time":"2024-06-06T15:29:13+00:00","og_image":[{"width":1000,"height":773,"url":"https:\/\/syncro-group.com\/syncro\/wp-content\/uploads\/2022\/10\/Bytrascan-render-6_BASSA-WEB.png","type":"image\/png"}],"twitter_card":"summary_large_image","schema":{"@context":"https:\/\/schema.org","@graph":[{"@type":"WebPage","@id":"https:\/\/syncro-group.com\/syncro\/it\/product\/bytascan\/","url":"https:\/\/syncro-group.com\/syncro\/it\/product\/bytascan\/","name":"BYTASCAN - Welcome to Syncro Group Website","isPartOf":{"@id":"https:\/\/syncro-group.com\/syncro\/it\/#website"},"primaryImageOfPage":{"@id":"https:\/\/syncro-group.com\/syncro\/it\/product\/bytascan\/#primaryimage"},"image":{"@id":"https:\/\/syncro-group.com\/syncro\/it\/product\/bytascan\/#primaryimage"},"thumbnailUrl":"https:\/\/syncro-group.com\/syncro\/wp-content\/uploads\/2022\/10\/Bytrascan-render-6_BASSA-WEB.png","datePublished":"2023-02-14T14:43:04+00:00","dateModified":"2024-06-06T15:29:13+00:00","breadcrumb":{"@id":"https:\/\/syncro-group.com\/syncro\/it\/product\/bytascan\/#breadcrumb"},"inLanguage":"it-IT","potentialAction":[{"@type":"ReadAction","target":["https:\/\/syncro-group.com\/syncro\/it\/product\/bytascan\/"]}]},{"@type":"ImageObject","inLanguage":"it-IT","@id":"https:\/\/syncro-group.com\/syncro\/it\/product\/bytascan\/#primaryimage","url":"https:\/\/syncro-group.com\/syncro\/wp-content\/uploads\/2022\/10\/Bytrascan-render-6_BASSA-WEB.png","contentUrl":"https:\/\/syncro-group.com\/syncro\/wp-content\/uploads\/2022\/10\/Bytrascan-render-6_BASSA-WEB.png","width":1000,"height":773},{"@type":"BreadcrumbList","@id":"https:\/\/syncro-group.com\/syncro\/it\/product\/bytascan\/#breadcrumb","itemListElement":[{"@type":"ListItem","position":1,"name":"Home","item":"https:\/\/syncro-group.com\/syncro\/it\/"},{"@type":"ListItem","position":2,"name":"Prodotti","item":"https:\/\/syncro-group.com\/syncro\/it\/prodotti\/"},{"@type":"ListItem","position":3,"name":"BYTASCAN"}]},{"@type":"WebSite","@id":"https:\/\/syncro-group.com\/syncro\/it\/#website","url":"https:\/\/syncro-group.com\/syncro\/it\/","name":"Welcome to Syncro Group Website","description":"","potentialAction":[{"@type":"SearchAction","target":{"@type":"EntryPoint","urlTemplate":"https:\/\/syncro-group.com\/syncro\/it\/?s={search_term_string}"},"query-input":{"@type":"PropertyValueSpecification","valueRequired":true,"valueName":"search_term_string"}}],"inLanguage":"it-IT"}]}},"_links":{"self":[{"href":"https:\/\/syncro-group.com\/syncro\/it\/wp-json\/wp\/v2\/product\/10006","targetHints":{"allow":["GET"]}}],"collection":[{"href":"https:\/\/syncro-group.com\/syncro\/it\/wp-json\/wp\/v2\/product"}],"about":[{"href":"https:\/\/syncro-group.com\/syncro\/it\/wp-json\/wp\/v2\/types\/product"}],"wp:featuredmedia":[{"embeddable":true,"href":"https:\/\/syncro-group.com\/syncro\/it\/wp-json\/wp\/v2\/media\/9019"}],"wp:attachment":[{"href":"https:\/\/syncro-group.com\/syncro\/it\/wp-json\/wp\/v2\/media?parent=10006"}],"wp:term":[{"taxonomy":"product_brand","embeddable":true,"href":"https:\/\/syncro-group.com\/syncro\/it\/wp-json\/wp\/v2\/product_brand?post=10006"},{"taxonomy":"product_cat","embeddable":true,"href":"https:\/\/syncro-group.com\/syncro\/it\/wp-json\/wp\/v2\/product_cat?post=10006"},{"taxonomy":"product_tag","embeddable":true,"href":"https:\/\/syncro-group.com\/syncro\/it\/wp-json\/wp\/v2\/product_tag?post=10006"}],"curies":[{"name":"wp","href":"https:\/\/api.w.org\/{rel}","templated":true}]}}